{"id":158,"date":"2020-07-21T14:18:33","date_gmt":"2020-07-21T12:18:33","guid":{"rendered":"https:\/\/www.nordkongress-urologie.de\/2022\/?page_id=158"},"modified":"2022-02-08T15:08:07","modified_gmt":"2022-02-08T14:08:07","slug":"call-for-abstracts","status":"publish","type":"page","link":"https:\/\/www.nordkongress-urologie.de\/2022\/call-for-abstracts\/","title":{"rendered":"Call for Abstracts"},"content":{"rendered":"\t\t<div data-elementor-type=\"wp-page\" data-elementor-id=\"158\" class=\"elementor elementor-158\" data-elementor-post-type=\"page\">\n\t\t\t\t\t\t<section class=\"elementor-section elementor-top-section elementor-element elementor-element-c3eab6b elementor-section-boxed elementor-section-height-default elementor-section-height-default\" data-id=\"c3eab6b\" data-element_type=\"section\">\n\t\t\t\t\t\t<div class=\"elementor-container elementor-column-gap-default\">\n\t\t\t\t\t<div class=\"elementor-column elementor-col-100 elementor-top-column elementor-element elementor-element-bf0f547\" data-id=\"bf0f547\" data-element_type=\"column\">\n\t\t\t<div class=\"elementor-widget-wrap elementor-element-populated\">\n\t\t\t\t\t\t<div class=\"elementor-element elementor-element-da0f286 elementor-align-justify elementor-widget__width-initial elementor-hidden-desktop elementor-hidden-tablet elementor-hidden-mobile elementor-widget elementor-widget-button\" data-id=\"da0f286\" data-element_type=\"widget\" data-widget_type=\"button.default\">\n\t\t\t\t<div class=\"elementor-widget-container\">\n\t\t\t\t\t\t\t\t\t<div class=\"elementor-button-wrapper\">\n\t\t\t\t\t<a class=\"elementor-button elementor-button-link elementor-size-md\" href=\"https:\/\/www.eventclass.org\/contxt_nordkongress2022\/\" target=\"_blank\">\n\t\t\t\t\t\t<span class=\"elementor-button-content-wrapper\">\n\t\t\t\t\t\t<span class=\"elementor-button-icon\">\n\t\t\t\t<i aria-hidden=\"true\" class=\"far fa-file-alt\"><\/i>\t\t\t<\/span>\n\t\t\t\t\t\t\t\t\t<span class=\"elementor-button-text\">Jetzt Abstract einreichen<\/span>\n\t\t\t\t\t<\/span>\n\t\t\t\t\t<\/a>\n\t\t\t\t<\/div>\n\t\t\t\t\t\t\t\t<\/div>\n\t\t\t\t<\/div>\n\t\t\t\t<div class=\"elementor-element elementor-element-0a8d766 elementor-widget elementor-widget-text-editor\" data-id=\"0a8d766\" data-element_type=\"widget\" data-widget_type=\"text-editor.default\">\n\t\t\t\t<div class=\"elementor-widget-container\">\n\t\t\t\t\t\t\t\t\t<p><strong>Die Mitteilung der Akzeptanz erfolgt Ende Februar \/ Anfang M\u00e4rz 2022 im Anschluss an die Sitzung der Programmkommission. \u00a0<\/strong><\/p>\t\t\t\t\t\t\t\t<\/div>\n\t\t\t\t<\/div>\n\t\t\t\t\t<\/div>\n\t\t<\/div>\n\t\t\t\t\t<\/div>\n\t\t<\/section>\n\t\t\t\t<section class=\"elementor-section elementor-top-section elementor-element elementor-element-e120651 elementor-section-boxed elementor-section-height-default elementor-section-height-default\" data-id=\"e120651\" data-element_type=\"section\">\n\t\t\t\t\t\t<div class=\"elementor-container elementor-column-gap-default\">\n\t\t\t\t\t<div class=\"elementor-column elementor-col-100 elementor-top-column elementor-element elementor-element-15db4b2\" data-id=\"15db4b2\" data-element_type=\"column\">\n\t\t\t<div class=\"elementor-widget-wrap elementor-element-populated\">\n\t\t\t\t\t\t<div class=\"elementor-element elementor-element-7e7d9f7 elementor-widget elementor-widget-heading\" data-id=\"7e7d9f7\" data-element_type=\"widget\" data-widget_type=\"heading.default\">\n\t\t\t\t<div class=\"elementor-widget-container\">\n\t\t\t\t\t<h2 class=\"elementor-heading-title elementor-size-default\"> Informationen zur Vorbereitung der Abstract<\/h2>\t\t\t\t<\/div>\n\t\t\t\t<\/div>\n\t\t\t\t<div class=\"elementor-element elementor-element-cdab313 elementor-widget elementor-widget-text-editor\" data-id=\"cdab313\" data-element_type=\"widget\" data-widget_type=\"text-editor.default\">\n\t\t\t\t<div class=\"elementor-widget-container\">\n\t\t\t\t\t\t\t\t\t<ul>\n<li>Die Einreichung ist <strong>vom 15.11.2021 bis 16.01.2022<\/strong> ge\u00f6ffnet.<\/li>\n<li>Die Mitteilung \u00fcber die <strong>Akzeptanz<\/strong> Ihres Abstracts erhalten Sie im <strong>Februar 2022<\/strong>.<\/li>\n<li>Einreichungen werden ausschlie\u00dflich \u00fcber die Masken der Online-Einreichung akzeptiert.<\/li>\n<li>Die Beitr\u00e4ge sollten die L\u00e4nge von 2500 Zeichen (inklusive Leerzeichen) nicht \u00fcberschreiten.<\/li>\n<li>Bitte geben Sie Angaben zu potenziellen Interessenskonflikten an.<\/li>\n<li>Sie k\u00f6nnen zwei Abbildungen zu Ihrem Beitrag einreichen. Bitte achten Sie auf eine ausreichend gro\u00dfe Aufl\u00f6sung der Abbildungen f\u00fcr den Druck.<\/li>\n<li>Sie k\u00f6nnen Ihren Beitrag mit bis zu 6 Schlagworten (Keywords) versehen.<\/li>\n<li>Die Abstracts und Abstracttitel sind in <u>deutscher Sprache<\/u> einzureichen.<\/li>\n<li>Bitte versichern Sie sich, dass Sie zu der Einreichung alle ben\u00f6tigten Informationen (z. B. Namen, E-Mail Adressen und Institute aller Co-Autoren) zur Hand haben.<\/li>\n<\/ul>\t\t\t\t\t\t\t\t<\/div>\n\t\t\t\t<\/div>\n\t\t\t\t\t<\/div>\n\t\t<\/div>\n\t\t\t\t\t<\/div>\n\t\t<\/section>\n\t\t\t\t<\/div>\n\t\t","protected":false},"excerpt":{"rendered":"<p>Jetzt Abstract einreichen Die Mitteilung der Akzeptanz erfolgt Ende Februar \/ Anfang M\u00e4rz 2022 im Anschluss an die Sitzung der Programmkommission. \u00a0 Informationen zur Vorbereitung der Abstract Die Einreichung ist vom 15.11.2021 bis 16.01.2022 ge\u00f6ffnet. Die Mitteilung \u00fcber die Akzeptanz Ihres Abstracts erhalten Sie im Februar 2022. Einreichungen werden ausschlie\u00dflich \u00fcber die Masken der Online-Einreichung [&hellip;]<\/p>\n","protected":false},"author":8,"featured_media":0,"parent":0,"menu_order":4,"comment_status":"closed","ping_status":"closed","template":"","meta":{"ocean_post_layout":"","ocean_both_sidebars_style":"","ocean_both_sidebars_content_width":0,"ocean_both_sidebars_sidebars_width":0,"ocean_sidebar":"0","ocean_second_sidebar":"0","ocean_disable_margins":"enable","ocean_add_body_class":"","ocean_shortcode_before_top_bar":"","ocean_shortcode_after_top_bar":"","ocean_shortcode_before_header":"","ocean_shortcode_after_header":"","ocean_has_shortcode":"","ocean_shortcode_after_title":"","ocean_shortcode_before_footer_widgets":"","ocean_shortcode_after_footer_widgets":"","ocean_shortcode_before_footer_bottom":"","ocean_shortcode_after_footer_bottom":"","ocean_display_top_bar":"default","ocean_display_header":"default","ocean_header_style":"","ocean_center_header_left_menu":"0","ocean_custom_header_template":"0","ocean_custom_logo":0,"ocean_custom_retina_logo":0,"ocean_custom_logo_max_width":0,"ocean_custom_logo_tablet_max_width":0,"ocean_custom_logo_mobile_max_width":0,"ocean_custom_logo_max_height":0,"ocean_custom_logo_tablet_max_height":0,"ocean_custom_logo_mobile_max_height":0,"ocean_header_custom_menu":"0","ocean_menu_typo_font_family":"0","ocean_menu_typo_font_subset":"","ocean_menu_typo_font_size":0,"ocean_menu_typo_font_size_tablet":0,"ocean_menu_typo_font_size_mobile":0,"ocean_menu_typo_font_size_unit":"px","ocean_menu_typo_font_weight":"","ocean_menu_typo_font_weight_tablet":"","ocean_menu_typo_font_weight_mobile":"","ocean_menu_typo_transform":"","ocean_menu_typo_transform_tablet":"","ocean_menu_typo_transform_mobile":"","ocean_menu_typo_line_height":0,"ocean_menu_typo_line_height_tablet":0,"ocean_menu_typo_line_height_mobile":0,"ocean_menu_typo_line_height_unit":"","ocean_menu_typo_spacing":0,"ocean_menu_typo_spacing_tablet":0,"ocean_menu_typo_spacing_mobile":0,"ocean_menu_typo_spacing_unit":"","ocean_menu_link_color":"","ocean_menu_link_color_hover":"","ocean_menu_link_color_active":"","ocean_menu_link_background":"","ocean_menu_link_hover_background":"","ocean_menu_link_active_background":"","ocean_menu_social_links_bg":"","ocean_menu_social_hover_links_bg":"","ocean_menu_social_links_color":"","ocean_menu_social_hover_links_color":"","ocean_disable_title":"default","ocean_disable_heading":"default","ocean_post_title":"","ocean_post_subheading":"","ocean_post_title_style":"","ocean_post_title_background_color":"","ocean_post_title_background":0,"ocean_post_title_bg_image_position":"","ocean_post_title_bg_image_attachment":"","ocean_post_title_bg_image_repeat":"","ocean_post_title_bg_image_size":"","ocean_post_title_height":0,"ocean_post_title_bg_overlay":0.5,"ocean_post_title_bg_overlay_color":"","ocean_disable_breadcrumbs":"default","ocean_breadcrumbs_color":"","ocean_breadcrumbs_separator_color":"","ocean_breadcrumbs_links_color":"","ocean_breadcrumbs_links_hover_color":"","ocean_display_footer_widgets":"default","ocean_display_footer_bottom":"default","ocean_custom_footer_template":"0","footnotes":""},"class_list":["post-158","page","type-page","status-publish","hentry","entry"],"yoast_head":"<!-- This site is optimized with the Yoast SEO plugin v26.7 - https:\/\/yoast.com\/wordpress\/plugins\/seo\/ -->\n<title>Call for Abstracts - 16. Nordkongress Urologie<\/title>\n<meta name=\"robots\" content=\"index, follow, max-snippet:-1, max-image-preview:large, max-video-preview:-1\" \/>\n<link rel=\"canonical\" href=\"https:\/\/www.nordkongress-urologie.de\/2022\/call-for-abstracts\/\" \/>\n<meta property=\"og:locale\" content=\"de_DE\" \/>\n<meta property=\"og:type\" content=\"article\" \/>\n<meta property=\"og:title\" content=\"Call for Abstracts - 16. Nordkongress Urologie\" \/>\n<meta property=\"og:description\" content=\"Jetzt Abstract einreichen Die Mitteilung der Akzeptanz erfolgt Ende Februar \/ Anfang M\u00e4rz 2022 im Anschluss an die Sitzung der Programmkommission. \u00a0 Informationen zur Vorbereitung der Abstract Die Einreichung ist vom 15.11.2021 bis 16.01.2022 ge\u00f6ffnet. Die Mitteilung \u00fcber die Akzeptanz Ihres Abstracts erhalten Sie im Februar 2022. Einreichungen werden ausschlie\u00dflich \u00fcber die Masken der Online-Einreichung [&hellip;]\" \/>\n<meta property=\"og:url\" content=\"https:\/\/www.nordkongress-urologie.de\/2022\/call-for-abstracts\/\" \/>\n<meta property=\"og:site_name\" content=\"16. Nordkongress Urologie\" \/>\n<meta property=\"article:modified_time\" content=\"2022-02-08T14:08:07+00:00\" \/>\n<meta name=\"twitter:card\" content=\"summary_large_image\" \/>\n<meta name=\"twitter:label1\" content=\"Gesch\u00e4tzte Lesezeit\" \/>\n\t<meta name=\"twitter:data1\" content=\"1\u00a0Minute\" \/>\n<script type=\"application\/ld+json\" class=\"yoast-schema-graph\">{\"@context\":\"https:\/\/schema.org\",\"@graph\":[{\"@type\":\"WebPage\",\"@id\":\"https:\/\/www.nordkongress-urologie.de\/2022\/call-for-abstracts\/\",\"url\":\"https:\/\/www.nordkongress-urologie.de\/2022\/call-for-abstracts\/\",\"name\":\"Call for Abstracts - 16. Nordkongress Urologie\",\"isPartOf\":{\"@id\":\"https:\/\/www.nordkongress-urologie.de\/2022\/#website\"},\"datePublished\":\"2020-07-21T12:18:33+00:00\",\"dateModified\":\"2022-02-08T14:08:07+00:00\",\"breadcrumb\":{\"@id\":\"https:\/\/www.nordkongress-urologie.de\/2022\/call-for-abstracts\/#breadcrumb\"},\"inLanguage\":\"de\",\"potentialAction\":[{\"@type\":\"ReadAction\",\"target\":[\"https:\/\/www.nordkongress-urologie.de\/2022\/call-for-abstracts\/\"]}]},{\"@type\":\"BreadcrumbList\",\"@id\":\"https:\/\/www.nordkongress-urologie.de\/2022\/call-for-abstracts\/#breadcrumb\",\"itemListElement\":[{\"@type\":\"ListItem\",\"position\":1,\"name\":\"Startseite\",\"item\":\"https:\/\/www.nordkongress-urologie.de\/2022\/\"},{\"@type\":\"ListItem\",\"position\":2,\"name\":\"Call for Abstracts\"}]},{\"@type\":\"WebSite\",\"@id\":\"https:\/\/www.nordkongress-urologie.de\/2022\/#website\",\"url\":\"https:\/\/www.nordkongress-urologie.de\/2022\/\",\"name\":\"16. Nordkongress Urologie\",\"description\":\"Digital in die Zukunft!\",\"potentialAction\":[{\"@type\":\"SearchAction\",\"target\":{\"@type\":\"EntryPoint\",\"urlTemplate\":\"https:\/\/www.nordkongress-urologie.de\/2022\/?s={search_term_string}\"},\"query-input\":{\"@type\":\"PropertyValueSpecification\",\"valueRequired\":true,\"valueName\":\"search_term_string\"}}],\"inLanguage\":\"de\"}]}<\/script>\n<!-- \/ Yoast SEO plugin. -->","yoast_head_json":{"title":"Call for Abstracts - 16. Nordkongress Urologie","robots":{"index":"index","follow":"follow","max-snippet":"max-snippet:-1","max-image-preview":"max-image-preview:large","max-video-preview":"max-video-preview:-1"},"canonical":"https:\/\/www.nordkongress-urologie.de\/2022\/call-for-abstracts\/","og_locale":"de_DE","og_type":"article","og_title":"Call for Abstracts - 16. Nordkongress Urologie","og_description":"Jetzt Abstract einreichen Die Mitteilung der Akzeptanz erfolgt Ende Februar \/ Anfang M\u00e4rz 2022 im Anschluss an die Sitzung der Programmkommission. \u00a0 Informationen zur Vorbereitung der Abstract Die Einreichung ist vom 15.11.2021 bis 16.01.2022 ge\u00f6ffnet. Die Mitteilung \u00fcber die Akzeptanz Ihres Abstracts erhalten Sie im Februar 2022. Einreichungen werden ausschlie\u00dflich \u00fcber die Masken der Online-Einreichung [&hellip;]","og_url":"https:\/\/www.nordkongress-urologie.de\/2022\/call-for-abstracts\/","og_site_name":"16. Nordkongress Urologie","article_modified_time":"2022-02-08T14:08:07+00:00","twitter_card":"summary_large_image","twitter_misc":{"Gesch\u00e4tzte Lesezeit":"1\u00a0Minute"},"schema":{"@context":"https:\/\/schema.org","@graph":[{"@type":"WebPage","@id":"https:\/\/www.nordkongress-urologie.de\/2022\/call-for-abstracts\/","url":"https:\/\/www.nordkongress-urologie.de\/2022\/call-for-abstracts\/","name":"Call for Abstracts - 16. Nordkongress Urologie","isPartOf":{"@id":"https:\/\/www.nordkongress-urologie.de\/2022\/#website"},"datePublished":"2020-07-21T12:18:33+00:00","dateModified":"2022-02-08T14:08:07+00:00","breadcrumb":{"@id":"https:\/\/www.nordkongress-urologie.de\/2022\/call-for-abstracts\/#breadcrumb"},"inLanguage":"de","potentialAction":[{"@type":"ReadAction","target":["https:\/\/www.nordkongress-urologie.de\/2022\/call-for-abstracts\/"]}]},{"@type":"BreadcrumbList","@id":"https:\/\/www.nordkongress-urologie.de\/2022\/call-for-abstracts\/#breadcrumb","itemListElement":[{"@type":"ListItem","position":1,"name":"Startseite","item":"https:\/\/www.nordkongress-urologie.de\/2022\/"},{"@type":"ListItem","position":2,"name":"Call for Abstracts"}]},{"@type":"WebSite","@id":"https:\/\/www.nordkongress-urologie.de\/2022\/#website","url":"https:\/\/www.nordkongress-urologie.de\/2022\/","name":"16. Nordkongress Urologie","description":"Digital in die Zukunft!","potentialAction":[{"@type":"SearchAction","target":{"@type":"EntryPoint","urlTemplate":"https:\/\/www.nordkongress-urologie.de\/2022\/?s={search_term_string}"},"query-input":{"@type":"PropertyValueSpecification","valueRequired":true,"valueName":"search_term_string"}}],"inLanguage":"de"}]}},"_links":{"self":[{"href":"https:\/\/www.nordkongress-urologie.de\/2022\/wp-json\/wp\/v2\/pages\/158","targetHints":{"allow":["GET"]}}],"collection":[{"href":"https:\/\/www.nordkongress-urologie.de\/2022\/wp-json\/wp\/v2\/pages"}],"about":[{"href":"https:\/\/www.nordkongress-urologie.de\/2022\/wp-json\/wp\/v2\/types\/page"}],"author":[{"embeddable":true,"href":"https:\/\/www.nordkongress-urologie.de\/2022\/wp-json\/wp\/v2\/users\/8"}],"replies":[{"embeddable":true,"href":"https:\/\/www.nordkongress-urologie.de\/2022\/wp-json\/wp\/v2\/comments?post=158"}],"version-history":[{"count":20,"href":"https:\/\/www.nordkongress-urologie.de\/2022\/wp-json\/wp\/v2\/pages\/158\/revisions"}],"predecessor-version":[{"id":2131,"href":"https:\/\/www.nordkongress-urologie.de\/2022\/wp-json\/wp\/v2\/pages\/158\/revisions\/2131"}],"wp:attachment":[{"href":"https:\/\/www.nordkongress-urologie.de\/2022\/wp-json\/wp\/v2\/media?parent=158"}],"curies":[{"name":"wp","href":"https:\/\/api.w.org\/{rel}","templated":true}]}}