{"id":1660,"date":"2021-09-07T14:47:38","date_gmt":"2021-09-07T12:47:38","guid":{"rendered":"https:\/\/www.nordkongress-urologie.de\/2022\/?page_id=1660"},"modified":"2022-05-20T13:43:22","modified_gmt":"2022-05-20T11:43:22","slug":"veranstaltungsort","status":"publish","type":"page","link":"https:\/\/www.nordkongress-urologie.de\/2022\/veranstaltungsort\/","title":{"rendered":"Veranstaltungsort"},"content":{"rendered":"\t\t<div data-elementor-type=\"wp-page\" data-elementor-id=\"1660\" class=\"elementor elementor-1660\" data-elementor-post-type=\"page\">\n\t\t\t\t\t\t<section class=\"elementor-section elementor-top-section elementor-element elementor-element-bb0ce69 elementor-section-boxed elementor-section-height-default elementor-section-height-default\" data-id=\"bb0ce69\" data-element_type=\"section\">\n\t\t\t\t\t\t<div class=\"elementor-container elementor-column-gap-default\">\n\t\t\t\t\t<div class=\"elementor-column elementor-col-100 elementor-top-column elementor-element elementor-element-f2c1c8c\" data-id=\"f2c1c8c\" data-element_type=\"column\">\n\t\t\t<div class=\"elementor-widget-wrap elementor-element-populated\">\n\t\t\t\t\t\t<div class=\"elementor-element elementor-element-c0dee51 elementor-widget elementor-widget-heading\" data-id=\"c0dee51\" data-element_type=\"widget\" data-widget_type=\"heading.default\">\n\t\t\t\t<div class=\"elementor-widget-container\">\n\t\t\t\t\t<h1 class=\"elementor-heading-title elementor-size-default\">Veranstaltungsort<\/h1>\t\t\t\t<\/div>\n\t\t\t\t<\/div>\n\t\t\t\t<div class=\"elementor-element elementor-element-b7add35 elementor-widget elementor-widget-image\" data-id=\"b7add35\" data-element_type=\"widget\" data-widget_type=\"image.default\">\n\t\t\t\t<div class=\"elementor-widget-container\">\n\t\t\t\t\t\t\t\t\t\t\t\t<figure class=\"wp-caption\">\n\t\t\t\t\t\t\t\t\t\t<img fetchpriority=\"high\" decoding=\"async\" width=\"1660\" height=\"466\" src=\"https:\/\/www.nordkongress-urologie.de\/2022\/wp-content\/uploads\/006_MesseErfurt_Image-1.jpg\" class=\"attachment-full size-full wp-image-1742\" alt=\"\" srcset=\"https:\/\/www.nordkongress-urologie.de\/2022\/wp-content\/uploads\/006_MesseErfurt_Image-1.jpg 1660w, https:\/\/www.nordkongress-urologie.de\/2022\/wp-content\/uploads\/006_MesseErfurt_Image-1-300x84.jpg 300w, https:\/\/www.nordkongress-urologie.de\/2022\/wp-content\/uploads\/006_MesseErfurt_Image-1-1024x287.jpg 1024w, https:\/\/www.nordkongress-urologie.de\/2022\/wp-content\/uploads\/006_MesseErfurt_Image-1-150x42.jpg 150w, https:\/\/www.nordkongress-urologie.de\/2022\/wp-content\/uploads\/006_MesseErfurt_Image-1-768x216.jpg 768w, https:\/\/www.nordkongress-urologie.de\/2022\/wp-content\/uploads\/006_MesseErfurt_Image-1-1536x431.jpg 1536w\" sizes=\"(max-width: 1660px) 100vw, 1660px\" \/>\t\t\t\t\t\t\t\t\t\t\t<figcaption class=\"widget-image-caption wp-caption-text\">\u00a9 Messe Erfurt GmbH <\/figcaption>\n\t\t\t\t\t\t\t\t\t\t<\/figure>\n\t\t\t\t\t\t\t\t\t<\/div>\n\t\t\t\t<\/div>\n\t\t\t\t<div class=\"elementor-element elementor-element-c4b0ca8 elementor-widget elementor-widget-text-editor\" data-id=\"c4b0ca8\" data-element_type=\"widget\" data-widget_type=\"text-editor.default\">\n\t\t\t\t<div class=\"elementor-widget-container\">\n\t\t\t\t\t\t\t\t\t<p>Die Messe Erfurt bietet als zweitgr\u00f6\u00dfter Messestandort in den neuen Bundesl\u00e4ndern alle M\u00f6glichkeiten \u2013 sie gilt als ideales Forum f\u00fcr Messen, Tagungen und Kongresse. Die Messehallen und das angrenzende Congress Center Erfurt verf\u00fcgen \u00fcber die neusten technischen Voraussetzungen. Die ger\u00e4umigen lichtdurchfluteten Foyers und Flure verbinden die einzelnen Hallen und das Congress Center miteinander und bieten sich f\u00fcr weitere Ausstellungen und Catering an.<\/p><p>Ausreichend Parkpl\u00e4tze (insgesamt ca. 3.500) sowie eine sehr gute verkehrstechnische Anbindung mit dem \u00f6ffentlichen Personennahverkehr sind ebenfalls vorhanden.<\/p>\t\t\t\t\t\t\t\t<\/div>\n\t\t\t\t<\/div>\n\t\t\t\t<section class=\"elementor-section elementor-inner-section elementor-element elementor-element-5f6fe78 elementor-section-boxed elementor-section-height-default elementor-section-height-default\" data-id=\"5f6fe78\" data-element_type=\"section\">\n\t\t\t\t\t\t<div class=\"elementor-container elementor-column-gap-default\">\n\t\t\t\t\t<div class=\"elementor-column elementor-col-50 elementor-inner-column elementor-element elementor-element-0ffe6e9\" data-id=\"0ffe6e9\" data-element_type=\"column\">\n\t\t\t<div class=\"elementor-widget-wrap elementor-element-populated\">\n\t\t\t\t\t\t<section class=\"elementor-section elementor-inner-section elementor-element elementor-element-7f2bf77 elementor-section-boxed elementor-section-height-default elementor-section-height-default\" data-id=\"7f2bf77\" data-element_type=\"section\">\n\t\t\t\t\t\t<div class=\"elementor-container elementor-column-gap-default\">\n\t\t\t\t\t<div class=\"elementor-column elementor-col-50 elementor-inner-column elementor-element elementor-element-207a65d\" data-id=\"207a65d\" data-element_type=\"column\">\n\t\t\t<div class=\"elementor-widget-wrap elementor-element-populated\">\n\t\t\t\t\t\t<div class=\"elementor-element elementor-element-26cf77e elementor-widget elementor-widget-image\" data-id=\"26cf77e\" data-element_type=\"widget\" data-widget_type=\"image.default\">\n\t\t\t\t<div class=\"elementor-widget-container\">\n\t\t\t\t\t\t\t\t\t\t\t\t\t\t\t\t<a href=\"https:\/\/www.messe-erfurt.de\/\" target=\"_blank\">\n\t\t\t\t\t\t\t<img decoding=\"async\" width=\"140\" height=\"116\" src=\"https:\/\/www.nordkongress-urologie.de\/2022\/wp-content\/uploads\/logo-messe-erfurt.svg\" class=\"attachment-full size-full wp-image-1347\" alt=\"\" \/>\t\t\t\t\t\t\t\t<\/a>\n\t\t\t\t\t\t\t\t\t\t\t\t\t\t\t<\/div>\n\t\t\t\t<\/div>\n\t\t\t\t\t<\/div>\n\t\t<\/div>\n\t\t\t\t<div class=\"elementor-column elementor-col-50 elementor-inner-column elementor-element elementor-element-673dfcb\" data-id=\"673dfcb\" data-element_type=\"column\">\n\t\t\t<div class=\"elementor-widget-wrap elementor-element-populated\">\n\t\t\t\t\t\t<div class=\"elementor-element elementor-element-d370e1b elementor-icon-list--layout-traditional elementor-list-item-link-full_width elementor-widget elementor-widget-icon-list\" data-id=\"d370e1b\" data-element_type=\"widget\" data-widget_type=\"icon-list.default\">\n\t\t\t\t<div class=\"elementor-widget-container\">\n\t\t\t\t\t\t\t<ul class=\"elementor-icon-list-items\">\n\t\t\t\t\t\t\t<li class=\"elementor-icon-list-item\">\n\t\t\t\t\t\t\t\t\t\t<span class=\"elementor-icon-list-text\"><b>Messe Erfurt GmbH<\/b><\/span>\n\t\t\t\t\t\t\t\t\t<\/li>\n\t\t\t\t\t\t\t\t<li class=\"elementor-icon-list-item\">\n\t\t\t\t\t\t\t\t\t\t<span class=\"elementor-icon-list-text\">Gothaer Stra\u00dfe 34<\/span>\n\t\t\t\t\t\t\t\t\t<\/li>\n\t\t\t\t\t\t\t\t<li class=\"elementor-icon-list-item\">\n\t\t\t\t\t\t\t\t\t\t<span class=\"elementor-icon-list-text\">99094 Erfurt<\/span>\n\t\t\t\t\t\t\t\t\t<\/li>\n\t\t\t\t\t\t<\/ul>\n\t\t\t\t\t\t<\/div>\n\t\t\t\t<\/div>\n\t\t\t\t\t<\/div>\n\t\t<\/div>\n\t\t\t\t\t<\/div>\n\t\t<\/section>\n\t\t\t\t\t<\/div>\n\t\t<\/div>\n\t\t\t\t<div class=\"elementor-column elementor-col-50 elementor-inner-column elementor-element elementor-element-6102e14\" data-id=\"6102e14\" data-element_type=\"column\">\n\t\t\t<div class=\"elementor-widget-wrap elementor-element-populated\">\n\t\t\t\t\t\t<div class=\"elementor-element elementor-element-61f14e6 elementor-widget elementor-widget-google_maps\" data-id=\"61f14e6\" data-element_type=\"widget\" data-widget_type=\"google_maps.default\">\n\t\t\t\t<div class=\"elementor-widget-container\">\n\t\t\t\t\t\t\t<div class=\"elementor-custom-embed\">\n\t\t\t<iframe loading=\"lazy\"\n\t\t\t\t\tsrc=\"https:\/\/maps.google.com\/maps?q=Messe%20Erfurt%20GmbH%2C%20Gothaer%20Str.%2034%2C%2099094%20Erfurt&#038;t=m&#038;z=11&#038;output=embed&#038;iwloc=near\"\n\t\t\t\t\ttitle=\"Messe Erfurt GmbH, Gothaer Str. 34, 99094 Erfurt\"\n\t\t\t\t\taria-label=\"Messe Erfurt GmbH, Gothaer Str. 34, 99094 Erfurt\"\n\t\t\t><\/iframe>\n\t\t<\/div>\n\t\t\t\t\t\t<\/div>\n\t\t\t\t<\/div>\n\t\t\t\t\t<\/div>\n\t\t<\/div>\n\t\t\t\t\t<\/div>\n\t\t<\/section>\n\t\t\t\t<div class=\"elementor-element elementor-element-ab28e62 elementor-widget elementor-widget-heading\" data-id=\"ab28e62\" data-element_type=\"widget\" data-widget_type=\"heading.default\">\n\t\t\t\t<div class=\"elementor-widget-container\">\n\t\t\t\t\t<h2 class=\"elementor-heading-title elementor-size-default\">Verkehrsanbindung<\/h2>\t\t\t\t<\/div>\n\t\t\t\t<\/div>\n\t\t\t\t<div class=\"elementor-element elementor-element-ddf311d elementor-widget elementor-widget-text-editor\" data-id=\"ddf311d\" data-element_type=\"widget\" data-widget_type=\"text-editor.default\">\n\t\t\t\t<div class=\"elementor-widget-container\">\n\t\t\t\t\t\t\t\t\t<p>Erfurt, die Landeshauptstadt Th\u00fcringens, liegt mitten in Deutschland und ist infrastrukturell optimal erschlossen. Der Flughafen Erfurt-Weimar in unmittelbarer N\u00e4he, der ICE-Knoten im Stadtzentrum, die <strong>Stadtbahnlinie 2 mit der Haltestelle Messe<\/strong> und eine direkte Anbindung an das Autobahnnetz schaffen beste Voraussetzungen.<\/p><p>Durch die gute Lage zwischen Bahnhof, Flughafen und Autobahn schafft das Messe- und Kongressgel\u00e4nde perfekte Bedingungen f\u00fcr die An- und Abreise. Insgesamt 3.500 Parkpl\u00e4tze sorgen f\u00fcr eine bequeme Anreise mit dem eigenen PKW und stehen direkt am Gel\u00e4nde zur Verf\u00fcgung.<\/p><p>Die Messe Erfurt verf\u00fcgt auf dem Messegel\u00e4nde \u00fcber <strong>eine Lades\u00e4ule mit 4 Anschl\u00fcssen f\u00fcr Elektrofahrzeuge<\/strong>. Diese befindet sich in der ersten Reihe des Parkplatzes Ost, Nahe des Haupteingangs.<\/p>\t\t\t\t\t\t\t\t<\/div>\n\t\t\t\t<\/div>\n\t\t\t\t\t<\/div>\n\t\t<\/div>\n\t\t\t\t\t<\/div>\n\t\t<\/section>\n\t\t\t\t<section class=\"elementor-section elementor-top-section elementor-element elementor-element-35a5401 elementor-section-boxed elementor-section-height-default elementor-section-height-default\" data-id=\"35a5401\" data-element_type=\"section\">\n\t\t\t\t\t\t<div class=\"elementor-container elementor-column-gap-default\">\n\t\t\t\t\t<div class=\"elementor-column elementor-col-100 elementor-top-column elementor-element elementor-element-ded4c0a\" data-id=\"ded4c0a\" data-element_type=\"column\">\n\t\t\t<div class=\"elementor-widget-wrap elementor-element-populated\">\n\t\t\t\t\t\t<div class=\"elementor-element elementor-element-1c38f5a elementor-widget elementor-widget-heading\" data-id=\"1c38f5a\" data-element_type=\"widget\" data-widget_type=\"heading.default\">\n\t\t\t\t<div class=\"elementor-widget-container\">\n\t\t\t\t\t<h2 class=\"elementor-heading-title elementor-size-default\">Ankunft mit dem Auto<\/h2>\t\t\t\t<\/div>\n\t\t\t\t<\/div>\n\t\t\t\t<div class=\"elementor-element elementor-element-6ee9c3e elementor-widget elementor-widget-text-editor\" data-id=\"6ee9c3e\" data-element_type=\"widget\" data-widget_type=\"text-editor.default\">\n\t\t\t\t<div class=\"elementor-widget-container\">\n\t\t\t\t\t\t\t\t\t<p><!--[if gte mso 9]><xml>\n <w:WordDocument>\n  <w:View>Normal<\/w:View>\n  <w:Zoom>0<\/w:Zoom>\n  <w:TrackMoves\/>\n  <w:TrackFormatting\/>\n  <w:HyphenationZone>21<\/w:HyphenationZone>\n  <w:PunctuationKerning\/>\n  <w:ValidateAgainstSchemas\/>\n  <w:SaveIfXMLInvalid>false<\/w:SaveIfXMLInvalid>\n  <w:IgnoreMixedContent>false<\/w:IgnoreMixedContent>\n  <w:AlwaysShowPlaceholderText>false<\/w:AlwaysShowPlaceholderText>\n  <w:DoNotPromoteQF\/>\n  <w:LidThemeOther>DE<\/w:LidThemeOther>\n  <w:LidThemeAsian>X-NONE<\/w:LidThemeAsian>\n  <w:LidThemeComplexScript>X-NONE<\/w:LidThemeComplexScript>\n  <w:Compatibility>\n   <w:BreakWrappedTables\/>\n   <w:SnapToGridInCell\/>\n   <w:WrapTextWithPunct\/>\n   <w:UseAsianBreakRules\/>\n   <w:DontGrowAutofit\/>\n   <w:SplitPgBreakAndParaMark\/>\n   <w:EnableOpenTypeKerning\/>\n   <w:DontFlipMirrorIndents\/>\n   <w:OverrideTableStyleHps\/>\n  <\/w:Compatibility>\n  <w:BrowserLevel>MicrosoftInternetExplorer4<\/w:BrowserLevel>\n  <m:mathPr>\n   <m:mathFont m:val=\"Cambria Math\"\/>\n   <m:brkBin m:val=\"before\"\/>\n   <m:brkBinSub m:val=\"&#45;-\"\/>\n   <m:smallFrac m:val=\"off\"\/>\n   <m:dispDef\/>\n   <m:lMargin m:val=\"0\"\/>\n   <m:rMargin m:val=\"0\"\/>\n   <m:defJc m:val=\"centerGroup\"\/>\n   <m:wrapIndent m:val=\"1440\"\/>\n   <m:intLim m:val=\"subSup\"\/>\n   <m:naryLim m:val=\"undOvr\"\/>\n  <\/m:mathPr><\/w:WordDocument>\n<\/xml><![endif]--><\/p><p>Folgen Sie den Hinweistafeln im Autobahn- und Innenstadtbereich. Direkte Anbindung an die Autobahnen A 28 und A 29. Unser Gel\u00e4nde verf\u00fcgt \u00fcber ein Freigel\u00e4nde mit 3.000 geb\u00fchrenpflichtigen Parkpl\u00e4tzen, die von zwei Richtungen befahren werden kann. Die Parkgeb\u00fchren betragen 8,00 \u20ac pro PKW\/Tag.<\/p><p><!--[if gte mso 10]>\n<style>\n \/* Style Definitions *\/\n table.MsoNormalTable\n\t{mso-style-name:\"Normale Tabelle\";\n\tmso-tstyle-rowband-size:0;\n\tmso-tstyle-colband-size:0;\n\tmso-style-noshow:yes;\n\tmso-style-priority:99;\n\tmso-style-parent:\"\";\n\tmso-padding-alt:0cm 5.4pt 0cm 5.4pt;\n\tmso-para-margin:0cm;\n\tmso-pagination:widow-orphan;\n\tfont-size:10.0pt;\n\tfont-family:\"Times New Roman\",serif;}\n<\/style>\n<![endif]--><\/p>\t\t\t\t\t\t\t\t<\/div>\n\t\t\t\t<\/div>\n\t\t\t\t<div class=\"elementor-element elementor-element-e7355b5 elementor-widget elementor-widget-heading\" data-id=\"e7355b5\" data-element_type=\"widget\" data-widget_type=\"heading.default\">\n\t\t\t\t<div class=\"elementor-widget-container\">\n\t\t\t\t\t<h2 class=\"elementor-heading-title elementor-size-default\">Anreise mit dem Flugzeug<\/h2>\t\t\t\t<\/div>\n\t\t\t\t<\/div>\n\t\t\t\t<div class=\"elementor-element elementor-element-c98d9d4 elementor-widget elementor-widget-text-editor\" data-id=\"c98d9d4\" data-element_type=\"widget\" data-widget_type=\"text-editor.default\">\n\t\t\t\t<div class=\"elementor-widget-container\">\n\t\t\t\t\t\t\t\t\t<p>Unmittelbare Anbindung an den Flughafen Erfurt\/Weimar &#8211; ein einmaliges Umsteigen von Stadtbahnlinie 4 auf Stadtbahnlinie 2 an der Haltestelle Gothaer Platz<br \/>Alternativ ist der Flughafen Leipzig\/Halle in ca. 30 Minuten mit dem ICE erreichbar.<\/p>\t\t\t\t\t\t\t\t<\/div>\n\t\t\t\t<\/div>\n\t\t\t\t<div class=\"elementor-element elementor-element-cf1dd56 elementor-widget elementor-widget-heading\" data-id=\"cf1dd56\" data-element_type=\"widget\" data-widget_type=\"heading.default\">\n\t\t\t\t<div class=\"elementor-widget-container\">\n\t\t\t\t\t<h2 class=\"elementor-heading-title elementor-size-default\">Anreise mit der Bahn:<\/h2>\t\t\t\t<\/div>\n\t\t\t\t<\/div>\n\t\t\t\t<div class=\"elementor-element elementor-element-4580281 elementor-widget elementor-widget-text-editor\" data-id=\"4580281\" data-element_type=\"widget\" data-widget_type=\"text-editor.default\">\n\t\t\t\t<div class=\"elementor-widget-container\">\n\t\t\t\t\t\t\t\t\t<p>Hauptbahnhof Erfurt (eingebunden in das ICE-Netz der Deutschen Bahn) Stadtbahn Linie 3,5 oder 6 bis zum Anger, danach umsteigen in Stadtbahn Linie 2 Richtung P+R Messe.<\/p>\t\t\t\t\t\t\t\t<\/div>\n\t\t\t\t<\/div>\n\t\t\t\t\t<\/div>\n\t\t<\/div>\n\t\t\t\t\t<\/div>\n\t\t<\/section>\n\t\t\t\t<\/div>\n\t\t","protected":false},"excerpt":{"rendered":"<p>Veranstaltungsort \u00a9 Messe Erfurt GmbH Die Messe Erfurt bietet als zweitgr\u00f6\u00dfter Messestandort in den neuen Bundesl\u00e4ndern alle M\u00f6glichkeiten \u2013 sie gilt als ideales Forum f\u00fcr Messen, Tagungen und Kongresse. Die Messehallen und das angrenzende Congress Center Erfurt verf\u00fcgen \u00fcber die neusten technischen Voraussetzungen. Die ger\u00e4umigen lichtdurchfluteten Foyers und Flure verbinden die einzelnen Hallen und das [&hellip;]<\/p>\n","protected":false},"author":9,"featured_media":0,"parent":0,"menu_order":0,"comment_status":"closed","ping_status":"closed","template":"","meta":{"ocean_post_layout":"","ocean_both_sidebars_style":"","ocean_both_sidebars_content_width":0,"ocean_both_sidebars_sidebars_width":0,"ocean_sidebar":"0","ocean_second_sidebar":"0","ocean_disable_margins":"enable","ocean_add_body_class":"","ocean_shortcode_before_top_bar":"","ocean_shortcode_after_top_bar":"","ocean_shortcode_before_header":"","ocean_shortcode_after_header":"","ocean_has_shortcode":"","ocean_shortcode_after_title":"","ocean_shortcode_before_footer_widgets":"","ocean_shortcode_after_footer_widgets":"","ocean_shortcode_before_footer_bottom":"","ocean_shortcode_after_footer_bottom":"","ocean_display_top_bar":"default","ocean_display_header":"default","ocean_header_style":"","ocean_center_header_left_menu":"0","ocean_custom_header_template":"0","ocean_custom_logo":0,"ocean_custom_retina_logo":0,"ocean_custom_logo_max_width":0,"ocean_custom_logo_tablet_max_width":0,"ocean_custom_logo_mobile_max_width":0,"ocean_custom_logo_max_height":0,"ocean_custom_logo_tablet_max_height":0,"ocean_custom_logo_mobile_max_height":0,"ocean_header_custom_menu":"0","ocean_menu_typo_font_family":"0","ocean_menu_typo_font_subset":"","ocean_menu_typo_font_size":0,"ocean_menu_typo_font_size_tablet":0,"ocean_menu_typo_font_size_mobile":0,"ocean_menu_typo_font_size_unit":"px","ocean_menu_typo_font_weight":"","ocean_menu_typo_font_weight_tablet":"","ocean_menu_typo_font_weight_mobile":"","ocean_menu_typo_transform":"","ocean_menu_typo_transform_tablet":"","ocean_menu_typo_transform_mobile":"","ocean_menu_typo_line_height":0,"ocean_menu_typo_line_height_tablet":0,"ocean_menu_typo_line_height_mobile":0,"ocean_menu_typo_line_height_unit":"","ocean_menu_typo_spacing":0,"ocean_menu_typo_spacing_tablet":0,"ocean_menu_typo_spacing_mobile":0,"ocean_menu_typo_spacing_unit":"","ocean_menu_link_color":"","ocean_menu_link_color_hover":"","ocean_menu_link_color_active":"","ocean_menu_link_background":"","ocean_menu_link_hover_background":"","ocean_menu_link_active_background":"","ocean_menu_social_links_bg":"","ocean_menu_social_hover_links_bg":"","ocean_menu_social_links_color":"","ocean_menu_social_hover_links_color":"","ocean_disable_title":"default","ocean_disable_heading":"default","ocean_post_title":"","ocean_post_subheading":"","ocean_post_title_style":"","ocean_post_title_background_color":"","ocean_post_title_background":0,"ocean_post_title_bg_image_position":"","ocean_post_title_bg_image_attachment":"","ocean_post_title_bg_image_repeat":"","ocean_post_title_bg_image_size":"","ocean_post_title_height":0,"ocean_post_title_bg_overlay":0.5,"ocean_post_title_bg_overlay_color":"","ocean_disable_breadcrumbs":"default","ocean_breadcrumbs_color":"","ocean_breadcrumbs_separator_color":"","ocean_breadcrumbs_links_color":"","ocean_breadcrumbs_links_hover_color":"","ocean_display_footer_widgets":"default","ocean_display_footer_bottom":"default","ocean_custom_footer_template":"0","footnotes":""},"class_list":["post-1660","page","type-page","status-publish","hentry","entry"],"yoast_head":"<!-- This site is optimized with the Yoast SEO plugin v26.7 - https:\/\/yoast.com\/wordpress\/plugins\/seo\/ -->\n<title>Veranstaltungsort - 16. Nordkongress Urologie<\/title>\n<meta name=\"robots\" content=\"index, follow, max-snippet:-1, max-image-preview:large, max-video-preview:-1\" \/>\n<link rel=\"canonical\" href=\"https:\/\/www.nordkongress-urologie.de\/2022\/veranstaltungsort\/\" \/>\n<meta property=\"og:locale\" content=\"de_DE\" \/>\n<meta property=\"og:type\" content=\"article\" \/>\n<meta property=\"og:title\" content=\"Veranstaltungsort - 16. Nordkongress Urologie\" \/>\n<meta property=\"og:description\" content=\"Veranstaltungsort \u00a9 Messe Erfurt GmbH Die Messe Erfurt bietet als zweitgr\u00f6\u00dfter Messestandort in den neuen Bundesl\u00e4ndern alle M\u00f6glichkeiten \u2013 sie gilt als ideales Forum f\u00fcr Messen, Tagungen und Kongresse. Die Messehallen und das angrenzende Congress Center Erfurt verf\u00fcgen \u00fcber die neusten technischen Voraussetzungen. Die ger\u00e4umigen lichtdurchfluteten Foyers und Flure verbinden die einzelnen Hallen und das [&hellip;]\" \/>\n<meta property=\"og:url\" content=\"https:\/\/www.nordkongress-urologie.de\/2022\/veranstaltungsort\/\" \/>\n<meta property=\"og:site_name\" content=\"16. Nordkongress Urologie\" \/>\n<meta property=\"article:modified_time\" content=\"2022-05-20T11:43:22+00:00\" \/>\n<meta property=\"og:image\" content=\"https:\/\/www.nordkongress-urologie.de\/2022\/wp-content\/uploads\/006_MesseErfurt_Image-1.jpg\" \/>\n<meta name=\"twitter:card\" content=\"summary_large_image\" \/>\n<meta name=\"twitter:label1\" content=\"Gesch\u00e4tzte Lesezeit\" \/>\n\t<meta name=\"twitter:data1\" content=\"3\u00a0Minuten\" \/>\n<script type=\"application\/ld+json\" class=\"yoast-schema-graph\">{\"@context\":\"https:\/\/schema.org\",\"@graph\":[{\"@type\":\"WebPage\",\"@id\":\"https:\/\/www.nordkongress-urologie.de\/2022\/veranstaltungsort\/\",\"url\":\"https:\/\/www.nordkongress-urologie.de\/2022\/veranstaltungsort\/\",\"name\":\"Veranstaltungsort - 16. Nordkongress Urologie\",\"isPartOf\":{\"@id\":\"https:\/\/www.nordkongress-urologie.de\/2022\/#website\"},\"primaryImageOfPage\":{\"@id\":\"https:\/\/www.nordkongress-urologie.de\/2022\/veranstaltungsort\/#primaryimage\"},\"image\":{\"@id\":\"https:\/\/www.nordkongress-urologie.de\/2022\/veranstaltungsort\/#primaryimage\"},\"thumbnailUrl\":\"https:\/\/www.nordkongress-urologie.de\/2022\/wp-content\/uploads\/006_MesseErfurt_Image-1.jpg\",\"datePublished\":\"2021-09-07T12:47:38+00:00\",\"dateModified\":\"2022-05-20T11:43:22+00:00\",\"breadcrumb\":{\"@id\":\"https:\/\/www.nordkongress-urologie.de\/2022\/veranstaltungsort\/#breadcrumb\"},\"inLanguage\":\"de\",\"potentialAction\":[{\"@type\":\"ReadAction\",\"target\":[\"https:\/\/www.nordkongress-urologie.de\/2022\/veranstaltungsort\/\"]}]},{\"@type\":\"ImageObject\",\"inLanguage\":\"de\",\"@id\":\"https:\/\/www.nordkongress-urologie.de\/2022\/veranstaltungsort\/#primaryimage\",\"url\":\"https:\/\/www.nordkongress-urologie.de\/2022\/wp-content\/uploads\/006_MesseErfurt_Image-1.jpg\",\"contentUrl\":\"https:\/\/www.nordkongress-urologie.de\/2022\/wp-content\/uploads\/006_MesseErfurt_Image-1.jpg\",\"width\":1660,\"height\":466,\"caption\":\"\u00a9 Messe Erfurt GmbH\"},{\"@type\":\"BreadcrumbList\",\"@id\":\"https:\/\/www.nordkongress-urologie.de\/2022\/veranstaltungsort\/#breadcrumb\",\"itemListElement\":[{\"@type\":\"ListItem\",\"position\":1,\"name\":\"Startseite\",\"item\":\"https:\/\/www.nordkongress-urologie.de\/2022\/\"},{\"@type\":\"ListItem\",\"position\":2,\"name\":\"Veranstaltungsort\"}]},{\"@type\":\"WebSite\",\"@id\":\"https:\/\/www.nordkongress-urologie.de\/2022\/#website\",\"url\":\"https:\/\/www.nordkongress-urologie.de\/2022\/\",\"name\":\"16. Nordkongress Urologie\",\"description\":\"Digital in die Zukunft!\",\"potentialAction\":[{\"@type\":\"SearchAction\",\"target\":{\"@type\":\"EntryPoint\",\"urlTemplate\":\"https:\/\/www.nordkongress-urologie.de\/2022\/?s={search_term_string}\"},\"query-input\":{\"@type\":\"PropertyValueSpecification\",\"valueRequired\":true,\"valueName\":\"search_term_string\"}}],\"inLanguage\":\"de\"}]}<\/script>\n<!-- \/ Yoast SEO plugin. -->","yoast_head_json":{"title":"Veranstaltungsort - 16. Nordkongress Urologie","robots":{"index":"index","follow":"follow","max-snippet":"max-snippet:-1","max-image-preview":"max-image-preview:large","max-video-preview":"max-video-preview:-1"},"canonical":"https:\/\/www.nordkongress-urologie.de\/2022\/veranstaltungsort\/","og_locale":"de_DE","og_type":"article","og_title":"Veranstaltungsort - 16. Nordkongress Urologie","og_description":"Veranstaltungsort \u00a9 Messe Erfurt GmbH Die Messe Erfurt bietet als zweitgr\u00f6\u00dfter Messestandort in den neuen Bundesl\u00e4ndern alle M\u00f6glichkeiten \u2013 sie gilt als ideales Forum f\u00fcr Messen, Tagungen und Kongresse. Die Messehallen und das angrenzende Congress Center Erfurt verf\u00fcgen \u00fcber die neusten technischen Voraussetzungen. Die ger\u00e4umigen lichtdurchfluteten Foyers und Flure verbinden die einzelnen Hallen und das [&hellip;]","og_url":"https:\/\/www.nordkongress-urologie.de\/2022\/veranstaltungsort\/","og_site_name":"16. Nordkongress Urologie","article_modified_time":"2022-05-20T11:43:22+00:00","og_image":[{"url":"https:\/\/www.nordkongress-urologie.de\/2022\/wp-content\/uploads\/006_MesseErfurt_Image-1.jpg","type":"","width":"","height":""}],"twitter_card":"summary_large_image","twitter_misc":{"Gesch\u00e4tzte Lesezeit":"3\u00a0Minuten"},"schema":{"@context":"https:\/\/schema.org","@graph":[{"@type":"WebPage","@id":"https:\/\/www.nordkongress-urologie.de\/2022\/veranstaltungsort\/","url":"https:\/\/www.nordkongress-urologie.de\/2022\/veranstaltungsort\/","name":"Veranstaltungsort - 16. Nordkongress Urologie","isPartOf":{"@id":"https:\/\/www.nordkongress-urologie.de\/2022\/#website"},"primaryImageOfPage":{"@id":"https:\/\/www.nordkongress-urologie.de\/2022\/veranstaltungsort\/#primaryimage"},"image":{"@id":"https:\/\/www.nordkongress-urologie.de\/2022\/veranstaltungsort\/#primaryimage"},"thumbnailUrl":"https:\/\/www.nordkongress-urologie.de\/2022\/wp-content\/uploads\/006_MesseErfurt_Image-1.jpg","datePublished":"2021-09-07T12:47:38+00:00","dateModified":"2022-05-20T11:43:22+00:00","breadcrumb":{"@id":"https:\/\/www.nordkongress-urologie.de\/2022\/veranstaltungsort\/#breadcrumb"},"inLanguage":"de","potentialAction":[{"@type":"ReadAction","target":["https:\/\/www.nordkongress-urologie.de\/2022\/veranstaltungsort\/"]}]},{"@type":"ImageObject","inLanguage":"de","@id":"https:\/\/www.nordkongress-urologie.de\/2022\/veranstaltungsort\/#primaryimage","url":"https:\/\/www.nordkongress-urologie.de\/2022\/wp-content\/uploads\/006_MesseErfurt_Image-1.jpg","contentUrl":"https:\/\/www.nordkongress-urologie.de\/2022\/wp-content\/uploads\/006_MesseErfurt_Image-1.jpg","width":1660,"height":466,"caption":"\u00a9 Messe Erfurt GmbH"},{"@type":"BreadcrumbList","@id":"https:\/\/www.nordkongress-urologie.de\/2022\/veranstaltungsort\/#breadcrumb","itemListElement":[{"@type":"ListItem","position":1,"name":"Startseite","item":"https:\/\/www.nordkongress-urologie.de\/2022\/"},{"@type":"ListItem","position":2,"name":"Veranstaltungsort"}]},{"@type":"WebSite","@id":"https:\/\/www.nordkongress-urologie.de\/2022\/#website","url":"https:\/\/www.nordkongress-urologie.de\/2022\/","name":"16. Nordkongress Urologie","description":"Digital in die Zukunft!","potentialAction":[{"@type":"SearchAction","target":{"@type":"EntryPoint","urlTemplate":"https:\/\/www.nordkongress-urologie.de\/2022\/?s={search_term_string}"},"query-input":{"@type":"PropertyValueSpecification","valueRequired":true,"valueName":"search_term_string"}}],"inLanguage":"de"}]}},"_links":{"self":[{"href":"https:\/\/www.nordkongress-urologie.de\/2022\/wp-json\/wp\/v2\/pages\/1660","targetHints":{"allow":["GET"]}}],"collection":[{"href":"https:\/\/www.nordkongress-urologie.de\/2022\/wp-json\/wp\/v2\/pages"}],"about":[{"href":"https:\/\/www.nordkongress-urologie.de\/2022\/wp-json\/wp\/v2\/types\/page"}],"author":[{"embeddable":true,"href":"https:\/\/www.nordkongress-urologie.de\/2022\/wp-json\/wp\/v2\/users\/9"}],"replies":[{"embeddable":true,"href":"https:\/\/www.nordkongress-urologie.de\/2022\/wp-json\/wp\/v2\/comments?post=1660"}],"version-history":[{"count":134,"href":"https:\/\/www.nordkongress-urologie.de\/2022\/wp-json\/wp\/v2\/pages\/1660\/revisions"}],"predecessor-version":[{"id":2739,"href":"https:\/\/www.nordkongress-urologie.de\/2022\/wp-json\/wp\/v2\/pages\/1660\/revisions\/2739"}],"wp:attachment":[{"href":"https:\/\/www.nordkongress-urologie.de\/2022\/wp-json\/wp\/v2\/media?parent=1660"}],"curies":[{"name":"wp","href":"https:\/\/api.w.org\/{rel}","templated":true}]}}