{"id":2763,"date":"2022-06-02T13:33:04","date_gmt":"2022-06-02T11:33:04","guid":{"rendered":"https:\/\/www.nordkongress-urologie.de\/2022\/?page_id=2763"},"modified":"2022-06-02T13:44:10","modified_gmt":"2022-06-02T11:44:10","slug":"abendveranstaltungen","status":"publish","type":"page","link":"https:\/\/www.nordkongress-urologie.de\/2022\/informationen\/abendveranstaltungen\/","title":{"rendered":"Abendveranstaltungen"},"content":{"rendered":"\t\t<div data-elementor-type=\"wp-page\" data-elementor-id=\"2763\" class=\"elementor elementor-2763\" data-elementor-post-type=\"page\">\n\t\t\t\t\t\t<section class=\"elementor-section elementor-top-section elementor-element elementor-element-02eb32f elementor-section-boxed elementor-section-height-default elementor-section-height-default\" data-id=\"02eb32f\" data-element_type=\"section\">\n\t\t\t\t\t\t<div class=\"elementor-container elementor-column-gap-default\">\n\t\t\t\t\t<div class=\"elementor-column elementor-col-100 elementor-top-column elementor-element elementor-element-e35a00e\" data-id=\"e35a00e\" data-element_type=\"column\">\n\t\t\t<div class=\"elementor-widget-wrap elementor-element-populated\">\n\t\t\t\t\t\t\t<\/div>\n\t\t<\/div>\n\t\t\t\t\t<\/div>\n\t\t<\/section>\n\t\t\t\t<section class=\"elementor-section elementor-top-section elementor-element elementor-element-f2e1ae7 elementor-section-boxed elementor-section-height-default elementor-section-height-default\" data-id=\"f2e1ae7\" data-element_type=\"section\">\n\t\t\t\t\t\t<div class=\"elementor-container elementor-column-gap-default\">\n\t\t\t\t\t<div class=\"elementor-column elementor-col-50 elementor-top-column elementor-element elementor-element-6a8859e\" data-id=\"6a8859e\" data-element_type=\"column\">\n\t\t\t<div class=\"elementor-widget-wrap elementor-element-populated\">\n\t\t\t\t\t\t<div class=\"elementor-element elementor-element-c8f40bf elementor-widget elementor-widget-heading\" data-id=\"c8f40bf\" data-element_type=\"widget\" data-widget_type=\"heading.default\">\n\t\t\t\t<div class=\"elementor-widget-container\">\n\t\t\t\t\t<h2 class=\"elementor-heading-title elementor-size-default\">WELCOME ABEND<\/h2>\t\t\t\t<\/div>\n\t\t\t\t<\/div>\n\t\t\t\t<div class=\"elementor-element elementor-element-407e7fd elementor-widget elementor-widget-text-editor\" data-id=\"407e7fd\" data-element_type=\"widget\" data-widget_type=\"text-editor.default\">\n\t\t\t\t<div class=\"elementor-widget-container\">\n\t\t\t\t\t\t\t\t\t<p>Mittwoch, 08.06.2022 | 19:30 &#8211; 21:30<\/p><p>Am Vorabend des ersten Kongresstags findet der Welcome Abend in einer ungezwungenen Atmosph\u00e4re statt.<br \/>Nutzen Sie diesen Abend zum Gedankenaustausch mit alten und neuen Kollegen und Freunden.<br \/>Dieser Abend findet im Restaurant Caponniere (Gothaer Stra\u00dfe 38, 99094 Erfurt) mit Au\u00dfenbereich statt.<br \/>Kosten: 45,00 EUR pro Person inkl. 19% Ust.*<\/p><p><a href=\"https:\/\/www.nordkongress-urologie.de\/2022\/wp-content\/uploads\/Handout_Anreise_DASDIEBrettl_Caponniere.pdf\" target=\"_blank\" rel=\"noopener\"><u>Anreise &amp; Information zum Shuttle<\/u><\/a><\/p>\t\t\t\t\t\t\t\t<\/div>\n\t\t\t\t<\/div>\n\t\t\t\t\t<\/div>\n\t\t<\/div>\n\t\t\t\t<div class=\"elementor-column elementor-col-50 elementor-top-column elementor-element elementor-element-cc36d72\" data-id=\"cc36d72\" data-element_type=\"column\">\n\t\t\t<div class=\"elementor-widget-wrap elementor-element-populated\">\n\t\t\t\t\t\t<div class=\"elementor-element elementor-element-dd5ba19 elementor-widget elementor-widget-image-carousel\" data-id=\"dd5ba19\" data-element_type=\"widget\" data-settings=\"{&quot;slides_to_show&quot;:&quot;1&quot;,&quot;navigation&quot;:&quot;none&quot;,&quot;pause_on_hover&quot;:&quot;no&quot;,&quot;pause_on_interaction&quot;:&quot;no&quot;,&quot;autoplay_speed&quot;:6000,&quot;effect&quot;:&quot;fade&quot;,&quot;speed&quot;:3000,&quot;autoplay&quot;:&quot;yes&quot;,&quot;infinite&quot;:&quot;yes&quot;}\" data-widget_type=\"image-carousel.default\">\n\t\t\t\t<div class=\"elementor-widget-container\">\n\t\t\t\t\t\t\t<div class=\"elementor-image-carousel-wrapper swiper\" role=\"region\" aria-roledescription=\"carousel\" aria-label=\"Bilderkarussell\" dir=\"ltr\">\n\t\t\t<div class=\"elementor-image-carousel swiper-wrapper\" aria-live=\"off\">\n\t\t\t\t\t\t\t\t<div class=\"swiper-slide\" role=\"group\" aria-roledescription=\"slide\" aria-label=\"1 von 3\"><figure class=\"swiper-slide-inner\"><img decoding=\"async\" class=\"swiper-slide-image\" src=\"https:\/\/www.nordkongress-urologie.de\/2022\/wp-content\/uploads\/Caponniere1.jpg\" alt=\"Caponniere1\" \/><figcaption class=\"elementor-image-carousel-caption\">\u00a9 Caponniere <\/figcaption><\/figure><\/div><div class=\"swiper-slide\" role=\"group\" aria-roledescription=\"slide\" aria-label=\"2 von 3\"><figure class=\"swiper-slide-inner\"><img decoding=\"async\" class=\"swiper-slide-image\" src=\"https:\/\/www.nordkongress-urologie.de\/2022\/wp-content\/uploads\/Caponniere2.jpg\" alt=\"Caponniere2\" \/><figcaption class=\"elementor-image-carousel-caption\">\u00a9 Caponniere <\/figcaption><\/figure><\/div><div class=\"swiper-slide\" role=\"group\" aria-roledescription=\"slide\" aria-label=\"3 von 3\"><figure class=\"swiper-slide-inner\"><img decoding=\"async\" class=\"swiper-slide-image\" src=\"https:\/\/www.nordkongress-urologie.de\/2022\/wp-content\/uploads\/Caponniere3.jpg\" alt=\"Caponniere3\" \/><figcaption class=\"elementor-image-carousel-caption\">\u00a9 Caponniere <\/figcaption><\/figure><\/div>\t\t\t<\/div>\n\t\t\t\t\t\t\t\n\t\t\t\t\t\t\t\t\t<\/div>\n\t\t\t\t\t\t<\/div>\n\t\t\t\t<\/div>\n\t\t\t\t\t<\/div>\n\t\t<\/div>\n\t\t\t\t\t<\/div>\n\t\t<\/section>\n\t\t\t\t<section class=\"elementor-section elementor-top-section elementor-element elementor-element-ce00121 elementor-section-boxed elementor-section-height-default elementor-section-height-default\" data-id=\"ce00121\" data-element_type=\"section\">\n\t\t\t\t\t\t<div class=\"elementor-container elementor-column-gap-default\">\n\t\t\t\t\t<div class=\"elementor-column elementor-col-50 elementor-top-column elementor-element elementor-element-975276b\" data-id=\"975276b\" data-element_type=\"column\">\n\t\t\t<div class=\"elementor-widget-wrap elementor-element-populated\">\n\t\t\t\t\t\t<div class=\"elementor-element elementor-element-cb558ab elementor-widget elementor-widget-heading\" data-id=\"cb558ab\" data-element_type=\"widget\" data-widget_type=\"heading.default\">\n\t\t\t\t<div class=\"elementor-widget-container\">\n\t\t\t\t\t<h2 class=\"elementor-heading-title elementor-size-default\">VMU-ABEND<\/h2>\t\t\t\t<\/div>\n\t\t\t\t<\/div>\n\t\t\t\t<div class=\"elementor-element elementor-element-9f7f340 elementor-widget elementor-widget-text-editor\" data-id=\"9f7f340\" data-element_type=\"widget\" data-widget_type=\"text-editor.default\">\n\t\t\t\t<div class=\"elementor-widget-container\">\n\t\t\t\t\t\t\t\t\t<p>Donnerstag, 09.06.2022 | 19:30-23:00<\/p><p>Der Kongresspr\u00e4sident des 16. Nordkongress Urologie freut sich auf den Abend mit Ihnen \u2013 im DasDieBrettl.<br \/>Gemeinsam mit Ihnen m\u00f6chten wir in diesem au\u00dfergew\u00f6hnlichen Ambiente mit gutem Essen den Abend verbringen.<br \/>Neben der M\u00f6glichkeit zur kollegialen Vernetzung soll Ihnen der Abend Gelegenheit zum Austausch \u00fcber den wissenschaftlichen Kontext hinaus gehen.<br \/>Wir freuen uns auf Ihr Kommen!<br \/>Kosten: 85,00 EUR pro Person inkl. 19% Ust.*<\/p><p><\/p><p><a href=\"https:\/\/www.nordkongress-urologie.de\/2022\/wp-content\/uploads\/Handout_Anreise_DASDIEBrettl_Caponniere.pdf\" target=\"_blank\" rel=\"noopener\"><u>Anreise &amp; Information zum Shuttle<\/u><\/a><\/p>\t\t\t\t\t\t\t\t<\/div>\n\t\t\t\t<\/div>\n\t\t\t\t\t<\/div>\n\t\t<\/div>\n\t\t\t\t<div class=\"elementor-column elementor-col-50 elementor-top-column elementor-element elementor-element-bf67e27\" data-id=\"bf67e27\" data-element_type=\"column\">\n\t\t\t<div class=\"elementor-widget-wrap elementor-element-populated\">\n\t\t\t\t\t\t<div class=\"elementor-element elementor-element-3386152 elementor-widget elementor-widget-image\" data-id=\"3386152\" data-element_type=\"widget\" data-widget_type=\"image.default\">\n\t\t\t\t<div class=\"elementor-widget-container\">\n\t\t\t\t\t\t\t\t\t\t\t\t<figure class=\"wp-caption\">\n\t\t\t\t\t\t\t\t\t\t<img fetchpriority=\"high\" decoding=\"async\" width=\"600\" height=\"400\" src=\"https:\/\/www.nordkongress-urologie.de\/2022\/wp-content\/uploads\/Brettl.jpg\" class=\"attachment-large size-large wp-image-2767\" alt=\"\" srcset=\"https:\/\/www.nordkongress-urologie.de\/2022\/wp-content\/uploads\/Brettl.jpg 600w, https:\/\/www.nordkongress-urologie.de\/2022\/wp-content\/uploads\/Brettl-300x200.jpg 300w, https:\/\/www.nordkongress-urologie.de\/2022\/wp-content\/uploads\/Brettl-150x100.jpg 150w\" sizes=\"(max-width: 600px) 100vw, 600px\" \/>\t\t\t\t\t\t\t\t\t\t\t<figcaption class=\"widget-image-caption wp-caption-text\">\u00a9Brettl<\/figcaption>\n\t\t\t\t\t\t\t\t\t\t<\/figure>\n\t\t\t\t\t\t\t\t\t<\/div>\n\t\t\t\t<\/div>\n\t\t\t\t<div class=\"elementor-element elementor-element-d52a4ba elementor-widget elementor-widget-image\" data-id=\"d52a4ba\" data-element_type=\"widget\" data-widget_type=\"image.default\">\n\t\t\t\t<div class=\"elementor-widget-container\">\n\t\t\t\t\t\t\t\t\t\t\t\t<figure class=\"wp-caption\">\n\t\t\t\t\t\t\t\t\t\t<img decoding=\"async\" width=\"984\" height=\"333\" src=\"https:\/\/www.nordkongress-urologie.de\/2022\/wp-content\/uploads\/Brettl_Panorama.jpg\" class=\"attachment-large size-large wp-image-2771\" alt=\"\" srcset=\"https:\/\/www.nordkongress-urologie.de\/2022\/wp-content\/uploads\/Brettl_Panorama.jpg 984w, https:\/\/www.nordkongress-urologie.de\/2022\/wp-content\/uploads\/Brettl_Panorama-300x102.jpg 300w, https:\/\/www.nordkongress-urologie.de\/2022\/wp-content\/uploads\/Brettl_Panorama-150x51.jpg 150w, https:\/\/www.nordkongress-urologie.de\/2022\/wp-content\/uploads\/Brettl_Panorama-768x260.jpg 768w\" sizes=\"(max-width: 984px) 100vw, 984px\" \/>\t\t\t\t\t\t\t\t\t\t\t<figcaption class=\"widget-image-caption wp-caption-text\">\u00a9Brettl<\/figcaption>\n\t\t\t\t\t\t\t\t\t\t<\/figure>\n\t\t\t\t\t\t\t\t\t<\/div>\n\t\t\t\t<\/div>\n\t\t\t\t\t<\/div>\n\t\t<\/div>\n\t\t\t\t\t<\/div>\n\t\t<\/section>\n\t\t\t\t<section class=\"elementor-section elementor-top-section elementor-element elementor-element-12f9258 elementor-section-boxed elementor-section-height-default elementor-section-height-default\" data-id=\"12f9258\" data-element_type=\"section\">\n\t\t\t\t\t\t<div class=\"elementor-container elementor-column-gap-default\">\n\t\t\t\t\t<div class=\"elementor-column elementor-col-100 elementor-top-column elementor-element elementor-element-d66b4c5\" data-id=\"d66b4c5\" data-element_type=\"column\">\n\t\t\t<div class=\"elementor-widget-wrap elementor-element-populated\">\n\t\t\t\t\t\t<div class=\"elementor-element elementor-element-7f3109c elementor-widget elementor-widget-text-editor\" data-id=\"7f3109c\" data-element_type=\"widget\" data-widget_type=\"text-editor.default\">\n\t\t\t\t<div class=\"elementor-widget-container\">\n\t\t\t\t\t\t\t\t\t<p>* INTERCOM Dresden GmbH ist der Veranstalter der begleitenden Fachausstellung sowie f\u00fcr das Rahmenprogramm.<\/p>\t\t\t\t\t\t\t\t<\/div>\n\t\t\t\t<\/div>\n\t\t\t\t\t<\/div>\n\t\t<\/div>\n\t\t\t\t\t<\/div>\n\t\t<\/section>\n\t\t\t\t<\/div>\n\t\t","protected":false},"excerpt":{"rendered":"<p>WELCOME ABEND Mittwoch, 08.06.2022 | 19:30 &#8211; 21:30 Am Vorabend des ersten Kongresstags findet der Welcome Abend in einer ungezwungenen Atmosph\u00e4re statt.Nutzen Sie diesen Abend zum Gedankenaustausch mit alten und neuen Kollegen und Freunden.Dieser Abend findet im Restaurant Caponniere (Gothaer Stra\u00dfe 38, 99094 Erfurt) mit Au\u00dfenbereich statt.Kosten: 45,00 EUR pro Person inkl. 19% Ust.* Anreise [&hellip;]<\/p>\n","protected":false},"author":5,"featured_media":0,"parent":141,"menu_order":11,"comment_status":"closed","ping_status":"closed","template":"","meta":{"ocean_post_layout":"","ocean_both_sidebars_style":"","ocean_both_sidebars_content_width":0,"ocean_both_sidebars_sidebars_width":0,"ocean_sidebar":"0","ocean_second_sidebar":"0","ocean_disable_margins":"enable","ocean_add_body_class":"","ocean_shortcode_before_top_bar":"","ocean_shortcode_after_top_bar":"","ocean_shortcode_before_header":"","ocean_shortcode_after_header":"","ocean_has_shortcode":"","ocean_shortcode_after_title":"","ocean_shortcode_before_footer_widgets":"","ocean_shortcode_after_footer_widgets":"","ocean_shortcode_before_footer_bottom":"","ocean_shortcode_after_footer_bottom":"","ocean_display_top_bar":"default","ocean_display_header":"default","ocean_header_style":"","ocean_center_header_left_menu":"0","ocean_custom_header_template":"0","ocean_custom_logo":0,"ocean_custom_retina_logo":0,"ocean_custom_logo_max_width":0,"ocean_custom_logo_tablet_max_width":0,"ocean_custom_logo_mobile_max_width":0,"ocean_custom_logo_max_height":0,"ocean_custom_logo_tablet_max_height":0,"ocean_custom_logo_mobile_max_height":0,"ocean_header_custom_menu":"0","ocean_menu_typo_font_family":"0","ocean_menu_typo_font_subset":"","ocean_menu_typo_font_size":0,"ocean_menu_typo_font_size_tablet":0,"ocean_menu_typo_font_size_mobile":0,"ocean_menu_typo_font_size_unit":"px","ocean_menu_typo_font_weight":"","ocean_menu_typo_font_weight_tablet":"","ocean_menu_typo_font_weight_mobile":"","ocean_menu_typo_transform":"","ocean_menu_typo_transform_tablet":"","ocean_menu_typo_transform_mobile":"","ocean_menu_typo_line_height":0,"ocean_menu_typo_line_height_tablet":0,"ocean_menu_typo_line_height_mobile":0,"ocean_menu_typo_line_height_unit":"","ocean_menu_typo_spacing":0,"ocean_menu_typo_spacing_tablet":0,"ocean_menu_typo_spacing_mobile":0,"ocean_menu_typo_spacing_unit":"","ocean_menu_link_color":"","ocean_menu_link_color_hover":"","ocean_menu_link_color_active":"","ocean_menu_link_background":"","ocean_menu_link_hover_background":"","ocean_menu_link_active_background":"","ocean_menu_social_links_bg":"","ocean_menu_social_hover_links_bg":"","ocean_menu_social_links_color":"","ocean_menu_social_hover_links_color":"","ocean_disable_title":"default","ocean_disable_heading":"default","ocean_post_title":"","ocean_post_subheading":"","ocean_post_title_style":"","ocean_post_title_background_color":"","ocean_post_title_background":0,"ocean_post_title_bg_image_position":"","ocean_post_title_bg_image_attachment":"","ocean_post_title_bg_image_repeat":"","ocean_post_title_bg_image_size":"","ocean_post_title_height":0,"ocean_post_title_bg_overlay":0.5,"ocean_post_title_bg_overlay_color":"","ocean_disable_breadcrumbs":"default","ocean_breadcrumbs_color":"","ocean_breadcrumbs_separator_color":"","ocean_breadcrumbs_links_color":"","ocean_breadcrumbs_links_hover_color":"","ocean_display_footer_widgets":"default","ocean_display_footer_bottom":"default","ocean_custom_footer_template":"0","footnotes":""},"class_list":["post-2763","page","type-page","status-publish","hentry","entry"],"yoast_head":"<!-- This site is optimized with the Yoast SEO plugin v26.7 - https:\/\/yoast.com\/wordpress\/plugins\/seo\/ -->\n<title>Abendveranstaltungen - 16. Nordkongress Urologie<\/title>\n<meta name=\"robots\" content=\"index, follow, max-snippet:-1, max-image-preview:large, max-video-preview:-1\" \/>\n<link rel=\"canonical\" href=\"https:\/\/www.nordkongress-urologie.de\/2022\/informationen\/abendveranstaltungen\/\" \/>\n<meta property=\"og:locale\" content=\"de_DE\" \/>\n<meta property=\"og:type\" content=\"article\" \/>\n<meta property=\"og:title\" content=\"Abendveranstaltungen - 16. Nordkongress Urologie\" \/>\n<meta property=\"og:description\" content=\"WELCOME ABEND Mittwoch, 08.06.2022 | 19:30 &#8211; 21:30 Am Vorabend des ersten Kongresstags findet der Welcome Abend in einer ungezwungenen Atmosph\u00e4re statt.Nutzen Sie diesen Abend zum Gedankenaustausch mit alten und neuen Kollegen und Freunden.Dieser Abend findet im Restaurant Caponniere (Gothaer Stra\u00dfe 38, 99094 Erfurt) mit Au\u00dfenbereich statt.Kosten: 45,00 EUR pro Person inkl. 19% Ust.* Anreise [&hellip;]\" \/>\n<meta property=\"og:url\" content=\"https:\/\/www.nordkongress-urologie.de\/2022\/informationen\/abendveranstaltungen\/\" \/>\n<meta property=\"og:site_name\" content=\"16. Nordkongress Urologie\" \/>\n<meta property=\"article:modified_time\" content=\"2022-06-02T11:44:10+00:00\" \/>\n<meta property=\"og:image\" content=\"https:\/\/www.nordkongress-urologie.de\/2022\/wp-content\/uploads\/Caponniere1.jpg\" \/>\n<meta name=\"twitter:card\" content=\"summary_large_image\" \/>\n<meta name=\"twitter:label1\" content=\"Gesch\u00e4tzte Lesezeit\" \/>\n\t<meta name=\"twitter:data1\" content=\"3\u00a0Minuten\" \/>\n<script type=\"application\/ld+json\" class=\"yoast-schema-graph\">{\"@context\":\"https:\/\/schema.org\",\"@graph\":[{\"@type\":\"WebPage\",\"@id\":\"https:\/\/www.nordkongress-urologie.de\/2022\/informationen\/abendveranstaltungen\/\",\"url\":\"https:\/\/www.nordkongress-urologie.de\/2022\/informationen\/abendveranstaltungen\/\",\"name\":\"Abendveranstaltungen - 16. Nordkongress Urologie\",\"isPartOf\":{\"@id\":\"https:\/\/www.nordkongress-urologie.de\/2022\/#website\"},\"primaryImageOfPage\":{\"@id\":\"https:\/\/www.nordkongress-urologie.de\/2022\/informationen\/abendveranstaltungen\/#primaryimage\"},\"image\":{\"@id\":\"https:\/\/www.nordkongress-urologie.de\/2022\/informationen\/abendveranstaltungen\/#primaryimage\"},\"thumbnailUrl\":\"https:\/\/www.nordkongress-urologie.de\/2022\/wp-content\/uploads\/Caponniere1.jpg\",\"datePublished\":\"2022-06-02T11:33:04+00:00\",\"dateModified\":\"2022-06-02T11:44:10+00:00\",\"breadcrumb\":{\"@id\":\"https:\/\/www.nordkongress-urologie.de\/2022\/informationen\/abendveranstaltungen\/#breadcrumb\"},\"inLanguage\":\"de\",\"potentialAction\":[{\"@type\":\"ReadAction\",\"target\":[\"https:\/\/www.nordkongress-urologie.de\/2022\/informationen\/abendveranstaltungen\/\"]}]},{\"@type\":\"ImageObject\",\"inLanguage\":\"de\",\"@id\":\"https:\/\/www.nordkongress-urologie.de\/2022\/informationen\/abendveranstaltungen\/#primaryimage\",\"url\":\"https:\/\/www.nordkongress-urologie.de\/2022\/wp-content\/uploads\/Caponniere1.jpg\",\"contentUrl\":\"https:\/\/www.nordkongress-urologie.de\/2022\/wp-content\/uploads\/Caponniere1.jpg\",\"width\":600,\"height\":400},{\"@type\":\"BreadcrumbList\",\"@id\":\"https:\/\/www.nordkongress-urologie.de\/2022\/informationen\/abendveranstaltungen\/#breadcrumb\",\"itemListElement\":[{\"@type\":\"ListItem\",\"position\":1,\"name\":\"Startseite\",\"item\":\"https:\/\/www.nordkongress-urologie.de\/2022\/\"},{\"@type\":\"ListItem\",\"position\":2,\"name\":\"Allgemeine Informationen\",\"item\":\"https:\/\/www.nordkongress-urologie.de\/2022\/informationen\/\"},{\"@type\":\"ListItem\",\"position\":3,\"name\":\"Abendveranstaltungen\"}]},{\"@type\":\"WebSite\",\"@id\":\"https:\/\/www.nordkongress-urologie.de\/2022\/#website\",\"url\":\"https:\/\/www.nordkongress-urologie.de\/2022\/\",\"name\":\"16. Nordkongress Urologie\",\"description\":\"Digital in die Zukunft!\",\"potentialAction\":[{\"@type\":\"SearchAction\",\"target\":{\"@type\":\"EntryPoint\",\"urlTemplate\":\"https:\/\/www.nordkongress-urologie.de\/2022\/?s={search_term_string}\"},\"query-input\":{\"@type\":\"PropertyValueSpecification\",\"valueRequired\":true,\"valueName\":\"search_term_string\"}}],\"inLanguage\":\"de\"}]}<\/script>\n<!-- \/ Yoast SEO plugin. -->","yoast_head_json":{"title":"Abendveranstaltungen - 16. Nordkongress Urologie","robots":{"index":"index","follow":"follow","max-snippet":"max-snippet:-1","max-image-preview":"max-image-preview:large","max-video-preview":"max-video-preview:-1"},"canonical":"https:\/\/www.nordkongress-urologie.de\/2022\/informationen\/abendveranstaltungen\/","og_locale":"de_DE","og_type":"article","og_title":"Abendveranstaltungen - 16. Nordkongress Urologie","og_description":"WELCOME ABEND Mittwoch, 08.06.2022 | 19:30 &#8211; 21:30 Am Vorabend des ersten Kongresstags findet der Welcome Abend in einer ungezwungenen Atmosph\u00e4re statt.Nutzen Sie diesen Abend zum Gedankenaustausch mit alten und neuen Kollegen und Freunden.Dieser Abend findet im Restaurant Caponniere (Gothaer Stra\u00dfe 38, 99094 Erfurt) mit Au\u00dfenbereich statt.Kosten: 45,00 EUR pro Person inkl. 19% Ust.* Anreise [&hellip;]","og_url":"https:\/\/www.nordkongress-urologie.de\/2022\/informationen\/abendveranstaltungen\/","og_site_name":"16. Nordkongress Urologie","article_modified_time":"2022-06-02T11:44:10+00:00","og_image":[{"url":"https:\/\/www.nordkongress-urologie.de\/2022\/wp-content\/uploads\/Caponniere1.jpg","type":"","width":"","height":""}],"twitter_card":"summary_large_image","twitter_misc":{"Gesch\u00e4tzte Lesezeit":"3\u00a0Minuten"},"schema":{"@context":"https:\/\/schema.org","@graph":[{"@type":"WebPage","@id":"https:\/\/www.nordkongress-urologie.de\/2022\/informationen\/abendveranstaltungen\/","url":"https:\/\/www.nordkongress-urologie.de\/2022\/informationen\/abendveranstaltungen\/","name":"Abendveranstaltungen - 16. Nordkongress Urologie","isPartOf":{"@id":"https:\/\/www.nordkongress-urologie.de\/2022\/#website"},"primaryImageOfPage":{"@id":"https:\/\/www.nordkongress-urologie.de\/2022\/informationen\/abendveranstaltungen\/#primaryimage"},"image":{"@id":"https:\/\/www.nordkongress-urologie.de\/2022\/informationen\/abendveranstaltungen\/#primaryimage"},"thumbnailUrl":"https:\/\/www.nordkongress-urologie.de\/2022\/wp-content\/uploads\/Caponniere1.jpg","datePublished":"2022-06-02T11:33:04+00:00","dateModified":"2022-06-02T11:44:10+00:00","breadcrumb":{"@id":"https:\/\/www.nordkongress-urologie.de\/2022\/informationen\/abendveranstaltungen\/#breadcrumb"},"inLanguage":"de","potentialAction":[{"@type":"ReadAction","target":["https:\/\/www.nordkongress-urologie.de\/2022\/informationen\/abendveranstaltungen\/"]}]},{"@type":"ImageObject","inLanguage":"de","@id":"https:\/\/www.nordkongress-urologie.de\/2022\/informationen\/abendveranstaltungen\/#primaryimage","url":"https:\/\/www.nordkongress-urologie.de\/2022\/wp-content\/uploads\/Caponniere1.jpg","contentUrl":"https:\/\/www.nordkongress-urologie.de\/2022\/wp-content\/uploads\/Caponniere1.jpg","width":600,"height":400},{"@type":"BreadcrumbList","@id":"https:\/\/www.nordkongress-urologie.de\/2022\/informationen\/abendveranstaltungen\/#breadcrumb","itemListElement":[{"@type":"ListItem","position":1,"name":"Startseite","item":"https:\/\/www.nordkongress-urologie.de\/2022\/"},{"@type":"ListItem","position":2,"name":"Allgemeine Informationen","item":"https:\/\/www.nordkongress-urologie.de\/2022\/informationen\/"},{"@type":"ListItem","position":3,"name":"Abendveranstaltungen"}]},{"@type":"WebSite","@id":"https:\/\/www.nordkongress-urologie.de\/2022\/#website","url":"https:\/\/www.nordkongress-urologie.de\/2022\/","name":"16. Nordkongress Urologie","description":"Digital in die Zukunft!","potentialAction":[{"@type":"SearchAction","target":{"@type":"EntryPoint","urlTemplate":"https:\/\/www.nordkongress-urologie.de\/2022\/?s={search_term_string}"},"query-input":{"@type":"PropertyValueSpecification","valueRequired":true,"valueName":"search_term_string"}}],"inLanguage":"de"}]}},"_links":{"self":[{"href":"https:\/\/www.nordkongress-urologie.de\/2022\/wp-json\/wp\/v2\/pages\/2763","targetHints":{"allow":["GET"]}}],"collection":[{"href":"https:\/\/www.nordkongress-urologie.de\/2022\/wp-json\/wp\/v2\/pages"}],"about":[{"href":"https:\/\/www.nordkongress-urologie.de\/2022\/wp-json\/wp\/v2\/types\/page"}],"author":[{"embeddable":true,"href":"https:\/\/www.nordkongress-urologie.de\/2022\/wp-json\/wp\/v2\/users\/5"}],"replies":[{"embeddable":true,"href":"https:\/\/www.nordkongress-urologie.de\/2022\/wp-json\/wp\/v2\/comments?post=2763"}],"version-history":[{"count":4,"href":"https:\/\/www.nordkongress-urologie.de\/2022\/wp-json\/wp\/v2\/pages\/2763\/revisions"}],"predecessor-version":[{"id":2774,"href":"https:\/\/www.nordkongress-urologie.de\/2022\/wp-json\/wp\/v2\/pages\/2763\/revisions\/2774"}],"up":[{"embeddable":true,"href":"https:\/\/www.nordkongress-urologie.de\/2022\/wp-json\/wp\/v2\/pages\/141"}],"wp:attachment":[{"href":"https:\/\/www.nordkongress-urologie.de\/2022\/wp-json\/wp\/v2\/media?parent=2763"}],"curies":[{"name":"wp","href":"https:\/\/api.w.org\/{rel}","templated":true}]}}