{"id":1307,"date":"2021-06-17T17:45:45","date_gmt":"2021-06-17T15:45:45","guid":{"rendered":"https:\/\/www.nordkongress-urologie.de\/2023\/?page_id=1307"},"modified":"2023-07-12T15:02:10","modified_gmt":"2023-07-12T13:02:10","slug":"preistraeger","status":"publish","type":"page","link":"https:\/\/www.nordkongress-urologie.de\/2023\/informationen\/preistraeger\/","title":{"rendered":"Preistr\u00e4ger*innen"},"content":{"rendered":"\t\t<div data-elementor-type=\"wp-page\" data-elementor-id=\"1307\" class=\"elementor elementor-1307\" data-elementor-post-type=\"page\">\n\t\t\t\t\t\t<section data-particle_enable=\"false\" data-particle-mobile-disabled=\"false\" class=\"elementor-section elementor-top-section elementor-element elementor-element-c3eab6b elementor-section-boxed elementor-section-height-default elementor-section-height-default\" data-id=\"c3eab6b\" data-element_type=\"section\">\n\t\t\t\t\t\t<div class=\"elementor-container elementor-column-gap-default\">\n\t\t\t\t\t<div class=\"elementor-column elementor-col-100 elementor-top-column elementor-element elementor-element-bf0f547\" data-id=\"bf0f547\" data-element_type=\"column\">\n\t\t\t<div class=\"elementor-widget-wrap elementor-element-populated\">\n\t\t\t\t\t\t\t<\/div>\n\t\t<\/div>\n\t\t\t\t\t<\/div>\n\t\t<\/section>\n\t\t\t\t<section data-particle_enable=\"false\" data-particle-mobile-disabled=\"false\" class=\"elementor-section elementor-top-section elementor-element elementor-element-8f2245d elementor-section-boxed elementor-section-height-default elementor-section-height-default\" data-id=\"8f2245d\" data-element_type=\"section\">\n\t\t\t\t\t\t<div class=\"elementor-container elementor-column-gap-default\">\n\t\t\t\t\t<div class=\"elementor-column elementor-col-100 elementor-top-column elementor-element elementor-element-e06805f\" data-id=\"e06805f\" data-element_type=\"column\">\n\t\t\t<div class=\"elementor-widget-wrap elementor-element-populated\">\n\t\t\t\t\t\t<div class=\"elementor-element elementor-element-2dbb4a9 elementor-widget elementor-widget-heading\" data-id=\"2dbb4a9\" data-element_type=\"widget\" data-widget_type=\"heading.default\">\n\t\t\t\t<div class=\"elementor-widget-container\">\n\t\t\t\t\t<h2 class=\"elementor-heading-title elementor-size-default\">Gemeinsamer Promotionspreis der VNU e.V., BUG e.V., BGU e.V., VMU e.V.<\/h2>\t\t\t\t<\/div>\n\t\t\t\t<\/div>\n\t\t\t\t<div class=\"elementor-element elementor-element-f79ba8b elementor-widget elementor-widget-text-editor\" data-id=\"f79ba8b\" data-element_type=\"widget\" data-widget_type=\"text-editor.default\">\n\t\t\t\t<div class=\"elementor-widget-container\">\n\t\t\t\t\t\t\t\t\t<p><em>\u201eDer Einfluss von Biomarkern in Urothelkarzinomen auf die epithelial-mesenchymale Transition \u2013 Hyaluronidasen und \u03b2-Arrestine als Biomarker und therapeutische Angriffspunkte\u201c<br \/><\/em><strong>Dr. med. Martin Hennig<br \/><\/strong>Universit\u00e4tsklinikum Schleswig-Holstein, Campus L\u00fcbeck<\/p>\t\t\t\t\t\t\t\t<\/div>\n\t\t\t\t<\/div>\n\t\t\t\t\t<\/div>\n\t\t<\/div>\n\t\t\t\t\t<\/div>\n\t\t<\/section>\n\t\t\t\t<section data-particle_enable=\"false\" data-particle-mobile-disabled=\"false\" class=\"elementor-section elementor-top-section elementor-element elementor-element-9b5bba3 elementor-section-boxed elementor-section-height-default elementor-section-height-default\" data-id=\"9b5bba3\" data-element_type=\"section\">\n\t\t\t\t\t\t<div class=\"elementor-container elementor-column-gap-default\">\n\t\t\t\t\t<div class=\"elementor-column elementor-col-100 elementor-top-column elementor-element elementor-element-2f687a3\" data-id=\"2f687a3\" data-element_type=\"column\">\n\t\t\t<div class=\"elementor-widget-wrap elementor-element-populated\">\n\t\t\t\t\t\t<div class=\"elementor-element elementor-element-99a5cc8 elementor-widget elementor-widget-heading\" data-id=\"99a5cc8\" data-element_type=\"widget\" data-widget_type=\"heading.default\">\n\t\t\t\t<div class=\"elementor-widget-container\">\n\t\t\t\t\t<h2 class=\"elementor-heading-title elementor-size-default\">Preise der Vereinigung Norddeutscher Urologen e.V.<\/h2>\t\t\t\t<\/div>\n\t\t\t\t<\/div>\n\t\t\t\t<div class=\"elementor-element elementor-element-b57009f elementor-widget elementor-widget-heading\" data-id=\"b57009f\" data-element_type=\"widget\" data-widget_type=\"heading.default\">\n\t\t\t\t<div class=\"elementor-widget-container\">\n\t\t\t\t\t<h3 class=\"elementor-heading-title elementor-size-default\">Peter-Bischoff-Preis<\/h3>\t\t\t\t<\/div>\n\t\t\t\t<\/div>\n\t\t\t\t<div class=\"elementor-element elementor-element-8cf5b87 elementor-widget elementor-widget-text-editor\" data-id=\"8cf5b87\" data-element_type=\"widget\" data-widget_type=\"text-editor.default\">\n\t\t\t\t<div class=\"elementor-widget-container\">\n\t\t\t\t\t\t\t\t\t<p><em>\u201eDer Nachweis eines Isochromosoms i[12p] in malignen Keimzelltumoren mittels quantitativer real time PCR\u201c<br \/><\/em><strong>Dr. med. Simon Filmar<br \/><\/strong>Universit\u00e4tsmedizin G\u00f6ttingen, Abteilung f\u00fcr Pathologie, G\u00f6ttingen<\/p>\t\t\t\t\t\t\t\t<\/div>\n\t\t\t\t<\/div>\n\t\t\t\t<div class=\"elementor-element elementor-element-5fec07e elementor-widget elementor-widget-heading\" data-id=\"5fec07e\" data-element_type=\"widget\" data-widget_type=\"heading.default\">\n\t\t\t\t<div class=\"elementor-widget-container\">\n\t\t\t\t\t<h3 class=\"elementor-heading-title elementor-size-default\">3 wissenschaftliche Preise<\/h3>\t\t\t\t<\/div>\n\t\t\t\t<\/div>\n\t\t\t\t<div class=\"elementor-element elementor-element-71adff9 elementor-widget elementor-widget-text-editor\" data-id=\"71adff9\" data-element_type=\"widget\" data-widget_type=\"text-editor.default\">\n\t\t\t\t<div class=\"elementor-widget-container\">\n\t\t\t\t\t\t\t\t\t<p><strong>1. Platz<br \/><\/strong><em>\u201eIst bei Prostatakarzinompatienten mit nur einseitig positiver Biopsie eine bilaterale Lymphadenektomie erforderlich?\u201c<br \/><\/em><em><\/em><strong>Dr. rer. nat. Bianca Michalik<br \/><\/strong>Carl von Ossietzky Universit\u00e4t Oldenburg, Fakult\u00e4t f\u00fcr Medizin und Gesundheitswissenschaften, Department f\u00fcr Humanmedizin, Universit\u00e4tsklinik f\u00fcr Urologie, Oldenburg<\/p>\t\t\t\t\t\t\t\t<\/div>\n\t\t\t\t<\/div>\n\t\t\t\t<div class=\"elementor-element elementor-element-9feeffe elementor-widget elementor-widget-text-editor\" data-id=\"9feeffe\" data-element_type=\"widget\" data-widget_type=\"text-editor.default\">\n\t\t\t\t<div class=\"elementor-widget-container\">\n\t\t\t\t\t\t\t\t\t<p><strong>2. Platz<br \/><\/strong><em>\u201eErgebnisse der Implantation von AMS 800 Sphinkteren bei Patienten mit einer Vorgeschichte einer perinealen Reanastomose\u201c<br \/><\/em><strong>Priv.-Doz. Dr. med. Tim Alexander Ludwig<br \/><\/strong>Universit\u00e4tsklinikum Hamburg Eppendorf, Urologie, Hamburg<\/p>\t\t\t\t\t\t\t\t<\/div>\n\t\t\t\t<\/div>\n\t\t\t\t<div class=\"elementor-element elementor-element-06f187a elementor-widget elementor-widget-text-editor\" data-id=\"06f187a\" data-element_type=\"widget\" data-widget_type=\"text-editor.default\">\n\t\t\t\t<div class=\"elementor-widget-container\">\n\t\t\t\t\t\t\t\t\t<p><strong>3. Platz<br \/><\/strong><i><span style=\"color: windowtext;\">\u201ePeritoneal-Interposition-Flap zur Reduktion pelviner Lymphozelen nach Roboter-assistierter radikaler Prostatektomie mit pelviner Lymphknotendissektion &#8211; Erste, nur auf prospektiven, randomisiert-kontrollierten Studien basierende Meta-Analyse\u201c<br \/><\/span><\/i><b>Dr. med. Ingmar Wolff<br \/><\/b>Universit\u00e4tsmedizin Greifswald, Klinik und Poliklinik f\u00fcr Urologie, Greifswald<\/p>\t\t\t\t\t\t\t\t<\/div>\n\t\t\t\t<\/div>\n\t\t\t\t\t<\/div>\n\t\t<\/div>\n\t\t\t\t\t<\/div>\n\t\t<\/section>\n\t\t\t\t<section data-particle_enable=\"false\" data-particle-mobile-disabled=\"false\" class=\"elementor-section elementor-top-section elementor-element elementor-element-c5db9e1 elementor-section-boxed elementor-section-height-default elementor-section-height-default\" data-id=\"c5db9e1\" data-element_type=\"section\">\n\t\t\t\t\t\t<div class=\"elementor-container elementor-column-gap-default\">\n\t\t\t\t\t<div class=\"elementor-column elementor-col-100 elementor-top-column elementor-element elementor-element-b5a30c7\" data-id=\"b5a30c7\" data-element_type=\"column\">\n\t\t\t<div class=\"elementor-widget-wrap elementor-element-populated\">\n\t\t\t\t\t\t<div class=\"elementor-element elementor-element-5144797 elementor-widget elementor-widget-heading\" data-id=\"5144797\" data-element_type=\"widget\" data-widget_type=\"heading.default\">\n\t\t\t\t<div class=\"elementor-widget-container\">\n\t\t\t\t\t<h2 class=\"elementor-heading-title elementor-size-default\">Preise der Berliner Urologischen Gesellschaft e.V.<\/h2>\t\t\t\t<\/div>\n\t\t\t\t<\/div>\n\t\t\t\t<div class=\"elementor-element elementor-element-45deef0 elementor-widget elementor-widget-heading\" data-id=\"45deef0\" data-element_type=\"widget\" data-widget_type=\"heading.default\">\n\t\t\t\t<div class=\"elementor-widget-container\">\n\t\t\t\t\t<h3 class=\"elementor-heading-title elementor-size-default\">Carl-Posner-Preis<\/h3>\t\t\t\t<\/div>\n\t\t\t\t<\/div>\n\t\t\t\t<div class=\"elementor-element elementor-element-7b3473e elementor-widget elementor-widget-text-editor\" data-id=\"7b3473e\" data-element_type=\"widget\" data-widget_type=\"text-editor.default\">\n\t\t\t\t<div class=\"elementor-widget-container\">\n\t\t\t\t\t\t\t\t\t<p><em>\u201eIntravesikale Polypropylennetz-Migration neun Monate nach roboterassistierter radikaler Prostatektomie (RARP) und acht Jahre nach TAPP-Leistenhernienrepair\u201c<br \/><\/em><strong>Dr. Felix Raupp<\/strong><br \/>Franziskus Krankenhaus, Abteilung f\u00fcr Urologie, Berlin, Deutschland<\/p>\t\t\t\t\t\t\t\t<\/div>\n\t\t\t\t<\/div>\n\t\t\t\t\t<\/div>\n\t\t<\/div>\n\t\t\t\t\t<\/div>\n\t\t<\/section>\n\t\t\t\t<section data-particle_enable=\"false\" data-particle-mobile-disabled=\"false\" class=\"elementor-section elementor-top-section elementor-element elementor-element-07e90f0 elementor-section-boxed elementor-section-height-default elementor-section-height-default\" data-id=\"07e90f0\" data-element_type=\"section\">\n\t\t\t\t\t\t<div class=\"elementor-container elementor-column-gap-default\">\n\t\t\t\t\t<div class=\"elementor-column elementor-col-100 elementor-top-column elementor-element elementor-element-2c2af81\" data-id=\"2c2af81\" data-element_type=\"column\">\n\t\t\t<div class=\"elementor-widget-wrap elementor-element-populated\">\n\t\t\t\t\t\t<div class=\"elementor-element elementor-element-a668446 elementor-widget elementor-widget-heading\" data-id=\"a668446\" data-element_type=\"widget\" data-widget_type=\"heading.default\">\n\t\t\t\t<div class=\"elementor-widget-container\">\n\t\t\t\t\t<h2 class=\"elementor-heading-title elementor-size-default\">Preis der Brandenburgischen Gesellschaft f\u00fcr Urologie e.V.<\/h2>\t\t\t\t<\/div>\n\t\t\t\t<\/div>\n\t\t\t\t<div class=\"elementor-element elementor-element-6a4b3b6 elementor-widget elementor-widget-text-editor\" data-id=\"6a4b3b6\" data-element_type=\"widget\" data-widget_type=\"text-editor.default\">\n\t\t\t\t<div class=\"elementor-widget-container\">\n\t\t\t\t\t\t\t\t\t<p><em>\u201eDie Lernkurve bei der Anwendung des transrektalen ExactVu\u2122 29-MHz-Mikroultraschalls zur Prostatastanzbiopsie\u201c<\/em><br \/><strong>Anna Luisa Heinrichs<\/strong><br \/>Universit\u00e4tsklinikum Brandenburg an der Havel, Klinik f\u00fcr Urologie und Kinderurologie, Brandenburg an der Havel<\/p>\t\t\t\t\t\t\t\t<\/div>\n\t\t\t\t<\/div>\n\t\t\t\t\t<\/div>\n\t\t<\/div>\n\t\t\t\t\t<\/div>\n\t\t<\/section>\n\t\t\t\t<section data-particle_enable=\"false\" data-particle-mobile-disabled=\"false\" class=\"elementor-section elementor-top-section elementor-element elementor-element-dad4262 elementor-section-boxed elementor-section-height-default elementor-section-height-default\" data-id=\"dad4262\" data-element_type=\"section\">\n\t\t\t\t\t\t<div class=\"elementor-container elementor-column-gap-default\">\n\t\t\t\t\t<div class=\"elementor-column elementor-col-100 elementor-top-column elementor-element elementor-element-e93fb7f\" data-id=\"e93fb7f\" data-element_type=\"column\">\n\t\t\t<div class=\"elementor-widget-wrap elementor-element-populated\">\n\t\t\t\t\t\t<div class=\"elementor-element elementor-element-1e63220 elementor-widget elementor-widget-heading\" data-id=\"1e63220\" data-element_type=\"widget\" data-widget_type=\"heading.default\">\n\t\t\t\t<div class=\"elementor-widget-container\">\n\t\t\t\t\t<h2 class=\"elementor-heading-title elementor-size-default\">Preis der Vereinigung f\u00fcr Mitteldeutsche Urologen e.V.<\/h2>\t\t\t\t<\/div>\n\t\t\t\t<\/div>\n\t\t\t\t<div class=\"elementor-element elementor-element-32954f4 elementor-widget elementor-widget-heading\" data-id=\"32954f4\" data-element_type=\"widget\" data-widget_type=\"heading.default\">\n\t\t\t\t<div class=\"elementor-widget-container\">\n\t\t\t\t\t<h3 class=\"elementor-heading-title elementor-size-default\">Martin-Stolze-Preis<\/h3>\t\t\t\t<\/div>\n\t\t\t\t<\/div>\n\t\t\t\t<div class=\"elementor-element elementor-element-1039cd8 elementor-widget elementor-widget-text-editor\" data-id=\"1039cd8\" data-element_type=\"widget\" data-widget_type=\"text-editor.default\">\n\t\t\t\t<div class=\"elementor-widget-container\">\n\t\t\t\t\t\t\t\t\t<p><em>\u201eWeibliches Geschlecht ist ein signifikanter Pr\u00e4diktor f\u00fcr einen positiven Urethralabstrich beim niedergelassenen Urologen\u201c<br \/><\/em><strong>Katharina Raude<br \/><\/strong>Universit\u00e4tsklinikum Halle, Abteilung f\u00fcr Urologie, Halle<\/p>\t\t\t\t\t\t\t\t<\/div>\n\t\t\t\t<\/div>\n\t\t\t\t\t<\/div>\n\t\t<\/div>\n\t\t\t\t\t<\/div>\n\t\t<\/section>\n\t\t\t\t<\/div>\n\t\t","protected":false},"excerpt":{"rendered":"<p>Gemeinsamer Promotionspreis der VNU e.V., BUG e.V., BGU e.V., VMU e.V. \u201eDer Einfluss von Biomarkern in Urothelkarzinomen auf die epithelial-mesenchymale Transition \u2013 Hyaluronidasen und \u03b2-Arrestine als Biomarker und therapeutische Angriffspunkte\u201c Dr. med. Martin Hennig Universit\u00e4tsklinikum Schleswig-Holstein, Campus L\u00fcbeck Preise der Vereinigung Norddeutscher Urologen e.V. Peter-Bischoff-Preis \u201eDer Nachweis eines Isochromosoms i[12p] in malignen Keimzelltumoren mittels quantitativer [&hellip;]<\/p>\n","protected":false},"author":5,"featured_media":0,"parent":141,"menu_order":3,"comment_status":"closed","ping_status":"closed","template":"","meta":{"ocean_post_layout":"","ocean_both_sidebars_style":"","ocean_both_sidebars_content_width":0,"ocean_both_sidebars_sidebars_width":0,"ocean_sidebar":"0","ocean_second_sidebar":"0","ocean_disable_margins":"enable","ocean_add_body_class":"","ocean_shortcode_before_top_bar":"","ocean_shortcode_after_top_bar":"","ocean_shortcode_before_header":"","ocean_shortcode_after_header":"","ocean_has_shortcode":"","ocean_shortcode_after_title":"","ocean_shortcode_before_footer_widgets":"","ocean_shortcode_after_footer_widgets":"","ocean_shortcode_before_footer_bottom":"","ocean_shortcode_after_footer_bottom":"","ocean_display_top_bar":"default","ocean_display_header":"default","ocean_header_style":"","ocean_center_header_left_menu":"0","ocean_custom_header_template":"0","ocean_custom_logo":0,"ocean_custom_retina_logo":0,"ocean_custom_logo_max_width":0,"ocean_custom_logo_tablet_max_width":0,"ocean_custom_logo_mobile_max_width":0,"ocean_custom_logo_max_height":0,"ocean_custom_logo_tablet_max_height":0,"ocean_custom_logo_mobile_max_height":0,"ocean_header_custom_menu":"0","ocean_menu_typo_font_family":"0","ocean_menu_typo_font_subset":"","ocean_menu_typo_font_size":0,"ocean_menu_typo_font_size_tablet":0,"ocean_menu_typo_font_size_mobile":0,"ocean_menu_typo_font_size_unit":"px","ocean_menu_typo_font_weight":"","ocean_menu_typo_font_weight_tablet":"","ocean_menu_typo_font_weight_mobile":"","ocean_menu_typo_transform":"","ocean_menu_typo_transform_tablet":"","ocean_menu_typo_transform_mobile":"","ocean_menu_typo_line_height":0,"ocean_menu_typo_line_height_tablet":0,"ocean_menu_typo_line_height_mobile":0,"ocean_menu_typo_line_height_unit":"","ocean_menu_typo_spacing":0,"ocean_menu_typo_spacing_tablet":0,"ocean_menu_typo_spacing_mobile":0,"ocean_menu_typo_spacing_unit":"","ocean_menu_link_color":"","ocean_menu_link_color_hover":"","ocean_menu_link_color_active":"","ocean_menu_link_background":"","ocean_menu_link_hover_background":"","ocean_menu_link_active_background":"","ocean_menu_social_links_bg":"","ocean_menu_social_hover_links_bg":"","ocean_menu_social_links_color":"","ocean_menu_social_hover_links_color":"","ocean_disable_title":"default","ocean_disable_heading":"default","ocean_post_title":"","ocean_post_subheading":"","ocean_post_title_style":"","ocean_post_title_background_color":"","ocean_post_title_background":0,"ocean_post_title_bg_image_position":"","ocean_post_title_bg_image_attachment":"","ocean_post_title_bg_image_repeat":"","ocean_post_title_bg_image_size":"","ocean_post_title_height":0,"ocean_post_title_bg_overlay":0.5,"ocean_post_title_bg_overlay_color":"","ocean_disable_breadcrumbs":"default","ocean_breadcrumbs_color":"","ocean_breadcrumbs_separator_color":"","ocean_breadcrumbs_links_color":"","ocean_breadcrumbs_links_hover_color":"","ocean_display_footer_widgets":"default","ocean_display_footer_bottom":"default","ocean_custom_footer_template":"0","footnotes":""},"class_list":["post-1307","page","type-page","status-publish","hentry","entry"],"yoast_head":"<!-- This site is optimized with the Yoast SEO plugin v26.7 - https:\/\/yoast.com\/wordpress\/plugins\/seo\/ -->\n<title>Preistr\u00e4ger*innen - 17. Nordkongress Urologie<\/title>\n<meta name=\"robots\" content=\"index, follow, max-snippet:-1, max-image-preview:large, max-video-preview:-1\" \/>\n<link rel=\"canonical\" href=\"https:\/\/www.nordkongress-urologie.de\/2023\/informationen\/preistraeger\/\" \/>\n<meta property=\"og:locale\" content=\"de_DE\" \/>\n<meta property=\"og:type\" content=\"article\" \/>\n<meta property=\"og:title\" content=\"Preistr\u00e4ger*innen - 17. Nordkongress Urologie\" \/>\n<meta property=\"og:description\" content=\"Gemeinsamer Promotionspreis der VNU e.V., BUG e.V., BGU e.V., VMU e.V. \u201eDer Einfluss von Biomarkern in Urothelkarzinomen auf die epithelial-mesenchymale Transition \u2013 Hyaluronidasen und \u03b2-Arrestine als Biomarker und therapeutische Angriffspunkte\u201c Dr. med. Martin Hennig Universit\u00e4tsklinikum Schleswig-Holstein, Campus L\u00fcbeck Preise der Vereinigung Norddeutscher Urologen e.V. Peter-Bischoff-Preis \u201eDer Nachweis eines Isochromosoms i[12p] in malignen Keimzelltumoren mittels quantitativer [&hellip;]\" \/>\n<meta property=\"og:url\" content=\"https:\/\/www.nordkongress-urologie.de\/2023\/informationen\/preistraeger\/\" \/>\n<meta property=\"og:site_name\" content=\"17. Nordkongress Urologie\" \/>\n<meta property=\"article:modified_time\" content=\"2023-07-12T13:02:10+00:00\" \/>\n<meta name=\"twitter:card\" content=\"summary_large_image\" \/>\n<meta name=\"twitter:label1\" content=\"Gesch\u00e4tzte Lesezeit\" \/>\n\t<meta name=\"twitter:data1\" content=\"2\u00a0Minuten\" \/>\n<script type=\"application\/ld+json\" class=\"yoast-schema-graph\">{\"@context\":\"https:\/\/schema.org\",\"@graph\":[{\"@type\":\"WebPage\",\"@id\":\"https:\/\/www.nordkongress-urologie.de\/2023\/informationen\/preistraeger\/\",\"url\":\"https:\/\/www.nordkongress-urologie.de\/2023\/informationen\/preistraeger\/\",\"name\":\"Preistr\u00e4ger*innen - 17. Nordkongress Urologie\",\"isPartOf\":{\"@id\":\"https:\/\/www.nordkongress-urologie.de\/2023\/#website\"},\"datePublished\":\"2021-06-17T15:45:45+00:00\",\"dateModified\":\"2023-07-12T13:02:10+00:00\",\"breadcrumb\":{\"@id\":\"https:\/\/www.nordkongress-urologie.de\/2023\/informationen\/preistraeger\/#breadcrumb\"},\"inLanguage\":\"de\",\"potentialAction\":[{\"@type\":\"ReadAction\",\"target\":[\"https:\/\/www.nordkongress-urologie.de\/2023\/informationen\/preistraeger\/\"]}]},{\"@type\":\"BreadcrumbList\",\"@id\":\"https:\/\/www.nordkongress-urologie.de\/2023\/informationen\/preistraeger\/#breadcrumb\",\"itemListElement\":[{\"@type\":\"ListItem\",\"position\":1,\"name\":\"Startseite\",\"item\":\"https:\/\/www.nordkongress-urologie.de\/2023\/\"},{\"@type\":\"ListItem\",\"position\":2,\"name\":\"Allgemeine Informationen\",\"item\":\"https:\/\/www.nordkongress-urologie.de\/2023\/informationen\/\"},{\"@type\":\"ListItem\",\"position\":3,\"name\":\"Preistr\u00e4ger*innen\"}]},{\"@type\":\"WebSite\",\"@id\":\"https:\/\/www.nordkongress-urologie.de\/2023\/#website\",\"url\":\"https:\/\/www.nordkongress-urologie.de\/2023\/\",\"name\":\"17. Nordkongress Urologie\",\"description\":\"Interdisziplinarit\u00e4t - gemeinsam st\u00e4rker, 28. bis 30. Juni 2023 in L\u00fcneburg\",\"potentialAction\":[{\"@type\":\"SearchAction\",\"target\":{\"@type\":\"EntryPoint\",\"urlTemplate\":\"https:\/\/www.nordkongress-urologie.de\/2023\/?s={search_term_string}\"},\"query-input\":{\"@type\":\"PropertyValueSpecification\",\"valueRequired\":true,\"valueName\":\"search_term_string\"}}],\"inLanguage\":\"de\"}]}<\/script>\n<!-- \/ Yoast SEO plugin. -->","yoast_head_json":{"title":"Preistr\u00e4ger*innen - 17. Nordkongress Urologie","robots":{"index":"index","follow":"follow","max-snippet":"max-snippet:-1","max-image-preview":"max-image-preview:large","max-video-preview":"max-video-preview:-1"},"canonical":"https:\/\/www.nordkongress-urologie.de\/2023\/informationen\/preistraeger\/","og_locale":"de_DE","og_type":"article","og_title":"Preistr\u00e4ger*innen - 17. Nordkongress Urologie","og_description":"Gemeinsamer Promotionspreis der VNU e.V., BUG e.V., BGU e.V., VMU e.V. \u201eDer Einfluss von Biomarkern in Urothelkarzinomen auf die epithelial-mesenchymale Transition \u2013 Hyaluronidasen und \u03b2-Arrestine als Biomarker und therapeutische Angriffspunkte\u201c Dr. med. Martin Hennig Universit\u00e4tsklinikum Schleswig-Holstein, Campus L\u00fcbeck Preise der Vereinigung Norddeutscher Urologen e.V. Peter-Bischoff-Preis \u201eDer Nachweis eines Isochromosoms i[12p] in malignen Keimzelltumoren mittels quantitativer [&hellip;]","og_url":"https:\/\/www.nordkongress-urologie.de\/2023\/informationen\/preistraeger\/","og_site_name":"17. Nordkongress Urologie","article_modified_time":"2023-07-12T13:02:10+00:00","twitter_card":"summary_large_image","twitter_misc":{"Gesch\u00e4tzte Lesezeit":"2\u00a0Minuten"},"schema":{"@context":"https:\/\/schema.org","@graph":[{"@type":"WebPage","@id":"https:\/\/www.nordkongress-urologie.de\/2023\/informationen\/preistraeger\/","url":"https:\/\/www.nordkongress-urologie.de\/2023\/informationen\/preistraeger\/","name":"Preistr\u00e4ger*innen - 17. Nordkongress Urologie","isPartOf":{"@id":"https:\/\/www.nordkongress-urologie.de\/2023\/#website"},"datePublished":"2021-06-17T15:45:45+00:00","dateModified":"2023-07-12T13:02:10+00:00","breadcrumb":{"@id":"https:\/\/www.nordkongress-urologie.de\/2023\/informationen\/preistraeger\/#breadcrumb"},"inLanguage":"de","potentialAction":[{"@type":"ReadAction","target":["https:\/\/www.nordkongress-urologie.de\/2023\/informationen\/preistraeger\/"]}]},{"@type":"BreadcrumbList","@id":"https:\/\/www.nordkongress-urologie.de\/2023\/informationen\/preistraeger\/#breadcrumb","itemListElement":[{"@type":"ListItem","position":1,"name":"Startseite","item":"https:\/\/www.nordkongress-urologie.de\/2023\/"},{"@type":"ListItem","position":2,"name":"Allgemeine Informationen","item":"https:\/\/www.nordkongress-urologie.de\/2023\/informationen\/"},{"@type":"ListItem","position":3,"name":"Preistr\u00e4ger*innen"}]},{"@type":"WebSite","@id":"https:\/\/www.nordkongress-urologie.de\/2023\/#website","url":"https:\/\/www.nordkongress-urologie.de\/2023\/","name":"17. Nordkongress Urologie","description":"Interdisziplinarit\u00e4t - gemeinsam st\u00e4rker, 28. bis 30. Juni 2023 in L\u00fcneburg","potentialAction":[{"@type":"SearchAction","target":{"@type":"EntryPoint","urlTemplate":"https:\/\/www.nordkongress-urologie.de\/2023\/?s={search_term_string}"},"query-input":{"@type":"PropertyValueSpecification","valueRequired":true,"valueName":"search_term_string"}}],"inLanguage":"de"}]}},"_links":{"self":[{"href":"https:\/\/www.nordkongress-urologie.de\/2023\/wp-json\/wp\/v2\/pages\/1307","targetHints":{"allow":["GET"]}}],"collection":[{"href":"https:\/\/www.nordkongress-urologie.de\/2023\/wp-json\/wp\/v2\/pages"}],"about":[{"href":"https:\/\/www.nordkongress-urologie.de\/2023\/wp-json\/wp\/v2\/types\/page"}],"author":[{"embeddable":true,"href":"https:\/\/www.nordkongress-urologie.de\/2023\/wp-json\/wp\/v2\/users\/5"}],"replies":[{"embeddable":true,"href":"https:\/\/www.nordkongress-urologie.de\/2023\/wp-json\/wp\/v2\/comments?post=1307"}],"version-history":[{"count":8,"href":"https:\/\/www.nordkongress-urologie.de\/2023\/wp-json\/wp\/v2\/pages\/1307\/revisions"}],"predecessor-version":[{"id":3566,"href":"https:\/\/www.nordkongress-urologie.de\/2023\/wp-json\/wp\/v2\/pages\/1307\/revisions\/3566"}],"up":[{"embeddable":true,"href":"https:\/\/www.nordkongress-urologie.de\/2023\/wp-json\/wp\/v2\/pages\/141"}],"wp:attachment":[{"href":"https:\/\/www.nordkongress-urologie.de\/2023\/wp-json\/wp\/v2\/media?parent=1307"}],"curies":[{"name":"wp","href":"https:\/\/api.w.org\/{rel}","templated":true}]}}