{"id":156,"date":"2020-07-21T14:18:12","date_gmt":"2020-07-21T12:18:12","guid":{"rendered":"https:\/\/www.nordkongress-urologie.de\/2023\/?page_id=156"},"modified":"2023-06-02T09:42:58","modified_gmt":"2023-06-02T07:42:58","slug":"anmeldung","status":"publish","type":"page","link":"https:\/\/www.nordkongress-urologie.de\/2023\/anmeldung\/","title":{"rendered":"Anmeldung"},"content":{"rendered":"\t\t<div data-elementor-type=\"wp-page\" data-elementor-id=\"156\" class=\"elementor elementor-156\" data-elementor-post-type=\"page\">\n\t\t\t\t\t\t<section data-particle_enable=\"false\" data-particle-mobile-disabled=\"false\" class=\"elementor-section elementor-top-section elementor-element elementor-element-bea0594 elementor-section-boxed elementor-section-height-default elementor-section-height-default\" data-id=\"bea0594\" data-element_type=\"section\">\n\t\t\t\t\t\t<div class=\"elementor-container elementor-column-gap-default\">\n\t\t\t\t\t<div class=\"elementor-column elementor-col-100 elementor-top-column elementor-element elementor-element-5d05edd\" data-id=\"5d05edd\" data-element_type=\"column\">\n\t\t\t<div class=\"elementor-widget-wrap elementor-element-populated\">\n\t\t\t\t\t\t\t<\/div>\n\t\t<\/div>\n\t\t\t\t\t<\/div>\n\t\t<\/section>\n\t\t\t\t<section data-particle_enable=\"false\" data-particle-mobile-disabled=\"false\" class=\"elementor-section elementor-top-section elementor-element elementor-element-c3eab6b elementor-section-boxed elementor-section-height-default elementor-section-height-default\" data-id=\"c3eab6b\" data-element_type=\"section\">\n\t\t\t\t\t\t<div class=\"elementor-container elementor-column-gap-default\">\n\t\t\t\t\t<div class=\"elementor-column elementor-col-100 elementor-top-column elementor-element elementor-element-bf0f547\" data-id=\"bf0f547\" data-element_type=\"column\">\n\t\t\t<div class=\"elementor-widget-wrap elementor-element-populated\">\n\t\t\t\t\t\t<div class=\"elementor-element elementor-element-3dac644 elementor-hidden-desktop elementor-hidden-tablet elementor-hidden-mobile elementor-widget elementor-widget-text-editor\" data-id=\"3dac644\" data-element_type=\"widget\" data-widget_type=\"text-editor.default\">\n\t\t\t\t<div class=\"elementor-widget-container\">\n\t\t\t\t\t\t\t\t\t<p><strong>Informationen zur Anmelung und Teilnahmegeb\u00fchren\u00a0 werden hier verf\u00fcgbar sein.<br \/><\/strong><\/p>\t\t\t\t\t\t\t\t<\/div>\n\t\t\t\t<\/div>\n\t\t\t\t<div class=\"elementor-element elementor-element-8e513bc elementor-widget elementor-widget-text-editor\" data-id=\"8e513bc\" data-element_type=\"widget\" data-widget_type=\"text-editor.default\">\n\t\t\t\t<div class=\"elementor-widget-container\">\n\t\t\t\t\t\t\t\t\t<p><strong>Die Online-Registrierung zum 17. Nordkongress Urologie ist ge\u00f6ffnet.<\/strong><\/p>\t\t\t\t\t\t\t\t<\/div>\n\t\t\t\t<\/div>\n\t\t\t\t<div class=\"elementor-element elementor-element-806b844 elementor-align-justify elementor-widget elementor-widget-button\" data-id=\"806b844\" data-element_type=\"widget\" data-widget_type=\"button.default\">\n\t\t\t\t<div class=\"elementor-widget-container\">\n\t\t\t\t\t\t\t\t\t<div class=\"elementor-button-wrapper\">\n\t\t\t\t\t<a class=\"elementor-button elementor-button-link elementor-size-md\" href=\"https:\/\/www.intercom-dresden.de\/secure\/conreg_nordkongress2023\/\" target=\"_blank\">\n\t\t\t\t\t\t<span class=\"elementor-button-content-wrapper\">\n\t\t\t\t\t\t\t\t\t<span class=\"elementor-button-text\">Zur Anmeldung zum 17. Nordkongress Urologie<\/span>\n\t\t\t\t\t<\/span>\n\t\t\t\t\t<\/a>\n\t\t\t\t<\/div>\n\t\t\t\t\t\t\t\t<\/div>\n\t\t\t\t<\/div>\n\t\t\t\t<div class=\"elementor-element elementor-element-1f59bbb elementor-widget elementor-widget-spacer\" data-id=\"1f59bbb\" data-element_type=\"widget\" data-widget_type=\"spacer.default\">\n\t\t\t\t<div class=\"elementor-widget-container\">\n\t\t\t\t\t\t\t<div class=\"elementor-spacer\">\n\t\t\t<div class=\"elementor-spacer-inner\"><\/div>\n\t\t<\/div>\n\t\t\t\t\t\t<\/div>\n\t\t\t\t<\/div>\n\t\t\t\t\t<\/div>\n\t\t<\/div>\n\t\t\t\t\t<\/div>\n\t\t<\/section>\n\t\t\t\t<section data-particle_enable=\"false\" data-particle-mobile-disabled=\"false\" class=\"elementor-section elementor-top-section elementor-element elementor-element-8ca3c96 Preistabelle elementor-section-boxed elementor-section-height-default elementor-section-height-default\" data-id=\"8ca3c96\" data-element_type=\"section\">\n\t\t\t\t\t\t<div class=\"elementor-container elementor-column-gap-default\">\n\t\t\t\t\t<div class=\"elementor-column elementor-col-100 elementor-top-column elementor-element elementor-element-210c7c7\" data-id=\"210c7c7\" data-element_type=\"column\">\n\t\t\t<div class=\"elementor-widget-wrap elementor-element-populated\">\n\t\t\t\t\t\t<div class=\"elementor-element elementor-element-2a213c5 elementor-widget elementor-widget-heading\" data-id=\"2a213c5\" data-element_type=\"widget\" data-widget_type=\"heading.default\">\n\t\t\t\t<div class=\"elementor-widget-container\">\n\t\t\t\t\t<h2 class=\"elementor-heading-title elementor-size-default\">Teilnehmergeb\u00fchren **<\/h2>\t\t\t\t<\/div>\n\t\t\t\t<\/div>\n\t\t\t\t\t<\/div>\n\t\t<\/div>\n\t\t\t\t\t<\/div>\n\t\t<\/section>\n\t\t\t\t<section data-particle_enable=\"false\" data-particle-mobile-disabled=\"false\" class=\"elementor-section elementor-top-section elementor-element elementor-element-da63899 Preistabelle elementor-section-boxed elementor-section-height-default elementor-section-height-default\" data-id=\"da63899\" data-element_type=\"section\">\n\t\t\t\t\t\t<div class=\"elementor-container elementor-column-gap-default\">\n\t\t\t\t\t<div class=\"elementor-column elementor-col-100 elementor-top-column elementor-element elementor-element-90a0a5f\" data-id=\"90a0a5f\" data-element_type=\"column\">\n\t\t\t<div class=\"elementor-widget-wrap elementor-element-populated\">\n\t\t\t\t\t\t<div class=\"elementor-element elementor-element-04dc7ef elementor-widget elementor-widget-heading\" data-id=\"04dc7ef\" data-element_type=\"widget\" data-widget_type=\"heading.default\">\n\t\t\t\t<div class=\"elementor-widget-container\">\n\t\t\t\t\t<h2 class=\"elementor-heading-title elementor-size-default\">Kurs- und Workshopgeb\u00fchren **<\/h2>\t\t\t\t<\/div>\n\t\t\t\t<\/div>\n\t\t\t\t<div class=\"elementor-element elementor-element-25beec2 elementor-widget elementor-widget-html\" data-id=\"25beec2\" data-element_type=\"widget\" data-widget_type=\"html.default\">\n\t\t\t\t<div class=\"elementor-widget-container\">\n\t\t\t\t\t<table class=\"table table-bordered\">\n\t<tbody>\n\t\t<tr class=\"grey\">\n\t\t\t<td colspan=\"2\" rowspan=\"1\">&nbsp;<\/td>\n\t\t\t<td style=\"text-align: right;\"><strong>Fr\u00fch <\/strong><\/td>\n\t\t\t<td style=\"text-align: right;\"><strong>Regul\u00e4r<br>\n\t\t\t(ab 30.05.2023)<\/strong><\/td>\n\t\t<\/tr>\n\t\t<tr>\n\t\t\t<td rowspan=\"3\"><strong>Mitglieder der 4 Fachgesellschaften<\/strong>\n\t\t\t<p>Vereinigung Norddeutscher Urologen e.V. (VNU)<br>\n\t\t\tBerliner Urologische Gesellschaft e. V. (BUG)<br>\n\t\t\tBrandenburgische Gesellschaft f\u00fcr Urologie e.V. (BGU)<br>\n\t\t\tVereinigung der Mitteldeutschen Urologen e.V. (VMU)<\/p>\n\t\t\t<\/td>\n\t\t\t<td>Arzt\/\u00c4rztin (Kongresskarte)<\/td>\n\t\t\t<td style=\"text-align: right;\"><strong>80,00 \u20ac<\/strong><\/td>\n\t\t\t<td style=\"text-align: right;\"><strong>100,00 \u20ac<\/strong><\/td>\n\t\t<\/tr>\n\t\t<tr>\n\t\t\t<td>Assistenzarzt\/Assistenz\u00e4rztin * (Kongresskarte)<\/td>\n\t\t\t<td style=\"text-align: right;\"><strong>50,00 \u20ac<\/strong><\/td>\n\t\t\t<td style=\"text-align: right;\"><strong>70,00 \u20ac<\/strong><\/td>\n\t\t<\/tr>\n\t\t<tr>\n\t\t\t<td>Tageskarte 29., 30.06.2023<\/td>\n\t\t\t<td style=\"text-align: right;\"><strong>60,00 \u20ac<\/strong><\/td>\n\t\t\t<td style=\"text-align: right;\"><strong>80,00 \u20ac<\/strong><\/td>\n\t\t<\/tr>\n\t\t<tr class=\"grey\">\n\t\t\t<td colspan=\"4\">&nbsp;<\/td>\n\t\t<\/tr>\n\t\t<tr>\n\t\t\t<td rowspan=\"3\"><strong>Nicht-Mitglieder<\/strong><\/td>\n\t\t\t<td>Arzt\/\u00c4rztin (Kongresskarte)<\/td>\n\t\t\t<td style=\"text-align: right;\"><strong>120,00 \u20ac<\/strong><\/td>\n\t\t\t<td style=\"text-align: right;\"><strong>150,00 \u20ac<\/strong><\/td>\n\t\t<\/tr>\n\t\t<tr>\n\t\t\t<td>Assistenzarzt\/Assistenz\u00e4rztin * (Kongresskarte)<\/td>\n\t\t\t<td style=\"text-align: right;\"><strong>80,00 \u20ac<\/strong><\/td>\n\t\t\t<td style=\"text-align: right;\"><strong>100,00 \u20ac<\/strong><\/td>\n\t\t<\/tr>\n\t\t<tr>\n\t\t\t<td>Tageskarte 29., 30.06.2023<\/td>\n\t\t\t<td style=\"text-align: right;\"><strong>80,00 \u20ac<\/strong><\/td>\n\t\t\t<td style=\"text-align: right;\"><strong>110,00 \u20ac<\/strong><\/td>\n\t\t<\/tr>\n\t\t<tr class=\"grey\">\n\t\t\t<td colspan=\"4\">&nbsp;<\/td>\n\t\t<\/tr>\n\t\t<tr>\n\t\t\t<td colspan=\"1\" rowspan=\"2\">&nbsp;<\/td>\n\t\t\t<td>Pflegekr\u00e4fte<\/td>\n\t\t\t<td style=\"text-align: right;\"><strong>20,00 \u20ac<\/strong><\/td>\n\t\t\t<td style=\"text-align: right;\"><strong>25,00 \u20ac<\/strong><\/td>\n\t\t<\/tr>\n\t\t<tr>\n\t\t\t<td>Studenten *<\/td>\n\t\t\t<td style=\"text-align: right;\"><strong>10,00 \u20ac<\/strong><\/td>\n\t\t\t<td style=\"text-align: right;\"><strong>15,00 \u20ac<\/strong><\/td>\n\t\t<\/tr>\n        <tr class=\"grey\">\n\t\t\t<td colspan=\"4\">&nbsp;<\/td>\n\t\t<\/tr>\n        <tr>\n\t\t\t<td><strong>Vortragende mit eingereichtem Abstract <\/strong><\/td>\n\t\t\t<td><\/td>\n\t\t\t<td style=\"text-align: right;\"><strong>80,00 \u20ac<\/strong><\/td>\n\t\t\t<td style=\"text-align: right;\"><strong>100,00 \u20ac<\/strong><\/td>\n\t\t<\/tr>\n\t<\/tbody>\n<\/table>\t\t\t\t<\/div>\n\t\t\t\t<\/div>\n\t\t\t\t<div class=\"elementor-element elementor-element-75c053f elementor-widget elementor-widget-html\" data-id=\"75c053f\" data-element_type=\"widget\" data-widget_type=\"html.default\">\n\t\t\t\t<div class=\"elementor-widget-container\">\n\t\t\t\t\t<table class=\"table table-bordered\">\n\t<tbody>\n\t\t<tr>\n\t\t\t<td colspan=\"2\">Urosonographie 2023 Update, 28.06.2023, 13:30 - 17:30<\/td>\n\t\t\t<td style=\"text-align: right;\">50,00\u20ac<\/td>\n\t\t  <td style=\"text-align: right;\">65,00\u20ac<\/td>\n\t\t<\/tr>\n\t\t<!--\n\t\t<tr>\n\t\t\t<td colspan=2\"\">Workshop Beckenboden Physiotherapie, 28.06.2023, 10:00 - 13:00<\/td>\n\t\t\t<td style=\"text-align: right;\">50,00\u20ac<\/td>\n\t\t\t<td style=\"text-align: right;\">65,00\u20ac<\/td>\n\t\t<\/tr>\n\t\t-->\n\t\t<tr>\n\t\t\t<td colspan=\"2\">Workshop Antibiotikatherapie, 28.06.2023, 10:00 - 13:00<\/td>\n\t\t\t<td style=\"text-align: right;\">50,00\u20ac<\/td>\n\t\t\t<td style=\"text-align: right;\">65,00\u20ac<\/td>\n\t\t<\/tr>\n\t\t<tr>\n\t\t\t<td colspan=\"2\">Workshop Endoskopie hands on: Ureterorenoskopie, 28.06.2023, 14:00 - 17:00 <\/td>\n\t\t\t<td style=\"text-align: right;\">50,00\u20ac<\/td>\n\t\t\t<td style=\"text-align: right;\">65,00\u20ac<\/td>\n\t\t<\/tr>\n\t\t\n\t<\/tbody>\n<\/table>\t\t\t\t<\/div>\n\t\t\t\t<\/div>\n\t\t\t\t<div class=\"elementor-element elementor-element-e55f9c1 elementor-widget elementor-widget-text-editor\" data-id=\"e55f9c1\" data-element_type=\"widget\" data-widget_type=\"text-editor.default\">\n\t\t\t\t<div class=\"elementor-widget-container\">\n\t\t\t\t\t\t\t\t\t<p>Mindestteilnehmerzahl zur Kursdurchf\u00fchrung erforderlich. Der Veranstalter beh\u00e4lt sich vor, angek\u00fcndigte Veranstaltungen abzusagen.<br \/>In diesem Fall k\u00f6nnen keine Schadenersatzanspr\u00fcche geltend gemacht werden.<br \/>Bereits gezahlte Teilnehmergeb\u00fchren werden in diesem Fall erstattet. <\/p>\t\t\t\t\t\t\t\t<\/div>\n\t\t\t\t<\/div>\n\t\t\t\t\t<\/div>\n\t\t<\/div>\n\t\t\t\t\t<\/div>\n\t\t<\/section>\n\t\t\t\t<section data-particle_enable=\"false\" data-particle-mobile-disabled=\"false\" class=\"elementor-section elementor-top-section elementor-element elementor-element-745381b Preistabelle elementor-section-boxed elementor-section-height-default elementor-section-height-default\" data-id=\"745381b\" data-element_type=\"section\">\n\t\t\t\t\t\t<div class=\"elementor-container elementor-column-gap-default\">\n\t\t\t\t\t<div class=\"elementor-column elementor-col-100 elementor-top-column elementor-element elementor-element-867c272\" data-id=\"867c272\" data-element_type=\"column\">\n\t\t\t<div class=\"elementor-widget-wrap elementor-element-populated\">\n\t\t\t\t\t\t<div class=\"elementor-element elementor-element-316d76d elementor-widget elementor-widget-heading\" data-id=\"316d76d\" data-element_type=\"widget\" data-widget_type=\"heading.default\">\n\t\t\t\t<div class=\"elementor-widget-container\">\n\t\t\t\t\t<h2 class=\"elementor-heading-title elementor-size-default\">Rahmenprogramm ***<\/h2>\t\t\t\t<\/div>\n\t\t\t\t<\/div>\n\t\t\t\t<div class=\"elementor-element elementor-element-9bc69f8 elementor-widget elementor-widget-html\" data-id=\"9bc69f8\" data-element_type=\"widget\" data-widget_type=\"html.default\">\n\t\t\t\t<div class=\"elementor-widget-container\">\n\t\t\t\t\t<table class=\"table table-bordered\">\n\t<tbody>\n\t\t<tr>\n\t\t\t<td colspan=\"\"><strong>Come to gether, 28.06.2023 <\/strong><\/td>\n\t\t\t<td style=\"text-align: right;\"><strong>58,00 \u20ac<\/strong><\/td>\n\t\t<\/tr>\n\t\t<tr>\n\t\t\t<td colspan=\"\" rowspan=\"2\"><strong>VNU-Abend, 29.06.2023<\/td>\n\t\t\t<td style=\"text-align: right;\"><strong>85,00 \u20ac<\/strong><\/td>\n\t\t<\/tr>\n\t\t\n\t<\/tbody>\n<\/table>\t\t\t\t<\/div>\n\t\t\t\t<\/div>\n\t\t\t\t<div class=\"elementor-element elementor-element-f5ae986 elementor-widget elementor-widget-text-editor\" data-id=\"f5ae986\" data-element_type=\"widget\" data-widget_type=\"text-editor.default\">\n\t\t\t\t<div class=\"elementor-widget-container\">\n\t\t\t\t\t\t\t\t\t<p>*&nbsp;&nbsp;mit Nachweis<br>** Teilnehmergeb\u00fchren sind Umsatzsteuerfrei nach \u00a74 Nr. 22a UStG; vereinnahmt im Namen und f\u00fcr Rechnung der Vereinigung Norddeutschen Urologen e.V.<br>***&nbsp;Rahmenprogramme\/Abendveranstaltung inkl. 19% MwSt., vereinnahmt im Namen und auf Rechnung der Intercom Dresden GmbH<\/p>\t\t\t\t\t\t\t\t<\/div>\n\t\t\t\t<\/div>\n\t\t\t\t<div class=\"elementor-element elementor-element-17bc9d8 elementor-widget elementor-widget-text-editor\" data-id=\"17bc9d8\" data-element_type=\"widget\" data-widget_type=\"text-editor.default\">\n\t\t\t\t<div class=\"elementor-widget-container\">\n\t\t\t\t\t\t\t\t\t<p>Am Mittwoch, 28.06.2023 finden ausschlie\u00dflich Workshops\/Kurse statt. Informationen zur \u00dcbersicht der Angebote sowie der Geb\u00fchren erhalten Sie zeitnah.<\/p>\t\t\t\t\t\t\t\t<\/div>\n\t\t\t\t<\/div>\n\t\t\t\t\t<\/div>\n\t\t<\/div>\n\t\t\t\t\t<\/div>\n\t\t<\/section>\n\t\t\t\t<section data-particle_enable=\"false\" data-particle-mobile-disabled=\"false\" class=\"elementor-section elementor-top-section elementor-element elementor-element-6e867c6 elementor-hidden-desktop elementor-hidden-tablet elementor-hidden-mobile elementor-section-boxed elementor-section-height-default elementor-section-height-default\" data-id=\"6e867c6\" data-element_type=\"section\">\n\t\t\t\t\t\t<div class=\"elementor-container elementor-column-gap-default\">\n\t\t\t\t\t<div class=\"elementor-column elementor-col-100 elementor-top-column elementor-element elementor-element-bc5199b\" data-id=\"bc5199b\" data-element_type=\"column\">\n\t\t\t<div class=\"elementor-widget-wrap elementor-element-populated\">\n\t\t\t\t\t\t<div class=\"elementor-element elementor-element-8365914 elementor-widget elementor-widget-heading\" data-id=\"8365914\" data-element_type=\"widget\" data-widget_type=\"heading.default\">\n\t\t\t\t<div class=\"elementor-widget-container\">\n\t\t\t\t\t<h2 class=\"elementor-heading-title elementor-size-default\">Hygiene- und Verhaltensregeln<\/h2>\t\t\t\t<\/div>\n\t\t\t\t<\/div>\n\t\t\t\t<div class=\"elementor-element elementor-element-cfb5225 elementor-widget elementor-widget-text-editor\" data-id=\"cfb5225\" data-element_type=\"widget\" data-widget_type=\"text-editor.default\">\n\t\t\t\t<div class=\"elementor-widget-container\">\n\t\t\t\t\t\t\t\t\t<p>Zum Kongress gilt:<\/p><ul><li>3G (geimpft, genesen, getestet) bzw. nach g\u00fcltiger Verordnungslage<\/li><li>Es besteht keine Maskenpflicht, allerdings wird das Tragen eines Mund-Nasen-Schutz empfohlen<\/li><\/ul><p>Stand: 09.05.2022<\/p>\t\t\t\t\t\t\t\t<\/div>\n\t\t\t\t<\/div>\n\t\t\t\t\t<\/div>\n\t\t<\/div>\n\t\t\t\t\t<\/div>\n\t\t<\/section>\n\t\t\t\t<section data-particle_enable=\"false\" data-particle-mobile-disabled=\"false\" class=\"elementor-section elementor-top-section elementor-element elementor-element-12ccee4 elementor-section-boxed elementor-section-height-default elementor-section-height-default\" data-id=\"12ccee4\" data-element_type=\"section\">\n\t\t\t\t\t\t<div class=\"elementor-container elementor-column-gap-default\">\n\t\t\t\t\t<div class=\"elementor-column elementor-col-100 elementor-top-column elementor-element elementor-element-af6139c\" data-id=\"af6139c\" data-element_type=\"column\">\n\t\t\t<div class=\"elementor-widget-wrap\">\n\t\t\t\t\t\t\t<\/div>\n\t\t<\/div>\n\t\t\t\t\t<\/div>\n\t\t<\/section>\n\t\t\t\t<\/div>\n\t\t","protected":false},"excerpt":{"rendered":"<p>Informationen zur Anmelung und Teilnahmegeb\u00fchren\u00a0 werden hier verf\u00fcgbar sein. Die Online-Registrierung zum 17. Nordkongress Urologie ist ge\u00f6ffnet. Zur Anmeldung zum 17. Nordkongress Urologie Teilnehmergeb\u00fchren ** Kurs- und Workshopgeb\u00fchren ** &nbsp; Fr\u00fch Regul\u00e4r (ab 30.05.2023) Mitglieder der 4 Fachgesellschaften Vereinigung Norddeutscher Urologen e.V. (VNU) Berliner Urologische Gesellschaft e. V. (BUG) Brandenburgische Gesellschaft f\u00fcr Urologie e.V. (BGU) [&hellip;]<\/p>\n","protected":false},"author":8,"featured_media":0,"parent":0,"menu_order":3,"comment_status":"closed","ping_status":"closed","template":"","meta":{"ocean_post_layout":"","ocean_both_sidebars_style":"","ocean_both_sidebars_content_width":0,"ocean_both_sidebars_sidebars_width":0,"ocean_sidebar":"0","ocean_second_sidebar":"0","ocean_disable_margins":"enable","ocean_add_body_class":"","ocean_shortcode_before_top_bar":"","ocean_shortcode_after_top_bar":"","ocean_shortcode_before_header":"","ocean_shortcode_after_header":"","ocean_has_shortcode":"","ocean_shortcode_after_title":"","ocean_shortcode_before_footer_widgets":"","ocean_shortcode_after_footer_widgets":"","ocean_shortcode_before_footer_bottom":"","ocean_shortcode_after_footer_bottom":"","ocean_display_top_bar":"default","ocean_display_header":"default","ocean_header_style":"","ocean_center_header_left_menu":"0","ocean_custom_header_template":"0","ocean_custom_logo":0,"ocean_custom_retina_logo":0,"ocean_custom_logo_max_width":0,"ocean_custom_logo_tablet_max_width":0,"ocean_custom_logo_mobile_max_width":0,"ocean_custom_logo_max_height":0,"ocean_custom_logo_tablet_max_height":0,"ocean_custom_logo_mobile_max_height":0,"ocean_header_custom_menu":"0","ocean_menu_typo_font_family":"0","ocean_menu_typo_font_subset":"","ocean_menu_typo_font_size":0,"ocean_menu_typo_font_size_tablet":0,"ocean_menu_typo_font_size_mobile":0,"ocean_menu_typo_font_size_unit":"px","ocean_menu_typo_font_weight":"","ocean_menu_typo_font_weight_tablet":"","ocean_menu_typo_font_weight_mobile":"","ocean_menu_typo_transform":"","ocean_menu_typo_transform_tablet":"","ocean_menu_typo_transform_mobile":"","ocean_menu_typo_line_height":0,"ocean_menu_typo_line_height_tablet":0,"ocean_menu_typo_line_height_mobile":0,"ocean_menu_typo_line_height_unit":"","ocean_menu_typo_spacing":0,"ocean_menu_typo_spacing_tablet":0,"ocean_menu_typo_spacing_mobile":0,"ocean_menu_typo_spacing_unit":"","ocean_menu_link_color":"","ocean_menu_link_color_hover":"","ocean_menu_link_color_active":"","ocean_menu_link_background":"","ocean_menu_link_hover_background":"","ocean_menu_link_active_background":"","ocean_menu_social_links_bg":"","ocean_menu_social_hover_links_bg":"","ocean_menu_social_links_color":"","ocean_menu_social_hover_links_color":"","ocean_disable_title":"default","ocean_disable_heading":"default","ocean_post_title":"","ocean_post_subheading":"","ocean_post_title_style":"","ocean_post_title_background_color":"","ocean_post_title_background":0,"ocean_post_title_bg_image_position":"","ocean_post_title_bg_image_attachment":"","ocean_post_title_bg_image_repeat":"","ocean_post_title_bg_image_size":"","ocean_post_title_height":0,"ocean_post_title_bg_overlay":0.5,"ocean_post_title_bg_overlay_color":"","ocean_disable_breadcrumbs":"default","ocean_breadcrumbs_color":"","ocean_breadcrumbs_separator_color":"","ocean_breadcrumbs_links_color":"","ocean_breadcrumbs_links_hover_color":"","ocean_display_footer_widgets":"default","ocean_display_footer_bottom":"default","ocean_custom_footer_template":"0","footnotes":""},"class_list":["post-156","page","type-page","status-publish","hentry","entry"],"yoast_head":"<!-- This site is optimized with the Yoast SEO plugin v26.7 - https:\/\/yoast.com\/wordpress\/plugins\/seo\/ -->\n<title>Anmeldung - 17. Nordkongress Urologie<\/title>\n<meta name=\"robots\" content=\"index, follow, max-snippet:-1, max-image-preview:large, max-video-preview:-1\" \/>\n<link rel=\"canonical\" href=\"https:\/\/www.nordkongress-urologie.de\/2023\/anmeldung\/\" \/>\n<meta property=\"og:locale\" content=\"de_DE\" \/>\n<meta property=\"og:type\" content=\"article\" \/>\n<meta property=\"og:title\" content=\"Anmeldung - 17. Nordkongress Urologie\" \/>\n<meta property=\"og:description\" content=\"Informationen zur Anmelung und Teilnahmegeb\u00fchren\u00a0 werden hier verf\u00fcgbar sein. Die Online-Registrierung zum 17. Nordkongress Urologie ist ge\u00f6ffnet. Zur Anmeldung zum 17. Nordkongress Urologie Teilnehmergeb\u00fchren ** Kurs- und Workshopgeb\u00fchren ** &nbsp; Fr\u00fch Regul\u00e4r (ab 30.05.2023) Mitglieder der 4 Fachgesellschaften Vereinigung Norddeutscher Urologen e.V. (VNU) Berliner Urologische Gesellschaft e. V. (BUG) Brandenburgische Gesellschaft f\u00fcr Urologie e.V. (BGU) [&hellip;]\" \/>\n<meta property=\"og:url\" content=\"https:\/\/www.nordkongress-urologie.de\/2023\/anmeldung\/\" \/>\n<meta property=\"og:site_name\" content=\"17. Nordkongress Urologie\" \/>\n<meta property=\"article:modified_time\" content=\"2023-06-02T07:42:58+00:00\" \/>\n<meta name=\"twitter:card\" content=\"summary_large_image\" \/>\n<meta name=\"twitter:label1\" content=\"Gesch\u00e4tzte Lesezeit\" \/>\n\t<meta name=\"twitter:data1\" content=\"2\u00a0Minuten\" \/>\n<script type=\"application\/ld+json\" class=\"yoast-schema-graph\">{\"@context\":\"https:\/\/schema.org\",\"@graph\":[{\"@type\":\"WebPage\",\"@id\":\"https:\/\/www.nordkongress-urologie.de\/2023\/anmeldung\/\",\"url\":\"https:\/\/www.nordkongress-urologie.de\/2023\/anmeldung\/\",\"name\":\"Anmeldung - 17. Nordkongress Urologie\",\"isPartOf\":{\"@id\":\"https:\/\/www.nordkongress-urologie.de\/2023\/#website\"},\"datePublished\":\"2020-07-21T12:18:12+00:00\",\"dateModified\":\"2023-06-02T07:42:58+00:00\",\"breadcrumb\":{\"@id\":\"https:\/\/www.nordkongress-urologie.de\/2023\/anmeldung\/#breadcrumb\"},\"inLanguage\":\"de\",\"potentialAction\":[{\"@type\":\"ReadAction\",\"target\":[\"https:\/\/www.nordkongress-urologie.de\/2023\/anmeldung\/\"]}]},{\"@type\":\"BreadcrumbList\",\"@id\":\"https:\/\/www.nordkongress-urologie.de\/2023\/anmeldung\/#breadcrumb\",\"itemListElement\":[{\"@type\":\"ListItem\",\"position\":1,\"name\":\"Startseite\",\"item\":\"https:\/\/www.nordkongress-urologie.de\/2023\/\"},{\"@type\":\"ListItem\",\"position\":2,\"name\":\"Anmeldung\"}]},{\"@type\":\"WebSite\",\"@id\":\"https:\/\/www.nordkongress-urologie.de\/2023\/#website\",\"url\":\"https:\/\/www.nordkongress-urologie.de\/2023\/\",\"name\":\"17. Nordkongress Urologie\",\"description\":\"Interdisziplinarit\u00e4t - gemeinsam st\u00e4rker, 28. bis 30. Juni 2023 in L\u00fcneburg\",\"potentialAction\":[{\"@type\":\"SearchAction\",\"target\":{\"@type\":\"EntryPoint\",\"urlTemplate\":\"https:\/\/www.nordkongress-urologie.de\/2023\/?s={search_term_string}\"},\"query-input\":{\"@type\":\"PropertyValueSpecification\",\"valueRequired\":true,\"valueName\":\"search_term_string\"}}],\"inLanguage\":\"de\"}]}<\/script>\n<!-- \/ Yoast SEO plugin. -->","yoast_head_json":{"title":"Anmeldung - 17. Nordkongress Urologie","robots":{"index":"index","follow":"follow","max-snippet":"max-snippet:-1","max-image-preview":"max-image-preview:large","max-video-preview":"max-video-preview:-1"},"canonical":"https:\/\/www.nordkongress-urologie.de\/2023\/anmeldung\/","og_locale":"de_DE","og_type":"article","og_title":"Anmeldung - 17. Nordkongress Urologie","og_description":"Informationen zur Anmelung und Teilnahmegeb\u00fchren\u00a0 werden hier verf\u00fcgbar sein. Die Online-Registrierung zum 17. Nordkongress Urologie ist ge\u00f6ffnet. Zur Anmeldung zum 17. Nordkongress Urologie Teilnehmergeb\u00fchren ** Kurs- und Workshopgeb\u00fchren ** &nbsp; Fr\u00fch Regul\u00e4r (ab 30.05.2023) Mitglieder der 4 Fachgesellschaften Vereinigung Norddeutscher Urologen e.V. (VNU) Berliner Urologische Gesellschaft e. V. (BUG) Brandenburgische Gesellschaft f\u00fcr Urologie e.V. (BGU) [&hellip;]","og_url":"https:\/\/www.nordkongress-urologie.de\/2023\/anmeldung\/","og_site_name":"17. Nordkongress Urologie","article_modified_time":"2023-06-02T07:42:58+00:00","twitter_card":"summary_large_image","twitter_misc":{"Gesch\u00e4tzte Lesezeit":"2\u00a0Minuten"},"schema":{"@context":"https:\/\/schema.org","@graph":[{"@type":"WebPage","@id":"https:\/\/www.nordkongress-urologie.de\/2023\/anmeldung\/","url":"https:\/\/www.nordkongress-urologie.de\/2023\/anmeldung\/","name":"Anmeldung - 17. Nordkongress Urologie","isPartOf":{"@id":"https:\/\/www.nordkongress-urologie.de\/2023\/#website"},"datePublished":"2020-07-21T12:18:12+00:00","dateModified":"2023-06-02T07:42:58+00:00","breadcrumb":{"@id":"https:\/\/www.nordkongress-urologie.de\/2023\/anmeldung\/#breadcrumb"},"inLanguage":"de","potentialAction":[{"@type":"ReadAction","target":["https:\/\/www.nordkongress-urologie.de\/2023\/anmeldung\/"]}]},{"@type":"BreadcrumbList","@id":"https:\/\/www.nordkongress-urologie.de\/2023\/anmeldung\/#breadcrumb","itemListElement":[{"@type":"ListItem","position":1,"name":"Startseite","item":"https:\/\/www.nordkongress-urologie.de\/2023\/"},{"@type":"ListItem","position":2,"name":"Anmeldung"}]},{"@type":"WebSite","@id":"https:\/\/www.nordkongress-urologie.de\/2023\/#website","url":"https:\/\/www.nordkongress-urologie.de\/2023\/","name":"17. Nordkongress Urologie","description":"Interdisziplinarit\u00e4t - gemeinsam st\u00e4rker, 28. bis 30. Juni 2023 in L\u00fcneburg","potentialAction":[{"@type":"SearchAction","target":{"@type":"EntryPoint","urlTemplate":"https:\/\/www.nordkongress-urologie.de\/2023\/?s={search_term_string}"},"query-input":{"@type":"PropertyValueSpecification","valueRequired":true,"valueName":"search_term_string"}}],"inLanguage":"de"}]}},"_links":{"self":[{"href":"https:\/\/www.nordkongress-urologie.de\/2023\/wp-json\/wp\/v2\/pages\/156","targetHints":{"allow":["GET"]}}],"collection":[{"href":"https:\/\/www.nordkongress-urologie.de\/2023\/wp-json\/wp\/v2\/pages"}],"about":[{"href":"https:\/\/www.nordkongress-urologie.de\/2023\/wp-json\/wp\/v2\/types\/page"}],"author":[{"embeddable":true,"href":"https:\/\/www.nordkongress-urologie.de\/2023\/wp-json\/wp\/v2\/users\/8"}],"replies":[{"embeddable":true,"href":"https:\/\/www.nordkongress-urologie.de\/2023\/wp-json\/wp\/v2\/comments?post=156"}],"version-history":[{"count":36,"href":"https:\/\/www.nordkongress-urologie.de\/2023\/wp-json\/wp\/v2\/pages\/156\/revisions"}],"predecessor-version":[{"id":3462,"href":"https:\/\/www.nordkongress-urologie.de\/2023\/wp-json\/wp\/v2\/pages\/156\/revisions\/3462"}],"wp:attachment":[{"href":"https:\/\/www.nordkongress-urologie.de\/2023\/wp-json\/wp\/v2\/media?parent=156"}],"curies":[{"name":"wp","href":"https:\/\/api.w.org\/{rel}","templated":true}]}}