{"id":1660,"date":"2021-09-07T14:47:38","date_gmt":"2021-09-07T12:47:38","guid":{"rendered":"https:\/\/www.nordkongress-urologie.de\/2023\/?page_id=1660"},"modified":"2023-02-02T13:50:26","modified_gmt":"2023-02-02T12:50:26","slug":"veranstaltungsort","status":"publish","type":"page","link":"https:\/\/www.nordkongress-urologie.de\/2023\/veranstaltungsort\/","title":{"rendered":"Veranstaltungsort"},"content":{"rendered":"\t\t<div data-elementor-type=\"wp-page\" data-elementor-id=\"1660\" class=\"elementor elementor-1660\" data-elementor-post-type=\"page\">\n\t\t\t\t\t\t<section data-particle_enable=\"false\" data-particle-mobile-disabled=\"false\" class=\"elementor-section elementor-top-section elementor-element elementor-element-bb0ce69 elementor-section-boxed elementor-section-height-default elementor-section-height-default\" data-id=\"bb0ce69\" data-element_type=\"section\">\n\t\t\t\t\t\t<div class=\"elementor-container elementor-column-gap-default\">\n\t\t\t\t\t<div class=\"elementor-column elementor-col-100 elementor-top-column elementor-element elementor-element-f2c1c8c\" data-id=\"f2c1c8c\" data-element_type=\"column\">\n\t\t\t<div class=\"elementor-widget-wrap elementor-element-populated\">\n\t\t\t\t\t\t<div class=\"elementor-element elementor-element-c0dee51 elementor-widget elementor-widget-heading\" data-id=\"c0dee51\" data-element_type=\"widget\" data-widget_type=\"heading.default\">\n\t\t\t\t<div class=\"elementor-widget-container\">\n\t\t\t\t\t<h1 class=\"elementor-heading-title elementor-size-default\">Veranstaltungsort<\/h1>\t\t\t\t<\/div>\n\t\t\t\t<\/div>\n\t\t\t\t<div class=\"elementor-element elementor-element-c4b0ca8 elementor-widget elementor-widget-text-editor\" data-id=\"c4b0ca8\" data-element_type=\"widget\" data-widget_type=\"text-editor.default\">\n\t\t\t\t<div class=\"elementor-widget-container\">\n\t\t\t\t\t\t\t\t\t<p>Das Zentralgeb\u00e4ude der Leuphana Universit\u00e4t L\u00fcneburg ist ein im Jahre 2017 fertiggestelltes Geb\u00e4ude auf dem zentralen Campus der Universit\u00e4t in L\u00fcneburg.<\/p>\t\t\t\t\t\t\t\t<\/div>\n\t\t\t\t<\/div>\n\t\t\t\t<section data-particle_enable=\"false\" data-particle-mobile-disabled=\"false\" class=\"elementor-section elementor-inner-section elementor-element elementor-element-5f6fe78 elementor-section-boxed elementor-section-height-default elementor-section-height-default\" data-id=\"5f6fe78\" data-element_type=\"section\">\n\t\t\t\t\t\t<div class=\"elementor-container elementor-column-gap-default\">\n\t\t\t\t\t<div class=\"elementor-column elementor-col-50 elementor-inner-column elementor-element elementor-element-0ffe6e9\" data-id=\"0ffe6e9\" data-element_type=\"column\">\n\t\t\t<div class=\"elementor-widget-wrap elementor-element-populated\">\n\t\t\t\t\t\t<div class=\"elementor-element elementor-element-d370e1b elementor-icon-list--layout-traditional elementor-list-item-link-full_width elementor-widget elementor-widget-icon-list\" data-id=\"d370e1b\" data-element_type=\"widget\" data-widget_type=\"icon-list.default\">\n\t\t\t\t<div class=\"elementor-widget-container\">\n\t\t\t\t\t\t\t<ul class=\"elementor-icon-list-items\">\n\t\t\t\t\t\t\t<li class=\"elementor-icon-list-item\">\n\t\t\t\t\t\t\t\t\t\t<span class=\"elementor-icon-list-text\"><b>Zentralgeb\u00e4ude der Leuphana Universit\u00e4t<\/b><\/span>\n\t\t\t\t\t\t\t\t\t<\/li>\n\t\t\t\t\t\t\t\t<li class=\"elementor-icon-list-item\">\n\t\t\t\t\t\t\t\t\t\t<span class=\"elementor-icon-list-text\">Universit\u00e4tsallee 1, 21335 L\u00fcneburg<\/span>\n\t\t\t\t\t\t\t\t\t<\/li>\n\t\t\t\t\t\t<\/ul>\n\t\t\t\t\t\t<\/div>\n\t\t\t\t<\/div>\n\t\t\t\t\t<\/div>\n\t\t<\/div>\n\t\t\t\t<div class=\"elementor-column elementor-col-50 elementor-inner-column elementor-element elementor-element-6102e14\" data-id=\"6102e14\" data-element_type=\"column\">\n\t\t\t<div class=\"elementor-widget-wrap elementor-element-populated\">\n\t\t\t\t\t\t<div class=\"elementor-element elementor-element-61f14e6 elementor-widget elementor-widget-google_maps\" data-id=\"61f14e6\" data-element_type=\"widget\" data-widget_type=\"google_maps.default\">\n\t\t\t\t<div class=\"elementor-widget-container\">\n\t\t\t\t\t\t\t<div class=\"elementor-custom-embed\">\n\t\t\t<iframe loading=\"lazy\"\n\t\t\t\t\tsrc=\"https:\/\/maps.google.com\/maps?q=Zentralgeb%C3%A4ude%20der%20Leuphana%20Universit%C3%A4t%2C%20Universit%C3%A4tsallee%201%2C%2021335%20L%C3%BCneburg&#038;t=m&#038;z=14&#038;output=embed&#038;iwloc=near\"\n\t\t\t\t\ttitle=\"Zentralgeb\u00e4ude der Leuphana Universit\u00e4t, Universit\u00e4tsallee 1, 21335 L\u00fcneburg\"\n\t\t\t\t\taria-label=\"Zentralgeb\u00e4ude der Leuphana Universit\u00e4t, Universit\u00e4tsallee 1, 21335 L\u00fcneburg\"\n\t\t\t><\/iframe>\n\t\t<\/div>\n\t\t\t\t\t\t<\/div>\n\t\t\t\t<\/div>\n\t\t\t\t\t<\/div>\n\t\t<\/div>\n\t\t\t\t\t<\/div>\n\t\t<\/section>\n\t\t\t\t<div class=\"elementor-element elementor-element-ab28e62 elementor-widget elementor-widget-heading\" data-id=\"ab28e62\" data-element_type=\"widget\" data-widget_type=\"heading.default\">\n\t\t\t\t<div class=\"elementor-widget-container\">\n\t\t\t\t\t<h2 class=\"elementor-heading-title elementor-size-default\">Verkehrsanbindung<\/h2>\t\t\t\t<\/div>\n\t\t\t\t<\/div>\n\t\t\t\t<div class=\"elementor-element elementor-element-ddf311d elementor-widget elementor-widget-text-editor\" data-id=\"ddf311d\" data-element_type=\"widget\" data-widget_type=\"text-editor.default\">\n\t\t\t\t<div class=\"elementor-widget-container\">\n\t\t\t\t\t\t\t\t\t<p>L\u00fcneburg liegt zwischen Hannover und Hamburg und ist mit dem Zug von Hamburg halbst\u00fcndlich und von Hannover aus im Stundentakt erreichbar. L\u00fcneburg geh\u00f6rt zum Einzugsbereich des Hamburger Verkehrsverbundes (HVV).<\/p>\t\t\t\t\t\t\t\t<\/div>\n\t\t\t\t<\/div>\n\t\t\t\t\t<\/div>\n\t\t<\/div>\n\t\t\t\t\t<\/div>\n\t\t<\/section>\n\t\t\t\t<section data-particle_enable=\"false\" data-particle-mobile-disabled=\"false\" class=\"elementor-section elementor-top-section elementor-element elementor-element-35a5401 elementor-section-boxed elementor-section-height-default elementor-section-height-default\" data-id=\"35a5401\" data-element_type=\"section\">\n\t\t\t\t\t\t<div class=\"elementor-container elementor-column-gap-default\">\n\t\t\t\t\t<div class=\"elementor-column elementor-col-100 elementor-top-column elementor-element elementor-element-ded4c0a\" data-id=\"ded4c0a\" data-element_type=\"column\">\n\t\t\t<div class=\"elementor-widget-wrap elementor-element-populated\">\n\t\t\t\t\t\t<div class=\"elementor-element elementor-element-1c38f5a elementor-widget elementor-widget-heading\" data-id=\"1c38f5a\" data-element_type=\"widget\" data-widget_type=\"heading.default\">\n\t\t\t\t<div class=\"elementor-widget-container\">\n\t\t\t\t\t<h2 class=\"elementor-heading-title elementor-size-default\">Ankunft mit dem Auto<\/h2>\t\t\t\t<\/div>\n\t\t\t\t<\/div>\n\t\t\t\t<div class=\"elementor-element elementor-element-6ee9c3e elementor-widget elementor-widget-text-editor\" data-id=\"6ee9c3e\" data-element_type=\"widget\" data-widget_type=\"text-editor.default\">\n\t\t\t\t<div class=\"elementor-widget-container\">\n\t\t\t\t\t\t\t\t\t<p><!-- [if gte mso 9]><xml><br \/>\n <w:WordDocument><br \/>\n  <w:View>Normal<\/w:View><br \/>\n  <w:Zoom>0<\/w:Zoom><br \/>\n  <w:TrackMoves\/><br \/>\n  <w:TrackFormatting\/><br \/>\n  <w:HyphenationZone>21<\/w:HyphenationZone><br \/>\n  <w:PunctuationKerning\/><br \/>\n  <w:ValidateAgainstSchemas\/><br \/>\n  <w:SaveIfXMLInvalid>false<\/w:SaveIfXMLInvalid><br \/>\n  <w:IgnoreMixedContent>false<\/w:IgnoreMixedContent><br \/>\n  <w:AlwaysShowPlaceholderText>false<\/w:AlwaysShowPlaceholderText><br \/>\n  <w:DoNotPromoteQF\/><br \/>\n  <w:LidThemeOther>DE<\/w:LidThemeOther><br \/>\n  <w:LidThemeAsian>X-NONE<\/w:LidThemeAsian><br \/>\n  <w:LidThemeComplexScript>X-NONE<\/w:LidThemeComplexScript><br \/>\n  <w:Compatibility><br \/>\n   <w:BreakWrappedTables\/><br \/>\n   <w:SnapToGridInCell\/><br \/>\n   <w:WrapTextWithPunct\/><br \/>\n   <w:UseAsianBreakRules\/><br \/>\n   <w:DontGrowAutofit\/><br \/>\n   <w:SplitPgBreakAndParaMark\/><br \/>\n   <w:EnableOpenTypeKerning\/><br \/>\n   <w:DontFlipMirrorIndents\/><br \/>\n   <w:OverrideTableStyleHps\/><br \/>\n  <\/w:Compatibility><br \/>\n  <w:BrowserLevel>MicrosoftInternetExplorer4<\/w:BrowserLevel><br \/>\n  <m:mathPr><br \/>\n   <m:mathFont m:val=\"Cambria Math\"\/><br \/>\n   <m:brkBin m:val=\"before\"\/><br \/>\n   <m:brkBinSub m:val=\"&#45;-\"\/><br \/>\n   <m:smallFrac m:val=\"off\"\/><br \/>\n   <m:dispDef\/><br \/>\n   <m:lMargin m:val=\"0\"\/><br \/>\n   <m:rMargin m:val=\"0\"\/><br \/>\n   <m:defJc m:val=\"centerGroup\"\/><br \/>\n   <m:wrapIndent m:val=\"1440\"\/><br \/>\n   <m:intLim m:val=\"subSup\"\/><br \/>\n   <m:naryLim m:val=\"undOvr\"\/><br \/>\n  <\/m:mathPr><\/w:WordDocument><br \/>\n<\/xml><![endif]--><\/p><p>Die Parkm\u00f6glichkeiten auf dem Campus sind begrenzt, allerdings verf\u00fcgt der Campus \u00fcber eine gute Anbindung an den \u00f6ffentlichen Personennahverkehr. Bitte planen Sie deshalb nach M\u00f6glichkeit die Universit\u00e4t mit \u00f6ffentlichen Verkehrsmitteln oder mit dem Fahrrad zu erreichen. Damit leisten Sie einen Beitrag zum Umweltschutz.\u00a0<\/p><ul><li>Parken ist nur in den ausgewiesenen Bereichen erlaubt (Parkpl\u00e4tze P1-P4)<\/li><\/ul><p><!-- [if gte mso 10]><\/p>\n<style>\n \/* Style Definitions *\/<br \/>\n table.MsoNormalTable<br \/>\n\t{mso-style-name:\"Normale Tabelle\";<br \/>\n\tmso-tstyle-rowband-size:0;<br \/>\n\tmso-tstyle-colband-size:0;<br \/>\n\tmso-style-noshow:yes;<br \/>\n\tmso-style-priority:99;<br \/>\n\tmso-style-parent:\"\";<br \/>\n\tmso-padding-alt:0cm 5.4pt 0cm 5.4pt;<br \/>\n\tmso-para-margin:0cm;<br \/>\n\tmso-pagination:widow-orphan;<br \/>\n\tfont-size:10.0pt;<br \/>\n\tfont-family:\"Times New Roman\",serif;}<br \/>\n<\/style>\n<p><![endif]--><\/p>\t\t\t\t\t\t\t\t<\/div>\n\t\t\t\t<\/div>\n\t\t\t\t<div class=\"elementor-element elementor-element-e7355b5 elementor-widget elementor-widget-heading\" data-id=\"e7355b5\" data-element_type=\"widget\" data-widget_type=\"heading.default\">\n\t\t\t\t<div class=\"elementor-widget-container\">\n\t\t\t\t\t<h2 class=\"elementor-heading-title elementor-size-default\">Anreise mit dem Flugzeug<\/h2>\t\t\t\t<\/div>\n\t\t\t\t<\/div>\n\t\t\t\t<div class=\"elementor-element elementor-element-c98d9d4 elementor-widget elementor-widget-text-editor\" data-id=\"c98d9d4\" data-element_type=\"widget\" data-widget_type=\"text-editor.default\">\n\t\t\t\t<div class=\"elementor-widget-container\">\n\t\t\t\t\t\t\t\t\t<p>Die n\u00e4chst gelegenen Flugh\u00e4fen befinden sich in\u00a0Hamburg (70 km), Hannover (120 km) und Bremen (150 km).<\/p><p>Alle drei Flugh\u00e4fen sind mit der S-Bahn bzw. Stra\u00dfenbahn mit dem jeweiligen Hauptbahnhof verbunden. In Hamburg f\u00e4hrt die S-Bahn im 10-Minuten-Takt in etwa 25 Minuten zum Hauptbahnhof. In Hannover verkehrt die S-Bahn im 30-Minuten-Takt und erreicht den Hauptbahnhof in etwa 20 Minuten. In Bremen verkehrt die Stra\u00dfenbahn Linie 6 alle 10 Minuten.<\/p>\t\t\t\t\t\t\t\t<\/div>\n\t\t\t\t<\/div>\n\t\t\t\t<div class=\"elementor-element elementor-element-cf1dd56 elementor-widget elementor-widget-heading\" data-id=\"cf1dd56\" data-element_type=\"widget\" data-widget_type=\"heading.default\">\n\t\t\t\t<div class=\"elementor-widget-container\">\n\t\t\t\t\t<h2 class=\"elementor-heading-title elementor-size-default\">Anreise mit der Bahn:<\/h2>\t\t\t\t<\/div>\n\t\t\t\t<\/div>\n\t\t\t\t<div class=\"elementor-element elementor-element-4580281 elementor-widget elementor-widget-text-editor\" data-id=\"4580281\" data-element_type=\"widget\" data-widget_type=\"text-editor.default\">\n\t\t\t\t<div class=\"elementor-widget-container\">\n\t\t\t\t\t\t\t\t\t<p>F\u00fcr alle Bus- und Bahnverbindungen in Niedersachsen und Bremen steht die elektronische Fahrplanauskunft der VNN im Internet zur Verf\u00fcgung. Von jedem Bahnhof in Deutschland k\u00f6nnen au\u00dferdem Verbindungen direkt zur Zielbushaltestelle in L\u00fcneburg abgefragt werden.<br \/>L\u00fcneburg geh\u00f6rt zum Hamburger Verkehrsverbund HVV. <\/p>\t\t\t\t\t\t\t\t<\/div>\n\t\t\t\t<\/div>\n\t\t\t\t\t<\/div>\n\t\t<\/div>\n\t\t\t\t\t<\/div>\n\t\t<\/section>\n\t\t\t\t<\/div>\n\t\t","protected":false},"excerpt":{"rendered":"<p>Veranstaltungsort Das Zentralgeb\u00e4ude der Leuphana Universit\u00e4t L\u00fcneburg ist ein im Jahre 2017 fertiggestelltes Geb\u00e4ude auf dem zentralen Campus der Universit\u00e4t in L\u00fcneburg. Zentralgeb\u00e4ude der Leuphana Universit\u00e4t Universit\u00e4tsallee 1, 21335 L\u00fcneburg Verkehrsanbindung L\u00fcneburg liegt zwischen Hannover und Hamburg und ist mit dem Zug von Hamburg halbst\u00fcndlich und von Hannover aus im Stundentakt erreichbar. L\u00fcneburg geh\u00f6rt zum [&hellip;]<\/p>\n","protected":false},"author":9,"featured_media":0,"parent":0,"menu_order":0,"comment_status":"closed","ping_status":"closed","template":"","meta":{"ocean_post_layout":"","ocean_both_sidebars_style":"","ocean_both_sidebars_content_width":0,"ocean_both_sidebars_sidebars_width":0,"ocean_sidebar":"0","ocean_second_sidebar":"0","ocean_disable_margins":"enable","ocean_add_body_class":"","ocean_shortcode_before_top_bar":"","ocean_shortcode_after_top_bar":"","ocean_shortcode_before_header":"","ocean_shortcode_after_header":"","ocean_has_shortcode":"","ocean_shortcode_after_title":"","ocean_shortcode_before_footer_widgets":"","ocean_shortcode_after_footer_widgets":"","ocean_shortcode_before_footer_bottom":"","ocean_shortcode_after_footer_bottom":"","ocean_display_top_bar":"default","ocean_display_header":"default","ocean_header_style":"","ocean_center_header_left_menu":"0","ocean_custom_header_template":"0","ocean_custom_logo":0,"ocean_custom_retina_logo":0,"ocean_custom_logo_max_width":0,"ocean_custom_logo_tablet_max_width":0,"ocean_custom_logo_mobile_max_width":0,"ocean_custom_logo_max_height":0,"ocean_custom_logo_tablet_max_height":0,"ocean_custom_logo_mobile_max_height":0,"ocean_header_custom_menu":"0","ocean_menu_typo_font_family":"0","ocean_menu_typo_font_subset":"","ocean_menu_typo_font_size":0,"ocean_menu_typo_font_size_tablet":0,"ocean_menu_typo_font_size_mobile":0,"ocean_menu_typo_font_size_unit":"px","ocean_menu_typo_font_weight":"","ocean_menu_typo_font_weight_tablet":"","ocean_menu_typo_font_weight_mobile":"","ocean_menu_typo_transform":"","ocean_menu_typo_transform_tablet":"","ocean_menu_typo_transform_mobile":"","ocean_menu_typo_line_height":0,"ocean_menu_typo_line_height_tablet":0,"ocean_menu_typo_line_height_mobile":0,"ocean_menu_typo_line_height_unit":"","ocean_menu_typo_spacing":0,"ocean_menu_typo_spacing_tablet":0,"ocean_menu_typo_spacing_mobile":0,"ocean_menu_typo_spacing_unit":"","ocean_menu_link_color":"","ocean_menu_link_color_hover":"","ocean_menu_link_color_active":"","ocean_menu_link_background":"","ocean_menu_link_hover_background":"","ocean_menu_link_active_background":"","ocean_menu_social_links_bg":"","ocean_menu_social_hover_links_bg":"","ocean_menu_social_links_color":"","ocean_menu_social_hover_links_color":"","ocean_disable_title":"default","ocean_disable_heading":"default","ocean_post_title":"","ocean_post_subheading":"","ocean_post_title_style":"","ocean_post_title_background_color":"","ocean_post_title_background":0,"ocean_post_title_bg_image_position":"","ocean_post_title_bg_image_attachment":"","ocean_post_title_bg_image_repeat":"","ocean_post_title_bg_image_size":"","ocean_post_title_height":0,"ocean_post_title_bg_overlay":0.5,"ocean_post_title_bg_overlay_color":"","ocean_disable_breadcrumbs":"default","ocean_breadcrumbs_color":"","ocean_breadcrumbs_separator_color":"","ocean_breadcrumbs_links_color":"","ocean_breadcrumbs_links_hover_color":"","ocean_display_footer_widgets":"default","ocean_display_footer_bottom":"default","ocean_custom_footer_template":"0","footnotes":""},"class_list":["post-1660","page","type-page","status-publish","hentry","entry"],"yoast_head":"<!-- This site is optimized with the Yoast SEO plugin v26.7 - https:\/\/yoast.com\/wordpress\/plugins\/seo\/ -->\n<title>Veranstaltungsort - 17. Nordkongress Urologie<\/title>\n<meta name=\"robots\" content=\"index, follow, max-snippet:-1, max-image-preview:large, max-video-preview:-1\" \/>\n<link rel=\"canonical\" href=\"https:\/\/www.nordkongress-urologie.de\/2023\/veranstaltungsort\/\" \/>\n<meta property=\"og:locale\" content=\"de_DE\" \/>\n<meta property=\"og:type\" content=\"article\" \/>\n<meta property=\"og:title\" content=\"Veranstaltungsort - 17. Nordkongress Urologie\" \/>\n<meta property=\"og:description\" content=\"Veranstaltungsort Das Zentralgeb\u00e4ude der Leuphana Universit\u00e4t L\u00fcneburg ist ein im Jahre 2017 fertiggestelltes Geb\u00e4ude auf dem zentralen Campus der Universit\u00e4t in L\u00fcneburg. Zentralgeb\u00e4ude der Leuphana Universit\u00e4t Universit\u00e4tsallee 1, 21335 L\u00fcneburg Verkehrsanbindung L\u00fcneburg liegt zwischen Hannover und Hamburg und ist mit dem Zug von Hamburg halbst\u00fcndlich und von Hannover aus im Stundentakt erreichbar. L\u00fcneburg geh\u00f6rt zum [&hellip;]\" \/>\n<meta property=\"og:url\" content=\"https:\/\/www.nordkongress-urologie.de\/2023\/veranstaltungsort\/\" \/>\n<meta property=\"og:site_name\" content=\"17. Nordkongress Urologie\" \/>\n<meta property=\"article:modified_time\" content=\"2023-02-02T12:50:26+00:00\" \/>\n<meta name=\"twitter:card\" content=\"summary_large_image\" \/>\n<meta name=\"twitter:label1\" content=\"Gesch\u00e4tzte Lesezeit\" \/>\n\t<meta name=\"twitter:data1\" content=\"2\u00a0Minuten\" \/>\n<script type=\"application\/ld+json\" class=\"yoast-schema-graph\">{\"@context\":\"https:\/\/schema.org\",\"@graph\":[{\"@type\":\"WebPage\",\"@id\":\"https:\/\/www.nordkongress-urologie.de\/2023\/veranstaltungsort\/\",\"url\":\"https:\/\/www.nordkongress-urologie.de\/2023\/veranstaltungsort\/\",\"name\":\"Veranstaltungsort - 17. Nordkongress Urologie\",\"isPartOf\":{\"@id\":\"https:\/\/www.nordkongress-urologie.de\/2023\/#website\"},\"datePublished\":\"2021-09-07T12:47:38+00:00\",\"dateModified\":\"2023-02-02T12:50:26+00:00\",\"breadcrumb\":{\"@id\":\"https:\/\/www.nordkongress-urologie.de\/2023\/veranstaltungsort\/#breadcrumb\"},\"inLanguage\":\"de\",\"potentialAction\":[{\"@type\":\"ReadAction\",\"target\":[\"https:\/\/www.nordkongress-urologie.de\/2023\/veranstaltungsort\/\"]}]},{\"@type\":\"BreadcrumbList\",\"@id\":\"https:\/\/www.nordkongress-urologie.de\/2023\/veranstaltungsort\/#breadcrumb\",\"itemListElement\":[{\"@type\":\"ListItem\",\"position\":1,\"name\":\"Startseite\",\"item\":\"https:\/\/www.nordkongress-urologie.de\/2023\/\"},{\"@type\":\"ListItem\",\"position\":2,\"name\":\"Veranstaltungsort\"}]},{\"@type\":\"WebSite\",\"@id\":\"https:\/\/www.nordkongress-urologie.de\/2023\/#website\",\"url\":\"https:\/\/www.nordkongress-urologie.de\/2023\/\",\"name\":\"17. Nordkongress Urologie\",\"description\":\"Interdisziplinarit\u00e4t - gemeinsam st\u00e4rker, 28. bis 30. Juni 2023 in L\u00fcneburg\",\"potentialAction\":[{\"@type\":\"SearchAction\",\"target\":{\"@type\":\"EntryPoint\",\"urlTemplate\":\"https:\/\/www.nordkongress-urologie.de\/2023\/?s={search_term_string}\"},\"query-input\":{\"@type\":\"PropertyValueSpecification\",\"valueRequired\":true,\"valueName\":\"search_term_string\"}}],\"inLanguage\":\"de\"}]}<\/script>\n<!-- \/ Yoast SEO plugin. -->","yoast_head_json":{"title":"Veranstaltungsort - 17. Nordkongress Urologie","robots":{"index":"index","follow":"follow","max-snippet":"max-snippet:-1","max-image-preview":"max-image-preview:large","max-video-preview":"max-video-preview:-1"},"canonical":"https:\/\/www.nordkongress-urologie.de\/2023\/veranstaltungsort\/","og_locale":"de_DE","og_type":"article","og_title":"Veranstaltungsort - 17. Nordkongress Urologie","og_description":"Veranstaltungsort Das Zentralgeb\u00e4ude der Leuphana Universit\u00e4t L\u00fcneburg ist ein im Jahre 2017 fertiggestelltes Geb\u00e4ude auf dem zentralen Campus der Universit\u00e4t in L\u00fcneburg. Zentralgeb\u00e4ude der Leuphana Universit\u00e4t Universit\u00e4tsallee 1, 21335 L\u00fcneburg Verkehrsanbindung L\u00fcneburg liegt zwischen Hannover und Hamburg und ist mit dem Zug von Hamburg halbst\u00fcndlich und von Hannover aus im Stundentakt erreichbar. L\u00fcneburg geh\u00f6rt zum [&hellip;]","og_url":"https:\/\/www.nordkongress-urologie.de\/2023\/veranstaltungsort\/","og_site_name":"17. Nordkongress Urologie","article_modified_time":"2023-02-02T12:50:26+00:00","twitter_card":"summary_large_image","twitter_misc":{"Gesch\u00e4tzte Lesezeit":"2\u00a0Minuten"},"schema":{"@context":"https:\/\/schema.org","@graph":[{"@type":"WebPage","@id":"https:\/\/www.nordkongress-urologie.de\/2023\/veranstaltungsort\/","url":"https:\/\/www.nordkongress-urologie.de\/2023\/veranstaltungsort\/","name":"Veranstaltungsort - 17. Nordkongress Urologie","isPartOf":{"@id":"https:\/\/www.nordkongress-urologie.de\/2023\/#website"},"datePublished":"2021-09-07T12:47:38+00:00","dateModified":"2023-02-02T12:50:26+00:00","breadcrumb":{"@id":"https:\/\/www.nordkongress-urologie.de\/2023\/veranstaltungsort\/#breadcrumb"},"inLanguage":"de","potentialAction":[{"@type":"ReadAction","target":["https:\/\/www.nordkongress-urologie.de\/2023\/veranstaltungsort\/"]}]},{"@type":"BreadcrumbList","@id":"https:\/\/www.nordkongress-urologie.de\/2023\/veranstaltungsort\/#breadcrumb","itemListElement":[{"@type":"ListItem","position":1,"name":"Startseite","item":"https:\/\/www.nordkongress-urologie.de\/2023\/"},{"@type":"ListItem","position":2,"name":"Veranstaltungsort"}]},{"@type":"WebSite","@id":"https:\/\/www.nordkongress-urologie.de\/2023\/#website","url":"https:\/\/www.nordkongress-urologie.de\/2023\/","name":"17. Nordkongress Urologie","description":"Interdisziplinarit\u00e4t - gemeinsam st\u00e4rker, 28. bis 30. Juni 2023 in L\u00fcneburg","potentialAction":[{"@type":"SearchAction","target":{"@type":"EntryPoint","urlTemplate":"https:\/\/www.nordkongress-urologie.de\/2023\/?s={search_term_string}"},"query-input":{"@type":"PropertyValueSpecification","valueRequired":true,"valueName":"search_term_string"}}],"inLanguage":"de"}]}},"_links":{"self":[{"href":"https:\/\/www.nordkongress-urologie.de\/2023\/wp-json\/wp\/v2\/pages\/1660","targetHints":{"allow":["GET"]}}],"collection":[{"href":"https:\/\/www.nordkongress-urologie.de\/2023\/wp-json\/wp\/v2\/pages"}],"about":[{"href":"https:\/\/www.nordkongress-urologie.de\/2023\/wp-json\/wp\/v2\/types\/page"}],"author":[{"embeddable":true,"href":"https:\/\/www.nordkongress-urologie.de\/2023\/wp-json\/wp\/v2\/users\/9"}],"replies":[{"embeddable":true,"href":"https:\/\/www.nordkongress-urologie.de\/2023\/wp-json\/wp\/v2\/comments?post=1660"}],"version-history":[{"count":3,"href":"https:\/\/www.nordkongress-urologie.de\/2023\/wp-json\/wp\/v2\/pages\/1660\/revisions"}],"predecessor-version":[{"id":3087,"href":"https:\/\/www.nordkongress-urologie.de\/2023\/wp-json\/wp\/v2\/pages\/1660\/revisions\/3087"}],"wp:attachment":[{"href":"https:\/\/www.nordkongress-urologie.de\/2023\/wp-json\/wp\/v2\/media?parent=1660"}],"curies":[{"name":"wp","href":"https:\/\/api.w.org\/{rel}","templated":true}]}}