{"id":1831,"date":"2021-09-08T13:46:59","date_gmt":"2021-09-08T11:46:59","guid":{"rendered":"https:\/\/www.nordkongress-urologie.de\/2023\/?page_id=1831"},"modified":"2022-08-23T13:02:32","modified_gmt":"2022-08-23T11:02:32","slug":"ueber-lueneburg","status":"publish","type":"page","link":"https:\/\/www.nordkongress-urologie.de\/2023\/ueber-lueneburg\/","title":{"rendered":"\u00dcber L\u00fcneburg"},"content":{"rendered":"\t\t<div data-elementor-type=\"wp-page\" data-elementor-id=\"1831\" class=\"elementor elementor-1831\" data-elementor-post-type=\"page\">\n\t\t\t\t\t\t<section data-particle_enable=\"false\" data-particle-mobile-disabled=\"false\" class=\"elementor-section elementor-top-section elementor-element elementor-element-29bc48d elementor-section-boxed elementor-section-height-default elementor-section-height-default\" data-id=\"29bc48d\" data-element_type=\"section\">\n\t\t\t\t\t\t<div class=\"elementor-container elementor-column-gap-default\">\n\t\t\t\t\t<div class=\"elementor-column elementor-col-100 elementor-top-column elementor-element elementor-element-2e2a265\" data-id=\"2e2a265\" data-element_type=\"column\">\n\t\t\t<div class=\"elementor-widget-wrap elementor-element-populated\">\n\t\t\t\t\t\t<div class=\"elementor-element elementor-element-84fae00 elementor-widget elementor-widget-heading\" data-id=\"84fae00\" data-element_type=\"widget\" data-widget_type=\"heading.default\">\n\t\t\t\t<div class=\"elementor-widget-container\">\n\t\t\t\t\t<h1 class=\"elementor-heading-title elementor-size-default\">\u00dcber L\u00fcneburg<\/h1>\t\t\t\t<\/div>\n\t\t\t\t<\/div>\n\t\t\t\t\t<\/div>\n\t\t<\/div>\n\t\t\t\t\t<\/div>\n\t\t<\/section>\n\t\t\t\t<section data-particle_enable=\"false\" data-particle-mobile-disabled=\"false\" class=\"elementor-section elementor-top-section elementor-element elementor-element-669ad36 elementor-section-boxed elementor-section-height-default elementor-section-height-default\" data-id=\"669ad36\" data-element_type=\"section\">\n\t\t\t\t\t\t<div class=\"elementor-container elementor-column-gap-default\">\n\t\t\t\t\t<div class=\"elementor-column elementor-col-50 elementor-top-column elementor-element elementor-element-59a8c53\" data-id=\"59a8c53\" data-element_type=\"column\">\n\t\t\t<div class=\"elementor-widget-wrap elementor-element-populated\">\n\t\t\t\t\t\t<div class=\"elementor-element elementor-element-2b43762 elementor-widget elementor-widget-heading\" data-id=\"2b43762\" data-element_type=\"widget\" data-widget_type=\"heading.default\">\n\t\t\t\t<div class=\"elementor-widget-container\">\n\t\t\t\t\t<h2 class=\"elementor-heading-title elementor-size-default\">L\u00fcneburg<\/h2>\t\t\t\t<\/div>\n\t\t\t\t<\/div>\n\t\t\t\t<div class=\"elementor-element elementor-element-aefed5b elementor-widget elementor-widget-text-editor\" data-id=\"aefed5b\" data-element_type=\"widget\" data-widget_type=\"text-editor.default\">\n\t\t\t\t<div class=\"elementor-widget-container\">\n\t\t\t\t\t\t\t\t\t<p><span>L\u00fcneburg ist eine Stadt in Norddeutschland. In der mittelalterlichen Altstadt befindet sich der von gotischen Backstein-Giebelh\u00e4usern umgebene Platz Am Sande. Das Deutsche Salzmuseum in der ehemaligen Saline von L\u00fcneburg veranschaulicht die Geschichte und Bedeutung der Salzgewinnung, die f\u00fcr den Reichtum der Stadt im Mittelalter sorgte. Im historischen Viertel zwischen dem Museum und dem L\u00fcneburger Kalkberg, einem Naturschutzgebiet um einen Salzstock, stehen viele Geb\u00e4ude aufgrund des Jahrhunderte langen Abbaus schief.<\/span><\/p>\t\t\t\t\t\t\t\t<\/div>\n\t\t\t\t<\/div>\n\t\t\t\t\t<\/div>\n\t\t<\/div>\n\t\t\t\t<div class=\"elementor-column elementor-col-50 elementor-top-column elementor-element elementor-element-89babae\" data-id=\"89babae\" data-element_type=\"column\">\n\t\t\t<div class=\"elementor-widget-wrap elementor-element-populated\">\n\t\t\t\t\t\t<div class=\"elementor-element elementor-element-d28e313 elementor-widget elementor-widget-image-carousel\" data-id=\"d28e313\" data-element_type=\"widget\" data-settings=\"{&quot;slides_to_show&quot;:&quot;1&quot;,&quot;navigation&quot;:&quot;none&quot;,&quot;pause_on_hover&quot;:&quot;no&quot;,&quot;pause_on_interaction&quot;:&quot;no&quot;,&quot;effect&quot;:&quot;fade&quot;,&quot;autoplay_speed&quot;:10000,&quot;speed&quot;:4000,&quot;autoplay&quot;:&quot;yes&quot;,&quot;infinite&quot;:&quot;yes&quot;}\" data-widget_type=\"image-carousel.default\">\n\t\t\t\t<div class=\"elementor-widget-container\">\n\t\t\t\t\t\t\t<div class=\"elementor-image-carousel-wrapper swiper\" role=\"region\" aria-roledescription=\"carousel\" aria-label=\"Bilderkarussell\" dir=\"ltr\">\n\t\t\t<div class=\"elementor-image-carousel swiper-wrapper swiper-image-stretch\" aria-live=\"off\">\n\t\t\t\t\t\t\t\t<div class=\"swiper-slide\" role=\"group\" aria-roledescription=\"slide\" aria-label=\"1 von 3\"><figure class=\"swiper-slide-inner\"><img decoding=\"async\" class=\"swiper-slide-image\" src=\"https:\/\/www.nordkongress-urologie.de\/2023\/wp-content\/uploads\/Lueneburg_3.jpg\" alt=\"L\u00fcneburg_3\" \/><\/figure><\/div><div class=\"swiper-slide\" role=\"group\" aria-roledescription=\"slide\" aria-label=\"2 von 3\"><figure class=\"swiper-slide-inner\"><img decoding=\"async\" class=\"swiper-slide-image\" src=\"https:\/\/www.nordkongress-urologie.de\/2023\/wp-content\/uploads\/Lueneburg_2.jpg\" alt=\"L\u00fcneburg_2\" \/><\/figure><\/div><div class=\"swiper-slide\" role=\"group\" aria-roledescription=\"slide\" aria-label=\"3 von 3\"><figure class=\"swiper-slide-inner\"><img decoding=\"async\" class=\"swiper-slide-image\" src=\"https:\/\/www.nordkongress-urologie.de\/2023\/wp-content\/uploads\/Lueneburg_1.jpg\" alt=\"L\u00fcneburg_1\" \/><\/figure><\/div>\t\t\t<\/div>\n\t\t\t\t\t\t\t\n\t\t\t\t\t\t\t\t\t<\/div>\n\t\t\t\t\t\t<\/div>\n\t\t\t\t<\/div>\n\t\t\t\t\t<\/div>\n\t\t<\/div>\n\t\t\t\t\t<\/div>\n\t\t<\/section>\n\t\t\t\t<\/div>\n\t\t","protected":false},"excerpt":{"rendered":"<p>\u00dcber L\u00fcneburg L\u00fcneburg L\u00fcneburg ist eine Stadt in Norddeutschland. In der mittelalterlichen Altstadt befindet sich der von gotischen Backstein-Giebelh\u00e4usern umgebene Platz Am Sande. Das Deutsche Salzmuseum in der ehemaligen Saline von L\u00fcneburg veranschaulicht die Geschichte und Bedeutung der Salzgewinnung, die f\u00fcr den Reichtum der Stadt im Mittelalter sorgte. Im historischen Viertel zwischen dem Museum und [&hellip;]<\/p>\n","protected":false},"author":9,"featured_media":0,"parent":0,"menu_order":0,"comment_status":"closed","ping_status":"closed","template":"","meta":{"ocean_post_layout":"","ocean_both_sidebars_style":"","ocean_both_sidebars_content_width":0,"ocean_both_sidebars_sidebars_width":0,"ocean_sidebar":"0","ocean_second_sidebar":"0","ocean_disable_margins":"enable","ocean_add_body_class":"","ocean_shortcode_before_top_bar":"","ocean_shortcode_after_top_bar":"","ocean_shortcode_before_header":"","ocean_shortcode_after_header":"","ocean_has_shortcode":"","ocean_shortcode_after_title":"","ocean_shortcode_before_footer_widgets":"","ocean_shortcode_after_footer_widgets":"","ocean_shortcode_before_footer_bottom":"","ocean_shortcode_after_footer_bottom":"","ocean_display_top_bar":"default","ocean_display_header":"default","ocean_header_style":"","ocean_center_header_left_menu":"0","ocean_custom_header_template":"0","ocean_custom_logo":0,"ocean_custom_retina_logo":0,"ocean_custom_logo_max_width":0,"ocean_custom_logo_tablet_max_width":0,"ocean_custom_logo_mobile_max_width":0,"ocean_custom_logo_max_height":0,"ocean_custom_logo_tablet_max_height":0,"ocean_custom_logo_mobile_max_height":0,"ocean_header_custom_menu":"0","ocean_menu_typo_font_family":"0","ocean_menu_typo_font_subset":"","ocean_menu_typo_font_size":0,"ocean_menu_typo_font_size_tablet":0,"ocean_menu_typo_font_size_mobile":0,"ocean_menu_typo_font_size_unit":"px","ocean_menu_typo_font_weight":"","ocean_menu_typo_font_weight_tablet":"","ocean_menu_typo_font_weight_mobile":"","ocean_menu_typo_transform":"","ocean_menu_typo_transform_tablet":"","ocean_menu_typo_transform_mobile":"","ocean_menu_typo_line_height":0,"ocean_menu_typo_line_height_tablet":0,"ocean_menu_typo_line_height_mobile":0,"ocean_menu_typo_line_height_unit":"","ocean_menu_typo_spacing":0,"ocean_menu_typo_spacing_tablet":0,"ocean_menu_typo_spacing_mobile":0,"ocean_menu_typo_spacing_unit":"","ocean_menu_link_color":"","ocean_menu_link_color_hover":"","ocean_menu_link_color_active":"","ocean_menu_link_background":"","ocean_menu_link_hover_background":"","ocean_menu_link_active_background":"","ocean_menu_social_links_bg":"","ocean_menu_social_hover_links_bg":"","ocean_menu_social_links_color":"","ocean_menu_social_hover_links_color":"","ocean_disable_title":"default","ocean_disable_heading":"default","ocean_post_title":"","ocean_post_subheading":"","ocean_post_title_style":"","ocean_post_title_background_color":"","ocean_post_title_background":0,"ocean_post_title_bg_image_position":"","ocean_post_title_bg_image_attachment":"","ocean_post_title_bg_image_repeat":"","ocean_post_title_bg_image_size":"","ocean_post_title_height":0,"ocean_post_title_bg_overlay":0.5,"ocean_post_title_bg_overlay_color":"","ocean_disable_breadcrumbs":"default","ocean_breadcrumbs_color":"","ocean_breadcrumbs_separator_color":"","ocean_breadcrumbs_links_color":"","ocean_breadcrumbs_links_hover_color":"","ocean_display_footer_widgets":"default","ocean_display_footer_bottom":"default","ocean_custom_footer_template":"0","footnotes":""},"class_list":["post-1831","page","type-page","status-publish","hentry","entry"],"yoast_head":"<!-- This site is optimized with the Yoast SEO plugin v26.7 - https:\/\/yoast.com\/wordpress\/plugins\/seo\/ -->\n<title>\u00dcber L\u00fcneburg - 17. Nordkongress Urologie<\/title>\n<meta name=\"robots\" content=\"index, follow, max-snippet:-1, max-image-preview:large, max-video-preview:-1\" \/>\n<link rel=\"canonical\" href=\"https:\/\/www.nordkongress-urologie.de\/2023\/ueber-lueneburg\/\" \/>\n<meta property=\"og:locale\" content=\"de_DE\" \/>\n<meta property=\"og:type\" content=\"article\" \/>\n<meta property=\"og:title\" content=\"\u00dcber L\u00fcneburg - 17. Nordkongress Urologie\" \/>\n<meta property=\"og:description\" content=\"\u00dcber L\u00fcneburg L\u00fcneburg L\u00fcneburg ist eine Stadt in Norddeutschland. In der mittelalterlichen Altstadt befindet sich der von gotischen Backstein-Giebelh\u00e4usern umgebene Platz Am Sande. Das Deutsche Salzmuseum in der ehemaligen Saline von L\u00fcneburg veranschaulicht die Geschichte und Bedeutung der Salzgewinnung, die f\u00fcr den Reichtum der Stadt im Mittelalter sorgte. Im historischen Viertel zwischen dem Museum und [&hellip;]\" \/>\n<meta property=\"og:url\" content=\"https:\/\/www.nordkongress-urologie.de\/2023\/ueber-lueneburg\/\" \/>\n<meta property=\"og:site_name\" content=\"17. Nordkongress Urologie\" \/>\n<meta property=\"article:modified_time\" content=\"2022-08-23T11:02:32+00:00\" \/>\n<meta property=\"og:image\" content=\"https:\/\/www.nordkongress-urologie.de\/2023\/wp-content\/uploads\/Lueneburg_3.jpg\" \/>\n<meta name=\"twitter:card\" content=\"summary_large_image\" \/>\n<meta name=\"twitter:label1\" content=\"Gesch\u00e4tzte Lesezeit\" \/>\n\t<meta name=\"twitter:data1\" content=\"2\u00a0Minuten\" \/>\n<script type=\"application\/ld+json\" class=\"yoast-schema-graph\">{\"@context\":\"https:\/\/schema.org\",\"@graph\":[{\"@type\":\"WebPage\",\"@id\":\"https:\/\/www.nordkongress-urologie.de\/2023\/ueber-lueneburg\/\",\"url\":\"https:\/\/www.nordkongress-urologie.de\/2023\/ueber-lueneburg\/\",\"name\":\"\u00dcber L\u00fcneburg - 17. Nordkongress Urologie\",\"isPartOf\":{\"@id\":\"https:\/\/www.nordkongress-urologie.de\/2023\/#website\"},\"primaryImageOfPage\":{\"@id\":\"https:\/\/www.nordkongress-urologie.de\/2023\/ueber-lueneburg\/#primaryimage\"},\"image\":{\"@id\":\"https:\/\/www.nordkongress-urologie.de\/2023\/ueber-lueneburg\/#primaryimage\"},\"thumbnailUrl\":\"https:\/\/www.nordkongress-urologie.de\/2023\/wp-content\/uploads\/Lueneburg_3.jpg\",\"datePublished\":\"2021-09-08T11:46:59+00:00\",\"dateModified\":\"2022-08-23T11:02:32+00:00\",\"breadcrumb\":{\"@id\":\"https:\/\/www.nordkongress-urologie.de\/2023\/ueber-lueneburg\/#breadcrumb\"},\"inLanguage\":\"de\",\"potentialAction\":[{\"@type\":\"ReadAction\",\"target\":[\"https:\/\/www.nordkongress-urologie.de\/2023\/ueber-lueneburg\/\"]}]},{\"@type\":\"ImageObject\",\"inLanguage\":\"de\",\"@id\":\"https:\/\/www.nordkongress-urologie.de\/2023\/ueber-lueneburg\/#primaryimage\",\"url\":\"https:\/\/www.nordkongress-urologie.de\/2023\/wp-content\/uploads\/Lueneburg_3.jpg\",\"contentUrl\":\"https:\/\/www.nordkongress-urologie.de\/2023\/wp-content\/uploads\/Lueneburg_3.jpg\",\"width\":600,\"height\":400},{\"@type\":\"BreadcrumbList\",\"@id\":\"https:\/\/www.nordkongress-urologie.de\/2023\/ueber-lueneburg\/#breadcrumb\",\"itemListElement\":[{\"@type\":\"ListItem\",\"position\":1,\"name\":\"Startseite\",\"item\":\"https:\/\/www.nordkongress-urologie.de\/2023\/\"},{\"@type\":\"ListItem\",\"position\":2,\"name\":\"\u00dcber L\u00fcneburg\"}]},{\"@type\":\"WebSite\",\"@id\":\"https:\/\/www.nordkongress-urologie.de\/2023\/#website\",\"url\":\"https:\/\/www.nordkongress-urologie.de\/2023\/\",\"name\":\"17. Nordkongress Urologie\",\"description\":\"Interdisziplinarit\u00e4t - gemeinsam st\u00e4rker, 28. bis 30. Juni 2023 in L\u00fcneburg\",\"potentialAction\":[{\"@type\":\"SearchAction\",\"target\":{\"@type\":\"EntryPoint\",\"urlTemplate\":\"https:\/\/www.nordkongress-urologie.de\/2023\/?s={search_term_string}\"},\"query-input\":{\"@type\":\"PropertyValueSpecification\",\"valueRequired\":true,\"valueName\":\"search_term_string\"}}],\"inLanguage\":\"de\"}]}<\/script>\n<!-- \/ Yoast SEO plugin. -->","yoast_head_json":{"title":"\u00dcber L\u00fcneburg - 17. Nordkongress Urologie","robots":{"index":"index","follow":"follow","max-snippet":"max-snippet:-1","max-image-preview":"max-image-preview:large","max-video-preview":"max-video-preview:-1"},"canonical":"https:\/\/www.nordkongress-urologie.de\/2023\/ueber-lueneburg\/","og_locale":"de_DE","og_type":"article","og_title":"\u00dcber L\u00fcneburg - 17. Nordkongress Urologie","og_description":"\u00dcber L\u00fcneburg L\u00fcneburg L\u00fcneburg ist eine Stadt in Norddeutschland. In der mittelalterlichen Altstadt befindet sich der von gotischen Backstein-Giebelh\u00e4usern umgebene Platz Am Sande. Das Deutsche Salzmuseum in der ehemaligen Saline von L\u00fcneburg veranschaulicht die Geschichte und Bedeutung der Salzgewinnung, die f\u00fcr den Reichtum der Stadt im Mittelalter sorgte. Im historischen Viertel zwischen dem Museum und [&hellip;]","og_url":"https:\/\/www.nordkongress-urologie.de\/2023\/ueber-lueneburg\/","og_site_name":"17. Nordkongress Urologie","article_modified_time":"2022-08-23T11:02:32+00:00","og_image":[{"url":"https:\/\/www.nordkongress-urologie.de\/2023\/wp-content\/uploads\/Lueneburg_3.jpg","type":"","width":"","height":""}],"twitter_card":"summary_large_image","twitter_misc":{"Gesch\u00e4tzte Lesezeit":"2\u00a0Minuten"},"schema":{"@context":"https:\/\/schema.org","@graph":[{"@type":"WebPage","@id":"https:\/\/www.nordkongress-urologie.de\/2023\/ueber-lueneburg\/","url":"https:\/\/www.nordkongress-urologie.de\/2023\/ueber-lueneburg\/","name":"\u00dcber L\u00fcneburg - 17. Nordkongress Urologie","isPartOf":{"@id":"https:\/\/www.nordkongress-urologie.de\/2023\/#website"},"primaryImageOfPage":{"@id":"https:\/\/www.nordkongress-urologie.de\/2023\/ueber-lueneburg\/#primaryimage"},"image":{"@id":"https:\/\/www.nordkongress-urologie.de\/2023\/ueber-lueneburg\/#primaryimage"},"thumbnailUrl":"https:\/\/www.nordkongress-urologie.de\/2023\/wp-content\/uploads\/Lueneburg_3.jpg","datePublished":"2021-09-08T11:46:59+00:00","dateModified":"2022-08-23T11:02:32+00:00","breadcrumb":{"@id":"https:\/\/www.nordkongress-urologie.de\/2023\/ueber-lueneburg\/#breadcrumb"},"inLanguage":"de","potentialAction":[{"@type":"ReadAction","target":["https:\/\/www.nordkongress-urologie.de\/2023\/ueber-lueneburg\/"]}]},{"@type":"ImageObject","inLanguage":"de","@id":"https:\/\/www.nordkongress-urologie.de\/2023\/ueber-lueneburg\/#primaryimage","url":"https:\/\/www.nordkongress-urologie.de\/2023\/wp-content\/uploads\/Lueneburg_3.jpg","contentUrl":"https:\/\/www.nordkongress-urologie.de\/2023\/wp-content\/uploads\/Lueneburg_3.jpg","width":600,"height":400},{"@type":"BreadcrumbList","@id":"https:\/\/www.nordkongress-urologie.de\/2023\/ueber-lueneburg\/#breadcrumb","itemListElement":[{"@type":"ListItem","position":1,"name":"Startseite","item":"https:\/\/www.nordkongress-urologie.de\/2023\/"},{"@type":"ListItem","position":2,"name":"\u00dcber L\u00fcneburg"}]},{"@type":"WebSite","@id":"https:\/\/www.nordkongress-urologie.de\/2023\/#website","url":"https:\/\/www.nordkongress-urologie.de\/2023\/","name":"17. Nordkongress Urologie","description":"Interdisziplinarit\u00e4t - gemeinsam st\u00e4rker, 28. bis 30. Juni 2023 in L\u00fcneburg","potentialAction":[{"@type":"SearchAction","target":{"@type":"EntryPoint","urlTemplate":"https:\/\/www.nordkongress-urologie.de\/2023\/?s={search_term_string}"},"query-input":{"@type":"PropertyValueSpecification","valueRequired":true,"valueName":"search_term_string"}}],"inLanguage":"de"}]}},"_links":{"self":[{"href":"https:\/\/www.nordkongress-urologie.de\/2023\/wp-json\/wp\/v2\/pages\/1831","targetHints":{"allow":["GET"]}}],"collection":[{"href":"https:\/\/www.nordkongress-urologie.de\/2023\/wp-json\/wp\/v2\/pages"}],"about":[{"href":"https:\/\/www.nordkongress-urologie.de\/2023\/wp-json\/wp\/v2\/types\/page"}],"author":[{"embeddable":true,"href":"https:\/\/www.nordkongress-urologie.de\/2023\/wp-json\/wp\/v2\/users\/9"}],"replies":[{"embeddable":true,"href":"https:\/\/www.nordkongress-urologie.de\/2023\/wp-json\/wp\/v2\/comments?post=1831"}],"version-history":[{"count":0,"href":"https:\/\/www.nordkongress-urologie.de\/2023\/wp-json\/wp\/v2\/pages\/1831\/revisions"}],"wp:attachment":[{"href":"https:\/\/www.nordkongress-urologie.de\/2023\/wp-json\/wp\/v2\/media?parent=1831"}],"curies":[{"name":"wp","href":"https:\/\/api.w.org\/{rel}","templated":true}]}}