{"id":2075,"date":"2022-01-06T09:56:05","date_gmt":"2022-01-06T08:56:05","guid":{"rendered":"https:\/\/www.nordkongress-urologie.de\/2023\/?page_id=2075"},"modified":"2023-04-25T16:37:52","modified_gmt":"2023-04-25T14:37:52","slug":"veranstaltungsticket-bahn","status":"publish","type":"page","link":"https:\/\/www.nordkongress-urologie.de\/2023\/veranstaltungsticket-bahn\/","title":{"rendered":"Veranstaltungsticket Bahn"},"content":{"rendered":"\t\t<div data-elementor-type=\"wp-page\" data-elementor-id=\"2075\" class=\"elementor elementor-2075\" data-elementor-post-type=\"page\">\n\t\t\t\t\t\t<section data-particle_enable=\"false\" data-particle-mobile-disabled=\"false\" class=\"elementor-section elementor-top-section elementor-element elementor-element-bb0ce69 elementor-section-boxed elementor-section-height-default elementor-section-height-default\" data-id=\"bb0ce69\" data-element_type=\"section\">\n\t\t\t\t\t\t<div class=\"elementor-container elementor-column-gap-default\">\n\t\t\t\t\t<div class=\"elementor-column elementor-col-100 elementor-top-column elementor-element elementor-element-f2c1c8c\" data-id=\"f2c1c8c\" data-element_type=\"column\">\n\t\t\t<div class=\"elementor-widget-wrap elementor-element-populated\">\n\t\t\t\t\t\t<div class=\"elementor-element elementor-element-c0dee51 elementor-widget elementor-widget-heading\" data-id=\"c0dee51\" data-element_type=\"widget\" data-widget_type=\"heading.default\">\n\t\t\t\t<div class=\"elementor-widget-container\">\n\t\t\t\t\t<h1 class=\"elementor-heading-title elementor-size-default\">Veranstaltungsticket \u2013 Deutsche Bahn<\/h1>\t\t\t\t<\/div>\n\t\t\t\t<\/div>\n\t\t\t\t<div class=\"elementor-element elementor-element-c4b0ca8 elementor-widget elementor-widget-text-editor\" data-id=\"c4b0ca8\" data-element_type=\"widget\" data-widget_type=\"text-editor.default\">\n\t\t\t\t<div class=\"elementor-widget-container\">\n\t\t\t\t\t\t\t\t\t<p>F\u00fcr den 17. Nordkongress Urologie wird es das Veranstaltungsticket der Deutschen Bahn geben.<br \/>Nutzen Sie diese M\u00f6glichkeit, um einfach und zu festgelegten Preisen Ihr Zugticket zu erwerben.<br \/>Bitte beachten: Sollten Sie eine BahnCard besitzen, k\u00f6nnen die Preise ggf. variieren.<\/p><p>Buchen Sie jetzt Ihre Reise*:<\/p>\t\t\t\t\t\t\t\t<\/div>\n\t\t\t\t<\/div>\n\t\t\t\t<div class=\"elementor-element elementor-element-5c10617 elementor-align-justify elementor-widget elementor-widget-button\" data-id=\"5c10617\" data-element_type=\"widget\" data-widget_type=\"button.default\">\n\t\t\t\t<div class=\"elementor-widget-container\">\n\t\t\t\t\t\t\t\t\t<div class=\"elementor-button-wrapper\">\n\t\t\t\t\t<a class=\"elementor-button elementor-button-link elementor-size-md\" href=\"https:\/\/www.veranstaltungsticket-bahn.de\/?event=9361&#038;language=de\" target=\"_blank\">\n\t\t\t\t\t\t<span class=\"elementor-button-content-wrapper\">\n\t\t\t\t\t\t<span class=\"elementor-button-icon\">\n\t\t\t\t<svg aria-hidden=\"true\" class=\"e-font-icon-svg e-fas-train\" viewBox=\"0 0 448 512\" xmlns=\"http:\/\/www.w3.org\/2000\/svg\"><path d=\"M448 96v256c0 51.815-61.624 96-130.022 96l62.98 49.721C386.905 502.417 383.562 512 376 512H72c-7.578 0-10.892-9.594-4.957-14.279L130.022 448C61.82 448 0 403.954 0 352V96C0 42.981 64 0 128 0h192c65 0 128 42.981 128 96zm-48 136V120c0-13.255-10.745-24-24-24H72c-13.255 0-24 10.745-24 24v112c0 13.255 10.745 24 24 24h304c13.255 0 24-10.745 24-24zm-176 64c-30.928 0-56 25.072-56 56s25.072 56 56 56 56-25.072 56-56-25.072-56-56-56z\"><\/path><\/svg>\t\t\t<\/span>\n\t\t\t\t\t\t\t\t\t<span class=\"elementor-button-text\">Veranstaltungsticket: 17. Nordkongress Urologie<\/span>\n\t\t\t\t\t<\/span>\n\t\t\t\t\t<\/a>\n\t\t\t\t<\/div>\n\t\t\t\t\t\t\t\t<\/div>\n\t\t\t\t<\/div>\n\t\t\t\t<div class=\"elementor-element elementor-element-f744b57 elementor-widget elementor-widget-text-editor\" data-id=\"f744b57\" data-element_type=\"widget\" data-widget_type=\"text-editor.default\">\n\t\t\t\t<div class=\"elementor-widget-container\">\n\t\t\t\t\t\t\t\t\t<p>*M\u00f6glicher Reisezeitraum f\u00fcr Bahnticket: Montag, 26.06.2023 bis Sonntag, 02.07.2023 <br \/>Hinweis der Deutschen Bahn: Bereits beim Laden der Seiten, werden Daten an \/ von Deutsche Bahn geschickt (u. A. kann eine Cookie-Abfrage erfolgen).<br \/>Stand: 17.01.2022<\/p>\t\t\t\t\t\t\t\t<\/div>\n\t\t\t\t<\/div>\n\t\t\t\t\t<\/div>\n\t\t<\/div>\n\t\t\t\t\t<\/div>\n\t\t<\/section>\n\t\t\t\t<\/div>\n\t\t","protected":false},"excerpt":{"rendered":"<p>Veranstaltungsticket \u2013 Deutsche Bahn F\u00fcr den 17. Nordkongress Urologie wird es das Veranstaltungsticket der Deutschen Bahn geben.Nutzen Sie diese M\u00f6glichkeit, um einfach und zu festgelegten Preisen Ihr Zugticket zu erwerben.Bitte beachten: Sollten Sie eine BahnCard besitzen, k\u00f6nnen die Preise ggf. variieren. Buchen Sie jetzt Ihre Reise*: Veranstaltungsticket: 17. Nordkongress Urologie *M\u00f6glicher Reisezeitraum f\u00fcr Bahnticket: Montag, [&hellip;]<\/p>\n","protected":false},"author":5,"featured_media":0,"parent":0,"menu_order":0,"comment_status":"closed","ping_status":"closed","template":"","meta":{"ocean_post_layout":"","ocean_both_sidebars_style":"","ocean_both_sidebars_content_width":0,"ocean_both_sidebars_sidebars_width":0,"ocean_sidebar":"0","ocean_second_sidebar":"0","ocean_disable_margins":"enable","ocean_add_body_class":"","ocean_shortcode_before_top_bar":"","ocean_shortcode_after_top_bar":"","ocean_shortcode_before_header":"","ocean_shortcode_after_header":"","ocean_has_shortcode":"","ocean_shortcode_after_title":"","ocean_shortcode_before_footer_widgets":"","ocean_shortcode_after_footer_widgets":"","ocean_shortcode_before_footer_bottom":"","ocean_shortcode_after_footer_bottom":"","ocean_display_top_bar":"default","ocean_display_header":"default","ocean_header_style":"","ocean_center_header_left_menu":"0","ocean_custom_header_template":"0","ocean_custom_logo":0,"ocean_custom_retina_logo":0,"ocean_custom_logo_max_width":0,"ocean_custom_logo_tablet_max_width":0,"ocean_custom_logo_mobile_max_width":0,"ocean_custom_logo_max_height":0,"ocean_custom_logo_tablet_max_height":0,"ocean_custom_logo_mobile_max_height":0,"ocean_header_custom_menu":"0","ocean_menu_typo_font_family":"0","ocean_menu_typo_font_subset":"","ocean_menu_typo_font_size":0,"ocean_menu_typo_font_size_tablet":0,"ocean_menu_typo_font_size_mobile":0,"ocean_menu_typo_font_size_unit":"px","ocean_menu_typo_font_weight":"","ocean_menu_typo_font_weight_tablet":"","ocean_menu_typo_font_weight_mobile":"","ocean_menu_typo_transform":"","ocean_menu_typo_transform_tablet":"","ocean_menu_typo_transform_mobile":"","ocean_menu_typo_line_height":0,"ocean_menu_typo_line_height_tablet":0,"ocean_menu_typo_line_height_mobile":0,"ocean_menu_typo_line_height_unit":"","ocean_menu_typo_spacing":0,"ocean_menu_typo_spacing_tablet":0,"ocean_menu_typo_spacing_mobile":0,"ocean_menu_typo_spacing_unit":"","ocean_menu_link_color":"","ocean_menu_link_color_hover":"","ocean_menu_link_color_active":"","ocean_menu_link_background":"","ocean_menu_link_hover_background":"","ocean_menu_link_active_background":"","ocean_menu_social_links_bg":"","ocean_menu_social_hover_links_bg":"","ocean_menu_social_links_color":"","ocean_menu_social_hover_links_color":"","ocean_disable_title":"default","ocean_disable_heading":"default","ocean_post_title":"","ocean_post_subheading":"","ocean_post_title_style":"","ocean_post_title_background_color":"","ocean_post_title_background":0,"ocean_post_title_bg_image_position":"","ocean_post_title_bg_image_attachment":"","ocean_post_title_bg_image_repeat":"","ocean_post_title_bg_image_size":"","ocean_post_title_height":0,"ocean_post_title_bg_overlay":0.5,"ocean_post_title_bg_overlay_color":"","ocean_disable_breadcrumbs":"default","ocean_breadcrumbs_color":"","ocean_breadcrumbs_separator_color":"","ocean_breadcrumbs_links_color":"","ocean_breadcrumbs_links_hover_color":"","ocean_display_footer_widgets":"default","ocean_display_footer_bottom":"default","ocean_custom_footer_template":"0","footnotes":""},"class_list":["post-2075","page","type-page","status-publish","hentry","entry"],"yoast_head":"<!-- This site is optimized with the Yoast SEO plugin v26.7 - https:\/\/yoast.com\/wordpress\/plugins\/seo\/ -->\n<title>Veranstaltungsticket Bahn - 17. Nordkongress Urologie<\/title>\n<meta name=\"robots\" content=\"index, follow, max-snippet:-1, max-image-preview:large, max-video-preview:-1\" \/>\n<link rel=\"canonical\" href=\"https:\/\/www.nordkongress-urologie.de\/2023\/veranstaltungsticket-bahn\/\" \/>\n<meta property=\"og:locale\" content=\"de_DE\" \/>\n<meta property=\"og:type\" content=\"article\" \/>\n<meta property=\"og:title\" content=\"Veranstaltungsticket Bahn - 17. Nordkongress Urologie\" \/>\n<meta property=\"og:description\" content=\"Veranstaltungsticket \u2013 Deutsche Bahn F\u00fcr den 17. Nordkongress Urologie wird es das Veranstaltungsticket der Deutschen Bahn geben.Nutzen Sie diese M\u00f6glichkeit, um einfach und zu festgelegten Preisen Ihr Zugticket zu erwerben.Bitte beachten: Sollten Sie eine BahnCard besitzen, k\u00f6nnen die Preise ggf. variieren. Buchen Sie jetzt Ihre Reise*: Veranstaltungsticket: 17. Nordkongress Urologie *M\u00f6glicher Reisezeitraum f\u00fcr Bahnticket: Montag, [&hellip;]\" \/>\n<meta property=\"og:url\" content=\"https:\/\/www.nordkongress-urologie.de\/2023\/veranstaltungsticket-bahn\/\" \/>\n<meta property=\"og:site_name\" content=\"17. Nordkongress Urologie\" \/>\n<meta property=\"article:modified_time\" content=\"2023-04-25T14:37:52+00:00\" \/>\n<meta name=\"twitter:card\" content=\"summary_large_image\" \/>\n<meta name=\"twitter:label1\" content=\"Gesch\u00e4tzte Lesezeit\" \/>\n\t<meta name=\"twitter:data1\" content=\"1\u00a0Minute\" \/>\n<script type=\"application\/ld+json\" class=\"yoast-schema-graph\">{\"@context\":\"https:\/\/schema.org\",\"@graph\":[{\"@type\":\"WebPage\",\"@id\":\"https:\/\/www.nordkongress-urologie.de\/2023\/veranstaltungsticket-bahn\/\",\"url\":\"https:\/\/www.nordkongress-urologie.de\/2023\/veranstaltungsticket-bahn\/\",\"name\":\"Veranstaltungsticket Bahn - 17. Nordkongress Urologie\",\"isPartOf\":{\"@id\":\"https:\/\/www.nordkongress-urologie.de\/2023\/#website\"},\"datePublished\":\"2022-01-06T08:56:05+00:00\",\"dateModified\":\"2023-04-25T14:37:52+00:00\",\"breadcrumb\":{\"@id\":\"https:\/\/www.nordkongress-urologie.de\/2023\/veranstaltungsticket-bahn\/#breadcrumb\"},\"inLanguage\":\"de\",\"potentialAction\":[{\"@type\":\"ReadAction\",\"target\":[\"https:\/\/www.nordkongress-urologie.de\/2023\/veranstaltungsticket-bahn\/\"]}]},{\"@type\":\"BreadcrumbList\",\"@id\":\"https:\/\/www.nordkongress-urologie.de\/2023\/veranstaltungsticket-bahn\/#breadcrumb\",\"itemListElement\":[{\"@type\":\"ListItem\",\"position\":1,\"name\":\"Startseite\",\"item\":\"https:\/\/www.nordkongress-urologie.de\/2023\/\"},{\"@type\":\"ListItem\",\"position\":2,\"name\":\"Veranstaltungsticket Bahn\"}]},{\"@type\":\"WebSite\",\"@id\":\"https:\/\/www.nordkongress-urologie.de\/2023\/#website\",\"url\":\"https:\/\/www.nordkongress-urologie.de\/2023\/\",\"name\":\"17. Nordkongress Urologie\",\"description\":\"Interdisziplinarit\u00e4t - gemeinsam st\u00e4rker, 28. bis 30. Juni 2023 in L\u00fcneburg\",\"potentialAction\":[{\"@type\":\"SearchAction\",\"target\":{\"@type\":\"EntryPoint\",\"urlTemplate\":\"https:\/\/www.nordkongress-urologie.de\/2023\/?s={search_term_string}\"},\"query-input\":{\"@type\":\"PropertyValueSpecification\",\"valueRequired\":true,\"valueName\":\"search_term_string\"}}],\"inLanguage\":\"de\"}]}<\/script>\n<!-- \/ Yoast SEO plugin. -->","yoast_head_json":{"title":"Veranstaltungsticket Bahn - 17. Nordkongress Urologie","robots":{"index":"index","follow":"follow","max-snippet":"max-snippet:-1","max-image-preview":"max-image-preview:large","max-video-preview":"max-video-preview:-1"},"canonical":"https:\/\/www.nordkongress-urologie.de\/2023\/veranstaltungsticket-bahn\/","og_locale":"de_DE","og_type":"article","og_title":"Veranstaltungsticket Bahn - 17. Nordkongress Urologie","og_description":"Veranstaltungsticket \u2013 Deutsche Bahn F\u00fcr den 17. Nordkongress Urologie wird es das Veranstaltungsticket der Deutschen Bahn geben.Nutzen Sie diese M\u00f6glichkeit, um einfach und zu festgelegten Preisen Ihr Zugticket zu erwerben.Bitte beachten: Sollten Sie eine BahnCard besitzen, k\u00f6nnen die Preise ggf. variieren. Buchen Sie jetzt Ihre Reise*: Veranstaltungsticket: 17. Nordkongress Urologie *M\u00f6glicher Reisezeitraum f\u00fcr Bahnticket: Montag, [&hellip;]","og_url":"https:\/\/www.nordkongress-urologie.de\/2023\/veranstaltungsticket-bahn\/","og_site_name":"17. Nordkongress Urologie","article_modified_time":"2023-04-25T14:37:52+00:00","twitter_card":"summary_large_image","twitter_misc":{"Gesch\u00e4tzte Lesezeit":"1\u00a0Minute"},"schema":{"@context":"https:\/\/schema.org","@graph":[{"@type":"WebPage","@id":"https:\/\/www.nordkongress-urologie.de\/2023\/veranstaltungsticket-bahn\/","url":"https:\/\/www.nordkongress-urologie.de\/2023\/veranstaltungsticket-bahn\/","name":"Veranstaltungsticket Bahn - 17. Nordkongress Urologie","isPartOf":{"@id":"https:\/\/www.nordkongress-urologie.de\/2023\/#website"},"datePublished":"2022-01-06T08:56:05+00:00","dateModified":"2023-04-25T14:37:52+00:00","breadcrumb":{"@id":"https:\/\/www.nordkongress-urologie.de\/2023\/veranstaltungsticket-bahn\/#breadcrumb"},"inLanguage":"de","potentialAction":[{"@type":"ReadAction","target":["https:\/\/www.nordkongress-urologie.de\/2023\/veranstaltungsticket-bahn\/"]}]},{"@type":"BreadcrumbList","@id":"https:\/\/www.nordkongress-urologie.de\/2023\/veranstaltungsticket-bahn\/#breadcrumb","itemListElement":[{"@type":"ListItem","position":1,"name":"Startseite","item":"https:\/\/www.nordkongress-urologie.de\/2023\/"},{"@type":"ListItem","position":2,"name":"Veranstaltungsticket Bahn"}]},{"@type":"WebSite","@id":"https:\/\/www.nordkongress-urologie.de\/2023\/#website","url":"https:\/\/www.nordkongress-urologie.de\/2023\/","name":"17. Nordkongress Urologie","description":"Interdisziplinarit\u00e4t - gemeinsam st\u00e4rker, 28. bis 30. Juni 2023 in L\u00fcneburg","potentialAction":[{"@type":"SearchAction","target":{"@type":"EntryPoint","urlTemplate":"https:\/\/www.nordkongress-urologie.de\/2023\/?s={search_term_string}"},"query-input":{"@type":"PropertyValueSpecification","valueRequired":true,"valueName":"search_term_string"}}],"inLanguage":"de"}]}},"_links":{"self":[{"href":"https:\/\/www.nordkongress-urologie.de\/2023\/wp-json\/wp\/v2\/pages\/2075","targetHints":{"allow":["GET"]}}],"collection":[{"href":"https:\/\/www.nordkongress-urologie.de\/2023\/wp-json\/wp\/v2\/pages"}],"about":[{"href":"https:\/\/www.nordkongress-urologie.de\/2023\/wp-json\/wp\/v2\/types\/page"}],"author":[{"embeddable":true,"href":"https:\/\/www.nordkongress-urologie.de\/2023\/wp-json\/wp\/v2\/users\/5"}],"replies":[{"embeddable":true,"href":"https:\/\/www.nordkongress-urologie.de\/2023\/wp-json\/wp\/v2\/comments?post=2075"}],"version-history":[{"count":3,"href":"https:\/\/www.nordkongress-urologie.de\/2023\/wp-json\/wp\/v2\/pages\/2075\/revisions"}],"predecessor-version":[{"id":3273,"href":"https:\/\/www.nordkongress-urologie.de\/2023\/wp-json\/wp\/v2\/pages\/2075\/revisions\/3273"}],"wp:attachment":[{"href":"https:\/\/www.nordkongress-urologie.de\/2023\/wp-json\/wp\/v2\/media?parent=2075"}],"curies":[{"name":"wp","href":"https:\/\/api.w.org\/{rel}","templated":true}]}}