{"id":2556,"date":"2022-04-12T14:33:48","date_gmt":"2022-04-12T12:33:48","guid":{"rendered":"https:\/\/www.nordkongress-urologie.de\/2023\/?page_id=2556"},"modified":"2023-05-03T17:46:45","modified_gmt":"2023-05-03T15:46:45","slug":"hinweise-fuer-vortragende","status":"publish","type":"page","link":"https:\/\/www.nordkongress-urologie.de\/2023\/informationen\/hinweise-fuer-vortragende\/","title":{"rendered":"Hinweise f\u00fcr Vortragende"},"content":{"rendered":"\t\t<div data-elementor-type=\"wp-page\" data-elementor-id=\"2556\" class=\"elementor elementor-2556\" data-elementor-post-type=\"page\">\n\t\t\t\t\t\t<section data-particle_enable=\"false\" data-particle-mobile-disabled=\"false\" class=\"elementor-section elementor-top-section elementor-element elementor-element-c3eab6b elementor-section-boxed elementor-section-height-default elementor-section-height-default\" data-id=\"c3eab6b\" data-element_type=\"section\">\n\t\t\t\t\t\t<div class=\"elementor-container elementor-column-gap-default\">\n\t\t\t\t\t<div class=\"elementor-column elementor-col-100 elementor-top-column elementor-element elementor-element-bf0f547\" data-id=\"bf0f547\" data-element_type=\"column\">\n\t\t\t<div class=\"elementor-widget-wrap elementor-element-populated\">\n\t\t\t\t\t\t\t<\/div>\n\t\t<\/div>\n\t\t\t\t\t<\/div>\n\t\t<\/section>\n\t\t\t\t<section data-particle_enable=\"false\" data-particle-mobile-disabled=\"false\" class=\"elementor-section elementor-top-section elementor-element elementor-element-dca31f6 elementor-section-boxed elementor-section-height-default elementor-section-height-default\" data-id=\"dca31f6\" data-element_type=\"section\">\n\t\t\t\t\t\t<div class=\"elementor-container elementor-column-gap-default\">\n\t\t\t\t\t<div class=\"elementor-column elementor-col-100 elementor-top-column elementor-element elementor-element-c4791b2\" data-id=\"c4791b2\" data-element_type=\"column\">\n\t\t\t<div class=\"elementor-widget-wrap elementor-element-populated\">\n\t\t\t\t\t\t<div class=\"elementor-element elementor-element-8b866de elementor-widget elementor-widget-heading\" data-id=\"8b866de\" data-element_type=\"widget\" data-widget_type=\"heading.default\">\n\t\t\t\t<div class=\"elementor-widget-container\">\n\t\t\t\t\t<h2 class=\"elementor-heading-title elementor-size-default\">Vortragsinformation <\/h2>\t\t\t\t<\/div>\n\t\t\t\t<\/div>\n\t\t\t\t<div class=\"elementor-element elementor-element-139b6a4 elementor-widget elementor-widget-text-editor\" data-id=\"139b6a4\" data-element_type=\"widget\" data-widget_type=\"text-editor.default\">\n\t\t\t\t<div class=\"elementor-widget-container\">\n\t\t\t\t\t\t\t\t\t<p>Als technische Ausstattung stehen in jedem Vortragssaal ein Notebook und Datenbeamer f\u00fcr eine Power-Point-Pr\u00e4sentation im Format 16:9 mit der Aufl\u00f6sung 1024&#215;768 Pixel zur Verf\u00fcgung. \u00a0Bitte beachten Sie, dass die Verwendung von eigenen Laptops nicht m\u00f6glich ist. Wir bitten alle Referenten (m\/w\/d), Ihre Daten fr\u00fchzeitig in der Medien-Annahme abzugeben bzw. aufzuspielen. In den Vortragss\u00e4len werden keine Medien angenommen. W\u00e4hrend der Sitzung steuert jeder Referent (m\/w\/d) seinen Vortrag selbst per Funk-Presenter, Technikpersonal steht im Raum zur Verf\u00fcgung.<\/p>\t\t\t\t\t\t\t\t<\/div>\n\t\t\t\t<\/div>\n\t\t\t\t<div class=\"elementor-element elementor-element-3625d09 elementor-widget elementor-widget-text-editor\" data-id=\"3625d09\" data-element_type=\"widget\" data-widget_type=\"text-editor.default\">\n\t\t\t\t<div class=\"elementor-widget-container\">\n\t\t\t\t\t\t\t\t\t<p>Vorhandene Hardware:<br \/>PC oder Laptop (Intel CPU), <br \/>mind. 4GB RAM, mind. 200GB HDD, DVD Laufwerk, USB 2.0<\/p>\t\t\t\t\t\t\t\t<\/div>\n\t\t\t\t<\/div>\n\t\t\t\t<div class=\"elementor-element elementor-element-8ac4c28 elementor-widget elementor-widget-text-editor\" data-id=\"8ac4c28\" data-element_type=\"widget\" data-widget_type=\"text-editor.default\">\n\t\t\t\t<div class=\"elementor-widget-container\">\n\t\t\t\t\t\t\t\t\t<p>Vorhandene Software auf den Vortragsrechnern:<\/p><p>OS: Microsoft Windows 7 oder 8 (32 oder 64 bit) <br \/>Office: mind. Microsoft Office 2010 (Word, Excel, PowerPoint), abw\u00e4rtskompatibel<br \/>Anderes: Adobe Acrobat Reader, Quick Time, VLC-Player<\/p>\t\t\t\t\t\t\t\t<\/div>\n\t\t\t\t<\/div>\n\t\t\t\t<div class=\"elementor-element elementor-element-5d019a4 elementor-widget elementor-widget-text-editor\" data-id=\"5d019a4\" data-element_type=\"widget\" data-widget_type=\"text-editor.default\">\n\t\t\t\t<div class=\"elementor-widget-container\">\n\t\t\t\t\t\t\t\t\t<p><strong>Beitr\u00e4ge sollte sp\u00e4testens 1 Std. vor dem Vortrag in der Medienannahme abgegeben werden. Folgen Sie bitte der Ausschilderung vor Ort.<\/strong><\/p>\t\t\t\t\t\t\t\t<\/div>\n\t\t\t\t<\/div>\n\t\t\t\t<div class=\"elementor-element elementor-element-070632e elementor-widget elementor-widget-text-editor\" data-id=\"070632e\" data-element_type=\"widget\" data-widget_type=\"text-editor.default\">\n\t\t\t\t<div class=\"elementor-widget-container\">\n\t\t\t\t\t\t\t\t\t<p><strong>Beachten Sie bitte die Regelung f\u00fcr Vortragende, dass in Ihrer Pr\u00e4sentation Interessenskonflikte der Autoren aufgef\u00fchrt werden. <br \/><\/strong><\/p>\t\t\t\t\t\t\t\t<\/div>\n\t\t\t\t<\/div>\n\t\t\t\t<div class=\"elementor-element elementor-element-a2f5aa5 elementor-widget elementor-widget-text-editor\" data-id=\"a2f5aa5\" data-element_type=\"widget\" data-widget_type=\"text-editor.default\">\n\t\t\t\t<div class=\"elementor-widget-container\">\n\t\t\t\t\t\t\t\t\t<p><strong>Integrierte Videos: <br \/><\/strong>Diese f\u00fchren h\u00e4ufig zu Pr\u00e4sentationsproblemen. Falls Sie auf Videos nicht verzichten k\u00f6nnen, achten Sie bitte bei integrierten Videos darauf, dass diese mit auf den Datentr\u00e4ger kopiert und im selben Verzeichnis wie der Vortrag abgespeichert sind. Bitte testen Sie Datentr\u00e4ger mit integrierten Videos auf verschiedenen Rechnern, um die Integration zu gew\u00e4hrleisten. Eine M\u00f6glichkeit, verschiedene Medien in PowerPoint zu integrieren, ist die PACK&amp;GO-Funktion, die in Microsoft PowerPoint zur Verf\u00fcgung steht, um Vortr\u00e4ge auf anderen Rechnern abspielen zu k\u00f6nnen.<strong><\/strong><\/p>\t\t\t\t\t\t\t\t<\/div>\n\t\t\t\t<\/div>\n\t\t\t\t<div class=\"elementor-element elementor-element-8c0b5a7 elementor-widget elementor-widget-text-editor\" data-id=\"8c0b5a7\" data-element_type=\"widget\" data-widget_type=\"text-editor.default\">\n\t\t\t\t<div class=\"elementor-widget-container\">\n\t\t\t\t\t\t\t\t\t<p><strong>Verwendung von Apple:<br \/><\/strong>Wir bitten Sie Ihren Vortrag kompatibel zu Microsoft Office zu erstellen. F\u00fcr den Test geben Sie Ihren Vortrag bitte im Mediencheck ab. Dieser wird dann mit den dort vorhandenen Rechnern gepr\u00fcft.<br \/>Um einen reibungslosen Ablauf zu gew\u00e4hrleisten gestatten wir nur in Ausnahmef\u00e4llen f\u00fcr den Vortrag Ihren eigenen Apple MacBook zu verwenden. Da es verschiedene Normen gibt, ist der Adapter auf VGA selbst mitzuf\u00fchren. Informieren Sie dringend die Medienannahme rechtzeitig \u00fcber den Wunsch der Verwendung Ihres Apple MacBooks.<\/p>\t\t\t\t\t\t\t\t<\/div>\n\t\t\t\t<\/div>\n\t\t\t\t\t<\/div>\n\t\t<\/div>\n\t\t\t\t\t<\/div>\n\t\t<\/section>\n\t\t\t\t<section data-particle_enable=\"false\" data-particle-mobile-disabled=\"false\" class=\"elementor-section elementor-top-section elementor-element elementor-element-fd53393 elementor-section-boxed elementor-section-height-default elementor-section-height-default\" data-id=\"fd53393\" data-element_type=\"section\">\n\t\t\t\t\t\t<div class=\"elementor-container elementor-column-gap-default\">\n\t\t\t\t\t<div class=\"elementor-column elementor-col-100 elementor-top-column elementor-element elementor-element-cc59a8a\" data-id=\"cc59a8a\" data-element_type=\"column\">\n\t\t\t<div class=\"elementor-widget-wrap elementor-element-populated\">\n\t\t\t\t\t\t<div class=\"elementor-element elementor-element-b3aeaf3 elementor-widget elementor-widget-heading\" data-id=\"b3aeaf3\" data-element_type=\"widget\" data-widget_type=\"heading.default\">\n\t\t\t\t<div class=\"elementor-widget-container\">\n\t\t\t\t\t<h2 class=\"elementor-heading-title elementor-size-default\">Posterinformation<\/h2>\t\t\t\t<\/div>\n\t\t\t\t<\/div>\n\t\t\t\t<div class=\"elementor-element elementor-element-af15b29 elementor-widget elementor-widget-text-editor\" data-id=\"af15b29\" data-element_type=\"widget\" data-widget_type=\"text-editor.default\">\n\t\t\t\t<div class=\"elementor-widget-container\">\n\t\t\t\t\t\t\t\t\t<p>Die wissenschaftlichen Poster-Ausstellung findet im Forum im Erdgeschoss statt.<br \/>Beachten Sie bitte die Regelung f\u00fcr Vortragende, dass in Ihrer Pr\u00e4sentation Interessenskonflikte der Autoren aufgef\u00fchrt werden.\u00a0<\/p>\t\t\t\t\t\t\t\t<\/div>\n\t\t\t\t<\/div>\n\t\t\t\t<div class=\"elementor-element elementor-element-9705468 elementor-widget elementor-widget-text-editor\" data-id=\"9705468\" data-element_type=\"widget\" data-widget_type=\"text-editor.default\">\n\t\t\t\t<div class=\"elementor-widget-container\">\n\t\t\t\t\t\t\t\t\t<p>Alle Poster- Beitr\u00e4ge werden w\u00e4hrend des gesamten Kongresses ausgestellt sein. Das Anbringen der Poster sollte bitte am 29.06.2023 bis 08:30 Uhr erfolgen.<\/p>\t\t\t\t\t\t\t\t<\/div>\n\t\t\t\t<\/div>\n\t\t\t\t<div class=\"elementor-element elementor-element-a5b004d elementor-widget elementor-widget-text-editor\" data-id=\"a5b004d\" data-element_type=\"widget\" data-widget_type=\"text-editor.default\">\n\t\t\t\t<div class=\"elementor-widget-container\">\n\t\t\t\t\t\t\t\t\t<p>Bitte entnehmen Sie Ihre Poster-Nummer dem Programm und befestigen Sie das Poster an der f\u00fcr Sie vorgesehenen gekennzeichneten Stellwand. Befestigungsmaterial wird zur Verf\u00fcgung gestellt.<\/p>\t\t\t\t\t\t\t\t<\/div>\n\t\t\t\t<\/div>\n\t\t\t\t<div class=\"elementor-element elementor-element-521e70d elementor-widget elementor-widget-text-editor\" data-id=\"521e70d\" data-element_type=\"widget\" data-widget_type=\"text-editor.default\">\n\t\t\t\t<div class=\"elementor-widget-container\">\n\t\t\t\t\t\t\t\t\t<table>\n<tbody>\n<tr>\n<td><strong>Postersession 1&nbsp;<\/strong><br>Pr\u00e4sentation und Diskussion:<\/td>\n<td><strong>29.06.2023<\/strong><br>12:30 Uhr &#8211; 13:30 Uhr<\/td>\n<td><strong>Forum im EG<\/strong><\/td>\n<\/tr>\n<tr>\n<td><strong>Postersession 2<\/strong><br>Pr\u00e4sentation und Diskussion:<\/td>\n<td><strong>30.06.2023<\/strong><br>9:45 Uhr &#8211; 10:45 Uhr<\/td>\n<td><strong>Forum im EG<\/strong><\/td>\n<\/tr>\n<\/tbody>\n<\/table>\t\t\t\t\t\t\t\t<\/div>\n\t\t\t\t<\/div>\n\t\t\t\t<div class=\"elementor-element elementor-element-1d6124b elementor-widget elementor-widget-text-editor\" data-id=\"1d6124b\" data-element_type=\"widget\" data-widget_type=\"text-editor.default\">\n\t\t\t\t<div class=\"elementor-widget-container\">\n\t\t\t\t\t\t\t\t\t<p><strong>Format des Posters<\/strong>: Poster im Format DIN A0 im Hochform<strong> <br \/><\/strong><\/p>\t\t\t\t\t\t\t\t<\/div>\n\t\t\t\t<\/div>\n\t\t\t\t<div class=\"elementor-element elementor-element-1b63be6 elementor-widget elementor-widget-text-editor\" data-id=\"1b63be6\" data-element_type=\"widget\" data-widget_type=\"text-editor.default\">\n\t\t\t\t<div class=\"elementor-widget-container\">\n\t\t\t\t\t\t\t\t\t<p><strong>Ablauf Postersitzung:<\/strong><\/p><p>F\u00fcr die Kurzpr\u00e4sentation des Posters planen Sie bitte mit einer L\u00e4nge von maximal 3 Minuten + 1 Minute f\u00fcr Diskussion. Ihre Kurzpr\u00e4sentation k\u00f6nnen Sie optional mit einer digitalen Pr\u00e4sentation (maximal 2 PowerPoint-Folien) unterst\u00fctzen. <br \/>Um Einhaltung der vorgegebenen Zeit wird gebeten.<\/p><p><strong>Ihre Kurzpr\u00e4sentation sollte sp\u00e4testens 1 Std. vor der Postersitzung in der Medienannahme abgegeben werden. Folgen Sie bitte der Ausschilderung vor Ort.<\/strong><\/p><p><br \/><strong><\/strong><\/p>\t\t\t\t\t\t\t\t<\/div>\n\t\t\t\t<\/div>\n\t\t\t\t<div class=\"elementor-element elementor-element-644bd64 elementor-widget elementor-widget-text-editor\" data-id=\"644bd64\" data-element_type=\"widget\" data-widget_type=\"text-editor.default\">\n\t\t\t\t<div class=\"elementor-widget-container\">\n\t\t\t\t\t\t\t\t\t<p><strong>! <\/strong><strong>Wir bitten Sie, die Poster am Freitag, 30.06.2023 nach Ende des Kongresses wieder abzunehmen. Nicht abgeholte Poster werden nicht aufbewahrt.<\/strong><\/p>\t\t\t\t\t\t\t\t<\/div>\n\t\t\t\t<\/div>\n\t\t\t\t\t<\/div>\n\t\t<\/div>\n\t\t\t\t\t<\/div>\n\t\t<\/section>\n\t\t\t\t<\/div>\n\t\t","protected":false},"excerpt":{"rendered":"<p>Vortragsinformation Als technische Ausstattung stehen in jedem Vortragssaal ein Notebook und Datenbeamer f\u00fcr eine Power-Point-Pr\u00e4sentation im Format 16:9 mit der Aufl\u00f6sung 1024&#215;768 Pixel zur Verf\u00fcgung. \u00a0Bitte beachten Sie, dass die Verwendung von eigenen Laptops nicht m\u00f6glich ist. Wir bitten alle Referenten (m\/w\/d), Ihre Daten fr\u00fchzeitig in der Medien-Annahme abzugeben bzw. aufzuspielen. In den Vortragss\u00e4len werden [&hellip;]<\/p>\n","protected":false},"author":5,"featured_media":0,"parent":141,"menu_order":3,"comment_status":"closed","ping_status":"closed","template":"","meta":{"ocean_post_layout":"","ocean_both_sidebars_style":"","ocean_both_sidebars_content_width":0,"ocean_both_sidebars_sidebars_width":0,"ocean_sidebar":"0","ocean_second_sidebar":"0","ocean_disable_margins":"enable","ocean_add_body_class":"","ocean_shortcode_before_top_bar":"","ocean_shortcode_after_top_bar":"","ocean_shortcode_before_header":"","ocean_shortcode_after_header":"","ocean_has_shortcode":"","ocean_shortcode_after_title":"","ocean_shortcode_before_footer_widgets":"","ocean_shortcode_after_footer_widgets":"","ocean_shortcode_before_footer_bottom":"","ocean_shortcode_after_footer_bottom":"","ocean_display_top_bar":"default","ocean_display_header":"default","ocean_header_style":"","ocean_center_header_left_menu":"0","ocean_custom_header_template":"0","ocean_custom_logo":0,"ocean_custom_retina_logo":0,"ocean_custom_logo_max_width":0,"ocean_custom_logo_tablet_max_width":0,"ocean_custom_logo_mobile_max_width":0,"ocean_custom_logo_max_height":0,"ocean_custom_logo_tablet_max_height":0,"ocean_custom_logo_mobile_max_height":0,"ocean_header_custom_menu":"0","ocean_menu_typo_font_family":"0","ocean_menu_typo_font_subset":"","ocean_menu_typo_font_size":0,"ocean_menu_typo_font_size_tablet":0,"ocean_menu_typo_font_size_mobile":0,"ocean_menu_typo_font_size_unit":"px","ocean_menu_typo_font_weight":"","ocean_menu_typo_font_weight_tablet":"","ocean_menu_typo_font_weight_mobile":"","ocean_menu_typo_transform":"","ocean_menu_typo_transform_tablet":"","ocean_menu_typo_transform_mobile":"","ocean_menu_typo_line_height":0,"ocean_menu_typo_line_height_tablet":0,"ocean_menu_typo_line_height_mobile":0,"ocean_menu_typo_line_height_unit":"","ocean_menu_typo_spacing":0,"ocean_menu_typo_spacing_tablet":0,"ocean_menu_typo_spacing_mobile":0,"ocean_menu_typo_spacing_unit":"","ocean_menu_link_color":"","ocean_menu_link_color_hover":"","ocean_menu_link_color_active":"","ocean_menu_link_background":"","ocean_menu_link_hover_background":"","ocean_menu_link_active_background":"","ocean_menu_social_links_bg":"","ocean_menu_social_hover_links_bg":"","ocean_menu_social_links_color":"","ocean_menu_social_hover_links_color":"","ocean_disable_title":"default","ocean_disable_heading":"default","ocean_post_title":"","ocean_post_subheading":"","ocean_post_title_style":"","ocean_post_title_background_color":"","ocean_post_title_background":0,"ocean_post_title_bg_image_position":"","ocean_post_title_bg_image_attachment":"","ocean_post_title_bg_image_repeat":"","ocean_post_title_bg_image_size":"","ocean_post_title_height":0,"ocean_post_title_bg_overlay":0.5,"ocean_post_title_bg_overlay_color":"","ocean_disable_breadcrumbs":"default","ocean_breadcrumbs_color":"","ocean_breadcrumbs_separator_color":"","ocean_breadcrumbs_links_color":"","ocean_breadcrumbs_links_hover_color":"","ocean_display_footer_widgets":"default","ocean_display_footer_bottom":"default","ocean_custom_footer_template":"0","footnotes":""},"class_list":["post-2556","page","type-page","status-publish","hentry","entry"],"yoast_head":"<!-- This site is optimized with the Yoast SEO plugin v26.7 - https:\/\/yoast.com\/wordpress\/plugins\/seo\/ -->\n<title>Hinweise f\u00fcr Vortragende - 17. Nordkongress Urologie<\/title>\n<meta name=\"robots\" content=\"index, follow, max-snippet:-1, max-image-preview:large, max-video-preview:-1\" \/>\n<link rel=\"canonical\" href=\"https:\/\/www.nordkongress-urologie.de\/2023\/informationen\/hinweise-fuer-vortragende\/\" \/>\n<meta property=\"og:locale\" content=\"de_DE\" \/>\n<meta property=\"og:type\" content=\"article\" \/>\n<meta property=\"og:title\" content=\"Hinweise f\u00fcr Vortragende - 17. Nordkongress Urologie\" \/>\n<meta property=\"og:description\" content=\"Vortragsinformation Als technische Ausstattung stehen in jedem Vortragssaal ein Notebook und Datenbeamer f\u00fcr eine Power-Point-Pr\u00e4sentation im Format 16:9 mit der Aufl\u00f6sung 1024&#215;768 Pixel zur Verf\u00fcgung. \u00a0Bitte beachten Sie, dass die Verwendung von eigenen Laptops nicht m\u00f6glich ist. Wir bitten alle Referenten (m\/w\/d), Ihre Daten fr\u00fchzeitig in der Medien-Annahme abzugeben bzw. aufzuspielen. In den Vortragss\u00e4len werden [&hellip;]\" \/>\n<meta property=\"og:url\" content=\"https:\/\/www.nordkongress-urologie.de\/2023\/informationen\/hinweise-fuer-vortragende\/\" \/>\n<meta property=\"og:site_name\" content=\"17. Nordkongress Urologie\" \/>\n<meta property=\"article:modified_time\" content=\"2023-05-03T15:46:45+00:00\" \/>\n<meta name=\"twitter:card\" content=\"summary_large_image\" \/>\n<meta name=\"twitter:label1\" content=\"Gesch\u00e4tzte Lesezeit\" \/>\n\t<meta name=\"twitter:data1\" content=\"3\u00a0Minuten\" \/>\n<script type=\"application\/ld+json\" class=\"yoast-schema-graph\">{\"@context\":\"https:\/\/schema.org\",\"@graph\":[{\"@type\":\"WebPage\",\"@id\":\"https:\/\/www.nordkongress-urologie.de\/2023\/informationen\/hinweise-fuer-vortragende\/\",\"url\":\"https:\/\/www.nordkongress-urologie.de\/2023\/informationen\/hinweise-fuer-vortragende\/\",\"name\":\"Hinweise f\u00fcr Vortragende - 17. Nordkongress Urologie\",\"isPartOf\":{\"@id\":\"https:\/\/www.nordkongress-urologie.de\/2023\/#website\"},\"datePublished\":\"2022-04-12T12:33:48+00:00\",\"dateModified\":\"2023-05-03T15:46:45+00:00\",\"breadcrumb\":{\"@id\":\"https:\/\/www.nordkongress-urologie.de\/2023\/informationen\/hinweise-fuer-vortragende\/#breadcrumb\"},\"inLanguage\":\"de\",\"potentialAction\":[{\"@type\":\"ReadAction\",\"target\":[\"https:\/\/www.nordkongress-urologie.de\/2023\/informationen\/hinweise-fuer-vortragende\/\"]}]},{\"@type\":\"BreadcrumbList\",\"@id\":\"https:\/\/www.nordkongress-urologie.de\/2023\/informationen\/hinweise-fuer-vortragende\/#breadcrumb\",\"itemListElement\":[{\"@type\":\"ListItem\",\"position\":1,\"name\":\"Startseite\",\"item\":\"https:\/\/www.nordkongress-urologie.de\/2023\/\"},{\"@type\":\"ListItem\",\"position\":2,\"name\":\"Allgemeine Informationen\",\"item\":\"https:\/\/www.nordkongress-urologie.de\/2023\/informationen\/\"},{\"@type\":\"ListItem\",\"position\":3,\"name\":\"Hinweise f\u00fcr Vortragende\"}]},{\"@type\":\"WebSite\",\"@id\":\"https:\/\/www.nordkongress-urologie.de\/2023\/#website\",\"url\":\"https:\/\/www.nordkongress-urologie.de\/2023\/\",\"name\":\"17. Nordkongress Urologie\",\"description\":\"Interdisziplinarit\u00e4t - gemeinsam st\u00e4rker, 28. bis 30. Juni 2023 in L\u00fcneburg\",\"potentialAction\":[{\"@type\":\"SearchAction\",\"target\":{\"@type\":\"EntryPoint\",\"urlTemplate\":\"https:\/\/www.nordkongress-urologie.de\/2023\/?s={search_term_string}\"},\"query-input\":{\"@type\":\"PropertyValueSpecification\",\"valueRequired\":true,\"valueName\":\"search_term_string\"}}],\"inLanguage\":\"de\"}]}<\/script>\n<!-- \/ Yoast SEO plugin. -->","yoast_head_json":{"title":"Hinweise f\u00fcr Vortragende - 17. Nordkongress Urologie","robots":{"index":"index","follow":"follow","max-snippet":"max-snippet:-1","max-image-preview":"max-image-preview:large","max-video-preview":"max-video-preview:-1"},"canonical":"https:\/\/www.nordkongress-urologie.de\/2023\/informationen\/hinweise-fuer-vortragende\/","og_locale":"de_DE","og_type":"article","og_title":"Hinweise f\u00fcr Vortragende - 17. Nordkongress Urologie","og_description":"Vortragsinformation Als technische Ausstattung stehen in jedem Vortragssaal ein Notebook und Datenbeamer f\u00fcr eine Power-Point-Pr\u00e4sentation im Format 16:9 mit der Aufl\u00f6sung 1024&#215;768 Pixel zur Verf\u00fcgung. \u00a0Bitte beachten Sie, dass die Verwendung von eigenen Laptops nicht m\u00f6glich ist. Wir bitten alle Referenten (m\/w\/d), Ihre Daten fr\u00fchzeitig in der Medien-Annahme abzugeben bzw. aufzuspielen. In den Vortragss\u00e4len werden [&hellip;]","og_url":"https:\/\/www.nordkongress-urologie.de\/2023\/informationen\/hinweise-fuer-vortragende\/","og_site_name":"17. Nordkongress Urologie","article_modified_time":"2023-05-03T15:46:45+00:00","twitter_card":"summary_large_image","twitter_misc":{"Gesch\u00e4tzte Lesezeit":"3\u00a0Minuten"},"schema":{"@context":"https:\/\/schema.org","@graph":[{"@type":"WebPage","@id":"https:\/\/www.nordkongress-urologie.de\/2023\/informationen\/hinweise-fuer-vortragende\/","url":"https:\/\/www.nordkongress-urologie.de\/2023\/informationen\/hinweise-fuer-vortragende\/","name":"Hinweise f\u00fcr Vortragende - 17. Nordkongress Urologie","isPartOf":{"@id":"https:\/\/www.nordkongress-urologie.de\/2023\/#website"},"datePublished":"2022-04-12T12:33:48+00:00","dateModified":"2023-05-03T15:46:45+00:00","breadcrumb":{"@id":"https:\/\/www.nordkongress-urologie.de\/2023\/informationen\/hinweise-fuer-vortragende\/#breadcrumb"},"inLanguage":"de","potentialAction":[{"@type":"ReadAction","target":["https:\/\/www.nordkongress-urologie.de\/2023\/informationen\/hinweise-fuer-vortragende\/"]}]},{"@type":"BreadcrumbList","@id":"https:\/\/www.nordkongress-urologie.de\/2023\/informationen\/hinweise-fuer-vortragende\/#breadcrumb","itemListElement":[{"@type":"ListItem","position":1,"name":"Startseite","item":"https:\/\/www.nordkongress-urologie.de\/2023\/"},{"@type":"ListItem","position":2,"name":"Allgemeine Informationen","item":"https:\/\/www.nordkongress-urologie.de\/2023\/informationen\/"},{"@type":"ListItem","position":3,"name":"Hinweise f\u00fcr Vortragende"}]},{"@type":"WebSite","@id":"https:\/\/www.nordkongress-urologie.de\/2023\/#website","url":"https:\/\/www.nordkongress-urologie.de\/2023\/","name":"17. Nordkongress Urologie","description":"Interdisziplinarit\u00e4t - gemeinsam st\u00e4rker, 28. bis 30. Juni 2023 in L\u00fcneburg","potentialAction":[{"@type":"SearchAction","target":{"@type":"EntryPoint","urlTemplate":"https:\/\/www.nordkongress-urologie.de\/2023\/?s={search_term_string}"},"query-input":{"@type":"PropertyValueSpecification","valueRequired":true,"valueName":"search_term_string"}}],"inLanguage":"de"}]}},"_links":{"self":[{"href":"https:\/\/www.nordkongress-urologie.de\/2023\/wp-json\/wp\/v2\/pages\/2556","targetHints":{"allow":["GET"]}}],"collection":[{"href":"https:\/\/www.nordkongress-urologie.de\/2023\/wp-json\/wp\/v2\/pages"}],"about":[{"href":"https:\/\/www.nordkongress-urologie.de\/2023\/wp-json\/wp\/v2\/types\/page"}],"author":[{"embeddable":true,"href":"https:\/\/www.nordkongress-urologie.de\/2023\/wp-json\/wp\/v2\/users\/5"}],"replies":[{"embeddable":true,"href":"https:\/\/www.nordkongress-urologie.de\/2023\/wp-json\/wp\/v2\/comments?post=2556"}],"version-history":[{"count":15,"href":"https:\/\/www.nordkongress-urologie.de\/2023\/wp-json\/wp\/v2\/pages\/2556\/revisions"}],"predecessor-version":[{"id":3343,"href":"https:\/\/www.nordkongress-urologie.de\/2023\/wp-json\/wp\/v2\/pages\/2556\/revisions\/3343"}],"up":[{"embeddable":true,"href":"https:\/\/www.nordkongress-urologie.de\/2023\/wp-json\/wp\/v2\/pages\/141"}],"wp:attachment":[{"href":"https:\/\/www.nordkongress-urologie.de\/2023\/wp-json\/wp\/v2\/media?parent=2556"}],"curies":[{"name":"wp","href":"https:\/\/api.w.org\/{rel}","templated":true}]}}