{"id":152,"date":"2020-07-21T14:17:30","date_gmt":"2020-07-21T12:17:30","guid":{"rendered":"https:\/\/www.nordkongress-urologie.de\/2024\/?page_id=152"},"modified":"2024-02-02T09:55:35","modified_gmt":"2024-02-02T08:55:35","slug":"fortbildungspunkte","status":"publish","type":"page","link":"https:\/\/www.nordkongress-urologie.de\/2024\/informationen\/fortbildungspunkte\/","title":{"rendered":"Fortbildungspunkte"},"content":{"rendered":"\t\t<div data-elementor-type=\"wp-page\" data-elementor-id=\"152\" class=\"elementor elementor-152\" data-elementor-post-type=\"page\">\n\t\t\t\t\t\t<section data-particle_enable=\"false\" data-particle-mobile-disabled=\"false\" class=\"elementor-section elementor-top-section elementor-element elementor-element-c3eab6b elementor-section-boxed elementor-section-height-default elementor-section-height-default\" data-id=\"c3eab6b\" data-element_type=\"section\">\n\t\t\t\t\t\t<div class=\"elementor-container elementor-column-gap-default\">\n\t\t\t\t\t<div class=\"elementor-column elementor-col-100 elementor-top-column elementor-element elementor-element-bf0f547\" data-id=\"bf0f547\" data-element_type=\"column\">\n\t\t\t<div class=\"elementor-widget-wrap elementor-element-populated\">\n\t\t\t\t\t\t<div class=\"elementor-element elementor-element-1dc5900 elementor-widget elementor-widget-text-editor\" data-id=\"1dc5900\" data-element_type=\"widget\" data-widget_type=\"text-editor.default\">\n\t\t\t\t<div class=\"elementor-widget-container\">\n\t\t\t\t\t\t\t\t\t<p>Der Nordkongress Urologie 2024 wird bei der \u00c4rztekammer Schleswig-Holstein zur Zertifizierung beantragt.<\/p><p>Das Programm f\u00fcr Pflege- und Assistenzpersonal wird \u00fcber die\u00a0<strong>Registrierung beruflich Pflegender<\/strong>\u00a0zur Zertifizierung beantragt.\u00a0<\/p>\t\t\t\t\t\t\t\t<\/div>\n\t\t\t\t<\/div>\n\t\t\t\t<div class=\"elementor-element elementor-element-f0c947f elementor-widget elementor-widget-heading\" data-id=\"f0c947f\" data-element_type=\"widget\" data-widget_type=\"heading.default\">\n\t\t\t\t<div class=\"elementor-widget-container\">\n\t\t\t\t\t<h2 class=\"elementor-heading-title elementor-size-default\">Teilnahmebescheinigung<\/h2>\t\t\t\t<\/div>\n\t\t\t\t<\/div>\n\t\t\t\t<div class=\"elementor-element elementor-element-33b55f2 elementor-widget elementor-widget-text-editor\" data-id=\"33b55f2\" data-element_type=\"widget\" data-widget_type=\"text-editor.default\">\n\t\t\t\t<div class=\"elementor-widget-container\">\n\t\t\t\t\t\t\t\t\t<p>F\u00fcr den Erhalt einer Teilnahmebescheinigung jeder Art ist die Erfassung Ihrer Anwesenheit zwingend erforderlich. Lassen Sie hierzu bitte Ihr Namenschild <strong><u>t\u00e4glich<\/u><\/strong> an der Anwesenheitserfassung einscannen.<\/p>\t\t\t\t\t\t\t\t<\/div>\n\t\t\t\t<\/div>\n\t\t\t\t\t<\/div>\n\t\t<\/div>\n\t\t\t\t\t<\/div>\n\t\t<\/section>\n\t\t\t\t<section data-particle_enable=\"false\" data-particle-mobile-disabled=\"false\" class=\"elementor-section elementor-top-section elementor-element elementor-element-02df4a0 elementor-hidden-desktop elementor-hidden-tablet elementor-hidden-mobile elementor-section-boxed elementor-section-height-default elementor-section-height-default\" data-id=\"02df4a0\" data-element_type=\"section\">\n\t\t\t\t\t\t<div class=\"elementor-container elementor-column-gap-default\">\n\t\t\t\t\t<div class=\"elementor-column elementor-col-100 elementor-top-column elementor-element elementor-element-4b4182e\" data-id=\"4b4182e\" data-element_type=\"column\">\n\t\t\t<div class=\"elementor-widget-wrap elementor-element-populated\">\n\t\t\t\t\t\t<div class=\"elementor-element elementor-element-7517d66 elementor-widget elementor-widget-text-editor\" data-id=\"7517d66\" data-element_type=\"widget\" data-widget_type=\"text-editor.default\">\n\t\t\t\t<div class=\"elementor-widget-container\">\n\t\t\t\t\t\t\t\t\t<p>Der <strong>17. Nordkongress Urologie<\/strong> ist eine&nbsp;von der \u00c4rztekammer Niedersachsen zertifizierte Veranstaltung. F\u00fcr den vollst\u00e4ndigen Besuch der Kongresstage werden Ihnen folgende CME-Punkte bescheinigt:<\/p>\n<p>29.06.2023: 06 Punkte Kategorie B<br>30.06.2023: 06 Punkte Kategorie B<\/p>\t\t\t\t\t\t\t\t<\/div>\n\t\t\t\t<\/div>\n\t\t\t\t<div class=\"elementor-element elementor-element-144de35 elementor-widget elementor-widget-text-editor\" data-id=\"144de35\" data-element_type=\"widget\" data-widget_type=\"text-editor.default\">\n\t\t\t\t<div class=\"elementor-widget-container\">\n\t\t\t\t\t\t\t\t\t<p>F\u00fcr den Besuch der Kurse am 28.06.2023 im Domero Hotel Bergstr\u00f6m in L\u00fcneburg (Teilnahme am Kurs muss separat gebucht werden und ist nicht im Kongressticket enthalten!) erhalten Sie folgende CME-Punkte bescheinigt:<\/p><p>Workshop Antibiotikatherapie:<br \/>04 Punkte Kategorie C<\/p><p>Workshop Endoskopie hands on: Ureterorenoskopie:<br \/>04 Punkte Kategorie C<\/p><p>Workshop Urosonographie \u2013 Update 2023:<br \/>05 Punkte Kategorie C<\/p>\t\t\t\t\t\t\t\t<\/div>\n\t\t\t\t<\/div>\n\t\t\t\t<div class=\"elementor-element elementor-element-5548895 elementor-widget elementor-widget-text-editor\" data-id=\"5548895\" data-element_type=\"widget\" data-widget_type=\"text-editor.default\">\n\t\t\t\t<div class=\"elementor-widget-container\">\n\t\t\t\t\t\t\t\t\t<p>Der Kurs\u00a0Urosonographie 2023 \u2013 f\u00fcr Einsteiger und Fortgeschrittene (mit live-Ultraschall)\u00a0am\u00a028.06.2023\u00a0wurde von der\u00a0DEGUM zertifiziert.\u00a0<\/p>\t\t\t\t\t\t\t\t<\/div>\n\t\t\t\t<\/div>\n\t\t\t\t\t<\/div>\n\t\t<\/div>\n\t\t\t\t\t<\/div>\n\t\t<\/section>\n\t\t\t\t<\/div>\n\t\t","protected":false},"excerpt":{"rendered":"<p>Der Nordkongress Urologie 2024 wird bei der \u00c4rztekammer Schleswig-Holstein zur Zertifizierung beantragt. Das Programm f\u00fcr Pflege- und Assistenzpersonal wird \u00fcber die\u00a0Registrierung beruflich Pflegender\u00a0zur Zertifizierung beantragt.\u00a0 Teilnahmebescheinigung F\u00fcr den Erhalt einer Teilnahmebescheinigung jeder Art ist die Erfassung Ihrer Anwesenheit zwingend erforderlich. Lassen Sie hierzu bitte Ihr Namenschild t\u00e4glich an der Anwesenheitserfassung einscannen. Der 17. Nordkongress Urologie [&hellip;]<\/p>\n","protected":false},"author":8,"featured_media":0,"parent":141,"menu_order":6,"comment_status":"closed","ping_status":"closed","template":"","meta":{"inline_featured_image":false,"ocean_post_layout":"","ocean_both_sidebars_style":"","ocean_both_sidebars_content_width":0,"ocean_both_sidebars_sidebars_width":0,"ocean_sidebar":"0","ocean_second_sidebar":"0","ocean_disable_margins":"enable","ocean_add_body_class":"","ocean_shortcode_before_top_bar":"","ocean_shortcode_after_top_bar":"","ocean_shortcode_before_header":"","ocean_shortcode_after_header":"","ocean_has_shortcode":"","ocean_shortcode_after_title":"","ocean_shortcode_before_footer_widgets":"","ocean_shortcode_after_footer_widgets":"","ocean_shortcode_before_footer_bottom":"","ocean_shortcode_after_footer_bottom":"","ocean_display_top_bar":"default","ocean_display_header":"default","ocean_header_style":"","ocean_center_header_left_menu":"0","ocean_custom_header_template":"0","ocean_custom_logo":0,"ocean_custom_retina_logo":0,"ocean_custom_logo_max_width":0,"ocean_custom_logo_tablet_max_width":0,"ocean_custom_logo_mobile_max_width":0,"ocean_custom_logo_max_height":0,"ocean_custom_logo_tablet_max_height":0,"ocean_custom_logo_mobile_max_height":0,"ocean_header_custom_menu":"0","ocean_menu_typo_font_family":"0","ocean_menu_typo_font_subset":"","ocean_menu_typo_font_size":0,"ocean_menu_typo_font_size_tablet":0,"ocean_menu_typo_font_size_mobile":0,"ocean_menu_typo_font_size_unit":"px","ocean_menu_typo_font_weight":"","ocean_menu_typo_font_weight_tablet":"","ocean_menu_typo_font_weight_mobile":"","ocean_menu_typo_transform":"","ocean_menu_typo_transform_tablet":"","ocean_menu_typo_transform_mobile":"","ocean_menu_typo_line_height":0,"ocean_menu_typo_line_height_tablet":0,"ocean_menu_typo_line_height_mobile":0,"ocean_menu_typo_line_height_unit":"","ocean_menu_typo_spacing":0,"ocean_menu_typo_spacing_tablet":0,"ocean_menu_typo_spacing_mobile":0,"ocean_menu_typo_spacing_unit":"","ocean_menu_link_color":"","ocean_menu_link_color_hover":"","ocean_menu_link_color_active":"","ocean_menu_link_background":"","ocean_menu_link_hover_background":"","ocean_menu_link_active_background":"","ocean_menu_social_links_bg":"","ocean_menu_social_hover_links_bg":"","ocean_menu_social_links_color":"","ocean_menu_social_hover_links_color":"","ocean_disable_title":"default","ocean_disable_heading":"default","ocean_post_title":"","ocean_post_subheading":"","ocean_post_title_style":"","ocean_post_title_background_color":"","ocean_post_title_background":0,"ocean_post_title_bg_image_position":"","ocean_post_title_bg_image_attachment":"","ocean_post_title_bg_image_repeat":"","ocean_post_title_bg_image_size":"","ocean_post_title_height":0,"ocean_post_title_bg_overlay":0.5,"ocean_post_title_bg_overlay_color":"","ocean_disable_breadcrumbs":"default","ocean_breadcrumbs_color":"","ocean_breadcrumbs_separator_color":"","ocean_breadcrumbs_links_color":"","ocean_breadcrumbs_links_hover_color":"","ocean_display_footer_widgets":"default","ocean_display_footer_bottom":"default","ocean_custom_footer_template":"0","footnotes":""},"class_list":["post-152","page","type-page","status-publish","hentry","entry"],"yoast_head":"<!-- This site is optimized with the Yoast SEO plugin v26.7 - https:\/\/yoast.com\/wordpress\/plugins\/seo\/ -->\n<title>Fortbildungspunkte - 18. Nordkongress Urologie<\/title>\n<meta name=\"robots\" content=\"index, follow, max-snippet:-1, max-image-preview:large, max-video-preview:-1\" \/>\n<link rel=\"canonical\" href=\"https:\/\/www.nordkongress-urologie.de\/2024\/informationen\/fortbildungspunkte\/\" \/>\n<meta property=\"og:locale\" content=\"de_DE\" \/>\n<meta property=\"og:type\" content=\"article\" \/>\n<meta property=\"og:title\" content=\"Fortbildungspunkte - 18. Nordkongress Urologie\" \/>\n<meta property=\"og:description\" content=\"Der Nordkongress Urologie 2024 wird bei der \u00c4rztekammer Schleswig-Holstein zur Zertifizierung beantragt. Das Programm f\u00fcr Pflege- und Assistenzpersonal wird \u00fcber die\u00a0Registrierung beruflich Pflegender\u00a0zur Zertifizierung beantragt.\u00a0 Teilnahmebescheinigung F\u00fcr den Erhalt einer Teilnahmebescheinigung jeder Art ist die Erfassung Ihrer Anwesenheit zwingend erforderlich. Lassen Sie hierzu bitte Ihr Namenschild t\u00e4glich an der Anwesenheitserfassung einscannen. Der 17. Nordkongress Urologie [&hellip;]\" \/>\n<meta property=\"og:url\" content=\"https:\/\/www.nordkongress-urologie.de\/2024\/informationen\/fortbildungspunkte\/\" \/>\n<meta property=\"og:site_name\" content=\"18. Nordkongress Urologie\" \/>\n<meta property=\"article:modified_time\" content=\"2024-02-02T08:55:35+00:00\" \/>\n<meta name=\"twitter:card\" content=\"summary_large_image\" \/>\n<meta name=\"twitter:label1\" content=\"Gesch\u00e4tzte Lesezeit\" \/>\n\t<meta name=\"twitter:data1\" content=\"1\u00a0Minute\" \/>\n<script type=\"application\/ld+json\" class=\"yoast-schema-graph\">{\"@context\":\"https:\/\/schema.org\",\"@graph\":[{\"@type\":\"WebPage\",\"@id\":\"https:\/\/www.nordkongress-urologie.de\/2024\/informationen\/fortbildungspunkte\/\",\"url\":\"https:\/\/www.nordkongress-urologie.de\/2024\/informationen\/fortbildungspunkte\/\",\"name\":\"Fortbildungspunkte - 18. Nordkongress Urologie\",\"isPartOf\":{\"@id\":\"https:\/\/www.nordkongress-urologie.de\/2024\/#website\"},\"datePublished\":\"2020-07-21T12:17:30+00:00\",\"dateModified\":\"2024-02-02T08:55:35+00:00\",\"breadcrumb\":{\"@id\":\"https:\/\/www.nordkongress-urologie.de\/2024\/informationen\/fortbildungspunkte\/#breadcrumb\"},\"inLanguage\":\"de\",\"potentialAction\":[{\"@type\":\"ReadAction\",\"target\":[\"https:\/\/www.nordkongress-urologie.de\/2024\/informationen\/fortbildungspunkte\/\"]}]},{\"@type\":\"BreadcrumbList\",\"@id\":\"https:\/\/www.nordkongress-urologie.de\/2024\/informationen\/fortbildungspunkte\/#breadcrumb\",\"itemListElement\":[{\"@type\":\"ListItem\",\"position\":1,\"name\":\"Startseite\",\"item\":\"https:\/\/www.nordkongress-urologie.de\/2024\/\"},{\"@type\":\"ListItem\",\"position\":2,\"name\":\"Allgemeine Informationen\",\"item\":\"https:\/\/www.nordkongress-urologie.de\/2024\/informationen\/\"},{\"@type\":\"ListItem\",\"position\":3,\"name\":\"Fortbildungspunkte\"}]},{\"@type\":\"WebSite\",\"@id\":\"https:\/\/www.nordkongress-urologie.de\/2024\/#website\",\"url\":\"https:\/\/www.nordkongress-urologie.de\/2024\/\",\"name\":\"18. Nordkongress Urologie\",\"description\":\"&quot;Urologie in Bewegung: Ver\u00e4nderung annehmen, Leben verbessern!&quot; - 12. bis 14. Juni 2024 in L\u00fcbeck\",\"potentialAction\":[{\"@type\":\"SearchAction\",\"target\":{\"@type\":\"EntryPoint\",\"urlTemplate\":\"https:\/\/www.nordkongress-urologie.de\/2024\/?s={search_term_string}\"},\"query-input\":{\"@type\":\"PropertyValueSpecification\",\"valueRequired\":true,\"valueName\":\"search_term_string\"}}],\"inLanguage\":\"de\"}]}<\/script>\n<!-- \/ Yoast SEO plugin. -->","yoast_head_json":{"title":"Fortbildungspunkte - 18. Nordkongress Urologie","robots":{"index":"index","follow":"follow","max-snippet":"max-snippet:-1","max-image-preview":"max-image-preview:large","max-video-preview":"max-video-preview:-1"},"canonical":"https:\/\/www.nordkongress-urologie.de\/2024\/informationen\/fortbildungspunkte\/","og_locale":"de_DE","og_type":"article","og_title":"Fortbildungspunkte - 18. Nordkongress Urologie","og_description":"Der Nordkongress Urologie 2024 wird bei der \u00c4rztekammer Schleswig-Holstein zur Zertifizierung beantragt. Das Programm f\u00fcr Pflege- und Assistenzpersonal wird \u00fcber die\u00a0Registrierung beruflich Pflegender\u00a0zur Zertifizierung beantragt.\u00a0 Teilnahmebescheinigung F\u00fcr den Erhalt einer Teilnahmebescheinigung jeder Art ist die Erfassung Ihrer Anwesenheit zwingend erforderlich. Lassen Sie hierzu bitte Ihr Namenschild t\u00e4glich an der Anwesenheitserfassung einscannen. Der 17. Nordkongress Urologie [&hellip;]","og_url":"https:\/\/www.nordkongress-urologie.de\/2024\/informationen\/fortbildungspunkte\/","og_site_name":"18. Nordkongress Urologie","article_modified_time":"2024-02-02T08:55:35+00:00","twitter_card":"summary_large_image","twitter_misc":{"Gesch\u00e4tzte Lesezeit":"1\u00a0Minute"},"schema":{"@context":"https:\/\/schema.org","@graph":[{"@type":"WebPage","@id":"https:\/\/www.nordkongress-urologie.de\/2024\/informationen\/fortbildungspunkte\/","url":"https:\/\/www.nordkongress-urologie.de\/2024\/informationen\/fortbildungspunkte\/","name":"Fortbildungspunkte - 18. Nordkongress Urologie","isPartOf":{"@id":"https:\/\/www.nordkongress-urologie.de\/2024\/#website"},"datePublished":"2020-07-21T12:17:30+00:00","dateModified":"2024-02-02T08:55:35+00:00","breadcrumb":{"@id":"https:\/\/www.nordkongress-urologie.de\/2024\/informationen\/fortbildungspunkte\/#breadcrumb"},"inLanguage":"de","potentialAction":[{"@type":"ReadAction","target":["https:\/\/www.nordkongress-urologie.de\/2024\/informationen\/fortbildungspunkte\/"]}]},{"@type":"BreadcrumbList","@id":"https:\/\/www.nordkongress-urologie.de\/2024\/informationen\/fortbildungspunkte\/#breadcrumb","itemListElement":[{"@type":"ListItem","position":1,"name":"Startseite","item":"https:\/\/www.nordkongress-urologie.de\/2024\/"},{"@type":"ListItem","position":2,"name":"Allgemeine Informationen","item":"https:\/\/www.nordkongress-urologie.de\/2024\/informationen\/"},{"@type":"ListItem","position":3,"name":"Fortbildungspunkte"}]},{"@type":"WebSite","@id":"https:\/\/www.nordkongress-urologie.de\/2024\/#website","url":"https:\/\/www.nordkongress-urologie.de\/2024\/","name":"18. Nordkongress Urologie","description":"&quot;Urologie in Bewegung: Ver\u00e4nderung annehmen, Leben verbessern!&quot; - 12. bis 14. Juni 2024 in L\u00fcbeck","potentialAction":[{"@type":"SearchAction","target":{"@type":"EntryPoint","urlTemplate":"https:\/\/www.nordkongress-urologie.de\/2024\/?s={search_term_string}"},"query-input":{"@type":"PropertyValueSpecification","valueRequired":true,"valueName":"search_term_string"}}],"inLanguage":"de"}]}},"_links":{"self":[{"href":"https:\/\/www.nordkongress-urologie.de\/2024\/wp-json\/wp\/v2\/pages\/152","targetHints":{"allow":["GET"]}}],"collection":[{"href":"https:\/\/www.nordkongress-urologie.de\/2024\/wp-json\/wp\/v2\/pages"}],"about":[{"href":"https:\/\/www.nordkongress-urologie.de\/2024\/wp-json\/wp\/v2\/types\/page"}],"author":[{"embeddable":true,"href":"https:\/\/www.nordkongress-urologie.de\/2024\/wp-json\/wp\/v2\/users\/8"}],"replies":[{"embeddable":true,"href":"https:\/\/www.nordkongress-urologie.de\/2024\/wp-json\/wp\/v2\/comments?post=152"}],"version-history":[{"count":6,"href":"https:\/\/www.nordkongress-urologie.de\/2024\/wp-json\/wp\/v2\/pages\/152\/revisions"}],"predecessor-version":[{"id":4040,"href":"https:\/\/www.nordkongress-urologie.de\/2024\/wp-json\/wp\/v2\/pages\/152\/revisions\/4040"}],"up":[{"embeddable":true,"href":"https:\/\/www.nordkongress-urologie.de\/2024\/wp-json\/wp\/v2\/pages\/141"}],"wp:attachment":[{"href":"https:\/\/www.nordkongress-urologie.de\/2024\/wp-json\/wp\/v2\/media?parent=152"}],"curies":[{"name":"wp","href":"https:\/\/api.w.org\/{rel}","templated":true}]}}