{"id":1660,"date":"2021-09-07T14:47:38","date_gmt":"2021-09-07T12:47:38","guid":{"rendered":"https:\/\/www.nordkongress-urologie.de\/2024\/?page_id=1660"},"modified":"2024-05-02T16:22:32","modified_gmt":"2024-05-02T14:22:32","slug":"veranstaltungsort","status":"publish","type":"page","link":"https:\/\/www.nordkongress-urologie.de\/2024\/veranstaltungsort\/","title":{"rendered":"Veranstaltungsort"},"content":{"rendered":"\t\t<div data-elementor-type=\"wp-page\" data-elementor-id=\"1660\" class=\"elementor elementor-1660\" data-elementor-post-type=\"page\">\n\t\t\t\t\t\t<section data-particle_enable=\"false\" data-particle-mobile-disabled=\"false\" class=\"elementor-section elementor-top-section elementor-element elementor-element-bb0ce69 elementor-section-boxed elementor-section-height-default elementor-section-height-default\" data-id=\"bb0ce69\" data-element_type=\"section\">\n\t\t\t\t\t\t<div class=\"elementor-container elementor-column-gap-default\">\n\t\t\t\t\t<div class=\"elementor-column elementor-col-100 elementor-top-column elementor-element elementor-element-f2c1c8c\" data-id=\"f2c1c8c\" data-element_type=\"column\">\n\t\t\t<div class=\"elementor-widget-wrap elementor-element-populated\">\n\t\t\t\t\t\t<div class=\"elementor-element elementor-element-c0dee51 elementor-widget elementor-widget-heading\" data-id=\"c0dee51\" data-element_type=\"widget\" data-widget_type=\"heading.default\">\n\t\t\t\t<div class=\"elementor-widget-container\">\n\t\t\t\t\t<h1 class=\"elementor-heading-title elementor-size-default\">Veranstaltungsort<\/h1>\t\t\t\t<\/div>\n\t\t\t\t<\/div>\n\t\t\t\t<section data-particle_enable=\"false\" data-particle-mobile-disabled=\"false\" class=\"elementor-section elementor-inner-section elementor-element elementor-element-5f6fe78 elementor-section-boxed elementor-section-height-default elementor-section-height-default\" data-id=\"5f6fe78\" data-element_type=\"section\">\n\t\t\t\t\t\t<div class=\"elementor-container elementor-column-gap-default\">\n\t\t\t\t\t<div class=\"elementor-column elementor-col-50 elementor-inner-column elementor-element elementor-element-0ffe6e9\" data-id=\"0ffe6e9\" data-element_type=\"column\">\n\t\t\t<div class=\"elementor-widget-wrap elementor-element-populated\">\n\t\t\t\t\t\t<div class=\"elementor-element elementor-element-d370e1b elementor-icon-list--layout-traditional elementor-list-item-link-full_width elementor-widget elementor-widget-icon-list\" data-id=\"d370e1b\" data-element_type=\"widget\" data-widget_type=\"icon-list.default\">\n\t\t\t\t<div class=\"elementor-widget-container\">\n\t\t\t\t\t\t\t<ul class=\"elementor-icon-list-items\">\n\t\t\t\t\t\t\t<li class=\"elementor-icon-list-item\">\n\t\t\t\t\t\t\t\t\t\t<span class=\"elementor-icon-list-text\">Musik- und Kongresshalle L\u00fcbeck<\/b><\/span>\n\t\t\t\t\t\t\t\t\t<\/li>\n\t\t\t\t\t\t\t\t<li class=\"elementor-icon-list-item\">\n\t\t\t\t\t\t\t\t\t\t<span class=\"elementor-icon-list-text\">Willy-Brandt-Allee 10, D-23554 L\u00fcbeck<\/span>\n\t\t\t\t\t\t\t\t\t<\/li>\n\t\t\t\t\t\t<\/ul>\n\t\t\t\t\t\t<\/div>\n\t\t\t\t<\/div>\n\t\t\t\t\t<\/div>\n\t\t<\/div>\n\t\t\t\t<div class=\"elementor-column elementor-col-50 elementor-inner-column elementor-element elementor-element-6102e14\" data-id=\"6102e14\" data-element_type=\"column\">\n\t\t\t<div class=\"elementor-widget-wrap elementor-element-populated\">\n\t\t\t\t\t\t<div class=\"elementor-element elementor-element-61f14e6 elementor-widget elementor-widget-google_maps\" data-id=\"61f14e6\" data-element_type=\"widget\" data-widget_type=\"google_maps.default\">\n\t\t\t\t<div class=\"elementor-widget-container\">\n\t\t\t\t\t\t\t<div class=\"elementor-custom-embed\">\n\t\t\t<iframe loading=\"lazy\"\n\t\t\t\t\tsrc=\"https:\/\/maps.google.com\/maps?q=L%C3%BCbecker%20Musik-%20und%20Kongre%C3%9Fhallen%20GmbH%2C%20Willy-Brandt-Allee%2010%2C%20D-23554%20L%C3%BCbeck&#038;t=m&#038;z=14&#038;output=embed&#038;iwloc=near\"\n\t\t\t\t\ttitle=\"L\u00fcbecker Musik- und Kongre\u00dfhallen GmbH, Willy-Brandt-Allee 10, D-23554 L\u00fcbeck\"\n\t\t\t\t\taria-label=\"L\u00fcbecker Musik- und Kongre\u00dfhallen GmbH, Willy-Brandt-Allee 10, D-23554 L\u00fcbeck\"\n\t\t\t><\/iframe>\n\t\t<\/div>\n\t\t\t\t\t\t<\/div>\n\t\t\t\t<\/div>\n\t\t\t\t\t<\/div>\n\t\t<\/div>\n\t\t\t\t\t<\/div>\n\t\t<\/section>\n\t\t\t\t<div class=\"elementor-element elementor-element-ab28e62 elementor-widget elementor-widget-heading\" data-id=\"ab28e62\" data-element_type=\"widget\" data-widget_type=\"heading.default\">\n\t\t\t\t<div class=\"elementor-widget-container\">\n\t\t\t\t\t<h2 class=\"elementor-heading-title elementor-size-default\">Anfahrt <\/h2>\t\t\t\t<\/div>\n\t\t\t\t<\/div>\n\t\t\t\t<section data-particle_enable=\"false\" data-particle-mobile-disabled=\"false\" class=\"elementor-section elementor-inner-section elementor-element elementor-element-5b6f411 elementor-section-boxed elementor-section-height-default elementor-section-height-default\" data-id=\"5b6f411\" data-element_type=\"section\">\n\t\t\t\t\t\t<div class=\"elementor-container elementor-column-gap-default\">\n\t\t\t\t\t<div class=\"elementor-column elementor-col-50 elementor-inner-column elementor-element elementor-element-386bc7c\" data-id=\"386bc7c\" data-element_type=\"column\">\n\t\t\t<div class=\"elementor-widget-wrap elementor-element-populated\">\n\t\t\t\t\t\t<div class=\"elementor-element elementor-element-628f639 elementor-view-default elementor-widget elementor-widget-icon\" data-id=\"628f639\" data-element_type=\"widget\" data-widget_type=\"icon.default\">\n\t\t\t\t<div class=\"elementor-widget-container\">\n\t\t\t\t\t\t\t<div class=\"elementor-icon-wrapper\">\n\t\t\t<div class=\"elementor-icon\">\n\t\t\t<svg aria-hidden=\"true\" class=\"e-font-icon-svg e-fas-train\" viewBox=\"0 0 448 512\" xmlns=\"http:\/\/www.w3.org\/2000\/svg\"><path d=\"M448 96v256c0 51.815-61.624 96-130.022 96l62.98 49.721C386.905 502.417 383.562 512 376 512H72c-7.578 0-10.892-9.594-4.957-14.279L130.022 448C61.82 448 0 403.954 0 352V96C0 42.981 64 0 128 0h192c65 0 128 42.981 128 96zm-48 136V120c0-13.255-10.745-24-24-24H72c-13.255 0-24 10.745-24 24v112c0 13.255 10.745 24 24 24h304c13.255 0 24-10.745 24-24zm-176 64c-30.928 0-56 25.072-56 56s25.072 56 56 56 56-25.072 56-56-25.072-56-56-56z\"><\/path><\/svg>\t\t\t<\/div>\n\t\t<\/div>\n\t\t\t\t\t\t<\/div>\n\t\t\t\t<\/div>\n\t\t\t\t\t<\/div>\n\t\t<\/div>\n\t\t\t\t<div class=\"elementor-column elementor-col-50 elementor-inner-column elementor-element elementor-element-77804c3\" data-id=\"77804c3\" data-element_type=\"column\">\n\t\t\t<div class=\"elementor-widget-wrap elementor-element-populated\">\n\t\t\t\t\t\t<div class=\"elementor-element elementor-element-ddf311d elementor-widget elementor-widget-text-editor\" data-id=\"ddf311d\" data-element_type=\"widget\" data-widget_type=\"text-editor.default\">\n\t\t\t\t<div class=\"elementor-widget-container\">\n\t\t\t\t\t\t\t\t\t<p>Der L\u00fcbecker Bahnhof liegt in Sichtweite der Musik- und Kongresshalle, zu Fu\u00df ca. 10 Minuten entfernt. Die Bahn bietet komfortable Reisem\u00f6glichkeiten ins gesamte Bundesgebiet mit M\u00f6glichkeiten der Weiterreise an, z.B. zu den internationalen Flugh\u00e4fen in Hamburg, Frankfurt oder Berlin.<\/p>\n<p>Fahrtzeiten:<br>nach Kiel: ca. 80 Minuten<br>nach Hamburg: ca. 45 Minuten<br>nach Berlin: ca. 2 Stunden und 50 Minuten<br>nach M\u00fcnchen: ca. 7 Stunden<\/p><ul>\n<\/ul>\t\t\t\t\t\t\t\t<\/div>\n\t\t\t\t<\/div>\n\t\t\t\t\t<\/div>\n\t\t<\/div>\n\t\t\t\t\t<\/div>\n\t\t<\/section>\n\t\t\t\t<section data-particle_enable=\"false\" data-particle-mobile-disabled=\"false\" class=\"elementor-section elementor-inner-section elementor-element elementor-element-1db556a elementor-section-boxed elementor-section-height-default elementor-section-height-default\" data-id=\"1db556a\" data-element_type=\"section\">\n\t\t\t\t\t\t<div class=\"elementor-container elementor-column-gap-default\">\n\t\t\t\t\t<div class=\"elementor-column elementor-col-50 elementor-inner-column elementor-element elementor-element-81acfb3\" data-id=\"81acfb3\" data-element_type=\"column\">\n\t\t\t<div class=\"elementor-widget-wrap elementor-element-populated\">\n\t\t\t\t\t\t<div class=\"elementor-element elementor-element-12b8e25 elementor-view-default elementor-widget elementor-widget-icon\" data-id=\"12b8e25\" data-element_type=\"widget\" data-widget_type=\"icon.default\">\n\t\t\t\t<div class=\"elementor-widget-container\">\n\t\t\t\t\t\t\t<div class=\"elementor-icon-wrapper\">\n\t\t\t<div class=\"elementor-icon\">\n\t\t\t<svg aria-hidden=\"true\" class=\"e-font-icon-svg e-fas-plane\" viewBox=\"0 0 576 512\" xmlns=\"http:\/\/www.w3.org\/2000\/svg\"><path d=\"M480 192H365.71L260.61 8.06A16.014 16.014 0 0 0 246.71 0h-65.5c-10.63 0-18.3 10.17-15.38 20.39L214.86 192H112l-43.2-57.6c-3.02-4.03-7.77-6.4-12.8-6.4H16.01C5.6 128-2.04 137.78.49 147.88L32 256 .49 364.12C-2.04 374.22 5.6 384 16.01 384H56c5.04 0 9.78-2.37 12.8-6.4L112 320h102.86l-49.03 171.6c-2.92 10.22 4.75 20.4 15.38 20.4h65.5c5.74 0 11.04-3.08 13.89-8.06L365.71 320H480c35.35 0 96-28.65 96-64s-60.65-64-96-64z\"><\/path><\/svg>\t\t\t<\/div>\n\t\t<\/div>\n\t\t\t\t\t\t<\/div>\n\t\t\t\t<\/div>\n\t\t\t\t\t<\/div>\n\t\t<\/div>\n\t\t\t\t<div class=\"elementor-column elementor-col-50 elementor-inner-column elementor-element elementor-element-332ddc2\" data-id=\"332ddc2\" data-element_type=\"column\">\n\t\t\t<div class=\"elementor-widget-wrap elementor-element-populated\">\n\t\t\t\t\t\t<div class=\"elementor-element elementor-element-4e71310 elementor-widget elementor-widget-text-editor\" data-id=\"4e71310\" data-element_type=\"widget\" data-widget_type=\"text-editor.default\">\n\t\t\t\t<div class=\"elementor-widget-container\">\n\t\t\t\t\t\t\t\t\tVom Linienflughafen Hamburg-Fuhlsb\u00fcttel erreichen Sie die MuK innerhalb einer knappen Stunde mit komfortablen Shuttle-Diensten. Der Flughafen ist durch eine eigene Bahnhaltestelle an das Netz der Deutschen Bundesbahn angeschlossen. Die Fahrzeit zum L\u00fcbecker Hauptbahnhof betr\u00e4gt ca. 1,5 Stunden. \t\t\t\t\t\t\t\t<\/div>\n\t\t\t\t<\/div>\n\t\t\t\t\t<\/div>\n\t\t<\/div>\n\t\t\t\t\t<\/div>\n\t\t<\/section>\n\t\t\t\t<section data-particle_enable=\"false\" data-particle-mobile-disabled=\"false\" class=\"elementor-section elementor-inner-section elementor-element elementor-element-3e704b8 elementor-section-boxed elementor-section-height-default elementor-section-height-default\" data-id=\"3e704b8\" data-element_type=\"section\">\n\t\t\t\t\t\t<div class=\"elementor-container elementor-column-gap-default\">\n\t\t\t\t\t<div class=\"elementor-column elementor-col-50 elementor-inner-column elementor-element elementor-element-3fc72b8\" data-id=\"3fc72b8\" data-element_type=\"column\">\n\t\t\t<div class=\"elementor-widget-wrap elementor-element-populated\">\n\t\t\t\t\t\t<div class=\"elementor-element elementor-element-bc31f64 elementor-view-default elementor-widget elementor-widget-icon\" data-id=\"bc31f64\" data-element_type=\"widget\" data-widget_type=\"icon.default\">\n\t\t\t\t<div class=\"elementor-widget-container\">\n\t\t\t\t\t\t\t<div class=\"elementor-icon-wrapper\">\n\t\t\t<div class=\"elementor-icon\">\n\t\t\t<svg aria-hidden=\"true\" class=\"e-font-icon-svg e-fas-car\" viewBox=\"0 0 512 512\" xmlns=\"http:\/\/www.w3.org\/2000\/svg\"><path d=\"M499.99 176h-59.87l-16.64-41.6C406.38 91.63 365.57 64 319.5 64h-127c-46.06 0-86.88 27.63-103.99 70.4L71.87 176H12.01C4.2 176-1.53 183.34.37 190.91l6 24C7.7 220.25 12.5 224 18.01 224h20.07C24.65 235.73 16 252.78 16 272v48c0 16.12 6.16 30.67 16 41.93V416c0 17.67 14.33 32 32 32h32c17.67 0 32-14.33 32-32v-32h256v32c0 17.67 14.33 32 32 32h32c17.67 0 32-14.33 32-32v-54.07c9.84-11.25 16-25.8 16-41.93v-48c0-19.22-8.65-36.27-22.07-48H494c5.51 0 10.31-3.75 11.64-9.09l6-24c1.89-7.57-3.84-14.91-11.65-14.91zm-352.06-17.83c7.29-18.22 24.94-30.17 44.57-30.17h127c19.63 0 37.28 11.95 44.57 30.17L384 208H128l19.93-49.83zM96 319.8c-19.2 0-32-12.76-32-31.9S76.8 256 96 256s48 28.71 48 47.85-28.8 15.95-48 15.95zm320 0c-19.2 0-48 3.19-48-15.95S396.8 256 416 256s32 12.76 32 31.9-12.8 31.9-32 31.9z\"><\/path><\/svg>\t\t\t<\/div>\n\t\t<\/div>\n\t\t\t\t\t\t<\/div>\n\t\t\t\t<\/div>\n\t\t\t\t\t<\/div>\n\t\t<\/div>\n\t\t\t\t<div class=\"elementor-column elementor-col-50 elementor-inner-column elementor-element elementor-element-3aa68bb\" data-id=\"3aa68bb\" data-element_type=\"column\">\n\t\t\t<div class=\"elementor-widget-wrap elementor-element-populated\">\n\t\t\t\t\t\t<div class=\"elementor-element elementor-element-61910c0 elementor-widget elementor-widget-text-editor\" data-id=\"61910c0\" data-element_type=\"widget\" data-widget_type=\"text-editor.default\">\n\t\t\t\t<div class=\"elementor-widget-container\">\n\t\t\t\t\t\t\t\t\tAuch mit dem Auto ist L\u00fcbeck gut zu erreichen: die Musik- und Kongresshalle liegt \nca. 10 Fahrminuten vom n\u00e4chsten Autobahnanschluss entfernt. Im Umfeld der Musik- und Kongresshalle sind ca. 2.000 PKW- und 30 Busparkpl\u00e4tze vorhanden. Von hier aus erreichen Sie attraktive Lokalit\u00e4ten in und um die Altstadt bequem zu Fu\u00df. \n\t\t\t\t\t\t\t\t<\/div>\n\t\t\t\t<\/div>\n\t\t\t\t\t<\/div>\n\t\t<\/div>\n\t\t\t\t\t<\/div>\n\t\t<\/section>\n\t\t\t\t<section data-particle_enable=\"false\" data-particle-mobile-disabled=\"false\" class=\"elementor-section elementor-inner-section elementor-element elementor-element-481ecc1 elementor-section-boxed elementor-section-height-default elementor-section-height-default\" data-id=\"481ecc1\" data-element_type=\"section\">\n\t\t\t\t\t\t<div class=\"elementor-container elementor-column-gap-default\">\n\t\t\t\t\t<div class=\"elementor-column elementor-col-50 elementor-inner-column elementor-element elementor-element-99b6563\" data-id=\"99b6563\" data-element_type=\"column\">\n\t\t\t<div class=\"elementor-widget-wrap elementor-element-populated\">\n\t\t\t\t\t\t<div class=\"elementor-element elementor-element-5904e1c elementor-view-default elementor-widget elementor-widget-icon\" data-id=\"5904e1c\" data-element_type=\"widget\" data-widget_type=\"icon.default\">\n\t\t\t\t<div class=\"elementor-widget-container\">\n\t\t\t\t\t\t\t<div class=\"elementor-icon-wrapper\">\n\t\t\t<div class=\"elementor-icon\">\n\t\t\t<svg aria-hidden=\"true\" class=\"e-font-icon-svg e-fas-bus\" viewBox=\"0 0 512 512\" xmlns=\"http:\/\/www.w3.org\/2000\/svg\"><path d=\"M488 128h-8V80c0-44.8-99.2-80-224-80S32 35.2 32 80v48h-8c-13.25 0-24 10.74-24 24v80c0 13.25 10.75 24 24 24h8v160c0 17.67 14.33 32 32 32v32c0 17.67 14.33 32 32 32h32c17.67 0 32-14.33 32-32v-32h192v32c0 17.67 14.33 32 32 32h32c17.67 0 32-14.33 32-32v-32h6.4c16 0 25.6-12.8 25.6-25.6V256h8c13.25 0 24-10.75 24-24v-80c0-13.26-10.75-24-24-24zM112 400c-17.67 0-32-14.33-32-32s14.33-32 32-32 32 14.33 32 32-14.33 32-32 32zm16-112c-17.67 0-32-14.33-32-32V128c0-17.67 14.33-32 32-32h256c17.67 0 32 14.33 32 32v128c0 17.67-14.33 32-32 32H128zm272 112c-17.67 0-32-14.33-32-32s14.33-32 32-32 32 14.33 32 32-14.33 32-32 32z\"><\/path><\/svg>\t\t\t<\/div>\n\t\t<\/div>\n\t\t\t\t\t\t<\/div>\n\t\t\t\t<\/div>\n\t\t\t\t\t<\/div>\n\t\t<\/div>\n\t\t\t\t<div class=\"elementor-column elementor-col-50 elementor-inner-column elementor-element elementor-element-22ed8b0\" data-id=\"22ed8b0\" data-element_type=\"column\">\n\t\t\t<div class=\"elementor-widget-wrap elementor-element-populated\">\n\t\t\t\t\t\t<div class=\"elementor-element elementor-element-dc40430 elementor-widget elementor-widget-text-editor\" data-id=\"dc40430\" data-element_type=\"widget\" data-widget_type=\"text-editor.default\">\n\t\t\t\t<div class=\"elementor-widget-container\">\n\t\t\t\t\t\t\t\t\tDie Bushaltestelle Holstentorplatz ist 2 Gehminuten von der MuK entfernt und mit den Buslinien 1, 2, 5, 6, 7, 9, 10, 11, 15, 16, 17, 21, 30, 31, 32 und 39 zu erreichen.\t\t\t\t\t\t\t\t<\/div>\n\t\t\t\t<\/div>\n\t\t\t\t\t<\/div>\n\t\t<\/div>\n\t\t\t\t\t<\/div>\n\t\t<\/section>\n\t\t\t\t\t<\/div>\n\t\t<\/div>\n\t\t\t\t\t<\/div>\n\t\t<\/section>\n\t\t\t\t<\/div>\n\t\t","protected":false},"excerpt":{"rendered":"<p>Veranstaltungsort Musik- und Kongresshalle L\u00fcbeck Willy-Brandt-Allee 10, D-23554 L\u00fcbeck Anfahrt Der L\u00fcbecker Bahnhof liegt in Sichtweite der Musik- und Kongresshalle, zu Fu\u00df ca. 10 Minuten entfernt. Die Bahn bietet komfortable Reisem\u00f6glichkeiten ins gesamte Bundesgebiet mit M\u00f6glichkeiten der Weiterreise an, z.B. zu den internationalen Flugh\u00e4fen in Hamburg, Frankfurt oder Berlin. Fahrtzeiten:nach Kiel: ca. 80 Minutennach Hamburg: [&hellip;]<\/p>\n","protected":false},"author":9,"featured_media":0,"parent":0,"menu_order":7,"comment_status":"closed","ping_status":"closed","template":"","meta":{"inline_featured_image":false,"ocean_post_layout":"","ocean_both_sidebars_style":"","ocean_both_sidebars_content_width":0,"ocean_both_sidebars_sidebars_width":0,"ocean_sidebar":"0","ocean_second_sidebar":"0","ocean_disable_margins":"enable","ocean_add_body_class":"","ocean_shortcode_before_top_bar":"","ocean_shortcode_after_top_bar":"","ocean_shortcode_before_header":"","ocean_shortcode_after_header":"","ocean_has_shortcode":"","ocean_shortcode_after_title":"","ocean_shortcode_before_footer_widgets":"","ocean_shortcode_after_footer_widgets":"","ocean_shortcode_before_footer_bottom":"","ocean_shortcode_after_footer_bottom":"","ocean_display_top_bar":"default","ocean_display_header":"default","ocean_header_style":"","ocean_center_header_left_menu":"0","ocean_custom_header_template":"0","ocean_custom_logo":0,"ocean_custom_retina_logo":0,"ocean_custom_logo_max_width":0,"ocean_custom_logo_tablet_max_width":0,"ocean_custom_logo_mobile_max_width":0,"ocean_custom_logo_max_height":0,"ocean_custom_logo_tablet_max_height":0,"ocean_custom_logo_mobile_max_height":0,"ocean_header_custom_menu":"0","ocean_menu_typo_font_family":"0","ocean_menu_typo_font_subset":"","ocean_menu_typo_font_size":0,"ocean_menu_typo_font_size_tablet":0,"ocean_menu_typo_font_size_mobile":0,"ocean_menu_typo_font_size_unit":"px","ocean_menu_typo_font_weight":"","ocean_menu_typo_font_weight_tablet":"","ocean_menu_typo_font_weight_mobile":"","ocean_menu_typo_transform":"","ocean_menu_typo_transform_tablet":"","ocean_menu_typo_transform_mobile":"","ocean_menu_typo_line_height":0,"ocean_menu_typo_line_height_tablet":0,"ocean_menu_typo_line_height_mobile":0,"ocean_menu_typo_line_height_unit":"","ocean_menu_typo_spacing":0,"ocean_menu_typo_spacing_tablet":0,"ocean_menu_typo_spacing_mobile":0,"ocean_menu_typo_spacing_unit":"","ocean_menu_link_color":"","ocean_menu_link_color_hover":"","ocean_menu_link_color_active":"","ocean_menu_link_background":"","ocean_menu_link_hover_background":"","ocean_menu_link_active_background":"","ocean_menu_social_links_bg":"","ocean_menu_social_hover_links_bg":"","ocean_menu_social_links_color":"","ocean_menu_social_hover_links_color":"","ocean_disable_title":"default","ocean_disable_heading":"default","ocean_post_title":"","ocean_post_subheading":"","ocean_post_title_style":"","ocean_post_title_background_color":"","ocean_post_title_background":0,"ocean_post_title_bg_image_position":"","ocean_post_title_bg_image_attachment":"","ocean_post_title_bg_image_repeat":"","ocean_post_title_bg_image_size":"","ocean_post_title_height":0,"ocean_post_title_bg_overlay":0.5,"ocean_post_title_bg_overlay_color":"","ocean_disable_breadcrumbs":"default","ocean_breadcrumbs_color":"","ocean_breadcrumbs_separator_color":"","ocean_breadcrumbs_links_color":"","ocean_breadcrumbs_links_hover_color":"","ocean_display_footer_widgets":"default","ocean_display_footer_bottom":"default","ocean_custom_footer_template":"0","footnotes":""},"class_list":["post-1660","page","type-page","status-publish","hentry","entry"],"yoast_head":"<!-- This site is optimized with the Yoast SEO plugin v26.7 - https:\/\/yoast.com\/wordpress\/plugins\/seo\/ -->\n<title>Veranstaltungsort - 18. Nordkongress Urologie<\/title>\n<meta name=\"robots\" content=\"index, follow, max-snippet:-1, max-image-preview:large, max-video-preview:-1\" \/>\n<link rel=\"canonical\" href=\"https:\/\/www.nordkongress-urologie.de\/2024\/veranstaltungsort\/\" \/>\n<meta property=\"og:locale\" content=\"de_DE\" \/>\n<meta property=\"og:type\" content=\"article\" \/>\n<meta property=\"og:title\" content=\"Veranstaltungsort - 18. Nordkongress Urologie\" \/>\n<meta property=\"og:description\" content=\"Veranstaltungsort Musik- und Kongresshalle L\u00fcbeck Willy-Brandt-Allee 10, D-23554 L\u00fcbeck Anfahrt Der L\u00fcbecker Bahnhof liegt in Sichtweite der Musik- und Kongresshalle, zu Fu\u00df ca. 10 Minuten entfernt. Die Bahn bietet komfortable Reisem\u00f6glichkeiten ins gesamte Bundesgebiet mit M\u00f6glichkeiten der Weiterreise an, z.B. zu den internationalen Flugh\u00e4fen in Hamburg, Frankfurt oder Berlin. Fahrtzeiten:nach Kiel: ca. 80 Minutennach Hamburg: [&hellip;]\" \/>\n<meta property=\"og:url\" content=\"https:\/\/www.nordkongress-urologie.de\/2024\/veranstaltungsort\/\" \/>\n<meta property=\"og:site_name\" content=\"18. Nordkongress Urologie\" \/>\n<meta property=\"article:modified_time\" content=\"2024-05-02T14:22:32+00:00\" \/>\n<meta name=\"twitter:card\" content=\"summary_large_image\" \/>\n<meta name=\"twitter:label1\" content=\"Gesch\u00e4tzte Lesezeit\" \/>\n\t<meta name=\"twitter:data1\" content=\"2\u00a0Minuten\" \/>\n<script type=\"application\/ld+json\" class=\"yoast-schema-graph\">{\"@context\":\"https:\/\/schema.org\",\"@graph\":[{\"@type\":\"WebPage\",\"@id\":\"https:\/\/www.nordkongress-urologie.de\/2024\/veranstaltungsort\/\",\"url\":\"https:\/\/www.nordkongress-urologie.de\/2024\/veranstaltungsort\/\",\"name\":\"Veranstaltungsort - 18. Nordkongress Urologie\",\"isPartOf\":{\"@id\":\"https:\/\/www.nordkongress-urologie.de\/2024\/#website\"},\"datePublished\":\"2021-09-07T12:47:38+00:00\",\"dateModified\":\"2024-05-02T14:22:32+00:00\",\"breadcrumb\":{\"@id\":\"https:\/\/www.nordkongress-urologie.de\/2024\/veranstaltungsort\/#breadcrumb\"},\"inLanguage\":\"de\",\"potentialAction\":[{\"@type\":\"ReadAction\",\"target\":[\"https:\/\/www.nordkongress-urologie.de\/2024\/veranstaltungsort\/\"]}]},{\"@type\":\"BreadcrumbList\",\"@id\":\"https:\/\/www.nordkongress-urologie.de\/2024\/veranstaltungsort\/#breadcrumb\",\"itemListElement\":[{\"@type\":\"ListItem\",\"position\":1,\"name\":\"Startseite\",\"item\":\"https:\/\/www.nordkongress-urologie.de\/2024\/\"},{\"@type\":\"ListItem\",\"position\":2,\"name\":\"Veranstaltungsort\"}]},{\"@type\":\"WebSite\",\"@id\":\"https:\/\/www.nordkongress-urologie.de\/2024\/#website\",\"url\":\"https:\/\/www.nordkongress-urologie.de\/2024\/\",\"name\":\"18. Nordkongress Urologie\",\"description\":\"&quot;Urologie in Bewegung: Ver\u00e4nderung annehmen, Leben verbessern!&quot; - 12. bis 14. Juni 2024 in L\u00fcbeck\",\"potentialAction\":[{\"@type\":\"SearchAction\",\"target\":{\"@type\":\"EntryPoint\",\"urlTemplate\":\"https:\/\/www.nordkongress-urologie.de\/2024\/?s={search_term_string}\"},\"query-input\":{\"@type\":\"PropertyValueSpecification\",\"valueRequired\":true,\"valueName\":\"search_term_string\"}}],\"inLanguage\":\"de\"}]}<\/script>\n<!-- \/ Yoast SEO plugin. -->","yoast_head_json":{"title":"Veranstaltungsort - 18. Nordkongress Urologie","robots":{"index":"index","follow":"follow","max-snippet":"max-snippet:-1","max-image-preview":"max-image-preview:large","max-video-preview":"max-video-preview:-1"},"canonical":"https:\/\/www.nordkongress-urologie.de\/2024\/veranstaltungsort\/","og_locale":"de_DE","og_type":"article","og_title":"Veranstaltungsort - 18. Nordkongress Urologie","og_description":"Veranstaltungsort Musik- und Kongresshalle L\u00fcbeck Willy-Brandt-Allee 10, D-23554 L\u00fcbeck Anfahrt Der L\u00fcbecker Bahnhof liegt in Sichtweite der Musik- und Kongresshalle, zu Fu\u00df ca. 10 Minuten entfernt. Die Bahn bietet komfortable Reisem\u00f6glichkeiten ins gesamte Bundesgebiet mit M\u00f6glichkeiten der Weiterreise an, z.B. zu den internationalen Flugh\u00e4fen in Hamburg, Frankfurt oder Berlin. Fahrtzeiten:nach Kiel: ca. 80 Minutennach Hamburg: [&hellip;]","og_url":"https:\/\/www.nordkongress-urologie.de\/2024\/veranstaltungsort\/","og_site_name":"18. Nordkongress Urologie","article_modified_time":"2024-05-02T14:22:32+00:00","twitter_card":"summary_large_image","twitter_misc":{"Gesch\u00e4tzte Lesezeit":"2\u00a0Minuten"},"schema":{"@context":"https:\/\/schema.org","@graph":[{"@type":"WebPage","@id":"https:\/\/www.nordkongress-urologie.de\/2024\/veranstaltungsort\/","url":"https:\/\/www.nordkongress-urologie.de\/2024\/veranstaltungsort\/","name":"Veranstaltungsort - 18. Nordkongress Urologie","isPartOf":{"@id":"https:\/\/www.nordkongress-urologie.de\/2024\/#website"},"datePublished":"2021-09-07T12:47:38+00:00","dateModified":"2024-05-02T14:22:32+00:00","breadcrumb":{"@id":"https:\/\/www.nordkongress-urologie.de\/2024\/veranstaltungsort\/#breadcrumb"},"inLanguage":"de","potentialAction":[{"@type":"ReadAction","target":["https:\/\/www.nordkongress-urologie.de\/2024\/veranstaltungsort\/"]}]},{"@type":"BreadcrumbList","@id":"https:\/\/www.nordkongress-urologie.de\/2024\/veranstaltungsort\/#breadcrumb","itemListElement":[{"@type":"ListItem","position":1,"name":"Startseite","item":"https:\/\/www.nordkongress-urologie.de\/2024\/"},{"@type":"ListItem","position":2,"name":"Veranstaltungsort"}]},{"@type":"WebSite","@id":"https:\/\/www.nordkongress-urologie.de\/2024\/#website","url":"https:\/\/www.nordkongress-urologie.de\/2024\/","name":"18. Nordkongress Urologie","description":"&quot;Urologie in Bewegung: Ver\u00e4nderung annehmen, Leben verbessern!&quot; - 12. bis 14. Juni 2024 in L\u00fcbeck","potentialAction":[{"@type":"SearchAction","target":{"@type":"EntryPoint","urlTemplate":"https:\/\/www.nordkongress-urologie.de\/2024\/?s={search_term_string}"},"query-input":{"@type":"PropertyValueSpecification","valueRequired":true,"valueName":"search_term_string"}}],"inLanguage":"de"}]}},"_links":{"self":[{"href":"https:\/\/www.nordkongress-urologie.de\/2024\/wp-json\/wp\/v2\/pages\/1660","targetHints":{"allow":["GET"]}}],"collection":[{"href":"https:\/\/www.nordkongress-urologie.de\/2024\/wp-json\/wp\/v2\/pages"}],"about":[{"href":"https:\/\/www.nordkongress-urologie.de\/2024\/wp-json\/wp\/v2\/types\/page"}],"author":[{"embeddable":true,"href":"https:\/\/www.nordkongress-urologie.de\/2024\/wp-json\/wp\/v2\/users\/9"}],"replies":[{"embeddable":true,"href":"https:\/\/www.nordkongress-urologie.de\/2024\/wp-json\/wp\/v2\/comments?post=1660"}],"version-history":[{"count":14,"href":"https:\/\/www.nordkongress-urologie.de\/2024\/wp-json\/wp\/v2\/pages\/1660\/revisions"}],"predecessor-version":[{"id":4454,"href":"https:\/\/www.nordkongress-urologie.de\/2024\/wp-json\/wp\/v2\/pages\/1660\/revisions\/4454"}],"wp:attachment":[{"href":"https:\/\/www.nordkongress-urologie.de\/2024\/wp-json\/wp\/v2\/media?parent=1660"}],"curies":[{"name":"wp","href":"https:\/\/api.w.org\/{rel}","templated":true}]}}