{"id":195,"date":"2020-07-21T17:38:15","date_gmt":"2020-07-21T15:38:15","guid":{"rendered":"https:\/\/www.nordkongress-urologie.de\/2025\/?page_id=195"},"modified":"2025-01-07T09:34:42","modified_gmt":"2025-01-07T08:34:42","slug":"sponsor-werden","status":"publish","type":"page","link":"https:\/\/www.nordkongress-urologie.de\/2025\/industrieausstellung\/sponsor-werden\/","title":{"rendered":"Sponsor werden"},"content":{"rendered":"\t\t<div data-elementor-type=\"wp-page\" data-elementor-id=\"195\" class=\"elementor elementor-195\" data-elementor-post-type=\"page\">\n\t\t\t\t<div data-particle_enable=\"false\" data-particle-mobile-disabled=\"false\" class=\"elementor-element elementor-element-40f5b6b e-flex e-con-boxed e-con e-parent\" data-id=\"40f5b6b\" data-element_type=\"container\">\n\t\t\t\t\t<div class=\"e-con-inner\">\n\t\t\t\t<div class=\"elementor-element elementor-element-c48a806 elementor-widget elementor-widget-text-editor\" data-id=\"c48a806\" data-element_type=\"widget\" data-widget_type=\"text-editor.default\">\n\t\t\t\t<div class=\"elementor-widget-container\">\n\t\t\t\t\t\t\t\t\t<p>Wir m\u00f6chten Sie herzlich einladen, den 19. Nordkongress Urologie zu begleiten und zu unterst\u00fctzen.<br \/>Es bestehen verschiedene M\u00f6glichkeiten, f\u00fcr die Pr\u00e4sentation Ihres Unternehmens im Rahmen des Kongress.<\/p>\t\t\t\t\t\t\t\t<\/div>\n\t\t\t\t<\/div>\n\t\t\t\t<div class=\"elementor-element elementor-element-f0cb852 elementor-widget elementor-widget-heading\" data-id=\"f0cb852\" data-element_type=\"widget\" data-widget_type=\"heading.default\">\n\t\t\t\t<div class=\"elementor-widget-container\">\n\t\t\t\t\t<h2 class=\"elementor-heading-title elementor-size-default\">Kongressorganisation \/ Industrieausstellung \/ Sponsoring<\/h2>\t\t\t\t<\/div>\n\t\t\t\t<\/div>\n\t\t<div data-particle_enable=\"false\" data-particle-mobile-disabled=\"false\" class=\"elementor-element elementor-element-feef2a3 e-con-full e-flex e-con e-child\" data-id=\"feef2a3\" data-element_type=\"container\">\n\t\t<div data-particle_enable=\"false\" data-particle-mobile-disabled=\"false\" class=\"elementor-element elementor-element-9c50712 e-con-full e-flex e-con e-child\" data-id=\"9c50712\" data-element_type=\"container\">\n\t\t\t\t<div class=\"elementor-element elementor-element-95fab2b elementor-widget elementor-widget-image\" data-id=\"95fab2b\" data-element_type=\"widget\" data-widget_type=\"image.default\">\n\t\t\t\t<div class=\"elementor-widget-container\">\n\t\t\t\t\t\t\t\t\t\t\t\t\t\t\t<img decoding=\"async\" width=\"1\" height=\"1\" src=\"https:\/\/www.nordkongress-urologie.de\/2025\/wp-content\/uploads\/Logo_Intercom.svg\" class=\"attachment-large size-large wp-image-234\" alt=\"Intercom Dresden GmbH\" loading=\"eager\" \/>\t\t\t\t\t\t\t\t\t\t\t\t\t\t\t<\/div>\n\t\t\t\t<\/div>\n\t\t\t\t<\/div>\n\t\t\t\t<div class=\"elementor-element elementor-element-536f860 elementor-mobile-align-start elementor-icon-list--layout-traditional elementor-list-item-link-full_width elementor-widget elementor-widget-icon-list\" data-id=\"536f860\" data-element_type=\"widget\" data-widget_type=\"icon-list.default\">\n\t\t\t\t<div class=\"elementor-widget-container\">\n\t\t\t\t\t\t\t<ul class=\"elementor-icon-list-items\">\n\t\t\t\t\t\t\t<li class=\"elementor-icon-list-item\">\n\t\t\t\t\t\t\t\t\t\t<span class=\"elementor-icon-list-text\"><strong>INTERCOM Dresden GmbH<\/strong><\/span>\n\t\t\t\t\t\t\t\t\t<\/li>\n\t\t\t\t\t\t\t\t<li class=\"elementor-icon-list-item\">\n\t\t\t\t\t\t\t\t\t\t<span class=\"elementor-icon-list-text\">Katharina Henze \/ Christian Nitzsche<\/span>\n\t\t\t\t\t\t\t\t\t<\/li>\n\t\t\t\t\t\t\t\t<li class=\"elementor-icon-list-item\">\n\t\t\t\t\t\t\t\t\t\t<span class=\"elementor-icon-list-text\">Zellescher Weg 3, 01069 Dresden<\/span>\n\t\t\t\t\t\t\t\t\t<\/li>\n\t\t\t\t\t\t\t\t<li class=\"elementor-icon-list-item\">\n\t\t\t\t\t\t\t\t\t\t\t<a href=\"tel:+4935132017370\">\n\n\t\t\t\t\t\t\t\t\t\t\t\t<span class=\"elementor-icon-list-icon\">\n\t\t\t\t\t\t\t<svg aria-hidden=\"true\" class=\"e-font-icon-svg e-fas-phone-alt\" viewBox=\"0 0 512 512\" xmlns=\"http:\/\/www.w3.org\/2000\/svg\"><path d=\"M497.39 361.8l-112-48a24 24 0 0 0-28 6.9l-49.6 60.6A370.66 370.66 0 0 1 130.6 204.11l60.6-49.6a23.94 23.94 0 0 0 6.9-28l-48-112A24.16 24.16 0 0 0 122.6.61l-104 24A24 24 0 0 0 0 48c0 256.5 207.9 464 464 464a24 24 0 0 0 23.4-18.6l24-104a24.29 24.29 0 0 0-14.01-27.6z\"><\/path><\/svg>\t\t\t\t\t\t<\/span>\n\t\t\t\t\t\t\t\t\t\t<span class=\"elementor-icon-list-text\">+49 351 32017370  \/ 30<\/span>\n\t\t\t\t\t\t\t\t\t\t\t<\/a>\n\t\t\t\t\t\t\t\t\t<\/li>\n\t\t\t\t\t\t\t\t<li class=\"elementor-icon-list-item\">\n\t\t\t\t\t\t\t\t\t\t\t<a href=\"fax:+4935132017333\">\n\n\t\t\t\t\t\t\t\t\t\t\t\t<span class=\"elementor-icon-list-icon\">\n\t\t\t\t\t\t\t<svg aria-hidden=\"true\" class=\"e-font-icon-svg e-fas-fax\" viewBox=\"0 0 512 512\" xmlns=\"http:\/\/www.w3.org\/2000\/svg\"><path d=\"M480 160V77.25a32 32 0 0 0-9.38-22.63L425.37 9.37A32 32 0 0 0 402.75 0H160a32 32 0 0 0-32 32v448a32 32 0 0 0 32 32h320a32 32 0 0 0 32-32V192a32 32 0 0 0-32-32zM288 432a16 16 0 0 1-16 16h-32a16 16 0 0 1-16-16v-32a16 16 0 0 1 16-16h32a16 16 0 0 1 16 16zm0-128a16 16 0 0 1-16 16h-32a16 16 0 0 1-16-16v-32a16 16 0 0 1 16-16h32a16 16 0 0 1 16 16zm128 128a16 16 0 0 1-16 16h-32a16 16 0 0 1-16-16v-32a16 16 0 0 1 16-16h32a16 16 0 0 1 16 16zm0-128a16 16 0 0 1-16 16h-32a16 16 0 0 1-16-16v-32a16 16 0 0 1 16-16h32a16 16 0 0 1 16 16zm0-112H192V64h160v48a16 16 0 0 0 16 16h48zM64 128H32a32 32 0 0 0-32 32v320a32 32 0 0 0 32 32h32a32 32 0 0 0 32-32V160a32 32 0 0 0-32-32z\"><\/path><\/svg>\t\t\t\t\t\t<\/span>\n\t\t\t\t\t\t\t\t\t\t<span class=\"elementor-icon-list-text\">+49 351 32017333<\/span>\n\t\t\t\t\t\t\t\t\t\t\t<\/a>\n\t\t\t\t\t\t\t\t\t<\/li>\n\t\t\t\t\t\t\t\t<li class=\"elementor-icon-list-item\">\n\t\t\t\t\t\t\t\t\t\t\t<a href=\"mailto:nordkongress@intercom-kongresse.de\">\n\n\t\t\t\t\t\t\t\t\t\t\t\t<span class=\"elementor-icon-list-icon\">\n\t\t\t\t\t\t\t<svg aria-hidden=\"true\" class=\"e-font-icon-svg e-fas-envelope\" viewBox=\"0 0 512 512\" xmlns=\"http:\/\/www.w3.org\/2000\/svg\"><path d=\"M502.3 190.8c3.9-3.1 9.7-.2 9.7 4.7V400c0 26.5-21.5 48-48 48H48c-26.5 0-48-21.5-48-48V195.6c0-5 5.7-7.8 9.7-4.7 22.4 17.4 52.1 39.5 154.1 113.6 21.1 15.4 56.7 47.8 92.2 47.6 35.7.3 72-32.8 92.3-47.6 102-74.1 131.6-96.3 154-113.7zM256 320c23.2.4 56.6-29.2 73.4-41.4 132.7-96.3 142.8-104.7 173.4-128.7 5.8-4.5 9.2-11.5 9.2-18.9v-19c0-26.5-21.5-48-48-48H48C21.5 64 0 85.5 0 112v19c0 7.4 3.4 14.3 9.2 18.9 30.6 23.9 40.7 32.4 173.4 128.7 16.8 12.2 50.2 41.8 73.4 41.4z\"><\/path><\/svg>\t\t\t\t\t\t<\/span>\n\t\t\t\t\t\t\t\t\t\t<span class=\"elementor-icon-list-text\">nordkongress@intercom-kongresse.de<\/span>\n\t\t\t\t\t\t\t\t\t\t\t<\/a>\n\t\t\t\t\t\t\t\t\t<\/li>\n\t\t\t\t\t\t<\/ul>\n\t\t\t\t\t\t<\/div>\n\t\t\t\t<\/div>\n\t\t\t\t<\/div>\n\t\t\t\t\t<\/div>\n\t\t\t\t<\/div>\n\t\t\t\t<\/div>\n\t\t","protected":false},"excerpt":{"rendered":"<p>Wir m\u00f6chten Sie herzlich einladen, den 19. Nordkongress Urologie zu begleiten und zu unterst\u00fctzen.Es bestehen verschiedene M\u00f6glichkeiten, f\u00fcr die Pr\u00e4sentation Ihres Unternehmens im Rahmen des Kongress. Kongressorganisation \/ Industrieausstellung \/ Sponsoring INTERCOM Dresden GmbH Katharina Henze \/ Christian Nitzsche Zellescher Weg 3, 01069 Dresden +49 351 32017370 \/ 30 +49 351 32017333 nordkongress@intercom-kongresse.de<\/p>\n","protected":false},"author":8,"featured_media":0,"parent":2328,"menu_order":2,"comment_status":"closed","ping_status":"closed","template":"","meta":{"inline_featured_image":false,"ocean_post_layout":"","ocean_both_sidebars_style":"","ocean_both_sidebars_content_width":0,"ocean_both_sidebars_sidebars_width":0,"ocean_sidebar":"0","ocean_second_sidebar":"0","ocean_disable_margins":"enable","ocean_add_body_class":"","ocean_shortcode_before_top_bar":"","ocean_shortcode_after_top_bar":"","ocean_shortcode_before_header":"","ocean_shortcode_after_header":"","ocean_has_shortcode":"","ocean_shortcode_after_title":"","ocean_shortcode_before_footer_widgets":"","ocean_shortcode_after_footer_widgets":"","ocean_shortcode_before_footer_bottom":"","ocean_shortcode_after_footer_bottom":"","ocean_display_top_bar":"default","ocean_display_header":"default","ocean_header_style":"","ocean_center_header_left_menu":"0","ocean_custom_header_template":"0","ocean_custom_logo":0,"ocean_custom_retina_logo":0,"ocean_custom_logo_max_width":0,"ocean_custom_logo_tablet_max_width":0,"ocean_custom_logo_mobile_max_width":0,"ocean_custom_logo_max_height":0,"ocean_custom_logo_tablet_max_height":0,"ocean_custom_logo_mobile_max_height":0,"ocean_header_custom_menu":"0","ocean_menu_typo_font_family":"0","ocean_menu_typo_font_subset":"","ocean_menu_typo_font_size":0,"ocean_menu_typo_font_size_tablet":0,"ocean_menu_typo_font_size_mobile":0,"ocean_menu_typo_font_size_unit":"px","ocean_menu_typo_font_weight":"","ocean_menu_typo_font_weight_tablet":"","ocean_menu_typo_font_weight_mobile":"","ocean_menu_typo_transform":"","ocean_menu_typo_transform_tablet":"","ocean_menu_typo_transform_mobile":"","ocean_menu_typo_line_height":0,"ocean_menu_typo_line_height_tablet":0,"ocean_menu_typo_line_height_mobile":0,"ocean_menu_typo_line_height_unit":"","ocean_menu_typo_spacing":0,"ocean_menu_typo_spacing_tablet":0,"ocean_menu_typo_spacing_mobile":0,"ocean_menu_typo_spacing_unit":"","ocean_menu_link_color":"","ocean_menu_link_color_hover":"","ocean_menu_link_color_active":"","ocean_menu_link_background":"","ocean_menu_link_hover_background":"","ocean_menu_link_active_background":"","ocean_menu_social_links_bg":"","ocean_menu_social_hover_links_bg":"","ocean_menu_social_links_color":"","ocean_menu_social_hover_links_color":"","ocean_disable_title":"default","ocean_disable_heading":"default","ocean_post_title":"","ocean_post_subheading":"","ocean_post_title_style":"","ocean_post_title_background_color":"","ocean_post_title_background":0,"ocean_post_title_bg_image_position":"","ocean_post_title_bg_image_attachment":"","ocean_post_title_bg_image_repeat":"","ocean_post_title_bg_image_size":"","ocean_post_title_height":0,"ocean_post_title_bg_overlay":0.5,"ocean_post_title_bg_overlay_color":"","ocean_disable_breadcrumbs":"default","ocean_breadcrumbs_color":"","ocean_breadcrumbs_separator_color":"","ocean_breadcrumbs_links_color":"","ocean_breadcrumbs_links_hover_color":"","ocean_display_footer_widgets":"default","ocean_display_footer_bottom":"default","ocean_custom_footer_template":"0","footnotes":""},"class_list":["post-195","page","type-page","status-publish","hentry","entry"],"yoast_head":"<!-- This site is optimized with the Yoast SEO plugin v26.7 - https:\/\/yoast.com\/wordpress\/plugins\/seo\/ -->\n<title>Sponsor werden - 19. Nordkongress Urologie<\/title>\n<meta name=\"robots\" content=\"index, follow, max-snippet:-1, max-image-preview:large, max-video-preview:-1\" \/>\n<link rel=\"canonical\" href=\"https:\/\/www.nordkongress-urologie.de\/2025\/industrieausstellung\/sponsor-werden\/\" \/>\n<meta property=\"og:locale\" content=\"de_DE\" \/>\n<meta property=\"og:type\" content=\"article\" \/>\n<meta property=\"og:title\" content=\"Sponsor werden - 19. Nordkongress Urologie\" \/>\n<meta property=\"og:description\" content=\"Wir m\u00f6chten Sie herzlich einladen, den 19. Nordkongress Urologie zu begleiten und zu unterst\u00fctzen.Es bestehen verschiedene M\u00f6glichkeiten, f\u00fcr die Pr\u00e4sentation Ihres Unternehmens im Rahmen des Kongress. Kongressorganisation \/ Industrieausstellung \/ Sponsoring INTERCOM Dresden GmbH Katharina Henze \/ Christian Nitzsche Zellescher Weg 3, 01069 Dresden +49 351 32017370 \/ 30 +49 351 32017333 nordkongress@intercom-kongresse.de\" \/>\n<meta property=\"og:url\" content=\"https:\/\/www.nordkongress-urologie.de\/2025\/industrieausstellung\/sponsor-werden\/\" \/>\n<meta property=\"og:site_name\" content=\"19. Nordkongress Urologie\" \/>\n<meta property=\"article:modified_time\" content=\"2025-01-07T08:34:42+00:00\" \/>\n<meta name=\"twitter:card\" content=\"summary_large_image\" \/>\n<meta name=\"twitter:label1\" content=\"Gesch\u00e4tzte Lesezeit\" \/>\n\t<meta name=\"twitter:data1\" content=\"1\u00a0Minute\" \/>\n<script type=\"application\/ld+json\" class=\"yoast-schema-graph\">{\"@context\":\"https:\/\/schema.org\",\"@graph\":[{\"@type\":\"WebPage\",\"@id\":\"https:\/\/www.nordkongress-urologie.de\/2025\/industrieausstellung\/sponsor-werden\/\",\"url\":\"https:\/\/www.nordkongress-urologie.de\/2025\/industrieausstellung\/sponsor-werden\/\",\"name\":\"Sponsor werden - 19. Nordkongress Urologie\",\"isPartOf\":{\"@id\":\"https:\/\/www.nordkongress-urologie.de\/2025\/#website\"},\"primaryImageOfPage\":{\"@id\":\"https:\/\/www.nordkongress-urologie.de\/2025\/industrieausstellung\/sponsor-werden\/#primaryimage\"},\"image\":{\"@id\":\"https:\/\/www.nordkongress-urologie.de\/2025\/industrieausstellung\/sponsor-werden\/#primaryimage\"},\"thumbnailUrl\":\"https:\/\/www.nordkongress-urologie.de\/2025\/wp-content\/uploads\/Logo_Intercom.svg\",\"datePublished\":\"2020-07-21T15:38:15+00:00\",\"dateModified\":\"2025-01-07T08:34:42+00:00\",\"breadcrumb\":{\"@id\":\"https:\/\/www.nordkongress-urologie.de\/2025\/industrieausstellung\/sponsor-werden\/#breadcrumb\"},\"inLanguage\":\"de\",\"potentialAction\":[{\"@type\":\"ReadAction\",\"target\":[\"https:\/\/www.nordkongress-urologie.de\/2025\/industrieausstellung\/sponsor-werden\/\"]}]},{\"@type\":\"ImageObject\",\"inLanguage\":\"de\",\"@id\":\"https:\/\/www.nordkongress-urologie.de\/2025\/industrieausstellung\/sponsor-werden\/#primaryimage\",\"url\":\"https:\/\/www.nordkongress-urologie.de\/2025\/wp-content\/uploads\/Logo_Intercom.svg\",\"contentUrl\":\"https:\/\/www.nordkongress-urologie.de\/2025\/wp-content\/uploads\/Logo_Intercom.svg\",\"caption\":\"Intercom Dresden GmbH\"},{\"@type\":\"BreadcrumbList\",\"@id\":\"https:\/\/www.nordkongress-urologie.de\/2025\/industrieausstellung\/sponsor-werden\/#breadcrumb\",\"itemListElement\":[{\"@type\":\"ListItem\",\"position\":1,\"name\":\"Startseite\",\"item\":\"https:\/\/www.nordkongress-urologie.de\/2025\/\"},{\"@type\":\"ListItem\",\"position\":2,\"name\":\"Industrieausstellung\",\"item\":\"https:\/\/www.nordkongress-urologie.de\/2025\/industrieausstellung\/\"},{\"@type\":\"ListItem\",\"position\":3,\"name\":\"Sponsor werden\"}]},{\"@type\":\"WebSite\",\"@id\":\"https:\/\/www.nordkongress-urologie.de\/2025\/#website\",\"url\":\"https:\/\/www.nordkongress-urologie.de\/2025\/\",\"name\":\"19. Nordkongress Urologie\",\"description\":\"&quot;Urologie in Reformation - alles au\u00dfer gew\u00f6hnlich!&quot; - 11. bis 13. Juni 2025 in Berlin\",\"publisher\":{\"@id\":\"https:\/\/www.nordkongress-urologie.de\/2025\/#organization\"},\"potentialAction\":[{\"@type\":\"SearchAction\",\"target\":{\"@type\":\"EntryPoint\",\"urlTemplate\":\"https:\/\/www.nordkongress-urologie.de\/2025\/?s={search_term_string}\"},\"query-input\":{\"@type\":\"PropertyValueSpecification\",\"valueRequired\":true,\"valueName\":\"search_term_string\"}}],\"inLanguage\":\"de\"},{\"@type\":\"Organization\",\"@id\":\"https:\/\/www.nordkongress-urologie.de\/2025\/#organization\",\"name\":\"19. Nordkongress Urologie\",\"url\":\"https:\/\/www.nordkongress-urologie.de\/2025\/\",\"logo\":{\"@type\":\"ImageObject\",\"inLanguage\":\"de\",\"@id\":\"https:\/\/www.nordkongress-urologie.de\/2025\/#\/schema\/logo\/image\/\",\"url\":\"https:\/\/www.nordkongress-urologie.de\/2025\/wp-content\/uploads\/favicon.png\",\"contentUrl\":\"https:\/\/www.nordkongress-urologie.de\/2025\/wp-content\/uploads\/favicon.png\",\"width\":512,\"height\":512,\"caption\":\"19. Nordkongress Urologie\"},\"image\":{\"@id\":\"https:\/\/www.nordkongress-urologie.de\/2025\/#\/schema\/logo\/image\/\"}}]}<\/script>\n<!-- \/ Yoast SEO plugin. -->","yoast_head_json":{"title":"Sponsor werden - 19. Nordkongress Urologie","robots":{"index":"index","follow":"follow","max-snippet":"max-snippet:-1","max-image-preview":"max-image-preview:large","max-video-preview":"max-video-preview:-1"},"canonical":"https:\/\/www.nordkongress-urologie.de\/2025\/industrieausstellung\/sponsor-werden\/","og_locale":"de_DE","og_type":"article","og_title":"Sponsor werden - 19. Nordkongress Urologie","og_description":"Wir m\u00f6chten Sie herzlich einladen, den 19. Nordkongress Urologie zu begleiten und zu unterst\u00fctzen.Es bestehen verschiedene M\u00f6glichkeiten, f\u00fcr die Pr\u00e4sentation Ihres Unternehmens im Rahmen des Kongress. Kongressorganisation \/ Industrieausstellung \/ Sponsoring INTERCOM Dresden GmbH Katharina Henze \/ Christian Nitzsche Zellescher Weg 3, 01069 Dresden +49 351 32017370 \/ 30 +49 351 32017333 nordkongress@intercom-kongresse.de","og_url":"https:\/\/www.nordkongress-urologie.de\/2025\/industrieausstellung\/sponsor-werden\/","og_site_name":"19. Nordkongress Urologie","article_modified_time":"2025-01-07T08:34:42+00:00","twitter_card":"summary_large_image","twitter_misc":{"Gesch\u00e4tzte Lesezeit":"1\u00a0Minute"},"schema":{"@context":"https:\/\/schema.org","@graph":[{"@type":"WebPage","@id":"https:\/\/www.nordkongress-urologie.de\/2025\/industrieausstellung\/sponsor-werden\/","url":"https:\/\/www.nordkongress-urologie.de\/2025\/industrieausstellung\/sponsor-werden\/","name":"Sponsor werden - 19. Nordkongress Urologie","isPartOf":{"@id":"https:\/\/www.nordkongress-urologie.de\/2025\/#website"},"primaryImageOfPage":{"@id":"https:\/\/www.nordkongress-urologie.de\/2025\/industrieausstellung\/sponsor-werden\/#primaryimage"},"image":{"@id":"https:\/\/www.nordkongress-urologie.de\/2025\/industrieausstellung\/sponsor-werden\/#primaryimage"},"thumbnailUrl":"https:\/\/www.nordkongress-urologie.de\/2025\/wp-content\/uploads\/Logo_Intercom.svg","datePublished":"2020-07-21T15:38:15+00:00","dateModified":"2025-01-07T08:34:42+00:00","breadcrumb":{"@id":"https:\/\/www.nordkongress-urologie.de\/2025\/industrieausstellung\/sponsor-werden\/#breadcrumb"},"inLanguage":"de","potentialAction":[{"@type":"ReadAction","target":["https:\/\/www.nordkongress-urologie.de\/2025\/industrieausstellung\/sponsor-werden\/"]}]},{"@type":"ImageObject","inLanguage":"de","@id":"https:\/\/www.nordkongress-urologie.de\/2025\/industrieausstellung\/sponsor-werden\/#primaryimage","url":"https:\/\/www.nordkongress-urologie.de\/2025\/wp-content\/uploads\/Logo_Intercom.svg","contentUrl":"https:\/\/www.nordkongress-urologie.de\/2025\/wp-content\/uploads\/Logo_Intercom.svg","caption":"Intercom Dresden GmbH"},{"@type":"BreadcrumbList","@id":"https:\/\/www.nordkongress-urologie.de\/2025\/industrieausstellung\/sponsor-werden\/#breadcrumb","itemListElement":[{"@type":"ListItem","position":1,"name":"Startseite","item":"https:\/\/www.nordkongress-urologie.de\/2025\/"},{"@type":"ListItem","position":2,"name":"Industrieausstellung","item":"https:\/\/www.nordkongress-urologie.de\/2025\/industrieausstellung\/"},{"@type":"ListItem","position":3,"name":"Sponsor werden"}]},{"@type":"WebSite","@id":"https:\/\/www.nordkongress-urologie.de\/2025\/#website","url":"https:\/\/www.nordkongress-urologie.de\/2025\/","name":"19. Nordkongress Urologie","description":"&quot;Urologie in Reformation - alles au\u00dfer gew\u00f6hnlich!&quot; - 11. bis 13. Juni 2025 in Berlin","publisher":{"@id":"https:\/\/www.nordkongress-urologie.de\/2025\/#organization"},"potentialAction":[{"@type":"SearchAction","target":{"@type":"EntryPoint","urlTemplate":"https:\/\/www.nordkongress-urologie.de\/2025\/?s={search_term_string}"},"query-input":{"@type":"PropertyValueSpecification","valueRequired":true,"valueName":"search_term_string"}}],"inLanguage":"de"},{"@type":"Organization","@id":"https:\/\/www.nordkongress-urologie.de\/2025\/#organization","name":"19. Nordkongress Urologie","url":"https:\/\/www.nordkongress-urologie.de\/2025\/","logo":{"@type":"ImageObject","inLanguage":"de","@id":"https:\/\/www.nordkongress-urologie.de\/2025\/#\/schema\/logo\/image\/","url":"https:\/\/www.nordkongress-urologie.de\/2025\/wp-content\/uploads\/favicon.png","contentUrl":"https:\/\/www.nordkongress-urologie.de\/2025\/wp-content\/uploads\/favicon.png","width":512,"height":512,"caption":"19. Nordkongress Urologie"},"image":{"@id":"https:\/\/www.nordkongress-urologie.de\/2025\/#\/schema\/logo\/image\/"}}]}},"_links":{"self":[{"href":"https:\/\/www.nordkongress-urologie.de\/2025\/wp-json\/wp\/v2\/pages\/195","targetHints":{"allow":["GET"]}}],"collection":[{"href":"https:\/\/www.nordkongress-urologie.de\/2025\/wp-json\/wp\/v2\/pages"}],"about":[{"href":"https:\/\/www.nordkongress-urologie.de\/2025\/wp-json\/wp\/v2\/types\/page"}],"author":[{"embeddable":true,"href":"https:\/\/www.nordkongress-urologie.de\/2025\/wp-json\/wp\/v2\/users\/8"}],"replies":[{"embeddable":true,"href":"https:\/\/www.nordkongress-urologie.de\/2025\/wp-json\/wp\/v2\/comments?post=195"}],"version-history":[{"count":18,"href":"https:\/\/www.nordkongress-urologie.de\/2025\/wp-json\/wp\/v2\/pages\/195\/revisions"}],"predecessor-version":[{"id":5044,"href":"https:\/\/www.nordkongress-urologie.de\/2025\/wp-json\/wp\/v2\/pages\/195\/revisions\/5044"}],"up":[{"embeddable":true,"href":"https:\/\/www.nordkongress-urologie.de\/2025\/wp-json\/wp\/v2\/pages\/2328"}],"wp:attachment":[{"href":"https:\/\/www.nordkongress-urologie.de\/2025\/wp-json\/wp\/v2\/media?parent=195"}],"curies":[{"name":"wp","href":"https:\/\/api.w.org\/{rel}","templated":true}]}}