{"id":5058,"date":"2025-01-07T10:28:19","date_gmt":"2025-01-07T09:28:19","guid":{"rendered":"https:\/\/www.nordkongress-urologie.de\/2025\/?page_id=5058"},"modified":"2025-01-07T10:46:10","modified_gmt":"2025-01-07T09:46:10","slug":"veranstaltungsticket-deutsche-bahn","status":"publish","type":"page","link":"https:\/\/www.nordkongress-urologie.de\/2025\/veranstaltungsticket-deutsche-bahn\/","title":{"rendered":"Veranstaltungsticket \u2013 Deutsche Bahn"},"content":{"rendered":"\t\t<div data-elementor-type=\"wp-page\" data-elementor-id=\"5058\" class=\"elementor elementor-5058\" data-elementor-post-type=\"page\">\n\t\t\t\t<div data-particle_enable=\"false\" data-particle-mobile-disabled=\"false\" class=\"elementor-element elementor-element-da88f8e e-flex e-con-boxed e-con e-parent\" data-id=\"da88f8e\" data-element_type=\"container\">\n\t\t\t\t\t<div class=\"e-con-inner\">\n\t\t\t\t<div class=\"elementor-element elementor-element-f244b31 elementor-widget elementor-widget-heading\" data-id=\"f244b31\" data-element_type=\"widget\" data-widget_type=\"heading.default\">\n\t\t\t\t<div class=\"elementor-widget-container\">\n\t\t\t\t\t<h1 class=\"elementor-heading-title elementor-size-default\">Veranstaltungsticket \u2013 Deutsche Bahn<\/h1>\t\t\t\t<\/div>\n\t\t\t\t<\/div>\n\t\t\t\t<div class=\"elementor-element elementor-element-1ba6512 elementor-widget elementor-widget-text-editor\" data-id=\"1ba6512\" data-element_type=\"widget\" data-widget_type=\"text-editor.default\">\n\t\t\t\t<div class=\"elementor-widget-container\">\n\t\t\t\t\t\t\t\t\t<div>F\u00fcr den 19. Nordkongress Urologie wird es das Veranstaltungsticket der Deutschen Bahn geben.<\/div><div>Nutzen Sie diese M\u00f6glichkeit, um einfach und zu festgelegten Preisen Ihr Zugticket zu erwerben.<\/div><div>Bitte beachten: Sollten Sie eine BahnCard besitzen, k\u00f6nnen die Preise ggf. variieren.<\/div>\t\t\t\t\t\t\t\t<\/div>\n\t\t\t\t<\/div>\n\t\t\t\t<div class=\"elementor-element elementor-element-d4dbbb7 elementor-widget elementor-widget-text-editor\" data-id=\"d4dbbb7\" data-element_type=\"widget\" data-widget_type=\"text-editor.default\">\n\t\t\t\t<div class=\"elementor-widget-container\">\n\t\t\t\t\t\t\t\t\t<div><strong>Buchen Sie jetzt Ihre Reise*:<\/strong><\/div>\t\t\t\t\t\t\t\t<\/div>\n\t\t\t\t<\/div>\n\t\t\t\t<div class=\"elementor-element elementor-element-b6c9db1 elementor-widget elementor-widget-button\" data-id=\"b6c9db1\" data-element_type=\"widget\" data-widget_type=\"button.default\">\n\t\t\t\t<div class=\"elementor-widget-container\">\n\t\t\t\t\t\t\t\t\t<div class=\"elementor-button-wrapper\">\n\t\t\t\t\t<a class=\"elementor-button elementor-button-link elementor-size-sm\" href=\"https:\/\/www.veranstaltungsticket-bahn.de\/?event=24002&#038;language=de\" target=\"_blank\">\n\t\t\t\t\t\t<span class=\"elementor-button-content-wrapper\">\n\t\t\t\t\t\t\t\t\t<span class=\"elementor-button-text\">Veranstaltungsticket: 19. Nordkongress Urologie<\/span>\n\t\t\t\t\t<\/span>\n\t\t\t\t\t<\/a>\n\t\t\t\t<\/div>\n\t\t\t\t\t\t\t\t<\/div>\n\t\t\t\t<\/div>\n\t\t\t\t<div class=\"elementor-element elementor-element-994ca03 elementor-widget__width-initial elementor-widget elementor-widget-text-editor\" data-id=\"994ca03\" data-element_type=\"widget\" data-widget_type=\"text-editor.default\">\n\t\t\t\t<div class=\"elementor-widget-container\">\n\t\t\t\t\t\t\t\t\t<div>*M\u00f6glicher Reisezeitraum f\u00fcr Bahnticket: Montag, 09.06.2025 bis Sonntag, 15.06.2025\nHinweis der Deutschen Bahn: Bereits beim Laden der Seiten, werden Daten an \/ von Deutsche Bahn geschickt (u. A. kann eine Cookie-Abfrage erfolgen).\nStand: 13.02.2024<\/div>\t\t\t\t\t\t\t\t<\/div>\n\t\t\t\t<\/div>\n\t\t\t\t<div class=\"elementor-element elementor-element-d6ee811 elementor-widget elementor-widget-text-editor\" data-id=\"d6ee811\" data-element_type=\"widget\" data-widget_type=\"text-editor.default\">\n\t\t\t\t<div class=\"elementor-widget-container\">\n\t\t\t\t\t\t\t\t\t<div><a href=\"https:\/\/www.veranstaltungsticket-bahn.de\/onepager?l=de&amp;v=2025&amp;event=24002\" target=\"_blank\" rel=\"noopener\"><strong>Wichtige Informationen<\/strong><\/a><\/div>\t\t\t\t\t\t\t\t<\/div>\n\t\t\t\t<\/div>\n\t\t\t\t\t<\/div>\n\t\t\t\t<\/div>\n\t\t\t\t<\/div>\n\t\t","protected":false},"excerpt":{"rendered":"<p>Veranstaltungsticket \u2013 Deutsche Bahn F\u00fcr den 19. Nordkongress Urologie wird es das Veranstaltungsticket der Deutschen Bahn geben.Nutzen Sie diese M\u00f6glichkeit, um einfach und zu festgelegten Preisen Ihr Zugticket zu erwerben.Bitte beachten: Sollten Sie eine BahnCard besitzen, k\u00f6nnen die Preise ggf. variieren.Buchen Sie jetzt Ihre Reise*: Veranstaltungsticket: 19. Nordkongress Urologie *M\u00f6glicher Reisezeitraum f\u00fcr Bahnticket: Montag, 09.06.2025 [&hellip;]<\/p>\n","protected":false},"author":9,"featured_media":0,"parent":0,"menu_order":0,"comment_status":"closed","ping_status":"closed","template":"","meta":{"inline_featured_image":false,"ocean_post_layout":"","ocean_both_sidebars_style":"","ocean_both_sidebars_content_width":0,"ocean_both_sidebars_sidebars_width":0,"ocean_sidebar":"","ocean_second_sidebar":"","ocean_disable_margins":"enable","ocean_add_body_class":"","ocean_shortcode_before_top_bar":"","ocean_shortcode_after_top_bar":"","ocean_shortcode_before_header":"","ocean_shortcode_after_header":"","ocean_has_shortcode":"","ocean_shortcode_after_title":"","ocean_shortcode_before_footer_widgets":"","ocean_shortcode_after_footer_widgets":"","ocean_shortcode_before_footer_bottom":"","ocean_shortcode_after_footer_bottom":"","ocean_display_top_bar":"default","ocean_display_header":"default","ocean_header_style":"","ocean_center_header_left_menu":"","ocean_custom_header_template":"","ocean_custom_logo":0,"ocean_custom_retina_logo":0,"ocean_custom_logo_max_width":0,"ocean_custom_logo_tablet_max_width":0,"ocean_custom_logo_mobile_max_width":0,"ocean_custom_logo_max_height":0,"ocean_custom_logo_tablet_max_height":0,"ocean_custom_logo_mobile_max_height":0,"ocean_header_custom_menu":"","ocean_menu_typo_font_family":"","ocean_menu_typo_font_subset":"","ocean_menu_typo_font_size":0,"ocean_menu_typo_font_size_tablet":0,"ocean_menu_typo_font_size_mobile":0,"ocean_menu_typo_font_size_unit":"px","ocean_menu_typo_font_weight":"","ocean_menu_typo_font_weight_tablet":"","ocean_menu_typo_font_weight_mobile":"","ocean_menu_typo_transform":"","ocean_menu_typo_transform_tablet":"","ocean_menu_typo_transform_mobile":"","ocean_menu_typo_line_height":0,"ocean_menu_typo_line_height_tablet":0,"ocean_menu_typo_line_height_mobile":0,"ocean_menu_typo_line_height_unit":"","ocean_menu_typo_spacing":0,"ocean_menu_typo_spacing_tablet":0,"ocean_menu_typo_spacing_mobile":0,"ocean_menu_typo_spacing_unit":"","ocean_menu_link_color":"","ocean_menu_link_color_hover":"","ocean_menu_link_color_active":"","ocean_menu_link_background":"","ocean_menu_link_hover_background":"","ocean_menu_link_active_background":"","ocean_menu_social_links_bg":"","ocean_menu_social_hover_links_bg":"","ocean_menu_social_links_color":"","ocean_menu_social_hover_links_color":"","ocean_disable_title":"default","ocean_disable_heading":"default","ocean_post_title":"","ocean_post_subheading":"","ocean_post_title_style":"","ocean_post_title_background_color":"","ocean_post_title_background":0,"ocean_post_title_bg_image_position":"","ocean_post_title_bg_image_attachment":"","ocean_post_title_bg_image_repeat":"","ocean_post_title_bg_image_size":"","ocean_post_title_height":0,"ocean_post_title_bg_overlay":0.5,"ocean_post_title_bg_overlay_color":"","ocean_disable_breadcrumbs":"default","ocean_breadcrumbs_color":"","ocean_breadcrumbs_separator_color":"","ocean_breadcrumbs_links_color":"","ocean_breadcrumbs_links_hover_color":"","ocean_display_footer_widgets":"default","ocean_display_footer_bottom":"default","ocean_custom_footer_template":"","footnotes":""},"class_list":["post-5058","page","type-page","status-publish","hentry","entry"],"yoast_head":"<!-- This site is optimized with the Yoast SEO plugin v26.7 - https:\/\/yoast.com\/wordpress\/plugins\/seo\/ -->\n<title>Veranstaltungsticket \u2013 Deutsche Bahn - 19. Nordkongress Urologie<\/title>\n<meta name=\"robots\" content=\"index, follow, max-snippet:-1, max-image-preview:large, max-video-preview:-1\" \/>\n<link rel=\"canonical\" href=\"https:\/\/www.nordkongress-urologie.de\/2025\/veranstaltungsticket-deutsche-bahn\/\" \/>\n<meta property=\"og:locale\" content=\"de_DE\" \/>\n<meta property=\"og:type\" content=\"article\" \/>\n<meta property=\"og:title\" content=\"Veranstaltungsticket \u2013 Deutsche Bahn - 19. Nordkongress Urologie\" \/>\n<meta property=\"og:description\" content=\"Veranstaltungsticket \u2013 Deutsche Bahn F\u00fcr den 19. Nordkongress Urologie wird es das Veranstaltungsticket der Deutschen Bahn geben.Nutzen Sie diese M\u00f6glichkeit, um einfach und zu festgelegten Preisen Ihr Zugticket zu erwerben.Bitte beachten: Sollten Sie eine BahnCard besitzen, k\u00f6nnen die Preise ggf. variieren.Buchen Sie jetzt Ihre Reise*: Veranstaltungsticket: 19. Nordkongress Urologie *M\u00f6glicher Reisezeitraum f\u00fcr Bahnticket: Montag, 09.06.2025 [&hellip;]\" \/>\n<meta property=\"og:url\" content=\"https:\/\/www.nordkongress-urologie.de\/2025\/veranstaltungsticket-deutsche-bahn\/\" \/>\n<meta property=\"og:site_name\" content=\"19. Nordkongress Urologie\" \/>\n<meta property=\"article:modified_time\" content=\"2025-01-07T09:46:10+00:00\" \/>\n<meta name=\"twitter:card\" content=\"summary_large_image\" \/>\n<meta name=\"twitter:label1\" content=\"Gesch\u00e4tzte Lesezeit\" \/>\n\t<meta name=\"twitter:data1\" content=\"1\u00a0Minute\" \/>\n<script type=\"application\/ld+json\" class=\"yoast-schema-graph\">{\"@context\":\"https:\/\/schema.org\",\"@graph\":[{\"@type\":\"WebPage\",\"@id\":\"https:\/\/www.nordkongress-urologie.de\/2025\/veranstaltungsticket-deutsche-bahn\/\",\"url\":\"https:\/\/www.nordkongress-urologie.de\/2025\/veranstaltungsticket-deutsche-bahn\/\",\"name\":\"Veranstaltungsticket \u2013 Deutsche Bahn - 19. Nordkongress Urologie\",\"isPartOf\":{\"@id\":\"https:\/\/www.nordkongress-urologie.de\/2025\/#website\"},\"datePublished\":\"2025-01-07T09:28:19+00:00\",\"dateModified\":\"2025-01-07T09:46:10+00:00\",\"breadcrumb\":{\"@id\":\"https:\/\/www.nordkongress-urologie.de\/2025\/veranstaltungsticket-deutsche-bahn\/#breadcrumb\"},\"inLanguage\":\"de\",\"potentialAction\":[{\"@type\":\"ReadAction\",\"target\":[\"https:\/\/www.nordkongress-urologie.de\/2025\/veranstaltungsticket-deutsche-bahn\/\"]}]},{\"@type\":\"BreadcrumbList\",\"@id\":\"https:\/\/www.nordkongress-urologie.de\/2025\/veranstaltungsticket-deutsche-bahn\/#breadcrumb\",\"itemListElement\":[{\"@type\":\"ListItem\",\"position\":1,\"name\":\"Startseite\",\"item\":\"https:\/\/www.nordkongress-urologie.de\/2025\/\"},{\"@type\":\"ListItem\",\"position\":2,\"name\":\"Veranstaltungsticket \u2013 Deutsche Bahn\"}]},{\"@type\":\"WebSite\",\"@id\":\"https:\/\/www.nordkongress-urologie.de\/2025\/#website\",\"url\":\"https:\/\/www.nordkongress-urologie.de\/2025\/\",\"name\":\"19. Nordkongress Urologie\",\"description\":\"&quot;Urologie in Reformation - alles au\u00dfer gew\u00f6hnlich!&quot; - 11. bis 13. Juni 2025 in Berlin\",\"publisher\":{\"@id\":\"https:\/\/www.nordkongress-urologie.de\/2025\/#organization\"},\"potentialAction\":[{\"@type\":\"SearchAction\",\"target\":{\"@type\":\"EntryPoint\",\"urlTemplate\":\"https:\/\/www.nordkongress-urologie.de\/2025\/?s={search_term_string}\"},\"query-input\":{\"@type\":\"PropertyValueSpecification\",\"valueRequired\":true,\"valueName\":\"search_term_string\"}}],\"inLanguage\":\"de\"},{\"@type\":\"Organization\",\"@id\":\"https:\/\/www.nordkongress-urologie.de\/2025\/#organization\",\"name\":\"19. Nordkongress Urologie\",\"url\":\"https:\/\/www.nordkongress-urologie.de\/2025\/\",\"logo\":{\"@type\":\"ImageObject\",\"inLanguage\":\"de\",\"@id\":\"https:\/\/www.nordkongress-urologie.de\/2025\/#\/schema\/logo\/image\/\",\"url\":\"https:\/\/www.nordkongress-urologie.de\/2025\/wp-content\/uploads\/favicon.png\",\"contentUrl\":\"https:\/\/www.nordkongress-urologie.de\/2025\/wp-content\/uploads\/favicon.png\",\"width\":512,\"height\":512,\"caption\":\"19. Nordkongress Urologie\"},\"image\":{\"@id\":\"https:\/\/www.nordkongress-urologie.de\/2025\/#\/schema\/logo\/image\/\"}}]}<\/script>\n<!-- \/ Yoast SEO plugin. -->","yoast_head_json":{"title":"Veranstaltungsticket \u2013 Deutsche Bahn - 19. Nordkongress Urologie","robots":{"index":"index","follow":"follow","max-snippet":"max-snippet:-1","max-image-preview":"max-image-preview:large","max-video-preview":"max-video-preview:-1"},"canonical":"https:\/\/www.nordkongress-urologie.de\/2025\/veranstaltungsticket-deutsche-bahn\/","og_locale":"de_DE","og_type":"article","og_title":"Veranstaltungsticket \u2013 Deutsche Bahn - 19. Nordkongress Urologie","og_description":"Veranstaltungsticket \u2013 Deutsche Bahn F\u00fcr den 19. Nordkongress Urologie wird es das Veranstaltungsticket der Deutschen Bahn geben.Nutzen Sie diese M\u00f6glichkeit, um einfach und zu festgelegten Preisen Ihr Zugticket zu erwerben.Bitte beachten: Sollten Sie eine BahnCard besitzen, k\u00f6nnen die Preise ggf. variieren.Buchen Sie jetzt Ihre Reise*: Veranstaltungsticket: 19. Nordkongress Urologie *M\u00f6glicher Reisezeitraum f\u00fcr Bahnticket: Montag, 09.06.2025 [&hellip;]","og_url":"https:\/\/www.nordkongress-urologie.de\/2025\/veranstaltungsticket-deutsche-bahn\/","og_site_name":"19. Nordkongress Urologie","article_modified_time":"2025-01-07T09:46:10+00:00","twitter_card":"summary_large_image","twitter_misc":{"Gesch\u00e4tzte Lesezeit":"1\u00a0Minute"},"schema":{"@context":"https:\/\/schema.org","@graph":[{"@type":"WebPage","@id":"https:\/\/www.nordkongress-urologie.de\/2025\/veranstaltungsticket-deutsche-bahn\/","url":"https:\/\/www.nordkongress-urologie.de\/2025\/veranstaltungsticket-deutsche-bahn\/","name":"Veranstaltungsticket \u2013 Deutsche Bahn - 19. Nordkongress Urologie","isPartOf":{"@id":"https:\/\/www.nordkongress-urologie.de\/2025\/#website"},"datePublished":"2025-01-07T09:28:19+00:00","dateModified":"2025-01-07T09:46:10+00:00","breadcrumb":{"@id":"https:\/\/www.nordkongress-urologie.de\/2025\/veranstaltungsticket-deutsche-bahn\/#breadcrumb"},"inLanguage":"de","potentialAction":[{"@type":"ReadAction","target":["https:\/\/www.nordkongress-urologie.de\/2025\/veranstaltungsticket-deutsche-bahn\/"]}]},{"@type":"BreadcrumbList","@id":"https:\/\/www.nordkongress-urologie.de\/2025\/veranstaltungsticket-deutsche-bahn\/#breadcrumb","itemListElement":[{"@type":"ListItem","position":1,"name":"Startseite","item":"https:\/\/www.nordkongress-urologie.de\/2025\/"},{"@type":"ListItem","position":2,"name":"Veranstaltungsticket \u2013 Deutsche Bahn"}]},{"@type":"WebSite","@id":"https:\/\/www.nordkongress-urologie.de\/2025\/#website","url":"https:\/\/www.nordkongress-urologie.de\/2025\/","name":"19. Nordkongress Urologie","description":"&quot;Urologie in Reformation - alles au\u00dfer gew\u00f6hnlich!&quot; - 11. bis 13. Juni 2025 in Berlin","publisher":{"@id":"https:\/\/www.nordkongress-urologie.de\/2025\/#organization"},"potentialAction":[{"@type":"SearchAction","target":{"@type":"EntryPoint","urlTemplate":"https:\/\/www.nordkongress-urologie.de\/2025\/?s={search_term_string}"},"query-input":{"@type":"PropertyValueSpecification","valueRequired":true,"valueName":"search_term_string"}}],"inLanguage":"de"},{"@type":"Organization","@id":"https:\/\/www.nordkongress-urologie.de\/2025\/#organization","name":"19. Nordkongress Urologie","url":"https:\/\/www.nordkongress-urologie.de\/2025\/","logo":{"@type":"ImageObject","inLanguage":"de","@id":"https:\/\/www.nordkongress-urologie.de\/2025\/#\/schema\/logo\/image\/","url":"https:\/\/www.nordkongress-urologie.de\/2025\/wp-content\/uploads\/favicon.png","contentUrl":"https:\/\/www.nordkongress-urologie.de\/2025\/wp-content\/uploads\/favicon.png","width":512,"height":512,"caption":"19. Nordkongress Urologie"},"image":{"@id":"https:\/\/www.nordkongress-urologie.de\/2025\/#\/schema\/logo\/image\/"}}]}},"_links":{"self":[{"href":"https:\/\/www.nordkongress-urologie.de\/2025\/wp-json\/wp\/v2\/pages\/5058","targetHints":{"allow":["GET"]}}],"collection":[{"href":"https:\/\/www.nordkongress-urologie.de\/2025\/wp-json\/wp\/v2\/pages"}],"about":[{"href":"https:\/\/www.nordkongress-urologie.de\/2025\/wp-json\/wp\/v2\/types\/page"}],"author":[{"embeddable":true,"href":"https:\/\/www.nordkongress-urologie.de\/2025\/wp-json\/wp\/v2\/users\/9"}],"replies":[{"embeddable":true,"href":"https:\/\/www.nordkongress-urologie.de\/2025\/wp-json\/wp\/v2\/comments?post=5058"}],"version-history":[{"count":9,"href":"https:\/\/www.nordkongress-urologie.de\/2025\/wp-json\/wp\/v2\/pages\/5058\/revisions"}],"predecessor-version":[{"id":5069,"href":"https:\/\/www.nordkongress-urologie.de\/2025\/wp-json\/wp\/v2\/pages\/5058\/revisions\/5069"}],"wp:attachment":[{"href":"https:\/\/www.nordkongress-urologie.de\/2025\/wp-json\/wp\/v2\/media?parent=5058"}],"curies":[{"name":"wp","href":"https:\/\/api.w.org\/{rel}","templated":true}]}}