{"id":1660,"date":"2021-09-07T14:47:38","date_gmt":"2021-09-07T12:47:38","guid":{"rendered":"https:\/\/www.nordkongress-urologie.de\/2026\/?page_id=1660"},"modified":"2025-07-18T09:13:37","modified_gmt":"2025-07-18T07:13:37","slug":"veranstaltungsort","status":"publish","type":"page","link":"https:\/\/www.nordkongress-urologie.de\/2026\/veranstaltungsort\/","title":{"rendered":"Veranstaltungsort"},"content":{"rendered":"\t\t<div data-elementor-type=\"wp-page\" data-elementor-id=\"1660\" class=\"elementor elementor-1660\" data-elementor-post-type=\"page\">\n\t\t\t\t<div data-particle_enable=\"false\" data-particle-mobile-disabled=\"false\" class=\"elementor-element elementor-element-abb6b85 e-flex e-con-boxed e-con e-parent\" data-id=\"abb6b85\" data-element_type=\"container\" data-e-type=\"container\">\n\t\t\t\t\t<div class=\"e-con-inner\">\n\t\t\t\t<div class=\"elementor-element elementor-element-941db96 elementor-widget elementor-widget-heading\" data-id=\"941db96\" data-element_type=\"widget\" data-e-type=\"widget\" data-widget_type=\"heading.default\">\n\t\t\t\t<div class=\"elementor-widget-container\">\n\t\t\t\t\t<h1 class=\"elementor-heading-title elementor-size-default\">Veranstaltungsort<\/h1>\t\t\t\t<\/div>\n\t\t\t\t<\/div>\n\t\t<div data-particle_enable=\"false\" data-particle-mobile-disabled=\"false\" class=\"elementor-element elementor-element-a17e622 e-con-full e-flex e-con e-child\" data-id=\"a17e622\" data-element_type=\"container\" data-e-type=\"container\">\n\t\t<div data-particle_enable=\"false\" data-particle-mobile-disabled=\"false\" class=\"elementor-element elementor-element-25d3c99 e-con-full e-flex e-con e-child\" data-id=\"25d3c99\" data-element_type=\"container\" data-e-type=\"container\">\n\t\t\t\t<div class=\"elementor-element elementor-element-89670e4 elementor-widget elementor-widget-text-editor\" data-id=\"89670e4\" data-element_type=\"widget\" data-e-type=\"widget\" data-widget_type=\"text-editor.default\">\n\t\t\t\t<div class=\"elementor-widget-container\">\n\t\t\t\t\t\t\t\t\t<p>Kongresshotel Potsdam<br \/>Am Luftschiffhafen 1<br \/>14471 Potsdam<\/p>\t\t\t\t\t\t\t\t<\/div>\n\t\t\t\t<\/div>\n\t\t\t\t<div class=\"elementor-element elementor-element-2505fa0 elementor-widget elementor-widget-text-editor\" data-id=\"2505fa0\" data-element_type=\"widget\" data-e-type=\"widget\" data-widget_type=\"text-editor.default\">\n\t\t\t\t<div class=\"elementor-widget-container\">\n\t\t\t\t\t\t\t\t\t<p>Das Kongresshotel Potsdam liegt auf dem Gel\u00e4nde des einstigen Luftschiffhafens am Templiner See in der reizvollen Wald- und Seenlandschaft der Pirschheide.<\/p><p>In 10 Minuten sind Sie vom Hotel aus im Stadtzentrum der Brandenburgischen Landeshauptstadt und in etwa einer halben Stunde in Berlin. Dank der hervorragenden Verkehrsanbindung ist das Hotel sowohl mit dem Auto als auch mit \u00f6ffentlichen Verkehrsmitteln bequem zu erreichen.<\/p>\t\t\t\t\t\t\t\t<\/div>\n\t\t\t\t<\/div>\n\t\t\t\t<\/div>\n\t\t<div data-particle_enable=\"false\" data-particle-mobile-disabled=\"false\" class=\"elementor-element elementor-element-6cba051 e-con-full e-flex e-con e-child\" data-id=\"6cba051\" data-element_type=\"container\" data-e-type=\"container\">\n\t\t\t\t<div class=\"elementor-element elementor-element-648373e elementor-widget elementor-widget-google_maps\" data-id=\"648373e\" data-element_type=\"widget\" data-e-type=\"widget\" data-widget_type=\"google_maps.default\">\n\t\t\t\t<div class=\"elementor-widget-container\">\n\t\t\t\t\t\t\t<div class=\"elementor-custom-embed\">\n\t\t\t<iframe loading=\"lazy\"\n\t\t\t\t\tsrc=\"https:\/\/maps.google.com\/maps?q=Kongresshotel%20Potsdam%2C%20Am%20Luftschiffhafen%201%2C%2014471%2C%20Potsdam&#038;t=m&#038;z=14&#038;output=embed&#038;iwloc=near\"\n\t\t\t\t\ttitle=\"Kongresshotel Potsdam, Am Luftschiffhafen 1, 14471, Potsdam\"\n\t\t\t\t\taria-label=\"Kongresshotel Potsdam, Am Luftschiffhafen 1, 14471, Potsdam\"\n\t\t\t><\/iframe>\n\t\t<\/div>\n\t\t\t\t\t\t<\/div>\n\t\t\t\t<\/div>\n\t\t\t\t<\/div>\n\t\t\t\t<\/div>\n\t\t<div data-particle_enable=\"false\" data-particle-mobile-disabled=\"false\" class=\"elementor-element elementor-element-1851625 e-con-full e-flex e-con e-child\" data-id=\"1851625\" data-element_type=\"container\" data-e-type=\"container\">\n\t\t\t\t<div class=\"elementor-element elementor-element-6eec472 elementor-widget elementor-widget-heading\" data-id=\"6eec472\" data-element_type=\"widget\" data-e-type=\"widget\" data-widget_type=\"heading.default\">\n\t\t\t\t<div class=\"elementor-widget-container\">\n\t\t\t\t\t<h2 class=\"elementor-heading-title elementor-size-default\">Anfahrt <\/h2>\t\t\t\t<\/div>\n\t\t\t\t<\/div>\n\t\t<div data-particle_enable=\"false\" data-particle-mobile-disabled=\"false\" class=\"elementor-element elementor-element-1677c75 e-con-full e-flex e-con e-child\" data-id=\"1677c75\" data-element_type=\"container\" data-e-type=\"container\">\n\t\t<div data-particle_enable=\"false\" data-particle-mobile-disabled=\"false\" class=\"elementor-element elementor-element-56c345d e-con-full e-flex e-con e-child\" data-id=\"56c345d\" data-element_type=\"container\" data-e-type=\"container\">\n\t\t\t\t<div class=\"elementor-element elementor-element-92f693e elementor-view-default elementor-widget elementor-widget-icon\" data-id=\"92f693e\" data-element_type=\"widget\" data-e-type=\"widget\" data-widget_type=\"icon.default\">\n\t\t\t\t<div class=\"elementor-widget-container\">\n\t\t\t\t\t\t\t<div class=\"elementor-icon-wrapper\">\n\t\t\t<div class=\"elementor-icon\">\n\t\t\t<svg aria-hidden=\"true\" class=\"e-font-icon-svg e-fas-train\" viewBox=\"0 0 448 512\" xmlns=\"http:\/\/www.w3.org\/2000\/svg\"><path d=\"M448 96v256c0 51.815-61.624 96-130.022 96l62.98 49.721C386.905 502.417 383.562 512 376 512H72c-7.578 0-10.892-9.594-4.957-14.279L130.022 448C61.82 448 0 403.954 0 352V96C0 42.981 64 0 128 0h192c65 0 128 42.981 128 96zm-48 136V120c0-13.255-10.745-24-24-24H72c-13.255 0-24 10.745-24 24v112c0 13.255 10.745 24 24 24h304c13.255 0 24-10.745 24-24zm-176 64c-30.928 0-56 25.072-56 56s25.072 56 56 56 56-25.072 56-56-25.072-56-56-56z\"><\/path><\/svg>\t\t\t<\/div>\n\t\t<\/div>\n\t\t\t\t\t\t<\/div>\n\t\t\t\t<\/div>\n\t\t\t\t<\/div>\n\t\t<div data-particle_enable=\"false\" data-particle-mobile-disabled=\"false\" class=\"elementor-element elementor-element-919fb40 e-con-full e-flex e-con e-child\" data-id=\"919fb40\" data-element_type=\"container\" data-e-type=\"container\">\n\t\t\t\t<div class=\"elementor-element elementor-element-3202118 elementor-widget elementor-widget-text-editor\" data-id=\"3202118\" data-element_type=\"widget\" data-e-type=\"widget\" data-widget_type=\"text-editor.default\">\n\t\t\t\t<div class=\"elementor-widget-container\">\n\t\t\t\t\t\t\t\t\t<p>Das Hotel ist nicht nur per Regionalbahn sondern auch mit Bus und Stra\u00dfenbahn gut erreichbar.<\/p><ul><li>Regionalbahn 22\u00a0Richtung S Griebnitzsee Bahnhof bis zur Haltestelle Pirschheide Bahnhof<\/li><li>Regionalbahn 33\u00a0Richtung J\u00fcterbog Bahnhof bis zur Haltestelle Pirschheide Bahnhof<\/li><li>Bus 631\u00a0Richtung Werder bis zur Haltestelle Luftschiffhafen- 9 Minuten Fu\u00dfweg (650 Meter) bis zum Hotel<\/li><li>Bus 697\u00a0Richtung Pirschheide Bahnhof bis zur Endhaltestelle<\/li><li>Stra\u00dfenbahn 91\u00a0Richtung Pirschheide Bahnhof bis zur Endhaltestelle &#8211; ca. 5 Minuten Fu\u00dfweg (350 Meter) bis zum Hotel<\/li><\/ul><p>Stra\u00dfenbahn 94\u00a0Richtung Pirschheide Bahnhof bis zur Endhaltestelle<\/p>\t\t\t\t\t\t\t\t<\/div>\n\t\t\t\t<\/div>\n\t\t\t\t<\/div>\n\t\t\t\t<\/div>\n\t\t<div data-particle_enable=\"false\" data-particle-mobile-disabled=\"false\" class=\"elementor-element elementor-element-fbbac4d e-con-full e-flex e-con e-child\" data-id=\"fbbac4d\" data-element_type=\"container\" data-e-type=\"container\">\n\t\t<div data-particle_enable=\"false\" data-particle-mobile-disabled=\"false\" class=\"elementor-element elementor-element-631a285 e-con-full e-flex e-con e-child\" data-id=\"631a285\" data-element_type=\"container\" data-e-type=\"container\">\n\t\t\t\t<div class=\"elementor-element elementor-element-be8c31e elementor-view-default elementor-widget elementor-widget-icon\" data-id=\"be8c31e\" data-element_type=\"widget\" data-e-type=\"widget\" data-widget_type=\"icon.default\">\n\t\t\t\t<div class=\"elementor-widget-container\">\n\t\t\t\t\t\t\t<div class=\"elementor-icon-wrapper\">\n\t\t\t<div class=\"elementor-icon\">\n\t\t\t<svg aria-hidden=\"true\" class=\"e-font-icon-svg e-fas-plane\" viewBox=\"0 0 576 512\" xmlns=\"http:\/\/www.w3.org\/2000\/svg\"><path d=\"M480 192H365.71L260.61 8.06A16.014 16.014 0 0 0 246.71 0h-65.5c-10.63 0-18.3 10.17-15.38 20.39L214.86 192H112l-43.2-57.6c-3.02-4.03-7.77-6.4-12.8-6.4H16.01C5.6 128-2.04 137.78.49 147.88L32 256 .49 364.12C-2.04 374.22 5.6 384 16.01 384H56c5.04 0 9.78-2.37 12.8-6.4L112 320h102.86l-49.03 171.6c-2.92 10.22 4.75 20.4 15.38 20.4h65.5c5.74 0 11.04-3.08 13.89-8.06L365.71 320H480c35.35 0 96-28.65 96-64s-60.65-64-96-64z\"><\/path><\/svg>\t\t\t<\/div>\n\t\t<\/div>\n\t\t\t\t\t\t<\/div>\n\t\t\t\t<\/div>\n\t\t\t\t<\/div>\n\t\t<div data-particle_enable=\"false\" data-particle-mobile-disabled=\"false\" class=\"elementor-element elementor-element-b496d52 e-con-full e-flex e-con e-child\" data-id=\"b496d52\" data-element_type=\"container\" data-e-type=\"container\">\n\t\t\t\t<div class=\"elementor-element elementor-element-0bcd4e7 elementor-widget elementor-widget-text-editor\" data-id=\"0bcd4e7\" data-element_type=\"widget\" data-e-type=\"widget\" data-widget_type=\"text-editor.default\">\n\t\t\t\t<div class=\"elementor-widget-container\">\n\t\t\t\t\t\t\t\t\t<p>Verbindungen vom Flughafen Berlin-Brandenburg (BER) zum Kongresshotel Potsdam<\/p><p><strong>Direkte Verbindung in nur 23 Minuten:<\/strong><\/p><ul><li><p>Vom Flughafen BER die Regionalbahn 22 nehmend (RB 22 S Griebnitzsee Bhf) und an Haltestelle Potsdam Pirschheide Bhf aussteigen.<\/p><\/li><\/ul>\t\t\t\t\t\t\t\t<\/div>\n\t\t\t\t<\/div>\n\t\t\t\t<\/div>\n\t\t\t\t<\/div>\n\t\t<div data-particle_enable=\"false\" data-particle-mobile-disabled=\"false\" class=\"elementor-element elementor-element-a805668 e-con-full e-flex e-con e-child\" data-id=\"a805668\" data-element_type=\"container\" data-e-type=\"container\">\n\t\t<div data-particle_enable=\"false\" data-particle-mobile-disabled=\"false\" class=\"elementor-element elementor-element-8371e28 e-con-full e-flex e-con e-child\" data-id=\"8371e28\" data-element_type=\"container\" data-e-type=\"container\">\n\t\t\t\t<div class=\"elementor-element elementor-element-9ed4052 elementor-view-default elementor-widget elementor-widget-icon\" data-id=\"9ed4052\" data-element_type=\"widget\" data-e-type=\"widget\" data-widget_type=\"icon.default\">\n\t\t\t\t<div class=\"elementor-widget-container\">\n\t\t\t\t\t\t\t<div class=\"elementor-icon-wrapper\">\n\t\t\t<div class=\"elementor-icon\">\n\t\t\t<svg aria-hidden=\"true\" class=\"e-font-icon-svg e-fas-car\" viewBox=\"0 0 512 512\" xmlns=\"http:\/\/www.w3.org\/2000\/svg\"><path d=\"M499.99 176h-59.87l-16.64-41.6C406.38 91.63 365.57 64 319.5 64h-127c-46.06 0-86.88 27.63-103.99 70.4L71.87 176H12.01C4.2 176-1.53 183.34.37 190.91l6 24C7.7 220.25 12.5 224 18.01 224h20.07C24.65 235.73 16 252.78 16 272v48c0 16.12 6.16 30.67 16 41.93V416c0 17.67 14.33 32 32 32h32c17.67 0 32-14.33 32-32v-32h256v32c0 17.67 14.33 32 32 32h32c17.67 0 32-14.33 32-32v-54.07c9.84-11.25 16-25.8 16-41.93v-48c0-19.22-8.65-36.27-22.07-48H494c5.51 0 10.31-3.75 11.64-9.09l6-24c1.89-7.57-3.84-14.91-11.65-14.91zm-352.06-17.83c7.29-18.22 24.94-30.17 44.57-30.17h127c19.63 0 37.28 11.95 44.57 30.17L384 208H128l19.93-49.83zM96 319.8c-19.2 0-32-12.76-32-31.9S76.8 256 96 256s48 28.71 48 47.85-28.8 15.95-48 15.95zm320 0c-19.2 0-48 3.19-48-15.95S396.8 256 416 256s32 12.76 32 31.9-12.8 31.9-32 31.9z\"><\/path><\/svg>\t\t\t<\/div>\n\t\t<\/div>\n\t\t\t\t\t\t<\/div>\n\t\t\t\t<\/div>\n\t\t\t\t<\/div>\n\t\t<div data-particle_enable=\"false\" data-particle-mobile-disabled=\"false\" class=\"elementor-element elementor-element-d2ec406 e-con-full e-flex e-con e-child\" data-id=\"d2ec406\" data-element_type=\"container\" data-e-type=\"container\">\n\t\t\t\t<div class=\"elementor-element elementor-element-badae0b elementor-widget elementor-widget-text-editor\" data-id=\"badae0b\" data-element_type=\"widget\" data-e-type=\"widget\" data-widget_type=\"text-editor.default\">\n\t\t\t\t<div class=\"elementor-widget-container\">\n\t\t\t\t\t\t\t\t\t<p><strong>aus Norden<\/strong><br \/>von der A24 kommend auf die A10 (Berliner Ring), Abfahrt Potsdam Nord, Richtung Potsdam-Zentrum \u00fcber Zeppelinstra\u00dfe, vor Ortsausgang links.<\/p><p><strong>aus Westen<\/strong><br \/>von der A2 kommend auf die A10, Abfahrt Gro\u00df-Kreutz, Richtung Potsdam-Zentrum, am Ortseingang rechts.<\/p><p><strong>aus S\u00fcden\/Osten<\/strong><br \/>von der A9\/A13\/A12 kommend auf die A10, Abfahrt Michendorf, \u00fcber B2 Richtung Potsdam-Zentrum, \u00fcber Zeppelinstra\u00dfe, vor Ortsausgang links.<\/p>\t\t\t\t\t\t\t\t<\/div>\n\t\t\t\t<\/div>\n\t\t\t\t<\/div>\n\t\t\t\t<\/div>\n\t\t\t\t<\/div>\n\t\t\t\t\t<\/div>\n\t\t\t\t<\/div>\n\t\t\t\t<\/div>\n\t\t","protected":false},"excerpt":{"rendered":"<p>Veranstaltungsort Kongresshotel PotsdamAm Luftschiffhafen 114471 Potsdam Das Kongresshotel Potsdam liegt auf dem Gel\u00e4nde des einstigen Luftschiffhafens am Templiner See in der reizvollen Wald- und Seenlandschaft der Pirschheide. In 10 Minuten sind Sie vom Hotel aus im Stadtzentrum der Brandenburgischen Landeshauptstadt und in etwa einer halben Stunde in Berlin. Dank der hervorragenden Verkehrsanbindung ist das Hotel [&hellip;]<\/p>\n","protected":false},"author":9,"featured_media":0,"parent":0,"menu_order":7,"comment_status":"closed","ping_status":"closed","template":"","meta":{"inline_featured_image":false,"ocean_post_layout":"","ocean_both_sidebars_style":"","ocean_both_sidebars_content_width":0,"ocean_both_sidebars_sidebars_width":0,"ocean_sidebar":"0","ocean_second_sidebar":"0","ocean_disable_margins":"enable","ocean_add_body_class":"","ocean_shortcode_before_top_bar":"","ocean_shortcode_after_top_bar":"","ocean_shortcode_before_header":"","ocean_shortcode_after_header":"","ocean_has_shortcode":"","ocean_shortcode_after_title":"","ocean_shortcode_before_footer_widgets":"","ocean_shortcode_after_footer_widgets":"","ocean_shortcode_before_footer_bottom":"","ocean_shortcode_after_footer_bottom":"","ocean_display_top_bar":"default","ocean_display_header":"default","ocean_header_style":"","ocean_center_header_left_menu":"0","ocean_custom_header_template":"0","ocean_custom_logo":0,"ocean_custom_retina_logo":0,"ocean_custom_logo_max_width":0,"ocean_custom_logo_tablet_max_width":0,"ocean_custom_logo_mobile_max_width":0,"ocean_custom_logo_max_height":0,"ocean_custom_logo_tablet_max_height":0,"ocean_custom_logo_mobile_max_height":0,"ocean_header_custom_menu":"0","ocean_menu_typo_font_family":"0","ocean_menu_typo_font_subset":"","ocean_menu_typo_font_size":0,"ocean_menu_typo_font_size_tablet":0,"ocean_menu_typo_font_size_mobile":0,"ocean_menu_typo_font_size_unit":"px","ocean_menu_typo_font_weight":"","ocean_menu_typo_font_weight_tablet":"","ocean_menu_typo_font_weight_mobile":"","ocean_menu_typo_transform":"","ocean_menu_typo_transform_tablet":"","ocean_menu_typo_transform_mobile":"","ocean_menu_typo_line_height":0,"ocean_menu_typo_line_height_tablet":0,"ocean_menu_typo_line_height_mobile":0,"ocean_menu_typo_line_height_unit":"","ocean_menu_typo_spacing":0,"ocean_menu_typo_spacing_tablet":0,"ocean_menu_typo_spacing_mobile":0,"ocean_menu_typo_spacing_unit":"","ocean_menu_link_color":"","ocean_menu_link_color_hover":"","ocean_menu_link_color_active":"","ocean_menu_link_background":"","ocean_menu_link_hover_background":"","ocean_menu_link_active_background":"","ocean_menu_social_links_bg":"","ocean_menu_social_hover_links_bg":"","ocean_menu_social_links_color":"","ocean_menu_social_hover_links_color":"","ocean_disable_title":"default","ocean_disable_heading":"default","ocean_post_title":"","ocean_post_subheading":"","ocean_post_title_style":"","ocean_post_title_background_color":"","ocean_post_title_background":0,"ocean_post_title_bg_image_position":"","ocean_post_title_bg_image_attachment":"","ocean_post_title_bg_image_repeat":"","ocean_post_title_bg_image_size":"","ocean_post_title_height":0,"ocean_post_title_bg_overlay":0.5,"ocean_post_title_bg_overlay_color":"","ocean_disable_breadcrumbs":"default","ocean_breadcrumbs_color":"","ocean_breadcrumbs_separator_color":"","ocean_breadcrumbs_links_color":"","ocean_breadcrumbs_links_hover_color":"","ocean_display_footer_widgets":"default","ocean_display_footer_bottom":"default","ocean_custom_footer_template":"0","footnotes":""},"class_list":["post-1660","page","type-page","status-publish","hentry","entry"],"yoast_head":"<!-- This site is optimized with the Yoast SEO plugin v27.1.1 - https:\/\/yoast.com\/product\/yoast-seo-wordpress\/ -->\n<title>Veranstaltungsort - 20. Nordkongress Urologie<\/title>\n<meta name=\"robots\" content=\"index, follow, max-snippet:-1, max-image-preview:large, max-video-preview:-1\" \/>\n<link rel=\"canonical\" href=\"https:\/\/www.nordkongress-urologie.de\/2026\/veranstaltungsort\/\" \/>\n<meta property=\"og:locale\" content=\"de_DE\" \/>\n<meta property=\"og:type\" content=\"article\" \/>\n<meta property=\"og:title\" content=\"Veranstaltungsort - 20. Nordkongress Urologie\" \/>\n<meta property=\"og:description\" content=\"Veranstaltungsort Kongresshotel PotsdamAm Luftschiffhafen 114471 Potsdam Das Kongresshotel Potsdam liegt auf dem Gel\u00e4nde des einstigen Luftschiffhafens am Templiner See in der reizvollen Wald- und Seenlandschaft der Pirschheide. In 10 Minuten sind Sie vom Hotel aus im Stadtzentrum der Brandenburgischen Landeshauptstadt und in etwa einer halben Stunde in Berlin. Dank der hervorragenden Verkehrsanbindung ist das Hotel [&hellip;]\" \/>\n<meta property=\"og:url\" content=\"https:\/\/www.nordkongress-urologie.de\/2026\/veranstaltungsort\/\" \/>\n<meta property=\"og:site_name\" content=\"20. Nordkongress Urologie\" \/>\n<meta property=\"article:modified_time\" content=\"2025-07-18T07:13:37+00:00\" \/>\n<meta name=\"twitter:card\" content=\"summary_large_image\" \/>\n<meta name=\"twitter:label1\" content=\"Gesch\u00e4tzte Lesezeit\" \/>\n\t<meta name=\"twitter:data1\" content=\"2\u00a0Minuten\" \/>\n<script type=\"application\/ld+json\" class=\"yoast-schema-graph\">{\"@context\":\"https:\/\/schema.org\",\"@graph\":[{\"@type\":\"WebPage\",\"@id\":\"https:\/\/www.nordkongress-urologie.de\/2026\/veranstaltungsort\/\",\"url\":\"https:\/\/www.nordkongress-urologie.de\/2026\/veranstaltungsort\/\",\"name\":\"Veranstaltungsort - 20. Nordkongress Urologie\",\"isPartOf\":{\"@id\":\"https:\/\/www.nordkongress-urologie.de\/2026\/#website\"},\"datePublished\":\"2021-09-07T12:47:38+00:00\",\"dateModified\":\"2025-07-18T07:13:37+00:00\",\"breadcrumb\":{\"@id\":\"https:\/\/www.nordkongress-urologie.de\/2026\/veranstaltungsort\/#breadcrumb\"},\"inLanguage\":\"de\",\"potentialAction\":[{\"@type\":\"ReadAction\",\"target\":[\"https:\/\/www.nordkongress-urologie.de\/2026\/veranstaltungsort\/\"]}]},{\"@type\":\"BreadcrumbList\",\"@id\":\"https:\/\/www.nordkongress-urologie.de\/2026\/veranstaltungsort\/#breadcrumb\",\"itemListElement\":[{\"@type\":\"ListItem\",\"position\":1,\"name\":\"Startseite\",\"item\":\"https:\/\/www.nordkongress-urologie.de\/2026\/\"},{\"@type\":\"ListItem\",\"position\":2,\"name\":\"Veranstaltungsort\"}]},{\"@type\":\"WebSite\",\"@id\":\"https:\/\/www.nordkongress-urologie.de\/2026\/#website\",\"url\":\"https:\/\/www.nordkongress-urologie.de\/2026\/\",\"name\":\"20. Nordkongress Urologie\",\"description\":\"Urologie 4.0. \u2013 Zukunft gemeinsam gestalten - 27.-29.05.2026, Potsdam\",\"publisher\":{\"@id\":\"https:\/\/www.nordkongress-urologie.de\/2026\/#organization\"},\"potentialAction\":[{\"@type\":\"SearchAction\",\"target\":{\"@type\":\"EntryPoint\",\"urlTemplate\":\"https:\/\/www.nordkongress-urologie.de\/2026\/?s={search_term_string}\"},\"query-input\":{\"@type\":\"PropertyValueSpecification\",\"valueRequired\":true,\"valueName\":\"search_term_string\"}}],\"inLanguage\":\"de\"},{\"@type\":\"Organization\",\"@id\":\"https:\/\/www.nordkongress-urologie.de\/2026\/#organization\",\"name\":\"20. Nordkongress Urologie\",\"url\":\"https:\/\/www.nordkongress-urologie.de\/2026\/\",\"logo\":{\"@type\":\"ImageObject\",\"inLanguage\":\"de\",\"@id\":\"https:\/\/www.nordkongress-urologie.de\/2026\/#\/schema\/logo\/image\/\",\"url\":\"https:\/\/www.nordkongress-urologie.de\/2026\/wp-content\/uploads\/favicon2026.png\",\"contentUrl\":\"https:\/\/www.nordkongress-urologie.de\/2026\/wp-content\/uploads\/favicon2026.png\",\"width\":512,\"height\":512,\"caption\":\"20. Nordkongress Urologie\"},\"image\":{\"@id\":\"https:\/\/www.nordkongress-urologie.de\/2026\/#\/schema\/logo\/image\/\"}}]}<\/script>\n<!-- \/ Yoast SEO plugin. -->","yoast_head_json":{"title":"Veranstaltungsort - 20. Nordkongress Urologie","robots":{"index":"index","follow":"follow","max-snippet":"max-snippet:-1","max-image-preview":"max-image-preview:large","max-video-preview":"max-video-preview:-1"},"canonical":"https:\/\/www.nordkongress-urologie.de\/2026\/veranstaltungsort\/","og_locale":"de_DE","og_type":"article","og_title":"Veranstaltungsort - 20. Nordkongress Urologie","og_description":"Veranstaltungsort Kongresshotel PotsdamAm Luftschiffhafen 114471 Potsdam Das Kongresshotel Potsdam liegt auf dem Gel\u00e4nde des einstigen Luftschiffhafens am Templiner See in der reizvollen Wald- und Seenlandschaft der Pirschheide. In 10 Minuten sind Sie vom Hotel aus im Stadtzentrum der Brandenburgischen Landeshauptstadt und in etwa einer halben Stunde in Berlin. Dank der hervorragenden Verkehrsanbindung ist das Hotel [&hellip;]","og_url":"https:\/\/www.nordkongress-urologie.de\/2026\/veranstaltungsort\/","og_site_name":"20. Nordkongress Urologie","article_modified_time":"2025-07-18T07:13:37+00:00","twitter_card":"summary_large_image","twitter_misc":{"Gesch\u00e4tzte Lesezeit":"2\u00a0Minuten"},"schema":{"@context":"https:\/\/schema.org","@graph":[{"@type":"WebPage","@id":"https:\/\/www.nordkongress-urologie.de\/2026\/veranstaltungsort\/","url":"https:\/\/www.nordkongress-urologie.de\/2026\/veranstaltungsort\/","name":"Veranstaltungsort - 20. Nordkongress Urologie","isPartOf":{"@id":"https:\/\/www.nordkongress-urologie.de\/2026\/#website"},"datePublished":"2021-09-07T12:47:38+00:00","dateModified":"2025-07-18T07:13:37+00:00","breadcrumb":{"@id":"https:\/\/www.nordkongress-urologie.de\/2026\/veranstaltungsort\/#breadcrumb"},"inLanguage":"de","potentialAction":[{"@type":"ReadAction","target":["https:\/\/www.nordkongress-urologie.de\/2026\/veranstaltungsort\/"]}]},{"@type":"BreadcrumbList","@id":"https:\/\/www.nordkongress-urologie.de\/2026\/veranstaltungsort\/#breadcrumb","itemListElement":[{"@type":"ListItem","position":1,"name":"Startseite","item":"https:\/\/www.nordkongress-urologie.de\/2026\/"},{"@type":"ListItem","position":2,"name":"Veranstaltungsort"}]},{"@type":"WebSite","@id":"https:\/\/www.nordkongress-urologie.de\/2026\/#website","url":"https:\/\/www.nordkongress-urologie.de\/2026\/","name":"20. Nordkongress Urologie","description":"Urologie 4.0. \u2013 Zukunft gemeinsam gestalten - 27.-29.05.2026, Potsdam","publisher":{"@id":"https:\/\/www.nordkongress-urologie.de\/2026\/#organization"},"potentialAction":[{"@type":"SearchAction","target":{"@type":"EntryPoint","urlTemplate":"https:\/\/www.nordkongress-urologie.de\/2026\/?s={search_term_string}"},"query-input":{"@type":"PropertyValueSpecification","valueRequired":true,"valueName":"search_term_string"}}],"inLanguage":"de"},{"@type":"Organization","@id":"https:\/\/www.nordkongress-urologie.de\/2026\/#organization","name":"20. Nordkongress Urologie","url":"https:\/\/www.nordkongress-urologie.de\/2026\/","logo":{"@type":"ImageObject","inLanguage":"de","@id":"https:\/\/www.nordkongress-urologie.de\/2026\/#\/schema\/logo\/image\/","url":"https:\/\/www.nordkongress-urologie.de\/2026\/wp-content\/uploads\/favicon2026.png","contentUrl":"https:\/\/www.nordkongress-urologie.de\/2026\/wp-content\/uploads\/favicon2026.png","width":512,"height":512,"caption":"20. Nordkongress Urologie"},"image":{"@id":"https:\/\/www.nordkongress-urologie.de\/2026\/#\/schema\/logo\/image\/"}}]}},"_links":{"self":[{"href":"https:\/\/www.nordkongress-urologie.de\/2026\/wp-json\/wp\/v2\/pages\/1660","targetHints":{"allow":["GET"]}}],"collection":[{"href":"https:\/\/www.nordkongress-urologie.de\/2026\/wp-json\/wp\/v2\/pages"}],"about":[{"href":"https:\/\/www.nordkongress-urologie.de\/2026\/wp-json\/wp\/v2\/types\/page"}],"author":[{"embeddable":true,"href":"https:\/\/www.nordkongress-urologie.de\/2026\/wp-json\/wp\/v2\/users\/9"}],"replies":[{"embeddable":true,"href":"https:\/\/www.nordkongress-urologie.de\/2026\/wp-json\/wp\/v2\/comments?post=1660"}],"version-history":[{"count":0,"href":"https:\/\/www.nordkongress-urologie.de\/2026\/wp-json\/wp\/v2\/pages\/1660\/revisions"}],"wp:attachment":[{"href":"https:\/\/www.nordkongress-urologie.de\/2026\/wp-json\/wp\/v2\/media?parent=1660"}],"curies":[{"name":"wp","href":"https:\/\/api.w.org\/{rel}","templated":true}]}}