{"id":2556,"date":"2022-04-12T14:33:48","date_gmt":"2022-04-12T12:33:48","guid":{"rendered":"https:\/\/www.nordkongress-urologie.de\/2026\/?page_id=2556"},"modified":"2026-03-24T21:03:47","modified_gmt":"2026-03-24T20:03:47","slug":"hinweise-fuer-vortragende","status":"publish","type":"page","link":"https:\/\/www.nordkongress-urologie.de\/2026\/informationen\/hinweise-fuer-vortragende\/","title":{"rendered":"Hinweise f\u00fcr Vortragende"},"content":{"rendered":"\t\t<div data-elementor-type=\"wp-page\" data-elementor-id=\"2556\" class=\"elementor elementor-2556\" data-elementor-post-type=\"page\">\n\t\t\t\t<div data-particle_enable=\"false\" data-particle-mobile-disabled=\"false\" class=\"elementor-element elementor-element-2067550 e-flex e-con-boxed e-con e-parent\" data-id=\"2067550\" data-element_type=\"container\" data-e-type=\"container\">\n\t\t\t\t\t<div class=\"e-con-inner\">\n\t\t<div data-particle_enable=\"false\" data-particle-mobile-disabled=\"false\" class=\"elementor-element elementor-element-4d04bb9 e-con-full e-flex e-con e-child\" data-id=\"4d04bb9\" data-element_type=\"container\" data-e-type=\"container\">\n\t\t<div data-particle_enable=\"false\" data-particle-mobile-disabled=\"false\" class=\"elementor-element elementor-element-4e37465 e-con-full e-flex e-con e-child\" data-id=\"4e37465\" data-element_type=\"container\" data-e-type=\"container\">\n\t\t\t\t<div class=\"elementor-element elementor-element-d2a2a94 elementor-widget elementor-widget-heading\" data-id=\"d2a2a94\" data-element_type=\"widget\" data-e-type=\"widget\" data-widget_type=\"heading.default\">\n\t\t\t\t<div class=\"elementor-widget-container\">\n\t\t\t\t\t<h2 class=\"elementor-heading-title elementor-size-default\">Vortragsinformation <\/h2>\t\t\t\t<\/div>\n\t\t\t\t<\/div>\n\t\t\t\t<div class=\"elementor-element elementor-element-33a3de9 elementor-widget elementor-widget-text-editor\" data-id=\"33a3de9\" data-element_type=\"widget\" data-e-type=\"widget\" data-widget_type=\"text-editor.default\">\n\t\t\t\t<div class=\"elementor-widget-container\">\n\t\t\t\t\t\t\t\t\t<p>Als technische Ausstattung stehen in jedem Vortragssaal ein Notebook und Datenbeamer f\u00fcr eine Power-Point-Pr\u00e4sentation im Format 16:9 zur Verf\u00fcgung. Bitte beachten Sie, dass die Verwendung von eigenen Laptops nicht m\u00f6glich ist. Wir bitten alle Referenten (m\/w\/d), Ihre Daten fr\u00fchzeitig in der Medien-Annahme abzugeben bzw. aufzuspielen. In den Vortragss\u00e4len werden keine Medien angenommen. W\u00e4hrend der Sitzung steuert jeder Referent (m\/w\/d) seinen Vortrag selbst per Funk-Presenter, Technikpersonal steht im Raum zur Verf\u00fcgung.<\/p>\t\t\t\t\t\t\t\t<\/div>\n\t\t\t\t<\/div>\n\t\t\t\t<div class=\"elementor-element elementor-element-b79eb5b elementor-widget elementor-widget-text-editor\" data-id=\"b79eb5b\" data-element_type=\"widget\" data-e-type=\"widget\" data-widget_type=\"text-editor.default\">\n\t\t\t\t<div class=\"elementor-widget-container\">\n\t\t\t\t\t\t\t\t\t<p><strong>Vorhandene Hardware:<br \/><\/strong>PC oder Laptop (Intel CPU),<br \/>mind. 4GB RAM, mind. 200GB HDD, USB 2.0<\/p>\t\t\t\t\t\t\t\t<\/div>\n\t\t\t\t<\/div>\n\t\t\t\t<div class=\"elementor-element elementor-element-b33e59b elementor-widget elementor-widget-text-editor\" data-id=\"b33e59b\" data-element_type=\"widget\" data-e-type=\"widget\" data-widget_type=\"text-editor.default\">\n\t\t\t\t<div class=\"elementor-widget-container\">\n\t\t\t\t\t\t\t\t\t<p><strong>Vorhandene Software auf den Vortragsrechnern:<br \/><\/strong>OS: Microsoft Windows 10 oder 11 (32 oder 64 bit)<br \/>Office: mind. Microsoft Office 2019 (Word, Excel, PowerPoint), abw\u00e4rtskompatibel<br \/>Anderes: Adobe Acrobat Reader, VLC-Player<\/p>\t\t\t\t\t\t\t\t<\/div>\n\t\t\t\t<\/div>\n\t\t\t\t<div class=\"elementor-element elementor-element-1adc46d elementor-widget elementor-widget-text-editor\" data-id=\"1adc46d\" data-element_type=\"widget\" data-e-type=\"widget\" data-widget_type=\"text-editor.default\">\n\t\t\t\t<div class=\"elementor-widget-container\">\n\t\t\t\t\t\t\t\t\t<p><strong>Beitr\u00e4ge sollte sp\u00e4testens 1 Std. vor dem Vortrag in der Medienannahme in der Referentenlounge abgegeben werden. Folgen Sie bitte der Ausschilderung vor Ort.<br \/><\/strong><strong>Beachten Sie bitte die Regelung f\u00fcr Vortragende, dass in Ihrer Pr\u00e4sentation Interessenskonflikte der Autoren aufgef\u00fchrt werden.<\/strong><\/p>\t\t\t\t\t\t\t\t<\/div>\n\t\t\t\t<\/div>\n\t\t\t\t<div class=\"elementor-element elementor-element-ba02362 elementor-widget elementor-widget-text-editor\" data-id=\"ba02362\" data-element_type=\"widget\" data-e-type=\"widget\" data-widget_type=\"text-editor.default\">\n\t\t\t\t<div class=\"elementor-widget-container\">\n\t\t\t\t\t\t\t\t\t<p><strong>Integrierte Videos:<br \/><\/strong>Diese f\u00fchren h\u00e4ufig zu Pr\u00e4sentationsproblemen. Falls Sie auf Videos nicht verzichten k\u00f6nnen, achten Sie bitte bei integrierten Videos darauf, dass diese mit auf den Datentr\u00e4ger kopiert und im selben Verzeichnis wie der Vortrag abgespeichert sind. Bitte testen Sie Datentr\u00e4ger mit integrierten Videos auf verschiedenen Rechnern, um die Integration zu gew\u00e4hrleisten. Eine M\u00f6glichkeit, verschiedene Medien in PowerPoint zu integrieren, ist die PACK&amp;GO-Funktion, die in Microsoft PowerPoint zur Verf\u00fcgung steht, um Vortr\u00e4ge auf anderen Rechnern abspielen zu k\u00f6nnen.<\/p>\t\t\t\t\t\t\t\t<\/div>\n\t\t\t\t<\/div>\n\t\t\t\t<\/div>\n\t\t<div data-particle_enable=\"false\" data-particle-mobile-disabled=\"false\" class=\"elementor-element elementor-element-3dbfae8 e-con-full e-flex e-con e-child\" data-id=\"3dbfae8\" data-element_type=\"container\" data-e-type=\"container\">\n\t\t\t\t<div class=\"elementor-element elementor-element-6437352 elementor-widget elementor-widget-heading\" data-id=\"6437352\" data-element_type=\"widget\" data-e-type=\"widget\" data-widget_type=\"heading.default\">\n\t\t\t\t<div class=\"elementor-widget-container\">\n\t\t\t\t\t<h2 class=\"elementor-heading-title elementor-size-default\">Posterinformation<\/h2>\t\t\t\t<\/div>\n\t\t\t\t<\/div>\n\t\t\t\t<div class=\"elementor-element elementor-element-67d1ea3 elementor-widget elementor-widget-text-editor\" data-id=\"67d1ea3\" data-element_type=\"widget\" data-e-type=\"widget\" data-widget_type=\"text-editor.default\">\n\t\t\t\t<div class=\"elementor-widget-container\">\n\t\t\t\t\t\t\t\t\t<p>Die Pr\u00e4sentation wissenschaftlicher Poster findet am 28. Mai in den R\u00e4umen &#8222;Plenum&#8220;, &#8222;214&#8220; und &#8222;215&#8220; statt.<\/p>\t\t\t\t\t\t\t\t<\/div>\n\t\t\t\t<\/div>\n\t\t\t\t<div class=\"elementor-element elementor-element-8764cae elementor-widget elementor-widget-text-editor\" data-id=\"8764cae\" data-element_type=\"widget\" data-e-type=\"widget\" data-widget_type=\"text-editor.default\">\n\t\t\t\t<div class=\"elementor-widget-container\">\n\t\t\t\t\t\t\t\t\t<p><strong>Beachten Sie bitte die Regelung f\u00fcr Vortragende, dass in Ihrer Pr\u00e4sentation Interessenskonflikte der Autoren aufgef\u00fchrt werden.<\/strong>\u00a0<\/p>\t\t\t\t\t\t\t\t<\/div>\n\t\t\t\t<\/div>\n\t\t\t\t<div class=\"elementor-element elementor-element-b3ed7c9 elementor-widget elementor-widget-text-editor\" data-id=\"b3ed7c9\" data-element_type=\"widget\" data-e-type=\"widget\" data-widget_type=\"text-editor.default\">\n\t\t\t\t<div class=\"elementor-widget-container\">\n\t\t\t\t\t\t\t\t\t<p>F\u00fcr die Posterpr\u00e4sentationen beachten Sie bitte, dass es in diesem Jahr digitale Posterstelen (Querformat) geben wird und ein Ausdruck des Posters <strong><u>nicht<\/u><\/strong> notwendig ist. Weitere Informationen folgen in K\u00fcrze.<\/p>\t\t\t\t\t\t\t\t<\/div>\n\t\t\t\t<\/div>\n\t\t\t\t<div class=\"elementor-element elementor-element-4fa9c69 elementor-widget elementor-widget-text-editor\" data-id=\"4fa9c69\" data-element_type=\"widget\" data-e-type=\"widget\" data-widget_type=\"text-editor.default\">\n\t\t\t\t<div class=\"elementor-widget-container\">\n\t\t\t\t\t\t\t\t\t<p><strong>Format des Posters<\/strong>: Poster im Querformat mit einem Bildseitenverh\u00e4ltnis 16:9.<\/p>\t\t\t\t\t\t\t\t<\/div>\n\t\t\t\t<\/div>\n\t\t<div data-particle_enable=\"false\" data-particle-mobile-disabled=\"false\" class=\"elementor-element elementor-element-a8215cc e-con-full elementor-hidden-desktop elementor-hidden-tablet elementor-hidden-mobile e-flex e-con e-child\" data-id=\"a8215cc\" data-element_type=\"container\" data-e-type=\"container\" data-settings=\"{&quot;background_background&quot;:&quot;classic&quot;}\">\n\t\t\t\t<div class=\"elementor-element elementor-element-5e5c3c3 elementor-view-default elementor-widget elementor-widget-icon\" data-id=\"5e5c3c3\" data-element_type=\"widget\" data-e-type=\"widget\" data-widget_type=\"icon.default\">\n\t\t\t\t<div class=\"elementor-widget-container\">\n\t\t\t\t\t\t\t<div class=\"elementor-icon-wrapper\">\n\t\t\t<div class=\"elementor-icon\">\n\t\t\t<svg aria-hidden=\"true\" class=\"e-font-icon-svg e-fas-exclamation\" viewBox=\"0 0 192 512\" xmlns=\"http:\/\/www.w3.org\/2000\/svg\"><path d=\"M176 432c0 44.112-35.888 80-80 80s-80-35.888-80-80 35.888-80 80-80 80 35.888 80 80zM25.26 25.199l13.6 272C39.499 309.972 50.041 320 62.83 320h66.34c12.789 0 23.331-10.028 23.97-22.801l13.6-272C167.425 11.49 156.496 0 142.77 0H49.23C35.504 0 24.575 11.49 25.26 25.199z\"><\/path><\/svg>\t\t\t<\/div>\n\t\t<\/div>\n\t\t\t\t\t\t<\/div>\n\t\t\t\t<\/div>\n\t\t\t\t<div class=\"elementor-element elementor-element-ff9bd68 elementor-widget elementor-widget-text-editor\" data-id=\"ff9bd68\" data-element_type=\"widget\" data-e-type=\"widget\" data-widget_type=\"text-editor.default\">\n\t\t\t\t<div class=\"elementor-widget-container\">\n\t\t\t\t\t\t\t\t\t<p><strong>Wir bitten Sie, die Poster am Freitag, 13.06.2025 nach Ende des Kongresses wieder abzunehmen. Nicht abgeholte Poster werden nicht aufbewahrt.<\/strong><\/p>\t\t\t\t\t\t\t\t<\/div>\n\t\t\t\t<\/div>\n\t\t\t\t<\/div>\n\t\t\t\t<\/div>\n\t\t\t\t<\/div>\n\t\t\t\t\t<\/div>\n\t\t\t\t<\/div>\n\t\t\t\t<\/div>\n\t\t","protected":false},"excerpt":{"rendered":"<p>Vortragsinformation Als technische Ausstattung stehen in jedem Vortragssaal ein Notebook und Datenbeamer f\u00fcr eine Power-Point-Pr\u00e4sentation im Format 16:9 zur Verf\u00fcgung. Bitte beachten Sie, dass die Verwendung von eigenen Laptops nicht m\u00f6glich ist. Wir bitten alle Referenten (m\/w\/d), Ihre Daten fr\u00fchzeitig in der Medien-Annahme abzugeben bzw. aufzuspielen. In den Vortragss\u00e4len werden keine Medien angenommen. W\u00e4hrend der [&hellip;]<\/p>\n","protected":false},"author":5,"featured_media":0,"parent":141,"menu_order":5,"comment_status":"closed","ping_status":"closed","template":"","meta":{"inline_featured_image":false,"ocean_post_layout":"","ocean_both_sidebars_style":"","ocean_both_sidebars_content_width":0,"ocean_both_sidebars_sidebars_width":0,"ocean_sidebar":"0","ocean_second_sidebar":"0","ocean_disable_margins":"enable","ocean_add_body_class":"","ocean_shortcode_before_top_bar":"","ocean_shortcode_after_top_bar":"","ocean_shortcode_before_header":"","ocean_shortcode_after_header":"","ocean_has_shortcode":"","ocean_shortcode_after_title":"","ocean_shortcode_before_footer_widgets":"","ocean_shortcode_after_footer_widgets":"","ocean_shortcode_before_footer_bottom":"","ocean_shortcode_after_footer_bottom":"","ocean_display_top_bar":"default","ocean_display_header":"default","ocean_header_style":"","ocean_center_header_left_menu":"0","ocean_custom_header_template":"0","ocean_custom_logo":0,"ocean_custom_retina_logo":0,"ocean_custom_logo_max_width":0,"ocean_custom_logo_tablet_max_width":0,"ocean_custom_logo_mobile_max_width":0,"ocean_custom_logo_max_height":0,"ocean_custom_logo_tablet_max_height":0,"ocean_custom_logo_mobile_max_height":0,"ocean_header_custom_menu":"0","ocean_menu_typo_font_family":"0","ocean_menu_typo_font_subset":"","ocean_menu_typo_font_size":0,"ocean_menu_typo_font_size_tablet":0,"ocean_menu_typo_font_size_mobile":0,"ocean_menu_typo_font_size_unit":"px","ocean_menu_typo_font_weight":"","ocean_menu_typo_font_weight_tablet":"","ocean_menu_typo_font_weight_mobile":"","ocean_menu_typo_transform":"","ocean_menu_typo_transform_tablet":"","ocean_menu_typo_transform_mobile":"","ocean_menu_typo_line_height":0,"ocean_menu_typo_line_height_tablet":0,"ocean_menu_typo_line_height_mobile":0,"ocean_menu_typo_line_height_unit":"","ocean_menu_typo_spacing":0,"ocean_menu_typo_spacing_tablet":0,"ocean_menu_typo_spacing_mobile":0,"ocean_menu_typo_spacing_unit":"","ocean_menu_link_color":"","ocean_menu_link_color_hover":"","ocean_menu_link_color_active":"","ocean_menu_link_background":"","ocean_menu_link_hover_background":"","ocean_menu_link_active_background":"","ocean_menu_social_links_bg":"","ocean_menu_social_hover_links_bg":"","ocean_menu_social_links_color":"","ocean_menu_social_hover_links_color":"","ocean_disable_title":"default","ocean_disable_heading":"default","ocean_post_title":"","ocean_post_subheading":"","ocean_post_title_style":"","ocean_post_title_background_color":"","ocean_post_title_background":0,"ocean_post_title_bg_image_position":"","ocean_post_title_bg_image_attachment":"","ocean_post_title_bg_image_repeat":"","ocean_post_title_bg_image_size":"","ocean_post_title_height":0,"ocean_post_title_bg_overlay":0.5,"ocean_post_title_bg_overlay_color":"","ocean_disable_breadcrumbs":"default","ocean_breadcrumbs_color":"","ocean_breadcrumbs_separator_color":"","ocean_breadcrumbs_links_color":"","ocean_breadcrumbs_links_hover_color":"","ocean_display_footer_widgets":"default","ocean_display_footer_bottom":"default","ocean_custom_footer_template":"0","footnotes":""},"class_list":["post-2556","page","type-page","status-publish","hentry","entry"],"yoast_head":"<!-- This site is optimized with the Yoast SEO plugin v27.1.1 - https:\/\/yoast.com\/product\/yoast-seo-wordpress\/ -->\n<title>Hinweise f\u00fcr Vortragende - 20. Nordkongress Urologie<\/title>\n<meta name=\"robots\" content=\"index, follow, max-snippet:-1, max-image-preview:large, max-video-preview:-1\" \/>\n<link rel=\"canonical\" href=\"https:\/\/www.nordkongress-urologie.de\/2026\/informationen\/hinweise-fuer-vortragende\/\" \/>\n<meta property=\"og:locale\" content=\"de_DE\" \/>\n<meta property=\"og:type\" content=\"article\" \/>\n<meta property=\"og:title\" content=\"Hinweise f\u00fcr Vortragende - 20. Nordkongress Urologie\" \/>\n<meta property=\"og:description\" content=\"Vortragsinformation Als technische Ausstattung stehen in jedem Vortragssaal ein Notebook und Datenbeamer f\u00fcr eine Power-Point-Pr\u00e4sentation im Format 16:9 zur Verf\u00fcgung. Bitte beachten Sie, dass die Verwendung von eigenen Laptops nicht m\u00f6glich ist. Wir bitten alle Referenten (m\/w\/d), Ihre Daten fr\u00fchzeitig in der Medien-Annahme abzugeben bzw. aufzuspielen. In den Vortragss\u00e4len werden keine Medien angenommen. W\u00e4hrend der [&hellip;]\" \/>\n<meta property=\"og:url\" content=\"https:\/\/www.nordkongress-urologie.de\/2026\/informationen\/hinweise-fuer-vortragende\/\" \/>\n<meta property=\"og:site_name\" content=\"20. Nordkongress Urologie\" \/>\n<meta property=\"article:modified_time\" content=\"2026-03-24T20:03:47+00:00\" \/>\n<meta name=\"twitter:card\" content=\"summary_large_image\" \/>\n<meta name=\"twitter:label1\" content=\"Gesch\u00e4tzte Lesezeit\" \/>\n\t<meta name=\"twitter:data1\" content=\"2\u00a0Minuten\" \/>\n<script type=\"application\/ld+json\" class=\"yoast-schema-graph\">{\"@context\":\"https:\/\/schema.org\",\"@graph\":[{\"@type\":\"WebPage\",\"@id\":\"https:\/\/www.nordkongress-urologie.de\/2026\/informationen\/hinweise-fuer-vortragende\/\",\"url\":\"https:\/\/www.nordkongress-urologie.de\/2026\/informationen\/hinweise-fuer-vortragende\/\",\"name\":\"Hinweise f\u00fcr Vortragende - 20. Nordkongress Urologie\",\"isPartOf\":{\"@id\":\"https:\/\/www.nordkongress-urologie.de\/2026\/#website\"},\"datePublished\":\"2022-04-12T12:33:48+00:00\",\"dateModified\":\"2026-03-24T20:03:47+00:00\",\"breadcrumb\":{\"@id\":\"https:\/\/www.nordkongress-urologie.de\/2026\/informationen\/hinweise-fuer-vortragende\/#breadcrumb\"},\"inLanguage\":\"de\",\"potentialAction\":[{\"@type\":\"ReadAction\",\"target\":[\"https:\/\/www.nordkongress-urologie.de\/2026\/informationen\/hinweise-fuer-vortragende\/\"]}]},{\"@type\":\"BreadcrumbList\",\"@id\":\"https:\/\/www.nordkongress-urologie.de\/2026\/informationen\/hinweise-fuer-vortragende\/#breadcrumb\",\"itemListElement\":[{\"@type\":\"ListItem\",\"position\":1,\"name\":\"Startseite\",\"item\":\"https:\/\/www.nordkongress-urologie.de\/2026\/\"},{\"@type\":\"ListItem\",\"position\":2,\"name\":\"Allgemeine Informationen\",\"item\":\"https:\/\/www.nordkongress-urologie.de\/2026\/informationen\/\"},{\"@type\":\"ListItem\",\"position\":3,\"name\":\"Hinweise f\u00fcr Vortragende\"}]},{\"@type\":\"WebSite\",\"@id\":\"https:\/\/www.nordkongress-urologie.de\/2026\/#website\",\"url\":\"https:\/\/www.nordkongress-urologie.de\/2026\/\",\"name\":\"20. Nordkongress Urologie\",\"description\":\"Urologie 4.0. \u2013 Zukunft gemeinsam gestalten - 27.-29.05.2026, Potsdam\",\"publisher\":{\"@id\":\"https:\/\/www.nordkongress-urologie.de\/2026\/#organization\"},\"potentialAction\":[{\"@type\":\"SearchAction\",\"target\":{\"@type\":\"EntryPoint\",\"urlTemplate\":\"https:\/\/www.nordkongress-urologie.de\/2026\/?s={search_term_string}\"},\"query-input\":{\"@type\":\"PropertyValueSpecification\",\"valueRequired\":true,\"valueName\":\"search_term_string\"}}],\"inLanguage\":\"de\"},{\"@type\":\"Organization\",\"@id\":\"https:\/\/www.nordkongress-urologie.de\/2026\/#organization\",\"name\":\"20. Nordkongress Urologie\",\"url\":\"https:\/\/www.nordkongress-urologie.de\/2026\/\",\"logo\":{\"@type\":\"ImageObject\",\"inLanguage\":\"de\",\"@id\":\"https:\/\/www.nordkongress-urologie.de\/2026\/#\/schema\/logo\/image\/\",\"url\":\"https:\/\/www.nordkongress-urologie.de\/2026\/wp-content\/uploads\/favicon2026.png\",\"contentUrl\":\"https:\/\/www.nordkongress-urologie.de\/2026\/wp-content\/uploads\/favicon2026.png\",\"width\":512,\"height\":512,\"caption\":\"20. Nordkongress Urologie\"},\"image\":{\"@id\":\"https:\/\/www.nordkongress-urologie.de\/2026\/#\/schema\/logo\/image\/\"}}]}<\/script>\n<!-- \/ Yoast SEO plugin. -->","yoast_head_json":{"title":"Hinweise f\u00fcr Vortragende - 20. Nordkongress Urologie","robots":{"index":"index","follow":"follow","max-snippet":"max-snippet:-1","max-image-preview":"max-image-preview:large","max-video-preview":"max-video-preview:-1"},"canonical":"https:\/\/www.nordkongress-urologie.de\/2026\/informationen\/hinweise-fuer-vortragende\/","og_locale":"de_DE","og_type":"article","og_title":"Hinweise f\u00fcr Vortragende - 20. Nordkongress Urologie","og_description":"Vortragsinformation Als technische Ausstattung stehen in jedem Vortragssaal ein Notebook und Datenbeamer f\u00fcr eine Power-Point-Pr\u00e4sentation im Format 16:9 zur Verf\u00fcgung. Bitte beachten Sie, dass die Verwendung von eigenen Laptops nicht m\u00f6glich ist. Wir bitten alle Referenten (m\/w\/d), Ihre Daten fr\u00fchzeitig in der Medien-Annahme abzugeben bzw. aufzuspielen. In den Vortragss\u00e4len werden keine Medien angenommen. W\u00e4hrend der [&hellip;]","og_url":"https:\/\/www.nordkongress-urologie.de\/2026\/informationen\/hinweise-fuer-vortragende\/","og_site_name":"20. Nordkongress Urologie","article_modified_time":"2026-03-24T20:03:47+00:00","twitter_card":"summary_large_image","twitter_misc":{"Gesch\u00e4tzte Lesezeit":"2\u00a0Minuten"},"schema":{"@context":"https:\/\/schema.org","@graph":[{"@type":"WebPage","@id":"https:\/\/www.nordkongress-urologie.de\/2026\/informationen\/hinweise-fuer-vortragende\/","url":"https:\/\/www.nordkongress-urologie.de\/2026\/informationen\/hinweise-fuer-vortragende\/","name":"Hinweise f\u00fcr Vortragende - 20. Nordkongress Urologie","isPartOf":{"@id":"https:\/\/www.nordkongress-urologie.de\/2026\/#website"},"datePublished":"2022-04-12T12:33:48+00:00","dateModified":"2026-03-24T20:03:47+00:00","breadcrumb":{"@id":"https:\/\/www.nordkongress-urologie.de\/2026\/informationen\/hinweise-fuer-vortragende\/#breadcrumb"},"inLanguage":"de","potentialAction":[{"@type":"ReadAction","target":["https:\/\/www.nordkongress-urologie.de\/2026\/informationen\/hinweise-fuer-vortragende\/"]}]},{"@type":"BreadcrumbList","@id":"https:\/\/www.nordkongress-urologie.de\/2026\/informationen\/hinweise-fuer-vortragende\/#breadcrumb","itemListElement":[{"@type":"ListItem","position":1,"name":"Startseite","item":"https:\/\/www.nordkongress-urologie.de\/2026\/"},{"@type":"ListItem","position":2,"name":"Allgemeine Informationen","item":"https:\/\/www.nordkongress-urologie.de\/2026\/informationen\/"},{"@type":"ListItem","position":3,"name":"Hinweise f\u00fcr Vortragende"}]},{"@type":"WebSite","@id":"https:\/\/www.nordkongress-urologie.de\/2026\/#website","url":"https:\/\/www.nordkongress-urologie.de\/2026\/","name":"20. Nordkongress Urologie","description":"Urologie 4.0. \u2013 Zukunft gemeinsam gestalten - 27.-29.05.2026, Potsdam","publisher":{"@id":"https:\/\/www.nordkongress-urologie.de\/2026\/#organization"},"potentialAction":[{"@type":"SearchAction","target":{"@type":"EntryPoint","urlTemplate":"https:\/\/www.nordkongress-urologie.de\/2026\/?s={search_term_string}"},"query-input":{"@type":"PropertyValueSpecification","valueRequired":true,"valueName":"search_term_string"}}],"inLanguage":"de"},{"@type":"Organization","@id":"https:\/\/www.nordkongress-urologie.de\/2026\/#organization","name":"20. Nordkongress Urologie","url":"https:\/\/www.nordkongress-urologie.de\/2026\/","logo":{"@type":"ImageObject","inLanguage":"de","@id":"https:\/\/www.nordkongress-urologie.de\/2026\/#\/schema\/logo\/image\/","url":"https:\/\/www.nordkongress-urologie.de\/2026\/wp-content\/uploads\/favicon2026.png","contentUrl":"https:\/\/www.nordkongress-urologie.de\/2026\/wp-content\/uploads\/favicon2026.png","width":512,"height":512,"caption":"20. Nordkongress Urologie"},"image":{"@id":"https:\/\/www.nordkongress-urologie.de\/2026\/#\/schema\/logo\/image\/"}}]}},"_links":{"self":[{"href":"https:\/\/www.nordkongress-urologie.de\/2026\/wp-json\/wp\/v2\/pages\/2556","targetHints":{"allow":["GET"]}}],"collection":[{"href":"https:\/\/www.nordkongress-urologie.de\/2026\/wp-json\/wp\/v2\/pages"}],"about":[{"href":"https:\/\/www.nordkongress-urologie.de\/2026\/wp-json\/wp\/v2\/types\/page"}],"author":[{"embeddable":true,"href":"https:\/\/www.nordkongress-urologie.de\/2026\/wp-json\/wp\/v2\/users\/5"}],"replies":[{"embeddable":true,"href":"https:\/\/www.nordkongress-urologie.de\/2026\/wp-json\/wp\/v2\/comments?post=2556"}],"version-history":[{"count":11,"href":"https:\/\/www.nordkongress-urologie.de\/2026\/wp-json\/wp\/v2\/pages\/2556\/revisions"}],"predecessor-version":[{"id":6109,"href":"https:\/\/www.nordkongress-urologie.de\/2026\/wp-json\/wp\/v2\/pages\/2556\/revisions\/6109"}],"up":[{"embeddable":true,"href":"https:\/\/www.nordkongress-urologie.de\/2026\/wp-json\/wp\/v2\/pages\/141"}],"wp:attachment":[{"href":"https:\/\/www.nordkongress-urologie.de\/2026\/wp-json\/wp\/v2\/media?parent=2556"}],"curies":[{"name":"wp","href":"https:\/\/api.w.org\/{rel}","templated":true}]}}