{"id":2763,"date":"2022-06-02T13:33:04","date_gmt":"2022-06-02T11:33:04","guid":{"rendered":"https:\/\/www.nordkongress-urologie.de\/2026\/?page_id=2763"},"modified":"2026-01-20T12:18:16","modified_gmt":"2026-01-20T11:18:16","slug":"abendveranstaltungen","status":"publish","type":"page","link":"https:\/\/www.nordkongress-urologie.de\/2026\/informationen\/abendveranstaltungen\/","title":{"rendered":"Abendveranstaltungen"},"content":{"rendered":"\t\t<div data-elementor-type=\"wp-page\" data-elementor-id=\"2763\" class=\"elementor elementor-2763\" data-elementor-post-type=\"page\">\n\t\t\t\t<div data-particle_enable=\"false\" data-particle-mobile-disabled=\"false\" class=\"elementor-element elementor-element-5e6180e e-flex e-con-boxed e-con e-parent\" data-id=\"5e6180e\" data-element_type=\"container\" data-e-type=\"container\">\n\t\t\t\t\t<div class=\"e-con-inner\">\n\t\t<div data-particle_enable=\"false\" data-particle-mobile-disabled=\"false\" class=\"elementor-element elementor-element-b1e67aa e-con-full e-flex e-con e-child\" data-id=\"b1e67aa\" data-element_type=\"container\" data-e-type=\"container\">\n\t\t<div data-particle_enable=\"false\" data-particle-mobile-disabled=\"false\" class=\"elementor-element elementor-element-9ee17d7 e-con-full e-flex e-con e-child\" data-id=\"9ee17d7\" data-element_type=\"container\" data-e-type=\"container\">\n\t\t<div data-particle_enable=\"false\" data-particle-mobile-disabled=\"false\" class=\"elementor-element elementor-element-935ba8a e-con-full e-flex e-con e-child\" data-id=\"935ba8a\" data-element_type=\"container\" data-e-type=\"container\">\n\t\t\t\t<div class=\"elementor-element elementor-element-b06a747 elementor-widget elementor-widget-heading\" data-id=\"b06a747\" data-element_type=\"widget\" data-e-type=\"widget\" data-widget_type=\"heading.default\">\n\t\t\t\t<div class=\"elementor-widget-container\">\n\t\t\t\t\t<h2 class=\"elementor-heading-title elementor-size-default\">WELCOME ABEND<\/h2>\t\t\t\t<\/div>\n\t\t\t\t<\/div>\n\t\t\t\t<div class=\"elementor-element elementor-element-2f3c207 elementor-widget elementor-widget-text-editor\" data-id=\"2f3c207\" data-element_type=\"widget\" data-e-type=\"widget\" data-widget_type=\"text-editor.default\">\n\t\t\t\t<div class=\"elementor-widget-container\">\n\t\t\t\t\t\t\t\t\t<p><strong>Mittwoch, 27.05.2026 I 19:00 \u2013 22:00 I Kongresshotel Potsdam<\/strong><\/p><p>Am Vorabend des ersten Kongresstages laden wir Sie herzlich zum traditionellen Welcome Abend ein. Dieses Jahr in der besonderen Atmosph\u00e4re des <a href=\"https:\/\/www.kongresshotel-potsdam.de\/\" target=\"_blank\" rel=\"noopener\">Kongresshotels Potsdam<\/a>, eingebettet in die malerische Seenlandschaft vor den Toren Berlins.<\/p><p>Freuen Sie sich auf einen entspannten Auftakt zu inspirierenden Kongresstagen: Genie\u00dfen Sie anregende Gespr\u00e4che, kulinarische Spezialit\u00e4ten und den einzigartigen Blick \u00fcber den Luftschiffhafen und den Templiner See. Lassen Sie den Abend in geselliger Runde ausklingen und stimmen Sie sich auf ein spannendes wissenschaftliches Programm ein.<\/p><p><strong>Preis: 75,00 EUR pro Person inkl. 19% Ust.*<\/strong><\/p>\t\t\t\t\t\t\t\t<\/div>\n\t\t\t\t<\/div>\n\t\t\t\t<\/div>\n\t\t<div data-particle_enable=\"false\" data-particle-mobile-disabled=\"false\" class=\"elementor-element elementor-element-bd9b36b e-con-full e-flex e-con e-child\" data-id=\"bd9b36b\" data-element_type=\"container\" data-e-type=\"container\">\n\t\t\t\t<div class=\"elementor-element elementor-element-ca58f0a elementor-widget elementor-widget-image-carousel\" data-id=\"ca58f0a\" data-element_type=\"widget\" data-e-type=\"widget\" data-settings=\"{&quot;slides_to_show&quot;:&quot;1&quot;,&quot;navigation&quot;:&quot;none&quot;,&quot;pause_on_hover&quot;:&quot;no&quot;,&quot;pause_on_interaction&quot;:&quot;no&quot;,&quot;autoplay_speed&quot;:6000,&quot;effect&quot;:&quot;fade&quot;,&quot;speed&quot;:3000,&quot;autoplay&quot;:&quot;yes&quot;,&quot;infinite&quot;:&quot;yes&quot;}\" data-widget_type=\"image-carousel.default\">\n\t\t\t\t<div class=\"elementor-widget-container\">\n\t\t\t\t\t\t\t<div class=\"elementor-image-carousel-wrapper swiper\" role=\"region\" aria-roledescription=\"carousel\" aria-label=\"Bilderkarussell\" dir=\"ltr\">\n\t\t\t<div class=\"elementor-image-carousel swiper-wrapper\" aria-live=\"off\">\n\t\t\t\t\t\t\t\t<div class=\"swiper-slide\" role=\"group\" aria-roledescription=\"slide\" aria-label=\"1 von 3\"><figure class=\"swiper-slide-inner\"><img decoding=\"async\" class=\"swiper-slide-image\" src=\"https:\/\/www.nordkongress-urologie.de\/2026\/wp-content\/uploads\/WelcomeAbend2026_1.jpg\" alt=\"WelcomeAbend2026_1\" \/><\/figure><\/div><div class=\"swiper-slide\" role=\"group\" aria-roledescription=\"slide\" aria-label=\"2 von 3\"><figure class=\"swiper-slide-inner\"><img decoding=\"async\" class=\"swiper-slide-image\" src=\"https:\/\/www.nordkongress-urologie.de\/2026\/wp-content\/uploads\/WelcomeAbend2026_2.jpg\" alt=\"WelcomeAbend2026_2\" \/><\/figure><\/div><div class=\"swiper-slide\" role=\"group\" aria-roledescription=\"slide\" aria-label=\"3 von 3\"><figure class=\"swiper-slide-inner\"><img decoding=\"async\" class=\"swiper-slide-image\" src=\"https:\/\/www.nordkongress-urologie.de\/2026\/wp-content\/uploads\/WelcomeAbend2026_3.jpg\" alt=\"WelcomeAbend2026_3\" \/><\/figure><\/div>\t\t\t<\/div>\n\t\t\t\t\t\t\t\n\t\t\t\t\t\t\t\t\t<\/div>\n\t\t\t\t\t\t<\/div>\n\t\t\t\t<\/div>\n\t\t\t\t<\/div>\n\t\t\t\t<\/div>\n\t\t<div data-particle_enable=\"false\" data-particle-mobile-disabled=\"false\" class=\"elementor-element elementor-element-c3030be e-con-full e-flex e-con e-child\" data-id=\"c3030be\" data-element_type=\"container\" data-e-type=\"container\">\n\t\t<div data-particle_enable=\"false\" data-particle-mobile-disabled=\"false\" class=\"elementor-element elementor-element-74dcb7b e-con-full e-flex e-con e-child\" data-id=\"74dcb7b\" data-element_type=\"container\" data-e-type=\"container\">\n\t\t\t\t<div class=\"elementor-element elementor-element-e034b72 elementor-widget elementor-widget-heading\" data-id=\"e034b72\" data-element_type=\"widget\" data-e-type=\"widget\" data-widget_type=\"heading.default\">\n\t\t\t\t<div class=\"elementor-widget-container\">\n\t\t\t\t\t<h2 class=\"elementor-heading-title elementor-size-default\">BGU-ABEND<\/h2>\t\t\t\t<\/div>\n\t\t\t\t<\/div>\n\t\t\t\t<div class=\"elementor-element elementor-element-c91d847 elementor-widget elementor-widget-text-editor\" data-id=\"c91d847\" data-element_type=\"widget\" data-e-type=\"widget\" data-widget_type=\"text-editor.default\">\n\t\t\t\t<div class=\"elementor-widget-container\">\n\t\t\t\t\t\t\t\t\t<p><strong>Donnerstag, 28. Mai 2026 I 19:30 Uhr \u2013 23:00 Uhr I Zur Historischen M\u00fchle<\/strong><\/p><p>Am Donnerstagabend freuen wir uns, Sie in der traditionsreichen Gastronomie \u201e<a href=\"https:\/\/arcona.de\/de\/gastronomie\/historische-muehle\" target=\"_blank\" rel=\"noopener\">Zur Historischen M\u00fchle<\/a>\u201c am Schloss Sanssouci in Potsdam begr\u00fc\u00dfen zu d\u00fcrfen.<\/p><p>Die Historische M\u00fchle \u2013 ein Wahrzeichen preu\u00dfischer Geschichte \u2013 vereint charmantes Ambiente mit der besonderen Atmosph\u00e4re des angrenzenden Schlossparks. In diesem einzigartigen Umfeld m\u00f6chte die Brandenburgische Gesellschaft f\u00fcr Urologie gemeinsam mit Ihnen einen genussvollen und inspirierenden Abend verbringen.<\/p><p>Freuen Sie sich auf hervorragende regionale K\u00fcche, anregende Gespr\u00e4che und die M\u00f6glichkeit, sich in entspannter Atmosph\u00e4re mit Kolleginnen und Kollegen auszutauschen, auch jenseits der wissenschaftlichen Programmpunkte.<\/p><p><strong>Preis: 120,00 \u20ac pro Person inkl. 19% Ust.*<\/strong><\/p><p><\/p><p><\/p><p>* Intercom Dresden GmbH ist der Veranstalter der begleitenden Fachausstellung sowie f\u00fcr das Rahmenprogramm.<\/p>\t\t\t\t\t\t\t\t<\/div>\n\t\t\t\t<\/div>\n\t\t\t\t<\/div>\n\t\t<div data-particle_enable=\"false\" data-particle-mobile-disabled=\"false\" class=\"elementor-element elementor-element-43a4f90 e-con-full e-flex e-con e-child\" data-id=\"43a4f90\" data-element_type=\"container\" data-e-type=\"container\">\n\t\t\t\t<div class=\"elementor-element elementor-element-55d11f0 elementor-widget elementor-widget-image-carousel\" data-id=\"55d11f0\" data-element_type=\"widget\" data-e-type=\"widget\" data-settings=\"{&quot;slides_to_show&quot;:&quot;1&quot;,&quot;navigation&quot;:&quot;none&quot;,&quot;pause_on_hover&quot;:&quot;no&quot;,&quot;pause_on_interaction&quot;:&quot;no&quot;,&quot;autoplay_speed&quot;:6000,&quot;effect&quot;:&quot;fade&quot;,&quot;speed&quot;:3000,&quot;autoplay&quot;:&quot;yes&quot;,&quot;infinite&quot;:&quot;yes&quot;}\" data-widget_type=\"image-carousel.default\">\n\t\t\t\t<div class=\"elementor-widget-container\">\n\t\t\t\t\t\t\t<div class=\"elementor-image-carousel-wrapper swiper\" role=\"region\" aria-roledescription=\"carousel\" aria-label=\"Bilderkarussell\" dir=\"ltr\">\n\t\t\t<div class=\"elementor-image-carousel swiper-wrapper\" aria-live=\"off\">\n\t\t\t\t\t\t\t\t<div class=\"swiper-slide\" role=\"group\" aria-roledescription=\"slide\" aria-label=\"1 von 1\"><figure class=\"swiper-slide-inner\"><img decoding=\"async\" class=\"swiper-slide-image\" src=\"https:\/\/www.nordkongress-urologie.de\/2026\/wp-content\/uploads\/historische-muehle-terrasse.jpg\" alt=\"historische-muehle-terrasse\" \/><\/figure><\/div>\t\t\t<\/div>\n\t\t\t\t\t<\/div>\n\t\t\t\t\t\t<\/div>\n\t\t\t\t<\/div>\n\t\t\t\t<\/div>\n\t\t\t\t<\/div>\n\t\t\t\t<\/div>\n\t\t\t\t\t<\/div>\n\t\t\t\t<\/div>\n\t\t\t\t<\/div>\n\t\t","protected":false},"excerpt":{"rendered":"<p>WELCOME ABEND Mittwoch, 27.05.2026 I 19:00 \u2013 22:00 I Kongresshotel Potsdam Am Vorabend des ersten Kongresstages laden wir Sie herzlich zum traditionellen Welcome Abend ein. Dieses Jahr in der besonderen Atmosph\u00e4re des Kongresshotels Potsdam, eingebettet in die malerische Seenlandschaft vor den Toren Berlins. Freuen Sie sich auf einen entspannten Auftakt zu inspirierenden Kongresstagen: Genie\u00dfen Sie [&hellip;]<\/p>\n","protected":false},"author":5,"featured_media":0,"parent":141,"menu_order":4,"comment_status":"closed","ping_status":"closed","template":"","meta":{"inline_featured_image":false,"ocean_post_layout":"","ocean_both_sidebars_style":"","ocean_both_sidebars_content_width":0,"ocean_both_sidebars_sidebars_width":0,"ocean_sidebar":"0","ocean_second_sidebar":"0","ocean_disable_margins":"enable","ocean_add_body_class":"","ocean_shortcode_before_top_bar":"","ocean_shortcode_after_top_bar":"","ocean_shortcode_before_header":"","ocean_shortcode_after_header":"","ocean_has_shortcode":"","ocean_shortcode_after_title":"","ocean_shortcode_before_footer_widgets":"","ocean_shortcode_after_footer_widgets":"","ocean_shortcode_before_footer_bottom":"","ocean_shortcode_after_footer_bottom":"","ocean_display_top_bar":"default","ocean_display_header":"default","ocean_header_style":"","ocean_center_header_left_menu":"0","ocean_custom_header_template":"0","ocean_custom_logo":0,"ocean_custom_retina_logo":0,"ocean_custom_logo_max_width":0,"ocean_custom_logo_tablet_max_width":0,"ocean_custom_logo_mobile_max_width":0,"ocean_custom_logo_max_height":0,"ocean_custom_logo_tablet_max_height":0,"ocean_custom_logo_mobile_max_height":0,"ocean_header_custom_menu":"0","ocean_menu_typo_font_family":"0","ocean_menu_typo_font_subset":"","ocean_menu_typo_font_size":0,"ocean_menu_typo_font_size_tablet":0,"ocean_menu_typo_font_size_mobile":0,"ocean_menu_typo_font_size_unit":"px","ocean_menu_typo_font_weight":"","ocean_menu_typo_font_weight_tablet":"","ocean_menu_typo_font_weight_mobile":"","ocean_menu_typo_transform":"","ocean_menu_typo_transform_tablet":"","ocean_menu_typo_transform_mobile":"","ocean_menu_typo_line_height":0,"ocean_menu_typo_line_height_tablet":0,"ocean_menu_typo_line_height_mobile":0,"ocean_menu_typo_line_height_unit":"","ocean_menu_typo_spacing":0,"ocean_menu_typo_spacing_tablet":0,"ocean_menu_typo_spacing_mobile":0,"ocean_menu_typo_spacing_unit":"","ocean_menu_link_color":"","ocean_menu_link_color_hover":"","ocean_menu_link_color_active":"","ocean_menu_link_background":"","ocean_menu_link_hover_background":"","ocean_menu_link_active_background":"","ocean_menu_social_links_bg":"","ocean_menu_social_hover_links_bg":"","ocean_menu_social_links_color":"","ocean_menu_social_hover_links_color":"","ocean_disable_title":"default","ocean_disable_heading":"default","ocean_post_title":"","ocean_post_subheading":"","ocean_post_title_style":"","ocean_post_title_background_color":"","ocean_post_title_background":0,"ocean_post_title_bg_image_position":"","ocean_post_title_bg_image_attachment":"","ocean_post_title_bg_image_repeat":"","ocean_post_title_bg_image_size":"","ocean_post_title_height":0,"ocean_post_title_bg_overlay":0.5,"ocean_post_title_bg_overlay_color":"","ocean_disable_breadcrumbs":"default","ocean_breadcrumbs_color":"","ocean_breadcrumbs_separator_color":"","ocean_breadcrumbs_links_color":"","ocean_breadcrumbs_links_hover_color":"","ocean_display_footer_widgets":"default","ocean_display_footer_bottom":"default","ocean_custom_footer_template":"0","footnotes":""},"class_list":["post-2763","page","type-page","status-publish","hentry","entry"],"yoast_head":"<!-- This site is optimized with the Yoast SEO plugin v27.1.1 - https:\/\/yoast.com\/product\/yoast-seo-wordpress\/ -->\n<title>Abendveranstaltungen - 20. Nordkongress Urologie<\/title>\n<meta name=\"robots\" content=\"index, follow, max-snippet:-1, max-image-preview:large, max-video-preview:-1\" \/>\n<link rel=\"canonical\" href=\"https:\/\/www.nordkongress-urologie.de\/2026\/informationen\/abendveranstaltungen\/\" \/>\n<meta property=\"og:locale\" content=\"de_DE\" \/>\n<meta property=\"og:type\" content=\"article\" \/>\n<meta property=\"og:title\" content=\"Abendveranstaltungen - 20. Nordkongress Urologie\" \/>\n<meta property=\"og:description\" content=\"WELCOME ABEND Mittwoch, 27.05.2026 I 19:00 \u2013 22:00 I Kongresshotel Potsdam Am Vorabend des ersten Kongresstages laden wir Sie herzlich zum traditionellen Welcome Abend ein. Dieses Jahr in der besonderen Atmosph\u00e4re des Kongresshotels Potsdam, eingebettet in die malerische Seenlandschaft vor den Toren Berlins. Freuen Sie sich auf einen entspannten Auftakt zu inspirierenden Kongresstagen: Genie\u00dfen Sie [&hellip;]\" \/>\n<meta property=\"og:url\" content=\"https:\/\/www.nordkongress-urologie.de\/2026\/informationen\/abendveranstaltungen\/\" \/>\n<meta property=\"og:site_name\" content=\"20. Nordkongress Urologie\" \/>\n<meta property=\"article:modified_time\" content=\"2026-01-20T11:18:16+00:00\" \/>\n<meta property=\"og:image\" content=\"https:\/\/www.nordkongress-urologie.de\/2026\/wp-content\/uploads\/WelcomeAbend2026_1.jpg\" \/>\n<meta name=\"twitter:card\" content=\"summary_large_image\" \/>\n<meta name=\"twitter:label1\" content=\"Gesch\u00e4tzte Lesezeit\" \/>\n\t<meta name=\"twitter:data1\" content=\"3\u00a0Minuten\" \/>\n<script type=\"application\/ld+json\" class=\"yoast-schema-graph\">{\"@context\":\"https:\/\/schema.org\",\"@graph\":[{\"@type\":\"WebPage\",\"@id\":\"https:\/\/www.nordkongress-urologie.de\/2026\/informationen\/abendveranstaltungen\/\",\"url\":\"https:\/\/www.nordkongress-urologie.de\/2026\/informationen\/abendveranstaltungen\/\",\"name\":\"Abendveranstaltungen - 20. Nordkongress Urologie\",\"isPartOf\":{\"@id\":\"https:\/\/www.nordkongress-urologie.de\/2026\/#website\"},\"primaryImageOfPage\":{\"@id\":\"https:\/\/www.nordkongress-urologie.de\/2026\/informationen\/abendveranstaltungen\/#primaryimage\"},\"image\":{\"@id\":\"https:\/\/www.nordkongress-urologie.de\/2026\/informationen\/abendveranstaltungen\/#primaryimage\"},\"thumbnailUrl\":\"https:\/\/www.nordkongress-urologie.de\/2026\/wp-content\/uploads\/WelcomeAbend2026_1.jpg\",\"datePublished\":\"2022-06-02T11:33:04+00:00\",\"dateModified\":\"2026-01-20T11:18:16+00:00\",\"breadcrumb\":{\"@id\":\"https:\/\/www.nordkongress-urologie.de\/2026\/informationen\/abendveranstaltungen\/#breadcrumb\"},\"inLanguage\":\"de\",\"potentialAction\":[{\"@type\":\"ReadAction\",\"target\":[\"https:\/\/www.nordkongress-urologie.de\/2026\/informationen\/abendveranstaltungen\/\"]}]},{\"@type\":\"ImageObject\",\"inLanguage\":\"de\",\"@id\":\"https:\/\/www.nordkongress-urologie.de\/2026\/informationen\/abendveranstaltungen\/#primaryimage\",\"url\":\"https:\/\/www.nordkongress-urologie.de\/2026\/wp-content\/uploads\/WelcomeAbend2026_1.jpg\",\"contentUrl\":\"https:\/\/www.nordkongress-urologie.de\/2026\/wp-content\/uploads\/WelcomeAbend2026_1.jpg\",\"width\":600,\"height\":400},{\"@type\":\"BreadcrumbList\",\"@id\":\"https:\/\/www.nordkongress-urologie.de\/2026\/informationen\/abendveranstaltungen\/#breadcrumb\",\"itemListElement\":[{\"@type\":\"ListItem\",\"position\":1,\"name\":\"Startseite\",\"item\":\"https:\/\/www.nordkongress-urologie.de\/2026\/\"},{\"@type\":\"ListItem\",\"position\":2,\"name\":\"Allgemeine Informationen\",\"item\":\"https:\/\/www.nordkongress-urologie.de\/2026\/informationen\/\"},{\"@type\":\"ListItem\",\"position\":3,\"name\":\"Abendveranstaltungen\"}]},{\"@type\":\"WebSite\",\"@id\":\"https:\/\/www.nordkongress-urologie.de\/2026\/#website\",\"url\":\"https:\/\/www.nordkongress-urologie.de\/2026\/\",\"name\":\"20. Nordkongress Urologie\",\"description\":\"Urologie 4.0. \u2013 Zukunft gemeinsam gestalten - 27.-29.05.2026, Potsdam\",\"publisher\":{\"@id\":\"https:\/\/www.nordkongress-urologie.de\/2026\/#organization\"},\"potentialAction\":[{\"@type\":\"SearchAction\",\"target\":{\"@type\":\"EntryPoint\",\"urlTemplate\":\"https:\/\/www.nordkongress-urologie.de\/2026\/?s={search_term_string}\"},\"query-input\":{\"@type\":\"PropertyValueSpecification\",\"valueRequired\":true,\"valueName\":\"search_term_string\"}}],\"inLanguage\":\"de\"},{\"@type\":\"Organization\",\"@id\":\"https:\/\/www.nordkongress-urologie.de\/2026\/#organization\",\"name\":\"20. Nordkongress Urologie\",\"url\":\"https:\/\/www.nordkongress-urologie.de\/2026\/\",\"logo\":{\"@type\":\"ImageObject\",\"inLanguage\":\"de\",\"@id\":\"https:\/\/www.nordkongress-urologie.de\/2026\/#\/schema\/logo\/image\/\",\"url\":\"https:\/\/www.nordkongress-urologie.de\/2026\/wp-content\/uploads\/favicon2026.png\",\"contentUrl\":\"https:\/\/www.nordkongress-urologie.de\/2026\/wp-content\/uploads\/favicon2026.png\",\"width\":512,\"height\":512,\"caption\":\"20. Nordkongress Urologie\"},\"image\":{\"@id\":\"https:\/\/www.nordkongress-urologie.de\/2026\/#\/schema\/logo\/image\/\"}}]}<\/script>\n<!-- \/ Yoast SEO plugin. -->","yoast_head_json":{"title":"Abendveranstaltungen - 20. Nordkongress Urologie","robots":{"index":"index","follow":"follow","max-snippet":"max-snippet:-1","max-image-preview":"max-image-preview:large","max-video-preview":"max-video-preview:-1"},"canonical":"https:\/\/www.nordkongress-urologie.de\/2026\/informationen\/abendveranstaltungen\/","og_locale":"de_DE","og_type":"article","og_title":"Abendveranstaltungen - 20. Nordkongress Urologie","og_description":"WELCOME ABEND Mittwoch, 27.05.2026 I 19:00 \u2013 22:00 I Kongresshotel Potsdam Am Vorabend des ersten Kongresstages laden wir Sie herzlich zum traditionellen Welcome Abend ein. Dieses Jahr in der besonderen Atmosph\u00e4re des Kongresshotels Potsdam, eingebettet in die malerische Seenlandschaft vor den Toren Berlins. Freuen Sie sich auf einen entspannten Auftakt zu inspirierenden Kongresstagen: Genie\u00dfen Sie [&hellip;]","og_url":"https:\/\/www.nordkongress-urologie.de\/2026\/informationen\/abendveranstaltungen\/","og_site_name":"20. Nordkongress Urologie","article_modified_time":"2026-01-20T11:18:16+00:00","og_image":[{"url":"https:\/\/www.nordkongress-urologie.de\/2026\/wp-content\/uploads\/WelcomeAbend2026_1.jpg","type":"","width":"","height":""}],"twitter_card":"summary_large_image","twitter_misc":{"Gesch\u00e4tzte Lesezeit":"3\u00a0Minuten"},"schema":{"@context":"https:\/\/schema.org","@graph":[{"@type":"WebPage","@id":"https:\/\/www.nordkongress-urologie.de\/2026\/informationen\/abendveranstaltungen\/","url":"https:\/\/www.nordkongress-urologie.de\/2026\/informationen\/abendveranstaltungen\/","name":"Abendveranstaltungen - 20. Nordkongress Urologie","isPartOf":{"@id":"https:\/\/www.nordkongress-urologie.de\/2026\/#website"},"primaryImageOfPage":{"@id":"https:\/\/www.nordkongress-urologie.de\/2026\/informationen\/abendveranstaltungen\/#primaryimage"},"image":{"@id":"https:\/\/www.nordkongress-urologie.de\/2026\/informationen\/abendveranstaltungen\/#primaryimage"},"thumbnailUrl":"https:\/\/www.nordkongress-urologie.de\/2026\/wp-content\/uploads\/WelcomeAbend2026_1.jpg","datePublished":"2022-06-02T11:33:04+00:00","dateModified":"2026-01-20T11:18:16+00:00","breadcrumb":{"@id":"https:\/\/www.nordkongress-urologie.de\/2026\/informationen\/abendveranstaltungen\/#breadcrumb"},"inLanguage":"de","potentialAction":[{"@type":"ReadAction","target":["https:\/\/www.nordkongress-urologie.de\/2026\/informationen\/abendveranstaltungen\/"]}]},{"@type":"ImageObject","inLanguage":"de","@id":"https:\/\/www.nordkongress-urologie.de\/2026\/informationen\/abendveranstaltungen\/#primaryimage","url":"https:\/\/www.nordkongress-urologie.de\/2026\/wp-content\/uploads\/WelcomeAbend2026_1.jpg","contentUrl":"https:\/\/www.nordkongress-urologie.de\/2026\/wp-content\/uploads\/WelcomeAbend2026_1.jpg","width":600,"height":400},{"@type":"BreadcrumbList","@id":"https:\/\/www.nordkongress-urologie.de\/2026\/informationen\/abendveranstaltungen\/#breadcrumb","itemListElement":[{"@type":"ListItem","position":1,"name":"Startseite","item":"https:\/\/www.nordkongress-urologie.de\/2026\/"},{"@type":"ListItem","position":2,"name":"Allgemeine Informationen","item":"https:\/\/www.nordkongress-urologie.de\/2026\/informationen\/"},{"@type":"ListItem","position":3,"name":"Abendveranstaltungen"}]},{"@type":"WebSite","@id":"https:\/\/www.nordkongress-urologie.de\/2026\/#website","url":"https:\/\/www.nordkongress-urologie.de\/2026\/","name":"20. Nordkongress Urologie","description":"Urologie 4.0. \u2013 Zukunft gemeinsam gestalten - 27.-29.05.2026, Potsdam","publisher":{"@id":"https:\/\/www.nordkongress-urologie.de\/2026\/#organization"},"potentialAction":[{"@type":"SearchAction","target":{"@type":"EntryPoint","urlTemplate":"https:\/\/www.nordkongress-urologie.de\/2026\/?s={search_term_string}"},"query-input":{"@type":"PropertyValueSpecification","valueRequired":true,"valueName":"search_term_string"}}],"inLanguage":"de"},{"@type":"Organization","@id":"https:\/\/www.nordkongress-urologie.de\/2026\/#organization","name":"20. Nordkongress Urologie","url":"https:\/\/www.nordkongress-urologie.de\/2026\/","logo":{"@type":"ImageObject","inLanguage":"de","@id":"https:\/\/www.nordkongress-urologie.de\/2026\/#\/schema\/logo\/image\/","url":"https:\/\/www.nordkongress-urologie.de\/2026\/wp-content\/uploads\/favicon2026.png","contentUrl":"https:\/\/www.nordkongress-urologie.de\/2026\/wp-content\/uploads\/favicon2026.png","width":512,"height":512,"caption":"20. Nordkongress Urologie"},"image":{"@id":"https:\/\/www.nordkongress-urologie.de\/2026\/#\/schema\/logo\/image\/"}}]}},"_links":{"self":[{"href":"https:\/\/www.nordkongress-urologie.de\/2026\/wp-json\/wp\/v2\/pages\/2763","targetHints":{"allow":["GET"]}}],"collection":[{"href":"https:\/\/www.nordkongress-urologie.de\/2026\/wp-json\/wp\/v2\/pages"}],"about":[{"href":"https:\/\/www.nordkongress-urologie.de\/2026\/wp-json\/wp\/v2\/types\/page"}],"author":[{"embeddable":true,"href":"https:\/\/www.nordkongress-urologie.de\/2026\/wp-json\/wp\/v2\/users\/5"}],"replies":[{"embeddable":true,"href":"https:\/\/www.nordkongress-urologie.de\/2026\/wp-json\/wp\/v2\/comments?post=2763"}],"version-history":[{"count":28,"href":"https:\/\/www.nordkongress-urologie.de\/2026\/wp-json\/wp\/v2\/pages\/2763\/revisions"}],"predecessor-version":[{"id":5950,"href":"https:\/\/www.nordkongress-urologie.de\/2026\/wp-json\/wp\/v2\/pages\/2763\/revisions\/5950"}],"up":[{"embeddable":true,"href":"https:\/\/www.nordkongress-urologie.de\/2026\/wp-json\/wp\/v2\/pages\/141"}],"wp:attachment":[{"href":"https:\/\/www.nordkongress-urologie.de\/2026\/wp-json\/wp\/v2\/media?parent=2763"}],"curies":[{"name":"wp","href":"https:\/\/api.w.org\/{rel}","templated":true}]}}